{"id":4814,"date":"2022-07-14T10:25:51","date_gmt":"2022-07-14T03:25:51","guid":{"rendered":"https:\/\/khomaudep.com\/xetai\/?post_type=product&#038;p=4814"},"modified":"2022-07-14T10:26:10","modified_gmt":"2022-07-14T03:26:10","slug":"hyundai-new-porter-h150-thung-bat-13","status":"publish","type":"product","link":"https:\/\/pluginviet.com\/mau53\/san-pham\/hyundai-new-porter-h150-thung-bat-13\/","title":{"rendered":"Hyundai New Porter H150 Th\u00f9ng B\u1ea1t"},"content":{"rendered":"<p>Hyundai H150 l\u00e0 m\u1eabu xe t\u1ea3i c\u1ee1 nh\u1ecf, Hyundai H150 c\u00f3 ngo\u1ea1i h\u00ecnh thi\u1ebft k\u1ebf tinh t\u1ebf, ho\u00e0n h\u1ea3o. Song h\u00e0nh v\u1edbi \u0111\u00f3 l\u00e0 kh\u1ea3 n\u0103ng v\u1eadn h\u00e0nh linh ho\u1ea1t, b\u1ec1n b\u1ec9 v\u00e0 v\u00f4 c\u00f9ng linh \u0111\u1ed9ng khi ph\u1ea3i l\u00e0m vi\u1ec7c trong m\u00f4i tr\u01b0\u1eddng kh\u00f4ng gian tr\u1eadt h\u1eb9p, \u0111\u00f4ng \u0111\u00fac.<\/p>\n<div class=\"item__thong_tin_noi_t\">\n<p>Ch\u1ec9 m\u1edbi nh\u00ecn l\u1ea7n \u0111\u1ea7u, kh\u00e1ch h\u00e0ng \u0111\u00e3 c\u00f3 th\u1ec3 c\u1ea3m nh\u1eadn r\u00f5 r\u00e0ng b\u1ea3n s\u1eafc \u0111\u1ed9t ph\u00e1 v\u00e0 ch\u1ea5t l\u01b0\u1ee3ng tuy\u1ec7t h\u1ea3o c\u1ee7a New Porter 150. V\u01b0\u1ee3t qua nh\u1eefng gi\u00e1 tr\u1ecb th\u00f4ng th\u01b0\u1eddng, chi\u1ebfc xe ch\u00ednh l\u00e0 \u0111\u1ea1i di\u1ec7n r\u00f5 n\u00e9t nh\u1ea5t cho tri\u1ebft l\u00fd Hyundai \u2013 nh\u00e0 s\u1ea3n xu\u1ea5t xe h\u01a1i c\u00f3 t\u1ed1c \u0111\u1ed9 t\u0103ng tr\u01b0\u1edfng cao nh\u1ea5t trong su\u1ed1t m\u1ed9t th\u1eadp k\u1ef7 \u0111\u00e3 qua.<\/p>\n<p>&nbsp;<\/p>\n<\/div>\n","protected":false},"excerpt":{"rendered":"<p>Hyundai H150 l\u00e0 m\u1eabu xe t\u1ea3i c\u1ee1 nh\u1ecf, Hyundai H150 c\u00f3 ngo\u1ea1i h\u00ecnh thi\u1ebft k\u1ebf tinh t\u1ebf, ho\u00e0n h\u1ea3o. Song h\u00e0nh v\u1edbi \u0111\u00f3 l\u00e0 kh\u1ea3 n\u0103ng v\u1eadn h\u00e0nh linh ho\u1ea1t, b\u1ec1n b\u1ec9 v\u00e0 v\u00f4 c\u00f9ng linh \u0111\u1ed9ng khi ph\u1ea3i l\u00e0m vi\u1ec7c trong m\u00f4i tr\u01b0\u1eddng kh\u00f4ng gian tr\u1eadt h\u1eb9p, \u0111\u00f4ng \u0111\u00fac. Ch\u1ec9 m\u1edbi nh\u00ecn l\u1ea7n \u0111\u1ea7u, [&#8230;]\n","protected":false},"featured_media":4780,"comment_status":"open","ping_status":"closed","template":"","meta":[],"product_cat":[15,379,381,375,372,378,373,382,383,389,384,376,390,385,377,386,369,370,324,374,371,388],"product_tag":[],"_links":{"self":[{"href":"https:\/\/pluginviet.com\/mau53\/wp-json\/wp\/v2\/product\/4814"}],"collection":[{"href":"https:\/\/pluginviet.com\/mau53\/wp-json\/wp\/v2\/product"}],"about":[{"href":"https:\/\/pluginviet.com\/mau53\/wp-json\/wp\/v2\/types\/product"}],"replies":[{"embeddable":true,"href":"https:\/\/pluginviet.com\/mau53\/wp-json\/wp\/v2\/comments?post=4814"}],"wp:featuredmedia":[{"embeddable":true,"href":"https:\/\/pluginviet.com\/mau53\/wp-json\/wp\/v2\/media\/4780"}],"wp:attachment":[{"href":"https:\/\/pluginviet.com\/mau53\/wp-json\/wp\/v2\/media?parent=4814"}],"wp:term":[{"taxonomy":"product_cat","embeddable":true,"href":"https:\/\/pluginviet.com\/mau53\/wp-json\/wp\/v2\/product_cat?post=4814"},{"taxonomy":"product_tag","embeddable":true,"href":"https:\/\/pluginviet.com\/mau53\/wp-json\/wp\/v2\/product_tag?post=4814"}],"curies":[{"name":"wp","href":"https:\/\/api.w.org\/{rel}","templated":true}]}}