{"id":3528,"date":"2021-08-09T02:07:18","date_gmt":"2021-08-09T02:07:18","guid":{"rendered":"https:\/\/khomaudep.com\/xetai\/?page_id=3528"},"modified":"2022-07-14T10:30:12","modified_gmt":"2022-07-14T03:30:12","slug":"cham-soc-khach-hang","status":"publish","type":"page","link":"https:\/\/pluginviet.com\/mau53\/cham-soc-khach-hang\/","title":{"rendered":"Ch\u0103m s\u00f3c kh\u00e1ch h\u00e0ng"},"content":{"rendered":"<p style=\"text-align: justify;\"><strong>T\u1ed4NG \u0110\u00c0I CH\u0102M S\u00d3C KH\u00c1CH H\u00c0NG C\u1ee6A \u0110\u1ea0I L\u00dd XE T\u1ea2I VI\u1ec6T NAM<\/strong><\/p>\n<p style=\"text-align: justify;\">Nh\u1eb1m m\u1ee5c \u0111\u00edch h\u1ed7 tr\u1ee3 Qu\u00fd kh\u00e1ch trong qu\u00e1 tr\u00ecnh s\u1eed d\u1ee5ng xe, <strong>\u0110\u1ea0I L\u00dd XE T\u1ea2I VI\u1ec6T NAM <\/strong>xin \u0111\u01b0\u1ee3c cung c\u1ea5p th\u00f4ng tin li\u00ean h\u1ec7 c\u1ee7a ch\u0103m s\u00f3c kh\u00e1ch h\u00e0ng nh\u01b0 sau:<\/p>\n<p style=\"text-align: justify;\">T\u1ed5ng \u0111\u00e0i CSKH: 0999.999.999<\/p>\n<p style=\"text-align: justify;\">Email CSKH: marketing@dailyxetaivietnam.com<\/p>\n<p style=\"text-align: justify;\">Gi\u1edd l\u00e0m vi\u1ec7c: 8h00 &#8211; 17h00 t\u1eeb th\u1ee9 2 \u0111\u1ebfn th\u1ee9 7<\/p>\n<p style=\"text-align: justify;\">\u0110\u1ecba ch\u1ec9: TP H\u00e0 N\u1ed9i<\/p>\n<p style=\"text-align: justify;\">\n","protected":false},"excerpt":{"rendered":"<p>T\u1ed4NG \u0110\u00c0I CH\u0102M S\u00d3C KH\u00c1CH H\u00c0NG C\u1ee6A \u0110\u1ea0I L\u00dd XE T\u1ea2I VI\u1ec6T NAM Nh\u1eb1m m\u1ee5c \u0111\u00edch h\u1ed7 tr\u1ee3 Qu\u00fd kh\u00e1ch trong qu\u00e1 tr\u00ecnh s\u1eed d\u1ee5ng xe, \u0110\u1ea0I L\u00dd XE T\u1ea2I VI\u1ec6T NAM xin \u0111\u01b0\u1ee3c cung c\u1ea5p th\u00f4ng tin li\u00ean h\u1ec7 c\u1ee7a ch\u0103m s\u00f3c kh\u00e1ch h\u00e0ng nh\u01b0 sau: T\u1ed5ng \u0111\u00e0i CSKH: 0999.999.999 Email CSKH: marketing@dailyxetaivietnam.com Gi\u1edd [&#8230;]\n","protected":false},"author":9,"featured_media":0,"parent":0,"menu_order":1,"comment_status":"closed","ping_status":"closed","template":"","meta":{"footnotes":""},"_links":{"self":[{"href":"https:\/\/pluginviet.com\/mau53\/wp-json\/wp\/v2\/pages\/3528"}],"collection":[{"href":"https:\/\/pluginviet.com\/mau53\/wp-json\/wp\/v2\/pages"}],"about":[{"href":"https:\/\/pluginviet.com\/mau53\/wp-json\/wp\/v2\/types\/page"}],"author":[{"embeddable":true,"href":"https:\/\/pluginviet.com\/mau53\/wp-json\/wp\/v2\/users\/9"}],"replies":[{"embeddable":true,"href":"https:\/\/pluginviet.com\/mau53\/wp-json\/wp\/v2\/comments?post=3528"}],"version-history":[{"count":5,"href":"https:\/\/pluginviet.com\/mau53\/wp-json\/wp\/v2\/pages\/3528\/revisions"}],"predecessor-version":[{"id":4580,"href":"https:\/\/pluginviet.com\/mau53\/wp-json\/wp\/v2\/pages\/3528\/revisions\/4580"}],"wp:attachment":[{"href":"https:\/\/pluginviet.com\/mau53\/wp-json\/wp\/v2\/media?parent=3528"}],"curies":[{"name":"wp","href":"https:\/\/api.w.org\/{rel}","templated":true}]}}