{"id":1915,"date":"2023-10-27T02:22:22","date_gmt":"2023-10-27T02:22:22","guid":{"rendered":"https:\/\/depthoitrang.com\/diamond\/?post_type=product&#038;p=1915"},"modified":"2023-11-01T03:48:13","modified_gmt":"2023-11-01T03:48:13","slug":"nhan-kim-cuong-nu-r-234-2","status":"publish","type":"product","link":"https:\/\/pluginviet.com\/mau50\/san-pham\/nhan-kim-cuong-nu-r-234-2\/","title":{"rendered":"Nh\u1eabn kim c\u01b0\u01a1ng n\u1eef R.234"},"content":{"rendered":"<p>Nh\u1eabn kim c\u01b0\u01a1ng Fancy Halo Floral NKC2501 l\u00e0 m\u1eabu nh\u1eabn kim c\u01b0\u01a1ng n\u1eef l\u1ed9ng l\u1eaby v\u00e0 sang tr\u1ecdng v\u1edbi vi\u00ean kim c\u01b0\u01a1ng ch\u1ee7 d\u00e1ng tr\u00f2n l\u1ea5p l\u00e1nh \u0111\u01b0\u1ee3c \u0111\u1eb7t trong khung c\u1ea3nh v\u1ea7ng h\u00e0o quang tr\u00ean n\u1ec1n \u00e1nh kim c\u1ee7a v\u00e0ng 18k, k\u1ebft h\u1ee3p v\u1edbi m\u1ed9t d\u1ea3i kim c\u01b0\u01a1ng t\u1ea5m m\u1ecfng, tinh t\u1ebf bao b\u1ecdc m\u1ed9t n\u1eeda \u0111ai nh\u1eabn t\u1ea1o n\u00ean v\u1ebb \u0111\u1eb9p thanh t\u00fa, n\u1eef t\u00ednh.<\/p>\n<p>M\u1ed9t trong nh\u1eefng n\u00e9t \u1ea5n t\u01b0\u1ee3ng c\u1ee7a chi\u1ebfc nh\u1eabn kim c\u01b0\u01a1ng n\u1eef Halo Floral NKC2501 l\u00e0 t\u1ea1o h\u00ecnh nh\u1eefng c\u00e1nh hoa h\u01b0\u1edbng d\u01b0\u01a1ng \u0111\u01b0\u1ee3c \u0111\u00ednh l\u00ean b\u1eb1ng nh\u1eefng vi\u00ean kim c\u01b0\u01a1ng t\u1ea5m xung quanh vi\u00ean kim c\u01b0\u01a1ng ch\u1ee7 t\u1ea1o v\u1ebb l\u1ed9ng l\u1eaby thu h\u00fat \u00e1nh nh\u00ecn ngay t\u1eeb l\u1ea7n \u0111\u1ea7u ti\u00ean.<\/p>\n<p>\u0110\u00e2y s\u1ebd l\u00e0 l\u1ef1a ch\u1ecdn ho\u00e0n h\u1ea3o cho nh\u1eefng c\u00f4 n\u00e0ng ho\u1eb7c qu\u00fd c\u00f4 y\u00eau th\u00edch s\u1ef1 trang tr\u1ecdng nh\u01b0ng v\u1eabn th\u1ec3 hi\u1ec7n \u0111\u01b0\u1ee3c n\u00e9t nh\u1eb9 nh\u00e0ng, n\u1eef t\u00ednh v\u00e0 \u0111\u1ed9c \u0111\u00e1o c\u1ee7a m\u00ecnh.H\u00e3y \u0111\u1ebfn c\u1eeda h\u00e0ng Tierra Diamond \u0111\u1ec3 s\u1edf h\u1eefu ngay chi\u1ebfc nh\u1eabn kim c\u01b0\u01a1ng Fancy Halo Floral NKC2501 \u0111\u1ea7y tinh t\u1ebf n\u00e0y nh\u00e9!<\/p>\n<p><img decoding=\"async\" class=\"aligncenter\" src=\"https:\/\/depthoitrang.com\/diamond\/wp-content\/uploads\/2023\/10\/DTT_7575-1.png\" \/><\/p>\n","protected":false},"excerpt":{"rendered":"<table style=\"border-collapse: collapse; width: 100%;\">\n<tbody>\n<tr>\n<td style=\"width: 56.5844%;\">M\u00e3 s\u1ea3n ph\u1ea9m<\/td>\n<td style=\"width: 43.4156%; text-align: right;\">R.2263<\/td>\n<\/tr>\n<tr>\n<td style=\"width: 56.5844%;\">M\u00e0u ch\u1ea5t li\u1ec7u:<\/td>\n<td style=\"width: 43.4156%; text-align: right;\">Tr\u1eafng<\/td>\n<\/tr>\n<tr>\n<td style=\"width: 56.5844%;\">Ki\u1ec3u vi\u00ean ch\u1ee7:<\/td>\n<td style=\"width: 43.4156%; text-align: right;\">Round Brilliant<\/td>\n<\/tr>\n<tr>\n<td style=\"width: 56.5844%;\">K\u00edch th\u01b0\u1edbc vi\u00ean ch\u1ee7:<\/td>\n<td style=\"width: 43.4156%; text-align: right;\">4 ly<\/td>\n<\/tr>\n<\/tbody>\n<\/table>\n","protected":false},"featured_media":1756,"comment_status":"open","ping_status":"closed","template":"","meta":[],"product_cat":[15,255,256,244,254,253,251,252,242,246,245,243],"product_tag":[],"yoast_head":"<!-- This site is optimized with the Yoast SEO plugin v21.5 - https:\/\/yoast.com\/wordpress\/plugins\/seo\/ -->\n<title>Nh\u1eabn kim c\u01b0\u01a1ng n\u1eef R.234 - JH DIAMOND<\/title>\n<meta name=\"robots\" content=\"index, follow, max-snippet:-1, max-image-preview:large, max-video-preview:-1\" \/>\n<link rel=\"canonical\" href=\"https:\/\/pluginviet.com\/mau50\/san-pham\/nhan-kim-cuong-nu-r-234-2\/\" \/>\n<meta property=\"og:locale\" content=\"vi_VN\" \/>\n<meta property=\"og:type\" content=\"article\" \/>\n<meta property=\"og:title\" content=\"Nh\u1eabn kim c\u01b0\u01a1ng n\u1eef R.234 - JH DIAMOND\" \/>\n<meta property=\"og:description\" content=\"M\u00e3 s\u1ea3n ph\u1ea9m R.2263   M\u00e0u ch\u1ea5t li\u1ec7u: Tr\u1eafng   Ki\u1ec3u vi\u00ean ch\u1ee7: Round Brilliant   K\u00edch th\u01b0\u1edbc vi\u00ean ch\u1ee7: 4 ly\" \/>\n<meta property=\"og:url\" content=\"https:\/\/pluginviet.com\/mau50\/san-pham\/nhan-kim-cuong-nu-r-234-2\/\" \/>\n<meta property=\"og:site_name\" content=\"JH DIAMOND\" \/>\n<meta property=\"article:modified_time\" content=\"2023-11-01T03:48:13+00:00\" \/>\n<meta property=\"og:image\" content=\"https:\/\/pluginviet.com\/mau50\/wp-content\/uploads\/2023\/10\/Frame-16.png\" \/>\n\t<meta property=\"og:image:width\" content=\"604\" \/>\n\t<meta property=\"og:image:height\" content=\"604\" \/>\n\t<meta property=\"og:image:type\" content=\"image\/png\" \/>\n<meta name=\"twitter:card\" content=\"summary_large_image\" \/>\n<meta name=\"twitter:label1\" content=\"\u01af\u1edbc t\u00ednh th\u1eddi gian \u0111\u1ecdc\" \/>\n\t<meta name=\"twitter:data1\" content=\"2 ph\u00fat\" \/>\n<script type=\"application\/ld+json\" class=\"yoast-schema-graph\">{\"@context\":\"https:\/\/schema.org\",\"@graph\":[{\"@type\":\"WebPage\",\"@id\":\"https:\/\/pluginviet.com\/mau50\/san-pham\/nhan-kim-cuong-nu-r-234-2\/\",\"url\":\"https:\/\/pluginviet.com\/mau50\/san-pham\/nhan-kim-cuong-nu-r-234-2\/\",\"name\":\"Nh\u1eabn kim c\u01b0\u01a1ng n\u1eef R.234 - JH DIAMOND\",\"isPartOf\":{\"@id\":\"https:\/\/pluginviet.com\/mau50\/#website\"},\"datePublished\":\"2023-10-27T02:22:22+00:00\",\"dateModified\":\"2023-11-01T03:48:13+00:00\",\"breadcrumb\":{\"@id\":\"https:\/\/pluginviet.com\/mau50\/san-pham\/nhan-kim-cuong-nu-r-234-2\/#breadcrumb\"},\"inLanguage\":\"vi\",\"potentialAction\":[{\"@type\":\"ReadAction\",\"target\":[\"https:\/\/pluginviet.com\/mau50\/san-pham\/nhan-kim-cuong-nu-r-234-2\/\"]}]},{\"@type\":\"BreadcrumbList\",\"@id\":\"https:\/\/pluginviet.com\/mau50\/san-pham\/nhan-kim-cuong-nu-r-234-2\/#breadcrumb\",\"itemListElement\":[{\"@type\":\"ListItem\",\"position\":1,\"name\":\"Trang ch\u1ee7\",\"item\":\"https:\/\/pluginviet.com\/mau50\/\"},{\"@type\":\"ListItem\",\"position\":2,\"name\":\"Shop\",\"item\":\"https:\/\/pluginviet.com\/mau50\/shop\/\"},{\"@type\":\"ListItem\",\"position\":3,\"name\":\"S\u1ea3n ph\u1ea9m\",\"item\":\"https:\/\/pluginviet.com\/mau50\/product-category\/san-pham\/\"},{\"@type\":\"ListItem\",\"position\":4,\"name\":\"Nh\u1eabn kim c\u01b0\u01a1ng n\u1eef R.234\"}]},{\"@type\":\"WebSite\",\"@id\":\"https:\/\/pluginviet.com\/mau50\/#website\",\"url\":\"https:\/\/pluginviet.com\/mau50\/\",\"name\":\"JH DIAMOND\",\"description\":\"\",\"potentialAction\":[{\"@type\":\"SearchAction\",\"target\":{\"@type\":\"EntryPoint\",\"urlTemplate\":\"https:\/\/pluginviet.com\/mau50\/?s={search_term_string}\"},\"query-input\":\"required name=search_term_string\"}],\"inLanguage\":\"vi\"}]}<\/script>\n<!-- \/ Yoast SEO plugin. -->","yoast_head_json":{"title":"Nh\u1eabn kim c\u01b0\u01a1ng n\u1eef R.234 - JH DIAMOND","robots":{"index":"index","follow":"follow","max-snippet":"max-snippet:-1","max-image-preview":"max-image-preview:large","max-video-preview":"max-video-preview:-1"},"canonical":"https:\/\/pluginviet.com\/mau50\/san-pham\/nhan-kim-cuong-nu-r-234-2\/","og_locale":"vi_VN","og_type":"article","og_title":"Nh\u1eabn kim c\u01b0\u01a1ng n\u1eef R.234 - JH DIAMOND","og_description":"M\u00e3 s\u1ea3n ph\u1ea9m R.2263   M\u00e0u ch\u1ea5t li\u1ec7u: Tr\u1eafng   Ki\u1ec3u vi\u00ean ch\u1ee7: Round Brilliant   K\u00edch th\u01b0\u1edbc vi\u00ean ch\u1ee7: 4 ly","og_url":"https:\/\/pluginviet.com\/mau50\/san-pham\/nhan-kim-cuong-nu-r-234-2\/","og_site_name":"JH DIAMOND","article_modified_time":"2023-11-01T03:48:13+00:00","og_image":[{"width":604,"height":604,"url":"https:\/\/pluginviet.com\/mau50\/wp-content\/uploads\/2023\/10\/Frame-16.png","type":"image\/png"}],"twitter_card":"summary_large_image","twitter_misc":{"\u01af\u1edbc t\u00ednh th\u1eddi gian \u0111\u1ecdc":"2 ph\u00fat"},"schema":{"@context":"https:\/\/schema.org","@graph":[{"@type":"WebPage","@id":"https:\/\/pluginviet.com\/mau50\/san-pham\/nhan-kim-cuong-nu-r-234-2\/","url":"https:\/\/pluginviet.com\/mau50\/san-pham\/nhan-kim-cuong-nu-r-234-2\/","name":"Nh\u1eabn kim c\u01b0\u01a1ng n\u1eef R.234 - JH DIAMOND","isPartOf":{"@id":"https:\/\/pluginviet.com\/mau50\/#website"},"datePublished":"2023-10-27T02:22:22+00:00","dateModified":"2023-11-01T03:48:13+00:00","breadcrumb":{"@id":"https:\/\/pluginviet.com\/mau50\/san-pham\/nhan-kim-cuong-nu-r-234-2\/#breadcrumb"},"inLanguage":"vi","potentialAction":[{"@type":"ReadAction","target":["https:\/\/pluginviet.com\/mau50\/san-pham\/nhan-kim-cuong-nu-r-234-2\/"]}]},{"@type":"BreadcrumbList","@id":"https:\/\/pluginviet.com\/mau50\/san-pham\/nhan-kim-cuong-nu-r-234-2\/#breadcrumb","itemListElement":[{"@type":"ListItem","position":1,"name":"Trang ch\u1ee7","item":"https:\/\/pluginviet.com\/mau50\/"},{"@type":"ListItem","position":2,"name":"Shop","item":"https:\/\/pluginviet.com\/mau50\/shop\/"},{"@type":"ListItem","position":3,"name":"S\u1ea3n ph\u1ea9m","item":"https:\/\/pluginviet.com\/mau50\/product-category\/san-pham\/"},{"@type":"ListItem","position":4,"name":"Nh\u1eabn kim c\u01b0\u01a1ng n\u1eef R.234"}]},{"@type":"WebSite","@id":"https:\/\/pluginviet.com\/mau50\/#website","url":"https:\/\/pluginviet.com\/mau50\/","name":"JH DIAMOND","description":"","potentialAction":[{"@type":"SearchAction","target":{"@type":"EntryPoint","urlTemplate":"https:\/\/pluginviet.com\/mau50\/?s={search_term_string}"},"query-input":"required name=search_term_string"}],"inLanguage":"vi"}]}},"_links":{"self":[{"href":"https:\/\/pluginviet.com\/mau50\/wp-json\/wp\/v2\/product\/1915"}],"collection":[{"href":"https:\/\/pluginviet.com\/mau50\/wp-json\/wp\/v2\/product"}],"about":[{"href":"https:\/\/pluginviet.com\/mau50\/wp-json\/wp\/v2\/types\/product"}],"replies":[{"embeddable":true,"href":"https:\/\/pluginviet.com\/mau50\/wp-json\/wp\/v2\/comments?post=1915"}],"wp:featuredmedia":[{"embeddable":true,"href":"https:\/\/pluginviet.com\/mau50\/wp-json\/wp\/v2\/media\/1756"}],"wp:attachment":[{"href":"https:\/\/pluginviet.com\/mau50\/wp-json\/wp\/v2\/media?parent=1915"}],"wp:term":[{"taxonomy":"product_cat","embeddable":true,"href":"https:\/\/pluginviet.com\/mau50\/wp-json\/wp\/v2\/product_cat?post=1915"},{"taxonomy":"product_tag","embeddable":true,"href":"https:\/\/pluginviet.com\/mau50\/wp-json\/wp\/v2\/product_tag?post=1915"}],"curies":[{"name":"wp","href":"https:\/\/api.w.org\/{rel}","templated":true}]}}