{"id":510,"date":"2019-03-06T08:02:47","date_gmt":"2019-03-06T08:02:47","guid":{"rendered":"http:\/\/\/son.webrt.net\/hdecor\/?page_id=510"},"modified":"2023-10-26T03:46:34","modified_gmt":"2023-10-26T03:46:34","slug":"lien-he","status":"publish","type":"page","link":"https:\/\/pluginviet.com\/mau50\/lien-he\/","title":{"rendered":"Li\u00ean h\u1ec7"},"content":{"rendered":"\t<section class=\"section section_contact\" id=\"section_62273938\">\n\t\t<div class=\"bg section-bg fill bg-fill  bg-loaded\" >\n\n\t\t\t\n\t\t\t\n\t\t\t\n\n\t\t<\/div>\n\n\t\t\n\n\t\t<div class=\"section-content relative\">\n\t\t\t\n<div class=\"row contact_nd\"  id=\"row-1844911299\">\n\n\t<div id=\"col-1345039704\" class=\"col medium-6 small-12 large-6\"  >\n\t\t\t\t<div class=\"col-inner\"  >\n\t\t\t\n\t\t\t\n<p><iframe src=\"https:\/\/www.google.com\/maps\/embed?pb=!1m18!1m12!1m3!1d3725.4118768974977!2d105.78548827519816!3d20.976120680660014!2m3!1f0!2f0!3f0!3m2!1i1024!2i768!4f13.1!3m3!1m2!1s0x3135acd1873b4383%3A0x7c2ec10bb76744bc!2zNSBOZy4gODIgxJAuIE5ndXnhu4VuIEtodXnhur9uLCBQLiBWxINuIFF1w6FuLCBIw6AgxJDDtG5nLCBIw6AgTuG7mWkgMTAwMDAwLCBWaeG7h3QgTmFt!5e0!3m2!1svi!2s!4v1698245733134!5m2!1svi!2s\" width=\"100%\" height=\"300px\" style=\"border:0;\" allowfullscreen=\"\" loading=\"lazy\" referrerpolicy=\"no-referrer-when-downgrade\"><\/iframe><\/p>\n\t\t<\/div>\n\t\t\t\t\t<\/div>\n\n\t\n\n\t<div id=\"col-1891390629\" class=\"col medium-6 small-12 large-6\"  >\n\t\t\t\t<div class=\"col-inner\"  >\n\t\t\t\n\t\t\t\n<div class=\"row row-collapse\"  id=\"row-1438695725\">\n\n\t<div id=\"col-2130544928\" class=\"col small-12 large-12\"  >\n\t\t\t\t<div class=\"col-inner\"  >\n\t\t\t\n\t\t\t\n<h2><span style=\"color: #b8804c; font-size: 21px;\"><strong>C\u00f4ng ty TNHH JH Diamond<\/strong><\/span><\/h2>\n<p><span style=\"color: #000000;\"><strong>\u0110\u1ecba ch\u1ec9:<\/strong><\/span> <span style=\"font-size: 14px;\">S\u1ed1 5, ng\u00f5 82, \u0110\u01b0\u1eddng Nguy\u1ec5n Khuy\u1ebfn, Ph\u01b0\u1eddng V\u0103n Qu\u00e1n, Qu\u1eadn H\u00e0 \u0110\u00f4ng, TP. H\u00e0 N\u1ed9i<\/span><\/p>\n<p><span style=\"color: #000000;\"><strong>\u0110i\u1ec7n tho\u1ea1i:<\/strong> <\/span><span style=\"font-size: 14px;\">(024) 6686 7397<\/span><\/p>\n<p><span style=\"font-size: 14px;\"> \u202d<\/span><span style=\"color: #000000;\"><strong>Email:<\/strong><\/span><span style=\"font-size: 14px;\"> jhdiamond@gmail.com<\/span><\/p>\n<p><span style=\"color: #000000;\"><strong>Website:<\/strong><\/span> <span style=\"font-size: 14px;\">www.jhdiamond.vn<\/span><\/p>\n<p><span style=\"font-size: 16px;\"><strong>Facebook:<\/strong> <\/span><span style=\"font-size: 14px;\">https:\/\/www.facebook.com\/jhdiamond<\/span><\/p>\n\t\t<\/div>\n\t\t\t\t\n<style>\n#col-2130544928 > .col-inner {\n  padding: 25px 25px 25px 25px;\n}\n<\/style>\n\t<\/div>\n\n\t\n\n<style>\n#row-1438695725 > .col > .col-inner {\n  background-color: rgb(233, 233, 233);\n}\n<\/style>\n<\/div>\n\t\t<\/div>\n\t\t\t\t\t<\/div>\n\n\t\n<\/div>\n<div class=\"row\"  id=\"row-2080064103\">\n\n\t<div id=\"col-1180546968\" class=\"col small-12 large-12\"  >\n\t\t\t\t<div class=\"col-inner\"  >\n\t\t\t\n\t\t\t\n \n    <div class=\"block__element_head\">\n    <h2 class=\"heading\"><span>LI\u00caN H\u1ec6<\/span><\/h2>\n    <p class=\"text_head\"><\/p>\n   \n    <\/div>\n\n\t<div id=\"text-1862234581\" class=\"text\">\n\t\t\n<p>Ch\u00fang t\u00f4i lu\u00f4n ch\u00e0o \u0111\u00f3n b\u1ea1n \u0111\u1ebfn v\u1edbi th\u1ebf gi\u1edbi k\u1ef3 di\u1ec7u, tinh hoa c\u1ee7a JH Diamond &#8211; n\u01a1i di s\u1ea3n c\u1ee7a ch\u00fang t\u00f4i tr\u1edf th\u00e0nh c\u1ee7a b\u1ea1n!<\/p>\n<p>Truy c\u1eadp <strong><span style=\"color: #000000;\">C\u1eecA H\u00c0NG ONLINE<\/span><\/strong> ho\u1eb7c g\u1ecdi <strong><span style=\"color: #000000;\">HOTLINE 096 238 8888<\/span><\/strong><br \/>\u0111\u1ec3 JH Diamond c\u00f3 c\u01a1 h\u1ed9i \u0111\u01b0\u1ee3c ph\u1ee5c v\u1ee5 b\u1ea1n!<\/p>\n\t\t\n<style>\n#text-1862234581 {\n  text-align: center;\n}\n<\/style>\n\t<\/div>\n\t\n\n<div class=\"wpcf7 no-js\" id=\"wpcf7-f1272-o1\" lang=\"vi\" dir=\"ltr\">\n<div class=\"screen-reader-response\"><p role=\"status\" aria-live=\"polite\" aria-atomic=\"true\"><\/p> <ul><\/ul><\/div>\n<form action=\"\/mau50\/wp-json\/wp\/v2\/pages\/510#wpcf7-f1272-o1\" method=\"post\" class=\"wpcf7-form init\" aria-label=\"Form li\u00ean h\u1ec7\" novalidate=\"novalidate\" data-status=\"init\">\n<div style=\"display: none;\">\n<input type=\"hidden\" name=\"_wpcf7\" value=\"1272\" \/>\n<input type=\"hidden\" name=\"_wpcf7_version\" value=\"5.8.2\" \/>\n<input type=\"hidden\" name=\"_wpcf7_locale\" value=\"vi\" \/>\n<input type=\"hidden\" name=\"_wpcf7_unit_tag\" value=\"wpcf7-f1272-o1\" \/>\n<input type=\"hidden\" name=\"_wpcf7_container_post\" value=\"0\" \/>\n<input type=\"hidden\" name=\"_wpcf7_posted_data_hash\" value=\"\" \/>\n<\/div>\n<div class=\"form_contact\">\n\t<p><span class=\"wpcf7-form-control-wrap\" data-name=\"text-940\"><input size=\"40\" class=\"wpcf7-form-control wpcf7-text wpcf7-validates-as-required\" aria-required=\"true\" aria-invalid=\"false\" placeholder=\"H\u1ecd v\u00e0 t\u00ean\" value=\"\" type=\"text\" name=\"text-940\" \/><\/span><br \/>\n<span class=\"wpcf7-form-control-wrap\" data-name=\"tel-887\"><input size=\"40\" class=\"wpcf7-form-control wpcf7-tel wpcf7-validates-as-required wpcf7-text wpcf7-validates-as-tel\" aria-required=\"true\" aria-invalid=\"false\" placeholder=\"S\u1ed1 \u0111i\u1ec7n tho\u1ea1i\" value=\"\" type=\"tel\" name=\"tel-887\" \/><\/span>\n\t<\/p>\n<\/div>\n<p><span class=\"wpcf7-form-control-wrap\" data-name=\"email-861\"><input size=\"40\" class=\"wpcf7-form-control wpcf7-email wpcf7-validates-as-required wpcf7-text wpcf7-validates-as-email\" aria-required=\"true\" aria-invalid=\"false\" placeholder=\"Email\" value=\"\" type=\"email\" name=\"email-861\" \/><\/span><br \/>\n<span class=\"wpcf7-form-control-wrap\" data-name=\"textarea-963\"><textarea cols=\"40\" rows=\"10\" class=\"wpcf7-form-control wpcf7-textarea\" aria-invalid=\"false\" placeholder=\"N\u1ed9i dung\" name=\"textarea-963\"><\/textarea><\/span><br \/>\n<input class=\"wpcf7-form-control wpcf7-submit has-spinner\" type=\"submit\" value=\"G\u1eedi li\u00ean h\u1ec7\" \/>\n<\/p><div class=\"wpcf7-response-output\" aria-hidden=\"true\"><\/div>\n<\/form>\n<\/div>\n\n\t\t<\/div>\n\t\t\t\t\t<\/div>\n\n\t\n<\/div>\n\t\t<\/div>\n\n\t\t\n<style>\n#section_62273938 {\n  padding-top: 30px;\n  padding-bottom: 30px;\n}\n<\/style>\n\t<\/section>\n\t\n","protected":false},"excerpt":{"rendered":"","protected":false},"author":4,"featured_media":0,"parent":0,"menu_order":0,"comment_status":"closed","ping_status":"closed","template":"page-blank.php","meta":{"footnotes":""},"yoast_head":"<!-- This site is optimized with the Yoast SEO plugin v21.5 - https:\/\/yoast.com\/wordpress\/plugins\/seo\/ -->\n<title>JH DIAMOND<\/title>\n<meta name=\"robots\" content=\"index, follow, max-snippet:-1, max-image-preview:large, max-video-preview:-1\" \/>\n<link rel=\"canonical\" href=\"https:\/\/pluginviet.com\/mau50\/lien-he\/\" \/>\n<meta property=\"og:locale\" content=\"vi_VN\" \/>\n<meta property=\"og:type\" content=\"article\" \/>\n<meta property=\"og:title\" content=\"JH DIAMOND\" \/>\n<meta property=\"og:url\" content=\"https:\/\/pluginviet.com\/mau50\/lien-he\/\" \/>\n<meta property=\"og:site_name\" content=\"JH DIAMOND\" \/>\n<meta property=\"article:modified_time\" content=\"2023-10-26T03:46:34+00:00\" \/>\n<meta name=\"twitter:card\" content=\"summary_large_image\" \/>\n<meta name=\"twitter:label1\" content=\"\u01af\u1edbc t\u00ednh th\u1eddi gian \u0111\u1ecdc\" \/>\n\t<meta name=\"twitter:data1\" content=\"1 ph\u00fat\" \/>\n<script type=\"application\/ld+json\" class=\"yoast-schema-graph\">{\"@context\":\"https:\/\/schema.org\",\"@graph\":[{\"@type\":\"WebPage\",\"@id\":\"https:\/\/pluginviet.com\/mau50\/lien-he\/\",\"url\":\"https:\/\/pluginviet.com\/mau50\/lien-he\/\",\"name\":\"JH DIAMOND\",\"isPartOf\":{\"@id\":\"https:\/\/pluginviet.com\/mau50\/#website\"},\"datePublished\":\"2019-03-06T08:02:47+00:00\",\"dateModified\":\"2023-10-26T03:46:34+00:00\",\"breadcrumb\":{\"@id\":\"https:\/\/pluginviet.com\/mau50\/lien-he\/#breadcrumb\"},\"inLanguage\":\"vi\",\"potentialAction\":[{\"@type\":\"ReadAction\",\"target\":[\"https:\/\/pluginviet.com\/mau50\/lien-he\/\"]}]},{\"@type\":\"BreadcrumbList\",\"@id\":\"https:\/\/pluginviet.com\/mau50\/lien-he\/#breadcrumb\",\"itemListElement\":[{\"@type\":\"ListItem\",\"position\":1,\"name\":\"Trang ch\u1ee7\",\"item\":\"https:\/\/pluginviet.com\/mau50\/\"},{\"@type\":\"ListItem\",\"position\":2,\"name\":\"Li\u00ean h\u1ec7\"}]},{\"@type\":\"WebSite\",\"@id\":\"https:\/\/pluginviet.com\/mau50\/#website\",\"url\":\"https:\/\/pluginviet.com\/mau50\/\",\"name\":\"JH DIAMOND\",\"description\":\"\",\"potentialAction\":[{\"@type\":\"SearchAction\",\"target\":{\"@type\":\"EntryPoint\",\"urlTemplate\":\"https:\/\/pluginviet.com\/mau50\/?s={search_term_string}\"},\"query-input\":\"required name=search_term_string\"}],\"inLanguage\":\"vi\"}]}<\/script>\n<!-- \/ Yoast SEO plugin. -->","yoast_head_json":{"title":"JH DIAMOND","robots":{"index":"index","follow":"follow","max-snippet":"max-snippet:-1","max-image-preview":"max-image-preview:large","max-video-preview":"max-video-preview:-1"},"canonical":"https:\/\/pluginviet.com\/mau50\/lien-he\/","og_locale":"vi_VN","og_type":"article","og_title":"JH DIAMOND","og_url":"https:\/\/pluginviet.com\/mau50\/lien-he\/","og_site_name":"JH DIAMOND","article_modified_time":"2023-10-26T03:46:34+00:00","twitter_card":"summary_large_image","twitter_misc":{"\u01af\u1edbc t\u00ednh th\u1eddi gian \u0111\u1ecdc":"1 ph\u00fat"},"schema":{"@context":"https:\/\/schema.org","@graph":[{"@type":"WebPage","@id":"https:\/\/pluginviet.com\/mau50\/lien-he\/","url":"https:\/\/pluginviet.com\/mau50\/lien-he\/","name":"JH DIAMOND","isPartOf":{"@id":"https:\/\/pluginviet.com\/mau50\/#website"},"datePublished":"2019-03-06T08:02:47+00:00","dateModified":"2023-10-26T03:46:34+00:00","breadcrumb":{"@id":"https:\/\/pluginviet.com\/mau50\/lien-he\/#breadcrumb"},"inLanguage":"vi","potentialAction":[{"@type":"ReadAction","target":["https:\/\/pluginviet.com\/mau50\/lien-he\/"]}]},{"@type":"BreadcrumbList","@id":"https:\/\/pluginviet.com\/mau50\/lien-he\/#breadcrumb","itemListElement":[{"@type":"ListItem","position":1,"name":"Trang ch\u1ee7","item":"https:\/\/pluginviet.com\/mau50\/"},{"@type":"ListItem","position":2,"name":"Li\u00ean h\u1ec7"}]},{"@type":"WebSite","@id":"https:\/\/pluginviet.com\/mau50\/#website","url":"https:\/\/pluginviet.com\/mau50\/","name":"JH DIAMOND","description":"","potentialAction":[{"@type":"SearchAction","target":{"@type":"EntryPoint","urlTemplate":"https:\/\/pluginviet.com\/mau50\/?s={search_term_string}"},"query-input":"required name=search_term_string"}],"inLanguage":"vi"}]}},"_links":{"self":[{"href":"https:\/\/pluginviet.com\/mau50\/wp-json\/wp\/v2\/pages\/510"}],"collection":[{"href":"https:\/\/pluginviet.com\/mau50\/wp-json\/wp\/v2\/pages"}],"about":[{"href":"https:\/\/pluginviet.com\/mau50\/wp-json\/wp\/v2\/types\/page"}],"author":[{"embeddable":true,"href":"https:\/\/pluginviet.com\/mau50\/wp-json\/wp\/v2\/users\/4"}],"replies":[{"embeddable":true,"href":"https:\/\/pluginviet.com\/mau50\/wp-json\/wp\/v2\/comments?post=510"}],"version-history":[{"count":11,"href":"https:\/\/pluginviet.com\/mau50\/wp-json\/wp\/v2\/pages\/510\/revisions"}],"predecessor-version":[{"id":1906,"href":"https:\/\/pluginviet.com\/mau50\/wp-json\/wp\/v2\/pages\/510\/revisions\/1906"}],"wp:attachment":[{"href":"https:\/\/pluginviet.com\/mau50\/wp-json\/wp\/v2\/media?parent=510"}],"curies":[{"name":"wp","href":"https:\/\/api.w.org\/{rel}","templated":true}]}}