{"id":508,"date":"2019-03-06T08:02:34","date_gmt":"2019-03-06T08:02:34","guid":{"rendered":"http:\/\/\/son.webrt.net\/hdecor\/?page_id=508"},"modified":"2023-10-27T04:40:03","modified_gmt":"2023-10-27T04:40:03","slug":"gioi-thieu","status":"publish","type":"page","link":"https:\/\/pluginviet.com\/mau50\/gioi-thieu\/","title":{"rendered":"Gi\u1edbi thi\u1ec7u"},"content":{"rendered":"\t<section class=\"section section_gioi_thieu\" id=\"section_342715396\">\n\t\t<div class=\"bg section-bg fill bg-fill  bg-loaded\" >\n\n\t\t\t\n\t\t\t\n\t\t\t\n\n\t\t<\/div>\n\n\t\t\n\n\t\t<div class=\"section-content relative\">\n\t\t\t\n<div class=\"row\"  id=\"row-430310018\">\n\n\t<div id=\"col-1483380477\" class=\"col medium-6 small-12 large-6\"  >\n\t\t\t\t<div class=\"col-inner\"  >\n\t\t\t\n\t\t\t\n \n    <div class=\"block__element_head\">\n    <h2 class=\"heading\"><span>T\u1ea7m Nh\u00ecn & S\u1ee9 M\u1ec7nh JH Diamond: Thi\u1ebft L\u1eadp \u201cTinh Hoa Ph\u1ee5c V\u1ee5\u201d Trong Ng\u00e0nh \u0110\u00e1 Qu\u00fd<\/span><\/h2>\n    <p class=\"text_head\"><\/p>\n   \n    <\/div>\n\n\t<div id=\"gap-1268859297\" class=\"gap-element clearfix\" style=\"display:block; height:auto;\">\n\t\t\n<style>\n#gap-1268859297 {\n  padding-top: 50px;\n}\n<\/style>\n\t<\/div>\n\t\n<p>JH Diamond kh\u00f4ng ch\u1ec9 l\u00e0 m\u1ed9t n\u01a1i b\u00e1n kim c\u01b0\u01a1ng, h\u01a1n h\u1ebft ch\u00fang t\u00f4i kh\u00e1t khao thi\u1ebft l\u1eadp m\u1ed9t Th\u1ebf gi\u1edbi Tinh hoa d\u00e0nh ri\u00eang cho nh\u1eefng ng\u01b0\u1eddi \u0111am m\u00ea &amp; \u201cth\u1ea5u hi\u1ec3u\u201d Gi\u00e1 tr\u1ecb \u0111\u00edch th\u1ef1c c\u1ee7a kim c\u01b0\u01a1ng t\u1ef1 nhi\u00ean.<\/p>\n<p>M\u1ed9t th\u1ebf gi\u1edbi th\u0103ng hoa c\u1ea3m x\u00fac, n\u01a1i n\u00e2ng niu b\u1ea3n ng\u00e3 c\u1ee7a t\u1eebng kh\u00e1ch h\u00e0ng &amp; l\u01b0u gi\u1eef nh\u1eefng d\u1ea5u \u1ea5n tr\u1ea3i nghi\u1ec7m v\u01b0\u1ee3t tr\u00ean s\u1ef1 mong \u0111\u1ee3i. M\u1ed9t mi\u1ec1n giao thoa v\u0103n h\u00f3a gi\u1eefa \u201c\u0110\u1eb3ng c\u1ea5p &amp; C\u1ea3m nghi\u1ec7m\u201d, gi\u1eefa V\u1ebb \u0111\u1eb9p \u201cthi\u00ean t\u1ea1o\u201d h\u00e0ng t\u1ef7 n\u0103m &amp; Ngh\u1ec7 thu\u1eadt ch\u1ebf t\u00e1c kim ho\u00e0n tinh x\u1ea3o\u2026<\/p>\n\t\t<\/div>\n\t\t\t\t\t<\/div>\n\n\t\n\n\t<div id=\"col-1627217431\" class=\"col medium-6 small-12 large-6\"  >\n\t\t\t\t<div class=\"col-inner\"  >\n\t\t\t\n\t\t\t\n\t<div class=\"img has-hover x md-x lg-x y md-y lg-y\" id=\"image_22207254\">\n\t\t\t\t\t\t\t\t<div class=\"img-inner dark\" >\n\t\t\t<img loading=\"lazy\" decoding=\"async\" width=\"628\" height=\"452\" src=\"https:\/\/pluginviet.com\/mau50\/wp-content\/uploads\/2023\/10\/Rectangle-47.png\" class=\"attachment-original size-original\" alt=\"\" srcset=\"https:\/\/pluginviet.com\/mau50\/wp-content\/uploads\/2023\/10\/Rectangle-47.png 628w, https:\/\/pluginviet.com\/mau50\/wp-content\/uploads\/2023\/10\/Rectangle-47-556x400.png 556w, https:\/\/pluginviet.com\/mau50\/wp-content\/uploads\/2023\/10\/Rectangle-47-600x432.png 600w\" sizes=\"(max-width: 628px) 100vw, 628px\" \/>\t\t\t\t\t\t\n\t\t\t\t\t<\/div>\n\t\t\t\t\t\t\t\t\n<style>\n#image_22207254 {\n  width: 100%;\n}\n<\/style>\n\t<\/div>\n\t\n\t\t<\/div>\n\t\t\t\t\t<\/div>\n\n\t\n<\/div>\n\t<div id=\"gap-1422379434\" class=\"gap-element clearfix\" style=\"display:block; height:auto;\">\n\t\t\n<style>\n#gap-1422379434 {\n  padding-top: 20px;\n}\n<\/style>\n\t<\/div>\n\t\n<div class=\"row\"  id=\"row-649028308\">\n\n\t<div id=\"col-2020663570\" class=\"col small-12 large-12\"  >\n\t\t\t\t<div class=\"col-inner\"  >\n\t\t\t\n\t\t\t\n<h3><span style=\"color: #000000; font-size: 32px;\"><strong>S\u1ee8 M\u1ec6NH C\u1ee6A TRANG JH DIAMOND<\/strong><\/span><\/h3>\n<p><em><span style=\"font-size: 16px; color: #282828;\"><strong>\u201cMang \u0111\u1ebfn cho kh\u00e1ch h\u00e0ng nh\u1eefng tr\u1ea3i nghi\u1ec7m d\u1ecbch v\u1ee5 xa x\u1ec9 v\u01b0\u1ee3t tr\u00ean s\u1ef1 mong \u0111\u1ee3i.\u201d<\/strong><\/span><\/em><\/p>\n<p>K\u1ec3 t\u1eeb khi th\u00e0nh l\u1eadp cho \u0111\u1ebfn khi c\u00f3 m\u1ed9t v\u1ecb th\u1ebf nh\u1ea5t \u0111\u1ecbnh tr\u00ean th\u1ecb tr\u01b0\u1eddng kim c\u01b0\u01a1ng, JH Diamond lu\u00f4n n\u1ed7 l\u1ef1c h\u1ebft m\u00ecnh \u0111\u1ec3 \u0111em \u0111\u1ebfn cho kh\u00e1ch h\u00e0ng nh\u1eefng \u201ctinh hoa ph\u1ee5c v\u1ee5\u201d x\u1ee9ng \u0111\u00e1ng.<br \/>M\u1ed7i chuy\u00ean vi\u00ean s\u1ebd l\u00e0 m\u1ed9t \u0111\u1ea1i s\u1ee9 th\u01b0\u01a1ng hi\u1ec7u, l\u00e0 hi\u1ec7n th\u00e2n cho v\u0103n h\u00f3a ph\u1ee5c v\u1ee5 \u201cv\u00ec kh\u00e1ch h\u00e0ng\u201d c\u1ee7a JH Diamond.<br \/>\u0110\u1ebfn JH Diamond, b\u1ea1n kh\u00f4ng ch\u1ec9 h\u00f2a m\u00ecnh v\u00e0o th\u1ebf gi\u1edbi l\u1ea5p l\u00e1nh, r\u1ef1c l\u1eeda c\u1ee7a nh\u1eefng vi\u00ean kim c\u01b0\u01a1ng t\u1ef1 nhi\u00ean h\u1ea5p th\u1ee5 tinh kh\u00ed \u0111\u1ea5t tr\u1eddi h\u00e0ng t\u1ef7 n\u0103m m\u00e0 c\u00f2n nh\u1eadn \u0111\u01b0\u1ee3c nh\u1eefng gi\u00e1 tr\u1ecb x\u1ee9ng \u0111\u00e1ng v\u1edbi s\u1ed1 ti\u1ec1n b\u1ecf ra.<\/p>\n\t<div class=\"img has-hover x md-x lg-x y md-y lg-y\" id=\"image_155443796\">\n\t\t\t\t\t\t\t\t<div class=\"img-inner dark\" >\n\t\t\t<img loading=\"lazy\" decoding=\"async\" width=\"1281\" height=\"508\" src=\"https:\/\/pluginviet.com\/mau50\/wp-content\/uploads\/2023\/10\/DTT_7575-2.png\" class=\"attachment-original size-original\" alt=\"\" srcset=\"https:\/\/pluginviet.com\/mau50\/wp-content\/uploads\/2023\/10\/DTT_7575-2.png 1281w, https:\/\/pluginviet.com\/mau50\/wp-content\/uploads\/2023\/10\/DTT_7575-2-800x317.png 800w, https:\/\/pluginviet.com\/mau50\/wp-content\/uploads\/2023\/10\/DTT_7575-2-768x305.png 768w, https:\/\/pluginviet.com\/mau50\/wp-content\/uploads\/2023\/10\/DTT_7575-2-600x238.png 600w\" sizes=\"(max-width: 1281px) 100vw, 1281px\" \/>\t\t\t\t\t\t\n\t\t\t\t\t<\/div>\n\t\t\t\t\t\t\t\t\n<style>\n#image_155443796 {\n  width: 100%;\n}\n<\/style>\n\t<\/div>\n\t\n\t\t<\/div>\n\t\t\t\t\t<\/div>\n\n\t\n<\/div>\n\t<div id=\"gap-396865110\" class=\"gap-element clearfix\" style=\"display:block; height:auto;\">\n\t\t\n<style>\n#gap-396865110 {\n  padding-top: 20px;\n}\n<\/style>\n\t<\/div>\n\t\n<div class=\"row\"  id=\"row-813774157\">\n\n\t<div id=\"col-670613517\" class=\"col small-12 large-12\"  >\n\t\t\t\t<div class=\"col-inner\"  >\n\t\t\t\n\t\t\t\n<h3><span style=\"color: #000000; font-size: 32px;\"><strong>NI\u1ec0M TIN C\u1ee6A JH DIAMOND<\/strong><\/span><\/h3>\n<ul>\n<li>T\u1ea5t c\u1ea3 c\u00e1c kho\u1ea3n chi \u0111\u1ec1u l\u00e0 chi ph\u00ed, ch\u1ec9 c\u00f3 chi cho kh\u00e1ch h\u00e0ng v\u00e0 nh\u00e2n vi\u00ean l\u00e0 kh\u00f4ng ph\u00ed.<\/li>\n<li>T\u1ea5t c\u1ea3 th\u00e0nh vi\u00ean JH Diamond \u0111\u1ec1u \u0111ang n\u1ed7 l\u1ef1c h\u1ebft s\u1ee9c v\u00e0 c\u00f3 n\u0103ng l\u1ef1c \u0111\u1ec3 th\u1ef1c hi\u1ec7n m\u1ee5c ti\u00eau<\/li>\n<li>T\u1ea5t c\u1ea3 th\u00e0nh vi\u00ean JH Diamond \u0111\u1ec1u c\u00f3 th\u1ec3 tr\u1edf n\u00ean xu\u1ea5t s\u1eafc khi \u0111\u01b0\u1ee3c trao ni\u1ec1m tin, \u0111\u1ed3ng h\u00e0nh, h\u01b0\u1edbng d\u1eabn v\u00e0 ghi nh\u1eadn.<\/li>\n<\/ul>\n\t\t<\/div>\n\t\t\t\t\t<\/div>\n\n\t\n<\/div>\n\t<div id=\"gap-1060954677\" class=\"gap-element clearfix\" style=\"display:block; height:auto;\">\n\t\t\n<style>\n#gap-1060954677 {\n  padding-top: 20px;\n}\n<\/style>\n\t<\/div>\n\t\n<div class=\"row\"  id=\"row-398471339\">\n\n\t<div id=\"col-812828983\" class=\"col small-12 large-12\"  >\n\t\t\t\t<div class=\"col-inner\"  >\n\t\t\t\n\t\t\t\n<h3><span style=\"color: #000000; font-size: 32px;\"><strong>GI\u00c1 TR\u1eca C\u1ed0T L\u00d5I C\u1ee6A JH DIAMOND<\/strong><\/span><\/h3>\n\t<div class=\"img has-hover x md-x lg-x y md-y lg-y\" id=\"image_2107170815\">\n\t\t\t\t\t\t\t\t<div class=\"img-inner dark\" >\n\t\t\t<img loading=\"lazy\" decoding=\"async\" width=\"1281\" height=\"508\" src=\"https:\/\/pluginviet.com\/mau50\/wp-content\/uploads\/2023\/10\/DTT_7507-2.png\" class=\"attachment-original size-original\" alt=\"\" srcset=\"https:\/\/pluginviet.com\/mau50\/wp-content\/uploads\/2023\/10\/DTT_7507-2.png 1281w, https:\/\/pluginviet.com\/mau50\/wp-content\/uploads\/2023\/10\/DTT_7507-2-800x317.png 800w, https:\/\/pluginviet.com\/mau50\/wp-content\/uploads\/2023\/10\/DTT_7507-2-768x305.png 768w, https:\/\/pluginviet.com\/mau50\/wp-content\/uploads\/2023\/10\/DTT_7507-2-600x238.png 600w\" sizes=\"(max-width: 1281px) 100vw, 1281px\" \/>\t\t\t\t\t\t\n\t\t\t\t\t<\/div>\n\t\t\t\t\t\t\t\t\n<style>\n#image_2107170815 {\n  width: 100%;\n}\n<\/style>\n\t<\/div>\n\t\n<p><em><strong><span style=\"color: #282828;\">Th\u01b0\u01a1ng Hi\u1ec7u TOP 1 v\u1ec1 Kim C\u01b0\u01a1ng T\u1ef1 Nhi\u00ean t\u1ea1i Vi\u1ec7t Nam<\/span><\/strong><\/em><\/p>\n<p>V\u1edbi kh\u00e1t v\u1ecdng thi\u1ebft l\u1eadp m\u1ed9t ti\u00eau chu\u1ea9n d\u1ecbch v\u1ee5 m\u1edbi trong ng\u00e0nh \u0111\u00e1 qu\u00fd, \u0111\u1ed9i ng\u0169 JH Diamond cam k\u1ebft s\u1ebd mang \u0111\u1ebfn cho Qu\u00fd kh\u00e1ch h\u00e0ng s\u1ef1 an t\u00e2m tuy\u1ec7t \u0111\u1ed1i, s\u1ef1 h\u00e0i l\u00f2ng v\u1edbi ch\u1ea5t l\u01b0\u1ee3ng v\u00e0 d\u1ecbch v\u1ee5 x\u1ee9ng t\u1ea7m \u0111\u1eb3ng c\u1ea5p.<\/p>\n\t\t<\/div>\n\t\t\t\t\t<\/div>\n\n\t\n<\/div>\n\t\t<\/div>\n\n\t\t\n<style>\n#section_342715396 {\n  padding-top: 30px;\n  padding-bottom: 30px;\n}\n<\/style>\n\t<\/section>\n\t\n","protected":false},"excerpt":{"rendered":"","protected":false},"author":4,"featured_media":0,"parent":0,"menu_order":0,"comment_status":"closed","ping_status":"closed","template":"page-blank.php","meta":{"footnotes":""},"yoast_head":"<!-- This site is optimized with the Yoast SEO plugin v21.5 - https:\/\/yoast.com\/wordpress\/plugins\/seo\/ -->\n<title>JH DIAMOND<\/title>\n<meta name=\"robots\" content=\"index, follow, max-snippet:-1, max-image-preview:large, max-video-preview:-1\" \/>\n<link rel=\"canonical\" href=\"https:\/\/pluginviet.com\/mau50\/gioi-thieu\/\" \/>\n<meta property=\"og:locale\" content=\"vi_VN\" \/>\n<meta property=\"og:type\" content=\"article\" \/>\n<meta property=\"og:title\" content=\"JH DIAMOND\" \/>\n<meta property=\"og:url\" content=\"https:\/\/pluginviet.com\/mau50\/gioi-thieu\/\" \/>\n<meta property=\"og:site_name\" content=\"JH DIAMOND\" \/>\n<meta property=\"article:modified_time\" content=\"2023-10-27T04:40:03+00:00\" \/>\n<meta name=\"twitter:card\" content=\"summary_large_image\" \/>\n<meta name=\"twitter:label1\" content=\"\u01af\u1edbc t\u00ednh th\u1eddi gian \u0111\u1ecdc\" \/>\n\t<meta name=\"twitter:data1\" content=\"4 ph\u00fat\" \/>\n<script type=\"application\/ld+json\" class=\"yoast-schema-graph\">{\"@context\":\"https:\/\/schema.org\",\"@graph\":[{\"@type\":\"WebPage\",\"@id\":\"https:\/\/pluginviet.com\/mau50\/gioi-thieu\/\",\"url\":\"https:\/\/pluginviet.com\/mau50\/gioi-thieu\/\",\"name\":\"JH DIAMOND\",\"isPartOf\":{\"@id\":\"https:\/\/pluginviet.com\/mau50\/#website\"},\"datePublished\":\"2019-03-06T08:02:34+00:00\",\"dateModified\":\"2023-10-27T04:40:03+00:00\",\"breadcrumb\":{\"@id\":\"https:\/\/pluginviet.com\/mau50\/gioi-thieu\/#breadcrumb\"},\"inLanguage\":\"vi\",\"potentialAction\":[{\"@type\":\"ReadAction\",\"target\":[\"https:\/\/pluginviet.com\/mau50\/gioi-thieu\/\"]}]},{\"@type\":\"BreadcrumbList\",\"@id\":\"https:\/\/pluginviet.com\/mau50\/gioi-thieu\/#breadcrumb\",\"itemListElement\":[{\"@type\":\"ListItem\",\"position\":1,\"name\":\"Trang ch\u1ee7\",\"item\":\"https:\/\/pluginviet.com\/mau50\/\"},{\"@type\":\"ListItem\",\"position\":2,\"name\":\"Gi\u1edbi thi\u1ec7u\"}]},{\"@type\":\"WebSite\",\"@id\":\"https:\/\/pluginviet.com\/mau50\/#website\",\"url\":\"https:\/\/pluginviet.com\/mau50\/\",\"name\":\"JH DIAMOND\",\"description\":\"\",\"potentialAction\":[{\"@type\":\"SearchAction\",\"target\":{\"@type\":\"EntryPoint\",\"urlTemplate\":\"https:\/\/pluginviet.com\/mau50\/?s={search_term_string}\"},\"query-input\":\"required name=search_term_string\"}],\"inLanguage\":\"vi\"}]}<\/script>\n<!-- \/ Yoast SEO plugin. -->","yoast_head_json":{"title":"JH DIAMOND","robots":{"index":"index","follow":"follow","max-snippet":"max-snippet:-1","max-image-preview":"max-image-preview:large","max-video-preview":"max-video-preview:-1"},"canonical":"https:\/\/pluginviet.com\/mau50\/gioi-thieu\/","og_locale":"vi_VN","og_type":"article","og_title":"JH DIAMOND","og_url":"https:\/\/pluginviet.com\/mau50\/gioi-thieu\/","og_site_name":"JH DIAMOND","article_modified_time":"2023-10-27T04:40:03+00:00","twitter_card":"summary_large_image","twitter_misc":{"\u01af\u1edbc t\u00ednh th\u1eddi gian \u0111\u1ecdc":"4 ph\u00fat"},"schema":{"@context":"https:\/\/schema.org","@graph":[{"@type":"WebPage","@id":"https:\/\/pluginviet.com\/mau50\/gioi-thieu\/","url":"https:\/\/pluginviet.com\/mau50\/gioi-thieu\/","name":"JH DIAMOND","isPartOf":{"@id":"https:\/\/pluginviet.com\/mau50\/#website"},"datePublished":"2019-03-06T08:02:34+00:00","dateModified":"2023-10-27T04:40:03+00:00","breadcrumb":{"@id":"https:\/\/pluginviet.com\/mau50\/gioi-thieu\/#breadcrumb"},"inLanguage":"vi","potentialAction":[{"@type":"ReadAction","target":["https:\/\/pluginviet.com\/mau50\/gioi-thieu\/"]}]},{"@type":"BreadcrumbList","@id":"https:\/\/pluginviet.com\/mau50\/gioi-thieu\/#breadcrumb","itemListElement":[{"@type":"ListItem","position":1,"name":"Trang ch\u1ee7","item":"https:\/\/pluginviet.com\/mau50\/"},{"@type":"ListItem","position":2,"name":"Gi\u1edbi thi\u1ec7u"}]},{"@type":"WebSite","@id":"https:\/\/pluginviet.com\/mau50\/#website","url":"https:\/\/pluginviet.com\/mau50\/","name":"JH DIAMOND","description":"","potentialAction":[{"@type":"SearchAction","target":{"@type":"EntryPoint","urlTemplate":"https:\/\/pluginviet.com\/mau50\/?s={search_term_string}"},"query-input":"required name=search_term_string"}],"inLanguage":"vi"}]}},"_links":{"self":[{"href":"https:\/\/pluginviet.com\/mau50\/wp-json\/wp\/v2\/pages\/508"}],"collection":[{"href":"https:\/\/pluginviet.com\/mau50\/wp-json\/wp\/v2\/pages"}],"about":[{"href":"https:\/\/pluginviet.com\/mau50\/wp-json\/wp\/v2\/types\/page"}],"author":[{"embeddable":true,"href":"https:\/\/pluginviet.com\/mau50\/wp-json\/wp\/v2\/users\/4"}],"replies":[{"embeddable":true,"href":"https:\/\/pluginviet.com\/mau50\/wp-json\/wp\/v2\/comments?post=508"}],"version-history":[{"count":10,"href":"https:\/\/pluginviet.com\/mau50\/wp-json\/wp\/v2\/pages\/508\/revisions"}],"predecessor-version":[{"id":1941,"href":"https:\/\/pluginviet.com\/mau50\/wp-json\/wp\/v2\/pages\/508\/revisions\/1941"}],"wp:attachment":[{"href":"https:\/\/pluginviet.com\/mau50\/wp-json\/wp\/v2\/media?parent=508"}],"curies":[{"name":"wp","href":"https:\/\/api.w.org\/{rel}","templated":true}]}}