{"id":1943,"date":"2023-11-01T03:11:43","date_gmt":"2023-11-01T03:11:43","guid":{"rendered":"https:\/\/depthoitrang.com\/diamond\/?page_id=1943"},"modified":"2023-11-01T04:12:38","modified_gmt":"2023-11-01T04:12:38","slug":"dat-lich-hen","status":"publish","type":"page","link":"https:\/\/pluginviet.com\/mau50\/dat-lich-hen\/","title":{"rendered":"\u0110\u1eb7t l\u1ecbch h\u1eb9n"},"content":{"rendered":"\t<section class=\"section form_dat_lich\" id=\"section_1052059387\">\n\t\t<div class=\"bg section-bg fill bg-fill  bg-loaded\" >\n\n\t\t\t\n\t\t\t\n\t\t\t\n\n\t\t<\/div>\n\n\t\t\n\n\t\t<div class=\"section-content relative\">\n\t\t\t\n<div class=\"row align-center\"  id=\"row-1122747204\">\n\n\t<div id=\"col-1462499256\" class=\"col medium-5 small-12 large-5\"  >\n\t\t\t\t<div class=\"col-inner\"  >\n\t\t\t\n\t\t\t\n \n    <div class=\"block__element_head\">\n    <h2 class=\"heading\"><span>\u0110\u1eb6T L\u1ecaCH H\u1eb8N<\/span><\/h2>\n    <p class=\"text_head\"><\/p>\n   \n    <\/div>\n\n\t<div id=\"gap-268054097\" class=\"gap-element clearfix\" style=\"display:block; height:auto;\">\n\t\t\n<style>\n#gap-268054097 {\n  padding-top: 30px;\n}\n<\/style>\n\t<\/div>\n\t\n\n<div class=\"wpcf7 no-js\" id=\"wpcf7-f1982-o1\" lang=\"vi\" dir=\"ltr\">\n<div class=\"screen-reader-response\"><p role=\"status\" aria-live=\"polite\" aria-atomic=\"true\"><\/p> <ul><\/ul><\/div>\n<form action=\"\/mau50\/wp-json\/wp\/v2\/pages\/1943#wpcf7-f1982-o1\" method=\"post\" class=\"wpcf7-form init\" aria-label=\"Form li\u00ean h\u1ec7\" novalidate=\"novalidate\" data-status=\"init\">\n<div style=\"display: none;\">\n<input type=\"hidden\" name=\"_wpcf7\" value=\"1982\" \/>\n<input type=\"hidden\" name=\"_wpcf7_version\" value=\"5.8.2\" \/>\n<input type=\"hidden\" name=\"_wpcf7_locale\" value=\"vi\" \/>\n<input type=\"hidden\" name=\"_wpcf7_unit_tag\" value=\"wpcf7-f1982-o1\" \/>\n<input type=\"hidden\" name=\"_wpcf7_container_post\" value=\"0\" \/>\n<input type=\"hidden\" name=\"_wpcf7_posted_data_hash\" value=\"\" \/>\n<\/div>\n<h3>Th\u00f4ng tin kh\u00e1ch h\u00e0ng\n<\/h3>\n<p><span class=\"wpcf7-form-control-wrap\" data-name=\"text-493\"><input size=\"40\" class=\"wpcf7-form-control wpcf7-text wpcf7-validates-as-required\" aria-required=\"true\" aria-invalid=\"false\" placeholder=\"H\u1ecd v\u00e0 t\u00ean *\" value=\"\" type=\"text\" name=\"text-493\" \/><\/span><br \/>\n<span class=\"wpcf7-form-control-wrap\" data-name=\"tel-212\"><input size=\"40\" class=\"wpcf7-form-control wpcf7-tel wpcf7-validates-as-required wpcf7-text wpcf7-validates-as-tel\" aria-required=\"true\" aria-invalid=\"false\" placeholder=\"S\u1ed1 \u0111i\u1ec7n tho\u1ea1i *\" value=\"\" type=\"tel\" name=\"tel-212\" \/><\/span><br \/>\n<span class=\"wpcf7-form-control-wrap\" data-name=\"text-495\"><input size=\"40\" class=\"wpcf7-form-control wpcf7-text wpcf7-validates-as-required\" aria-required=\"true\" aria-invalid=\"false\" placeholder=\"T\u00ean doanh nghi\u1ec7p, t\u1ed5 ch\u1ee9c\" value=\"\" type=\"text\" name=\"text-495\" \/><\/span>\n<\/p>\n<h3>Ch\u1ecdn l\u1ecbch h\u1eb9n\n<\/h3>\n<p><span class=\"wpcf7-form-control-wrap\" data-name=\"menu-46\"><select class=\"wpcf7-form-control wpcf7-select wpcf7-validates-as-required\" aria-required=\"true\" aria-invalid=\"false\" name=\"menu-46\"><option value=\"Chi Nh\u00e1nh B\u1eafc Ninh\">Chi Nh\u00e1nh B\u1eafc Ninh<\/option><option value=\"Chi nh\u00e1nh H\u1ea3i D\u01b0\u01a1ng\">Chi nh\u00e1nh H\u1ea3i D\u01b0\u01a1ng<\/option><option value=\"C\u01a1 s\u1edf Aeon Mall Long Bi\u00ean\">C\u01a1 s\u1edf Aeon Mall Long Bi\u00ean<\/option><option value=\"C\u01a1 s\u1edf T\u00e2n Mai\">C\u01a1 s\u1edf T\u00e2n Mai<\/option><option value=\"C\u01a1 s\u1edf Nguy\u1ec5n V\u0103n C\u1eeb\">C\u01a1 s\u1edf Nguy\u1ec5n V\u0103n C\u1eeb<\/option><option value=\"C\u01a1 s\u1edf Th\u00e1i H\u00e0\">C\u01a1 s\u1edf Th\u00e1i H\u00e0<\/option><option value=\"C\u01a1 s\u1edf Tr\u1ea7n Nh\u00e2n T\u00f4ng\">C\u01a1 s\u1edf Tr\u1ea7n Nh\u00e2n T\u00f4ng<\/option><option value=\"C\u01a1 s\u1edf Ho\u00e0ng C\u1ea7u\">C\u01a1 s\u1edf Ho\u00e0ng C\u1ea7u<\/option><option value=\"C\u01a1 s\u1edf Quang Trung\">C\u01a1 s\u1edf Quang Trung<\/option><option value=\"C\u01a1 s\u1edf Tr\u1ea7n Duy H\u01b0ng\">C\u01a1 s\u1edf Tr\u1ea7n Duy H\u01b0ng<\/option><option value=\"C\u01a1 s\u1edf Nguy\u1ec5n Tr\u00e3i\">C\u01a1 s\u1edf Nguy\u1ec5n Tr\u00e3i<\/option><\/select><\/span>\n<\/p>\n<div class=\"pickDate_time\">\n\t<p><span class=\"wpcf7-form-control-wrap\" data-name=\"date-696\"><input class=\"wpcf7-form-control wpcf7-date wpcf7-validates-as-required wpcf7-validates-as-date\" aria-required=\"true\" aria-invalid=\"false\" placeholder=\"Ch\u1ecdn ng\u00e0y\" value=\"\" type=\"date\" name=\"date-696\" \/><\/span>\n\t<\/p>\n<\/div>\n<p><span class=\"wpcf7-form-control-wrap\" data-name=\"textarea-449\"><textarea cols=\"40\" rows=\"10\" class=\"wpcf7-form-control wpcf7-textarea\" aria-invalid=\"false\" placeholder=\"Y\u00eau c\u1ea7u c\u1ee7a qu\u00fd kh\u00e1ch\" name=\"textarea-449\"><\/textarea><\/span><br \/>\n<input class=\"wpcf7-form-control wpcf7-submit has-spinner\" type=\"submit\" value=\"\u0110\u1eb7t l\u1ecbch h\u1eb9n\" \/>\n<\/p><div class=\"wpcf7-response-output\" aria-hidden=\"true\"><\/div>\n<\/form>\n<\/div>\n\n\t\t<\/div>\n\t\t\t\t\t<\/div>\n\n\t\n<\/div>\n\t\t<\/div>\n\n\t\t\n<style>\n#section_1052059387 {\n  padding-top: 30px;\n  padding-bottom: 30px;\n}\n<\/style>\n\t<\/section>\n\t\n","protected":false},"excerpt":{"rendered":"","protected":false},"author":4,"featured_media":0,"parent":0,"menu_order":0,"comment_status":"closed","ping_status":"closed","template":"page-blank.php","meta":{"footnotes":""},"yoast_head":"<!-- This site is optimized with the Yoast SEO plugin v21.5 - https:\/\/yoast.com\/wordpress\/plugins\/seo\/ -->\n<title>JH DIAMOND<\/title>\n<meta name=\"robots\" content=\"index, follow, max-snippet:-1, max-image-preview:large, max-video-preview:-1\" \/>\n<link rel=\"canonical\" href=\"https:\/\/pluginviet.com\/mau50\/dat-lich-hen\/\" \/>\n<meta property=\"og:locale\" content=\"vi_VN\" \/>\n<meta property=\"og:type\" content=\"article\" \/>\n<meta property=\"og:title\" content=\"JH DIAMOND\" \/>\n<meta property=\"og:url\" content=\"https:\/\/pluginviet.com\/mau50\/dat-lich-hen\/\" \/>\n<meta property=\"og:site_name\" content=\"JH DIAMOND\" \/>\n<meta property=\"article:modified_time\" content=\"2023-11-01T04:12:38+00:00\" \/>\n<meta name=\"twitter:card\" content=\"summary_large_image\" \/>\n<script type=\"application\/ld+json\" class=\"yoast-schema-graph\">{\"@context\":\"https:\/\/schema.org\",\"@graph\":[{\"@type\":\"WebPage\",\"@id\":\"https:\/\/pluginviet.com\/mau50\/dat-lich-hen\/\",\"url\":\"https:\/\/pluginviet.com\/mau50\/dat-lich-hen\/\",\"name\":\"JH DIAMOND\",\"isPartOf\":{\"@id\":\"https:\/\/pluginviet.com\/mau50\/#website\"},\"datePublished\":\"2023-11-01T03:11:43+00:00\",\"dateModified\":\"2023-11-01T04:12:38+00:00\",\"breadcrumb\":{\"@id\":\"https:\/\/pluginviet.com\/mau50\/dat-lich-hen\/#breadcrumb\"},\"inLanguage\":\"vi\",\"potentialAction\":[{\"@type\":\"ReadAction\",\"target\":[\"https:\/\/pluginviet.com\/mau50\/dat-lich-hen\/\"]}]},{\"@type\":\"BreadcrumbList\",\"@id\":\"https:\/\/pluginviet.com\/mau50\/dat-lich-hen\/#breadcrumb\",\"itemListElement\":[{\"@type\":\"ListItem\",\"position\":1,\"name\":\"Trang ch\u1ee7\",\"item\":\"https:\/\/pluginviet.com\/mau50\/\"},{\"@type\":\"ListItem\",\"position\":2,\"name\":\"\u0110\u1eb7t l\u1ecbch h\u1eb9n\"}]},{\"@type\":\"WebSite\",\"@id\":\"https:\/\/pluginviet.com\/mau50\/#website\",\"url\":\"https:\/\/pluginviet.com\/mau50\/\",\"name\":\"JH DIAMOND\",\"description\":\"\",\"potentialAction\":[{\"@type\":\"SearchAction\",\"target\":{\"@type\":\"EntryPoint\",\"urlTemplate\":\"https:\/\/pluginviet.com\/mau50\/?s={search_term_string}\"},\"query-input\":\"required name=search_term_string\"}],\"inLanguage\":\"vi\"}]}<\/script>\n<!-- \/ Yoast SEO plugin. -->","yoast_head_json":{"title":"JH DIAMOND","robots":{"index":"index","follow":"follow","max-snippet":"max-snippet:-1","max-image-preview":"max-image-preview:large","max-video-preview":"max-video-preview:-1"},"canonical":"https:\/\/pluginviet.com\/mau50\/dat-lich-hen\/","og_locale":"vi_VN","og_type":"article","og_title":"JH DIAMOND","og_url":"https:\/\/pluginviet.com\/mau50\/dat-lich-hen\/","og_site_name":"JH DIAMOND","article_modified_time":"2023-11-01T04:12:38+00:00","twitter_card":"summary_large_image","schema":{"@context":"https:\/\/schema.org","@graph":[{"@type":"WebPage","@id":"https:\/\/pluginviet.com\/mau50\/dat-lich-hen\/","url":"https:\/\/pluginviet.com\/mau50\/dat-lich-hen\/","name":"JH DIAMOND","isPartOf":{"@id":"https:\/\/pluginviet.com\/mau50\/#website"},"datePublished":"2023-11-01T03:11:43+00:00","dateModified":"2023-11-01T04:12:38+00:00","breadcrumb":{"@id":"https:\/\/pluginviet.com\/mau50\/dat-lich-hen\/#breadcrumb"},"inLanguage":"vi","potentialAction":[{"@type":"ReadAction","target":["https:\/\/pluginviet.com\/mau50\/dat-lich-hen\/"]}]},{"@type":"BreadcrumbList","@id":"https:\/\/pluginviet.com\/mau50\/dat-lich-hen\/#breadcrumb","itemListElement":[{"@type":"ListItem","position":1,"name":"Trang ch\u1ee7","item":"https:\/\/pluginviet.com\/mau50\/"},{"@type":"ListItem","position":2,"name":"\u0110\u1eb7t l\u1ecbch h\u1eb9n"}]},{"@type":"WebSite","@id":"https:\/\/pluginviet.com\/mau50\/#website","url":"https:\/\/pluginviet.com\/mau50\/","name":"JH DIAMOND","description":"","potentialAction":[{"@type":"SearchAction","target":{"@type":"EntryPoint","urlTemplate":"https:\/\/pluginviet.com\/mau50\/?s={search_term_string}"},"query-input":"required name=search_term_string"}],"inLanguage":"vi"}]}},"_links":{"self":[{"href":"https:\/\/pluginviet.com\/mau50\/wp-json\/wp\/v2\/pages\/1943"}],"collection":[{"href":"https:\/\/pluginviet.com\/mau50\/wp-json\/wp\/v2\/pages"}],"about":[{"href":"https:\/\/pluginviet.com\/mau50\/wp-json\/wp\/v2\/types\/page"}],"author":[{"embeddable":true,"href":"https:\/\/pluginviet.com\/mau50\/wp-json\/wp\/v2\/users\/4"}],"replies":[{"embeddable":true,"href":"https:\/\/pluginviet.com\/mau50\/wp-json\/wp\/v2\/comments?post=1943"}],"version-history":[{"count":3,"href":"https:\/\/pluginviet.com\/mau50\/wp-json\/wp\/v2\/pages\/1943\/revisions"}],"predecessor-version":[{"id":1984,"href":"https:\/\/pluginviet.com\/mau50\/wp-json\/wp\/v2\/pages\/1943\/revisions\/1984"}],"wp:attachment":[{"href":"https:\/\/pluginviet.com\/mau50\/wp-json\/wp\/v2\/media?parent=1943"}],"curies":[{"name":"wp","href":"https:\/\/api.w.org\/{rel}","templated":true}]}}