{"id":2668,"date":"2022-08-14T12:54:07","date_gmt":"2022-08-14T05:54:07","guid":{"rendered":"https:\/\/khomaudep.com\/bigvngroup\/?post_type=product&#038;p=2668"},"modified":"2022-08-14T12:55:09","modified_gmt":"2022-08-14T05:55:09","slug":"tour-mu-cang-chai-mua-lua-chin-3-ngay-2-dem-tu-ha-noi-2","status":"publish","type":"product","link":"https:\/\/pluginviet.com\/mau5\/tour-mu-cang-chai-mua-lua-chin-3-ngay-2-dem-tu-ha-noi-2\/","title":{"rendered":"Tour M\u00f9 Cang Ch\u1ea3i m\u00f9a l\u00faa ch\u00edn 3 ng\u00e0y 2 \u0111\u00eam t\u1eeb H\u00e0 N\u1ed9i"},"content":{"rendered":"<p>M\u1ed7i n\u0103m 1 l\u1ea7n duy nh\u1ea5t,\u00a0<strong>ru\u1ed9ng b\u1eadc thang m\u00f9 cang ch\u1ea3i b\u01b0\u1edbc v\u00e0o m\u00f9a l\u00faa ch\u00edn<\/strong>. V\u1edbi h\u00ecnh th\u1ebf ru\u1ed9ng b\u1eadc thang \u0111\u01b0\u1ee3c ghi nh\u1eadn l\u00e0 \u0111\u1ed9c \u0111\u00e1o nh\u1ea5t th\u1ebf gi\u1edbi, c\u1ed9ng v\u1edbi khung c\u1ea3nh thi\u00ean nhi\u00ean h\u00f9ng v\u0129 v\u00e0<strong>\u00a0ti\u1ebft tr\u1eddi thu trong xanh<\/strong>, \u0111\u1eebng b\u1ecf l\u1ee1 c\u01a1 h\u1ed5i ch\u1ec9 1 l\u1ea7n trong n\u0103m \u0111\u1ec3 \u0111\u1ebfn v\u1edbi nh\u1eefng\u00a0<strong>s\u00f3ng v\u00e0ng tr\u00ean non cao M\u00f9 Cang Ch\u1ea3i.\u00a0<\/strong><\/p>\n<p><strong>Tour du l\u1ecbch H\u00e0 N\u1ed9i &#8211; M\u00f9 Cang Ch\u1ea3i m\u00f9a l\u00faa ch\u00edn c\u1ee7a ch\u00fang t\u00f4i<\/strong>\u00a0s\u1ebd \u0111\u01b0a du kh\u00e1ch \u0111\u1ebfn v\u1edbi nh\u1eefng c\u00e1nh \u0111\u1ed3ng l\u00faa tr\u1ea3i d\u00e0i nh\u01b0 v\u00f4 t\u1eadn, l\u1edbp n\u1ecd n\u1ed1i ti\u1ebfp l\u1edbp kia, c\u1ee9 th\u1ebf ph\u1ee7 l\u1ea5y \u0111\u1ea5t, \u00f4m l\u1ea5y \u0111\u1ed3i v\u00e0 k\u00e9o xa t\u00edt t\u1eafp v\u1ec1 ph\u00eda ch\u00e2n tr\u1eddi. C\u1ee9 k\u1ef3 v\u0129, cu\u1ed1n h\u00fat nh\u01b0 th\u1ec3 m\u1ed9t mi\u1ec1n \u0111\u1ea5t th\u1ea7n ti\u00ean.<\/p>\n<p><img decoding=\"async\" loading=\"lazy\" class=\"size-full wp-image-2572 aligncenter\" src=\"https:\/\/khomaudep.com\/bigvngroup\/wp-content\/uploads\/2022\/08\/1db63fb886b7cd6747b51febf8b19fc6.jpg\" alt=\"\" width=\"700\" height=\"445\" srcset=\"https:\/\/pluginviet.com\/mau5\/wp-content\/uploads\/2022\/08\/1db63fb886b7cd6747b51febf8b19fc6.jpg 700w, https:\/\/pluginviet.com\/mau5\/wp-content\/uploads\/2022\/08\/1db63fb886b7cd6747b51febf8b19fc6-629x400.jpg 629w\" sizes=\"(max-width: 700px) 100vw, 700px\" \/><\/p>\n<p>&nbsp;<\/p>\n<p>T\u1ef1 h\u00e0o l\u00e0<strong>\u00a0nh\u00e0 t\u1ed5 ch\u1ee9c tour M\u00f9 Cang Ch\u1ea3i kinh nghi\u1ec7m &#8211; uy t\u00edn &#8211; ch\u1ea5t l\u01b0\u1ee3ng h\u00e0ng \u0111\u1ea7u<\/strong>, h\u00e3y \u0111\u1ed3ng h\u00e0nh c\u00f9ng ch\u00fang t\u00f4i \u0111\u1ec3 c\u00f3 nh\u1eefng tr\u1ea3i nghi\u1ec7m \u0111\u00e1ng nh\u1edb nh\u1ea5t.<\/p>\n<p>Th\u1eddi \u0111i\u1ec3m M\u00f9 Cang Ch\u1ea3i \u201cquy\u1ebfn r\u0169\u201d nh\u1ea5t c\u00f3 l\u1ebd l\u00e0 v\u00e0o gi\u1eefa th\u00e1ng 9 \u0111\u1ebfn \u0111\u1ea7u th\u00e1ng 10. Th\u1eddi gian n\u00e0y, \u0111i M\u00f9 Cang ch\u1ea3i l\u00faa v\u00e0ng tr\u00ean ru\u1ed9ng b\u1eadc thang bao tr\u00f9m t\u1ea5t c\u1ea3 n\u00fai \u0111\u1ed3i M\u00f9 Cang Ch\u1ea3i, v\u00e0 b\u1ea7u tr\u1eddi n\u1eafng l\u1ea1i khi\u1ebfn v\u1ebb \u0111\u1eb9p c\u00e0ng tr\u1edf n\u00ean th\u01a1 m\u1ed9ng.<\/p>\n<p>Trong n\u1eafng thu v\u00e0ng, M\u00f9 Cang Ch\u1ea3i tr\u1edf n\u00ean quy\u1ebfn r\u0169 h\u01a1n b\u1edfi nh\u1eefng th\u1eeda ru\u1ed9ng l\u00faa b\u1eadc thang h\u1ec7t nh\u01b0 m\u1ed9t t\u1ea5m th\u1ea3m m\u1ec1m m\u1ea1i. C\u1ea3 con \u0111\u01b0\u1eddng qu\u1ed1c l\u1ed9 xanh m\u01b0\u1edbt m\u1ed9t m\u00e0u, m\u00e0u c\u1ee7a nh\u1eefng th\u1eeda ru\u1ed9ng b\u1eadc thang tr\u1ea3i r\u1ed9ng \u0111\u1ebfn t\u1eadn s\u00e1t con su\u1ed1i d\u01b0\u1edbi thung, c\u1ee7a nh\u1eefng v\u1ea1t n\u1eafng v\u00e0ng nh\u01b0 m\u1eadt. \u0110\u00e2y ch\u00ednh l\u00e0 \u201ck\u1ef3 quan nh\u00e2n t\u1ea1o\u201d m\u00e0 kh\u00f4ng ph\u1ea3i \u1edf n\u01a1i n\u00e0o tr\u00ean tr\u00e1i \u0111\u1ea5t n\u00e0y c\u00f3 \u0111\u01b0\u1ee3c.<\/p>\n","protected":false},"excerpt":{"rendered":"<p>M\u1ed7i n\u0103m 1 l\u1ea7n duy nh\u1ea5t,\u00a0ru\u1ed9ng b\u1eadc thang m\u00f9 cang ch\u1ea3i b\u01b0\u1edbc v\u00e0o m\u00f9a l\u00faa ch\u00edn. V\u1edbi h\u00ecnh th\u1ebf ru\u1ed9ng b\u1eadc thang \u0111\u01b0\u1ee3c ghi nh\u1eadn l\u00e0 \u0111\u1ed9c \u0111\u00e1o nh\u1ea5t th\u1ebf gi\u1edbi, c\u1ed9ng v\u1edbi khung c\u1ea3nh thi\u00ean nhi\u00ean h\u00f9ng v\u0129 v\u00e0\u00a0ti\u1ebft tr\u1eddi thu trong xanh, \u0111\u1eebng b\u1ecf l\u1ee1 c\u01a1 h\u1ed5i ch\u1ec9 1 l\u1ea7n trong n\u0103m \u0111\u1ec3&#8230;<\/p>\n","protected":false},"featured_media":2558,"comment_status":"open","ping_status":"closed","template":"","meta":[],"product_cat":[15,496,498,494],"product_tag":[],"yoast_head":"<!-- This site is optimized with the Yoast SEO plugin v20.11 - https:\/\/yoast.com\/wordpress\/plugins\/seo\/ -->\n<title>Tour M\u00f9 Cang Ch\u1ea3i m\u00f9a l\u00faa ch\u00edn 3 ng\u00e0y 2 \u0111\u00eam t\u1eeb H\u00e0 N\u1ed9i - bigvngroup<\/title>\n<meta name=\"robots\" content=\"index, follow, max-snippet:-1, max-image-preview:large, max-video-preview:-1\" \/>\n<link rel=\"canonical\" href=\"https:\/\/pluginviet.com\/mau5\/tour-mu-cang-chai-mua-lua-chin-3-ngay-2-dem-tu-ha-noi-2\/\" \/>\n<meta property=\"og:locale\" content=\"vi_VN\" \/>\n<meta property=\"og:type\" content=\"article\" \/>\n<meta property=\"og:title\" content=\"Tour M\u00f9 Cang Ch\u1ea3i m\u00f9a l\u00faa ch\u00edn 3 ng\u00e0y 2 \u0111\u00eam t\u1eeb H\u00e0 N\u1ed9i - bigvngroup\" \/>\n<meta property=\"og:description\" content=\"M\u1ed7i n\u0103m 1 l\u1ea7n duy nh\u1ea5t,\u00a0ru\u1ed9ng b\u1eadc thang m\u00f9 cang ch\u1ea3i b\u01b0\u1edbc v\u00e0o m\u00f9a l\u00faa ch\u00edn. V\u1edbi h\u00ecnh th\u1ebf ru\u1ed9ng b\u1eadc thang \u0111\u01b0\u1ee3c ghi nh\u1eadn l\u00e0 \u0111\u1ed9c \u0111\u00e1o nh\u1ea5t th\u1ebf gi\u1edbi, c\u1ed9ng v\u1edbi khung c\u1ea3nh thi\u00ean nhi\u00ean h\u00f9ng v\u0129 v\u00e0\u00a0ti\u1ebft tr\u1eddi thu trong xanh, \u0111\u1eebng b\u1ecf l\u1ee1 c\u01a1 h\u1ed5i ch\u1ec9 1 l\u1ea7n trong n\u0103m \u0111\u1ec3...\" \/>\n<meta property=\"og:url\" content=\"https:\/\/pluginviet.com\/mau5\/tour-mu-cang-chai-mua-lua-chin-3-ngay-2-dem-tu-ha-noi-2\/\" \/>\n<meta property=\"og:site_name\" content=\"bigvngroup\" \/>\n<meta property=\"article:modified_time\" content=\"2022-08-14T05:55:09+00:00\" \/>\n<meta property=\"og:image\" content=\"https:\/\/pluginviet.com\/mau5\/wp-content\/uploads\/2022\/08\/b382dd34e203bb513f3432c899b35fd2.jpg\" \/>\n\t<meta property=\"og:image:width\" content=\"1001\" \/>\n\t<meta property=\"og:image:height\" content=\"668\" \/>\n\t<meta property=\"og:image:type\" content=\"image\/jpeg\" \/>\n<meta name=\"twitter:card\" content=\"summary_large_image\" \/>\n<meta name=\"twitter:label1\" content=\"\u01af\u1edbc t\u00ednh th\u1eddi gian \u0111\u1ecdc\" \/>\n\t<meta name=\"twitter:data1\" content=\"2 ph\u00fat\" \/>\n<script type=\"application\/ld+json\" class=\"yoast-schema-graph\">{\"@context\":\"https:\/\/schema.org\",\"@graph\":[{\"@type\":\"WebPage\",\"@id\":\"https:\/\/pluginviet.com\/mau5\/tour-mu-cang-chai-mua-lua-chin-3-ngay-2-dem-tu-ha-noi-2\/\",\"url\":\"https:\/\/pluginviet.com\/mau5\/tour-mu-cang-chai-mua-lua-chin-3-ngay-2-dem-tu-ha-noi-2\/\",\"name\":\"Tour M\u00f9 Cang Ch\u1ea3i m\u00f9a l\u00faa ch\u00edn 3 ng\u00e0y 2 \u0111\u00eam t\u1eeb H\u00e0 N\u1ed9i - bigvngroup\",\"isPartOf\":{\"@id\":\"https:\/\/pluginviet.com\/mau5\/#website\"},\"datePublished\":\"2022-08-14T05:54:07+00:00\",\"dateModified\":\"2022-08-14T05:55:09+00:00\",\"breadcrumb\":{\"@id\":\"https:\/\/pluginviet.com\/mau5\/tour-mu-cang-chai-mua-lua-chin-3-ngay-2-dem-tu-ha-noi-2\/#breadcrumb\"},\"inLanguage\":\"vi\",\"potentialAction\":[{\"@type\":\"ReadAction\",\"target\":[\"https:\/\/pluginviet.com\/mau5\/tour-mu-cang-chai-mua-lua-chin-3-ngay-2-dem-tu-ha-noi-2\/\"]}]},{\"@type\":\"BreadcrumbList\",\"@id\":\"https:\/\/pluginviet.com\/mau5\/tour-mu-cang-chai-mua-lua-chin-3-ngay-2-dem-tu-ha-noi-2\/#breadcrumb\",\"itemListElement\":[{\"@type\":\"ListItem\",\"position\":1,\"name\":\"Trang ch\u1ee7\",\"item\":\"https:\/\/pluginviet.com\/mau5\/\"},{\"@type\":\"ListItem\",\"position\":2,\"name\":\"Tour\",\"item\":\"https:\/\/pluginviet.com\/mau5\/tour\/\"},{\"@type\":\"ListItem\",\"position\":3,\"name\":\"Tour M\u00f9 Cang Ch\u1ea3i m\u00f9a l\u00faa ch\u00edn 3 ng\u00e0y 2 \u0111\u00eam t\u1eeb H\u00e0 N\u1ed9i\"}]},{\"@type\":\"WebSite\",\"@id\":\"https:\/\/pluginviet.com\/mau5\/#website\",\"url\":\"https:\/\/pluginviet.com\/mau5\/\",\"name\":\"bigvngroup\",\"description\":\"\",\"potentialAction\":[{\"@type\":\"SearchAction\",\"target\":{\"@type\":\"EntryPoint\",\"urlTemplate\":\"https:\/\/pluginviet.com\/mau5\/?s={search_term_string}\"},\"query-input\":\"required name=search_term_string\"}],\"inLanguage\":\"vi\"}]}<\/script>\n<!-- \/ Yoast SEO plugin. -->","yoast_head_json":{"title":"Tour M\u00f9 Cang Ch\u1ea3i m\u00f9a l\u00faa ch\u00edn 3 ng\u00e0y 2 \u0111\u00eam t\u1eeb H\u00e0 N\u1ed9i - bigvngroup","robots":{"index":"index","follow":"follow","max-snippet":"max-snippet:-1","max-image-preview":"max-image-preview:large","max-video-preview":"max-video-preview:-1"},"canonical":"https:\/\/pluginviet.com\/mau5\/tour-mu-cang-chai-mua-lua-chin-3-ngay-2-dem-tu-ha-noi-2\/","og_locale":"vi_VN","og_type":"article","og_title":"Tour M\u00f9 Cang Ch\u1ea3i m\u00f9a l\u00faa ch\u00edn 3 ng\u00e0y 2 \u0111\u00eam t\u1eeb H\u00e0 N\u1ed9i - bigvngroup","og_description":"M\u1ed7i n\u0103m 1 l\u1ea7n duy nh\u1ea5t,\u00a0ru\u1ed9ng b\u1eadc thang m\u00f9 cang ch\u1ea3i b\u01b0\u1edbc v\u00e0o m\u00f9a l\u00faa ch\u00edn. V\u1edbi h\u00ecnh th\u1ebf ru\u1ed9ng b\u1eadc thang \u0111\u01b0\u1ee3c ghi nh\u1eadn l\u00e0 \u0111\u1ed9c \u0111\u00e1o nh\u1ea5t th\u1ebf gi\u1edbi, c\u1ed9ng v\u1edbi khung c\u1ea3nh thi\u00ean nhi\u00ean h\u00f9ng v\u0129 v\u00e0\u00a0ti\u1ebft tr\u1eddi thu trong xanh, \u0111\u1eebng b\u1ecf l\u1ee1 c\u01a1 h\u1ed5i ch\u1ec9 1 l\u1ea7n trong n\u0103m \u0111\u1ec3...","og_url":"https:\/\/pluginviet.com\/mau5\/tour-mu-cang-chai-mua-lua-chin-3-ngay-2-dem-tu-ha-noi-2\/","og_site_name":"bigvngroup","article_modified_time":"2022-08-14T05:55:09+00:00","og_image":[{"width":1001,"height":668,"url":"https:\/\/pluginviet.com\/mau5\/wp-content\/uploads\/2022\/08\/b382dd34e203bb513f3432c899b35fd2.jpg","type":"image\/jpeg"}],"twitter_card":"summary_large_image","twitter_misc":{"\u01af\u1edbc t\u00ednh th\u1eddi gian \u0111\u1ecdc":"2 ph\u00fat"},"schema":{"@context":"https:\/\/schema.org","@graph":[{"@type":"WebPage","@id":"https:\/\/pluginviet.com\/mau5\/tour-mu-cang-chai-mua-lua-chin-3-ngay-2-dem-tu-ha-noi-2\/","url":"https:\/\/pluginviet.com\/mau5\/tour-mu-cang-chai-mua-lua-chin-3-ngay-2-dem-tu-ha-noi-2\/","name":"Tour M\u00f9 Cang Ch\u1ea3i m\u00f9a l\u00faa ch\u00edn 3 ng\u00e0y 2 \u0111\u00eam t\u1eeb H\u00e0 N\u1ed9i - bigvngroup","isPartOf":{"@id":"https:\/\/pluginviet.com\/mau5\/#website"},"datePublished":"2022-08-14T05:54:07+00:00","dateModified":"2022-08-14T05:55:09+00:00","breadcrumb":{"@id":"https:\/\/pluginviet.com\/mau5\/tour-mu-cang-chai-mua-lua-chin-3-ngay-2-dem-tu-ha-noi-2\/#breadcrumb"},"inLanguage":"vi","potentialAction":[{"@type":"ReadAction","target":["https:\/\/pluginviet.com\/mau5\/tour-mu-cang-chai-mua-lua-chin-3-ngay-2-dem-tu-ha-noi-2\/"]}]},{"@type":"BreadcrumbList","@id":"https:\/\/pluginviet.com\/mau5\/tour-mu-cang-chai-mua-lua-chin-3-ngay-2-dem-tu-ha-noi-2\/#breadcrumb","itemListElement":[{"@type":"ListItem","position":1,"name":"Trang ch\u1ee7","item":"https:\/\/pluginviet.com\/mau5\/"},{"@type":"ListItem","position":2,"name":"Tour","item":"https:\/\/pluginviet.com\/mau5\/tour\/"},{"@type":"ListItem","position":3,"name":"Tour M\u00f9 Cang Ch\u1ea3i m\u00f9a l\u00faa ch\u00edn 3 ng\u00e0y 2 \u0111\u00eam t\u1eeb H\u00e0 N\u1ed9i"}]},{"@type":"WebSite","@id":"https:\/\/pluginviet.com\/mau5\/#website","url":"https:\/\/pluginviet.com\/mau5\/","name":"bigvngroup","description":"","potentialAction":[{"@type":"SearchAction","target":{"@type":"EntryPoint","urlTemplate":"https:\/\/pluginviet.com\/mau5\/?s={search_term_string}"},"query-input":"required name=search_term_string"}],"inLanguage":"vi"}]}},"_links":{"self":[{"href":"https:\/\/pluginviet.com\/mau5\/wp-json\/wp\/v2\/product\/2668"}],"collection":[{"href":"https:\/\/pluginviet.com\/mau5\/wp-json\/wp\/v2\/product"}],"about":[{"href":"https:\/\/pluginviet.com\/mau5\/wp-json\/wp\/v2\/types\/product"}],"replies":[{"embeddable":true,"href":"https:\/\/pluginviet.com\/mau5\/wp-json\/wp\/v2\/comments?post=2668"}],"wp:featuredmedia":[{"embeddable":true,"href":"https:\/\/pluginviet.com\/mau5\/wp-json\/wp\/v2\/media\/2558"}],"wp:attachment":[{"href":"https:\/\/pluginviet.com\/mau5\/wp-json\/wp\/v2\/media?parent=2668"}],"wp:term":[{"taxonomy":"product_cat","embeddable":true,"href":"https:\/\/pluginviet.com\/mau5\/wp-json\/wp\/v2\/product_cat?post=2668"},{"taxonomy":"product_tag","embeddable":true,"href":"https:\/\/pluginviet.com\/mau5\/wp-json\/wp\/v2\/product_tag?post=2668"}],"curies":[{"name":"wp","href":"https:\/\/api.w.org\/{rel}","templated":true}]}}