{"id":442,"date":"2022-03-21T12:06:58","date_gmt":"2022-03-21T05:06:58","guid":{"rendered":"http:\/\/inan.themevivu.com\/?post_type=product&#038;p=442"},"modified":"2022-03-21T12:06:58","modified_gmt":"2022-03-21T05:06:58","slug":"in-tem-nhan-mau-m333","status":"publish","type":"product","link":"https:\/\/pluginviet.com\/mau49\/san-pham\/in-tem-nhan-mau-m333\/","title":{"rendered":"In tem nh\u00e3n m\u1eabu M333"},"content":{"rendered":"<p dir=\"ltr\">B\u1ea1n c\u1ea7n in logo, th\u00f4ng tin n\u1ed9i dung l\u00ean s\u1ea3n ph\u1ea9m, v\u00e0 c\u00f3 th\u1ec3 t\u00f9y bi\u1ebfn d\u00e1n l\u00ean b\u1ea5t k\u1ef3 v\u1eadt d\u1ee5ng n\u00e0o. T\u1ea5t c\u1ea3 \u0111\u00e3 c\u00f3 trong Nh\u00e3n, Sticker, Decal<\/p>\n<p dir=\"ltr\">V\u1edbi s\u1ef1 ti\u1ec7n d\u1ee5ng b\u1edfi l\u1edbp keo d\u00e1n c\u00f3 th\u1ec3 b\u00e1m v\u00e0o h\u1ea7u h\u1ebft c\u00e1c ch\u1ea5t li\u1ec7u kh\u00e1c nhau, \u0111\u1eb7c bi\u1ec7t v\u1edbi chi ph\u00ed r\u1ebb v\u00e0 ti\u1ec7n l\u1ee3i.<\/p>\n<p dir=\"ltr\">B\u1ea1n c\u00f3 th\u1ec3 \u0111\u1eb7t in hay thi\u1ebft k\u1ebf Nh\u00e3n, Sticker, Decal theo phong c\u00e1ch c\u1ee7a ri\u00eang m\u00ecnh v\u1edbi \u1ee9ng d\u1ee5ng Thi\u1ebft k\u1ebf online. H\u00e3y \u0111\u1ec3 Nh\u00e3n, Sticker, Decal l\u00e0 ph\u01b0\u01a1ng ti\u1ec7n qu\u1ea3ng b\u00e1 th\u01b0\u01a1ng hi\u1ec7u c\u1ee7a b\u1ea1n \u0111\u1ebfn v\u1edbi kh\u00e1ch h\u00e0ng.<\/p>\n","protected":false},"excerpt":{"rendered":"<ul>\n<li>Mi\u1ec5n ph\u00ed m\u1eabu<\/li>\n<li>S\u1ed1 l\u1ea7n ch\u1ec9nh s\u1eeda: 1 l\u1ea7n<\/li>\n<li>Th\u1eddi gian ch\u1ec9nh s\u1eeda: 30 ph\u00fat<\/li>\n<li>Ch\u1ec9 ch\u1ec9nh s\u1eeda n\u1ed9i dung, kh\u00f4ng thay \u0111\u1ed5i b\u1ed1 c\u1ee5c, m\u00e0u s\u1eafc ho\u1ea1 ti\u1ebft<\/li>\n<li>Gi\u00e1 m\u1eabu: Mi\u1ec5n ph\u00ed<\/li>\n<\/ul>\n","protected":false},"featured_media":443,"comment_status":"open","ping_status":"closed","template":"","meta":[],"product_cat":[18,31,37],"product_tag":[],"class_list":["post-442","product","type-product","status-publish","has-post-thumbnail","hentry","product_cat-an-pham-bao-bi","product_cat-nhan-dan","product_cat-thu-vien-mau"],"yoast_head":"<!-- This site is optimized with the Yoast SEO plugin v21.5 - https:\/\/yoast.com\/wordpress\/plugins\/seo\/ -->\n<title>In tem nh\u00e3n m\u1eabu M333 - inbaobithuduc.com<\/title>\n<meta name=\"robots\" content=\"noindex, follow, max-snippet:-1, max-image-preview:large, max-video-preview:-1\" \/>\n<meta property=\"og:locale\" content=\"vi_VN\" \/>\n<meta property=\"og:type\" content=\"article\" \/>\n<meta property=\"og:title\" content=\"In tem nh\u00e3n m\u1eabu M333 - inbaobithuduc.com\" \/>\n<meta property=\"og:description\" content=\"Mi\u1ec5n ph\u00ed m\u1eabu  S\u1ed1 l\u1ea7n ch\u1ec9nh s\u1eeda: 1 l\u1ea7n  Th\u1eddi gian ch\u1ec9nh s\u1eeda: 30 ph\u00fat  Ch\u1ec9 ch\u1ec9nh s\u1eeda n\u1ed9i dung, kh\u00f4ng thay \u0111\u1ed5i b\u1ed1 c\u1ee5c, m\u00e0u s\u1eafc ho\u1ea1 ti\u1ebft  Gi\u00e1 m\u1eabu: Mi\u1ec5n ph\u00ed\" \/>\n<meta property=\"og:url\" content=\"https:\/\/pluginviet.com\/mau49\/san-pham\/in-tem-nhan-mau-m333\/\" \/>\n<meta property=\"og:site_name\" content=\"inbaobithuduc.com\" \/>\n<meta property=\"og:image\" content=\"https:\/\/pluginviet.com\/mau49\/wp-content\/uploads\/2022\/03\/The_gioi_in_an_20200706105812207_M1365.jpg\" \/>\n\t<meta property=\"og:image:width\" content=\"450\" \/>\n\t<meta property=\"og:image:height\" content=\"450\" \/>\n\t<meta property=\"og:image:type\" content=\"image\/jpeg\" \/>\n<meta name=\"twitter:card\" content=\"summary_large_image\" \/>\n<meta name=\"twitter:label1\" content=\"\u01af\u1edbc t\u00ednh th\u1eddi gian \u0111\u1ecdc\" \/>\n\t<meta name=\"twitter:data1\" content=\"1 ph\u00fat\" \/>\n<script type=\"application\/ld+json\" class=\"yoast-schema-graph\">{\"@context\":\"https:\/\/schema.org\",\"@graph\":[{\"@type\":\"WebPage\",\"@id\":\"https:\/\/pluginviet.com\/mau49\/san-pham\/in-tem-nhan-mau-m333\/\",\"url\":\"https:\/\/pluginviet.com\/mau49\/san-pham\/in-tem-nhan-mau-m333\/\",\"name\":\"In tem nh\u00e3n m\u1eabu M333 - inbaobithuduc.com\",\"isPartOf\":{\"@id\":\"https:\/\/pluginviet.com\/mau49\/#website\"},\"datePublished\":\"2022-03-21T05:06:58+00:00\",\"dateModified\":\"2022-03-21T05:06:58+00:00\",\"breadcrumb\":{\"@id\":\"https:\/\/pluginviet.com\/mau49\/san-pham\/in-tem-nhan-mau-m333\/#breadcrumb\"},\"inLanguage\":\"vi\",\"potentialAction\":[{\"@type\":\"ReadAction\",\"target\":[\"https:\/\/pluginviet.com\/mau49\/san-pham\/in-tem-nhan-mau-m333\/\"]}]},{\"@type\":\"BreadcrumbList\",\"@id\":\"https:\/\/pluginviet.com\/mau49\/san-pham\/in-tem-nhan-mau-m333\/#breadcrumb\",\"itemListElement\":[{\"@type\":\"ListItem\",\"position\":1,\"name\":\"Trang ch\u1ee7\",\"item\":\"https:\/\/pluginviet.com\/mau49\/\"},{\"@type\":\"ListItem\",\"position\":2,\"name\":\"C\u1eeda h\u00e0ng\",\"item\":\"https:\/\/pluginviet.com\/mau49\/cua-hang\/\"},{\"@type\":\"ListItem\",\"position\":3,\"name\":\"In tem nh\u00e3n m\u1eabu M333\"}]},{\"@type\":\"WebSite\",\"@id\":\"https:\/\/pluginviet.com\/mau49\/#website\",\"url\":\"https:\/\/pluginviet.com\/mau49\/\",\"name\":\"inbaobithuduc.com\",\"description\":\"\",\"potentialAction\":[{\"@type\":\"SearchAction\",\"target\":{\"@type\":\"EntryPoint\",\"urlTemplate\":\"https:\/\/pluginviet.com\/mau49\/?s={search_term_string}\"},\"query-input\":\"required name=search_term_string\"}],\"inLanguage\":\"vi\"}]}<\/script>\n<!-- \/ Yoast SEO plugin. -->","yoast_head_json":{"title":"In tem nh\u00e3n m\u1eabu M333 - inbaobithuduc.com","robots":{"index":"noindex","follow":"follow","max-snippet":"max-snippet:-1","max-image-preview":"max-image-preview:large","max-video-preview":"max-video-preview:-1"},"og_locale":"vi_VN","og_type":"article","og_title":"In tem nh\u00e3n m\u1eabu M333 - inbaobithuduc.com","og_description":"Mi\u1ec5n ph\u00ed m\u1eabu  S\u1ed1 l\u1ea7n ch\u1ec9nh s\u1eeda: 1 l\u1ea7n  Th\u1eddi gian ch\u1ec9nh s\u1eeda: 30 ph\u00fat  Ch\u1ec9 ch\u1ec9nh s\u1eeda n\u1ed9i dung, kh\u00f4ng thay \u0111\u1ed5i b\u1ed1 c\u1ee5c, m\u00e0u s\u1eafc ho\u1ea1 ti\u1ebft  Gi\u00e1 m\u1eabu: Mi\u1ec5n ph\u00ed","og_url":"https:\/\/pluginviet.com\/mau49\/san-pham\/in-tem-nhan-mau-m333\/","og_site_name":"inbaobithuduc.com","og_image":[{"width":450,"height":450,"url":"https:\/\/pluginviet.com\/mau49\/wp-content\/uploads\/2022\/03\/The_gioi_in_an_20200706105812207_M1365.jpg","type":"image\/jpeg"}],"twitter_card":"summary_large_image","twitter_misc":{"\u01af\u1edbc t\u00ednh th\u1eddi gian \u0111\u1ecdc":"1 ph\u00fat"},"schema":{"@context":"https:\/\/schema.org","@graph":[{"@type":"WebPage","@id":"https:\/\/pluginviet.com\/mau49\/san-pham\/in-tem-nhan-mau-m333\/","url":"https:\/\/pluginviet.com\/mau49\/san-pham\/in-tem-nhan-mau-m333\/","name":"In tem nh\u00e3n m\u1eabu M333 - inbaobithuduc.com","isPartOf":{"@id":"https:\/\/pluginviet.com\/mau49\/#website"},"datePublished":"2022-03-21T05:06:58+00:00","dateModified":"2022-03-21T05:06:58+00:00","breadcrumb":{"@id":"https:\/\/pluginviet.com\/mau49\/san-pham\/in-tem-nhan-mau-m333\/#breadcrumb"},"inLanguage":"vi","potentialAction":[{"@type":"ReadAction","target":["https:\/\/pluginviet.com\/mau49\/san-pham\/in-tem-nhan-mau-m333\/"]}]},{"@type":"BreadcrumbList","@id":"https:\/\/pluginviet.com\/mau49\/san-pham\/in-tem-nhan-mau-m333\/#breadcrumb","itemListElement":[{"@type":"ListItem","position":1,"name":"Trang ch\u1ee7","item":"https:\/\/pluginviet.com\/mau49\/"},{"@type":"ListItem","position":2,"name":"C\u1eeda h\u00e0ng","item":"https:\/\/pluginviet.com\/mau49\/cua-hang\/"},{"@type":"ListItem","position":3,"name":"In tem nh\u00e3n m\u1eabu M333"}]},{"@type":"WebSite","@id":"https:\/\/pluginviet.com\/mau49\/#website","url":"https:\/\/pluginviet.com\/mau49\/","name":"inbaobithuduc.com","description":"","potentialAction":[{"@type":"SearchAction","target":{"@type":"EntryPoint","urlTemplate":"https:\/\/pluginviet.com\/mau49\/?s={search_term_string}"},"query-input":"required name=search_term_string"}],"inLanguage":"vi"}]}},"_links":{"self":[{"href":"https:\/\/pluginviet.com\/mau49\/wp-json\/wp\/v2\/product\/442","targetHints":{"allow":["GET"]}}],"collection":[{"href":"https:\/\/pluginviet.com\/mau49\/wp-json\/wp\/v2\/product"}],"about":[{"href":"https:\/\/pluginviet.com\/mau49\/wp-json\/wp\/v2\/types\/product"}],"replies":[{"embeddable":true,"href":"https:\/\/pluginviet.com\/mau49\/wp-json\/wp\/v2\/comments?post=442"}],"wp:featuredmedia":[{"embeddable":true,"href":"https:\/\/pluginviet.com\/mau49\/wp-json\/wp\/v2\/media\/443"}],"wp:attachment":[{"href":"https:\/\/pluginviet.com\/mau49\/wp-json\/wp\/v2\/media?parent=442"}],"wp:term":[{"taxonomy":"product_cat","embeddable":true,"href":"https:\/\/pluginviet.com\/mau49\/wp-json\/wp\/v2\/product_cat?post=442"},{"taxonomy":"product_tag","embeddable":true,"href":"https:\/\/pluginviet.com\/mau49\/wp-json\/wp\/v2\/product_tag?post=442"}],"curies":[{"name":"wp","href":"https:\/\/api.w.org\/{rel}","templated":true}]}}