{"id":370,"date":"2022-03-21T10:38:35","date_gmt":"2022-03-21T03:38:35","guid":{"rendered":"http:\/\/inan.themevivu.com\/?post_type=product&#038;p=370"},"modified":"2022-03-21T10:38:35","modified_gmt":"2022-03-21T03:38:35","slug":"in-hoa-don-1-lien","status":"publish","type":"product","link":"https:\/\/pluginviet.com\/mau49\/san-pham\/in-hoa-don-1-lien\/","title":{"rendered":"In h\u00f3a \u0111\u01a1n 1 li\u00ean"},"content":{"rendered":"<p>Th\u1ecb tr\u01b0\u1eddng bu\u00f4n b\u00e1n, trao \u0111\u1ed5i h\u00e0ng h\u00f3a ng\u00e0y c\u00e0ng \u0111a d\u1ea1ng v\u00e0 chuy\u00ean nghi\u1ec7p h\u01a1n. Trong \u0111\u00f3,\u00a0<a href=\"https:\/\/thegioiinan.com\/inan\/123\/in-bieu-mau-bill-order-bien-nhan-bien-lai-hoa-don-phieu-thu-chi-phieu-xuat-kho-in-gia-re-hcm.html\"><span style=\"color: #1f7f5c;\">in bi\u1ec3u m\u1eabu<\/span><\/a>\u00a0\u0111\u00f3ng vai tr\u00f2 quan tr\u1ecdng. B\u00ean c\u1ea1nh uy t\u00edn kinh doanh, c\u00e1c c\u00f4ng ty, doanh nghi\u1ec7p, c\u01a1 s\u1edf kinh doanh r\u1ea5t c\u1ea7n\u00a0<a href=\"https:\/\/thegioiinan.com\/inan\/123\/in-bieu-mau-bill-order-bien-nhan-bien-lai-hoa-don-phieu-thu-chi-phieu-xuat-kho-in-gia-re-hcm.html\"><span style=\"color: #1f7f5c;\">in bi\u1ec3u m\u1eabu<\/span><\/a><a href=\"https:\/\/thegioiinan.com\/sanphaminan\/123-101\/in-bieu-mau-in-bill-phieu-order-bien-nhan-bien-lai-in-hoa-don.html\">\u00a0<\/a>\u0111\u1ec3 x\u00e1c th\u1ef1c th\u00f4ng tin mua b\u00e1n v\u00e0 h\u1ee3p ph\u00e1p h\u00f3a ho\u1ea1t \u0111\u1ed9ng kinh doanh<\/p>\n<p><span style=\"color: #1f7f5c;\">in bi\u1ec3u m\u1eabu<\/span><strong>\u00a0<\/strong>l\u00e0 \u1ea5n ph\u1ea9m \u0111\u01b0\u1ee3c s\u1eed d\u1ee5ng trong h\u1ea7u h\u1ebft c\u00e1c ho\u1ea1t \u0111\u1ed9ng kinh doanh s\u1ea3n xu\u1ea5t. Thay v\u00ec mua h\u00f3a \u0111\u01a1n b\u00e1n s\u1eb5n, hi\u1ec7n nay h\u1ea7u h\u1ebft c\u00e1c doanh nghi\u1ec7p th\u01b0\u1eddng in h\u00f3a \u0111\u01a1n ri\u00eang v\u1eeba t\u0103ng s\u1ef1 chuy\u00ean nghi\u1ec7p, v\u1eeba gi\u00e1n ti\u1ebfp qu\u1ea3ng c\u00e1o th\u00f4ng tin doanh nghi\u1ec7p \u0111\u1ebfn kh\u00e1ch h\u00e0ng<\/p>\n<p><span style=\"color: #1f7f5c;\">in bi\u1ec3u m\u1eabu<\/span>\u00a0gi\u00fap t\u1ea1o s\u1ef1 tin t\u01b0\u1edfng cho kh\u00e1ch h\u00e0ng h\u01a1n vi\u1ec7c s\u1eed d\u1ee5ng c\u00e1c lo\u1ea1i bi\u1ec3u m\u1eabu, h\u00f3a \u0111\u01a1n b\u00e1n s\u1eb5n. Vi\u1ec7c in h\u00f3a \u0111\u01a1n theo thi\u1ebft k\u1ebf v\u00e0 m\u1eabu m\u00e3 ri\u00eang c\u00f2n c\u00f3 t\u00e1c d\u1ee5ng tr\u00e1nh s\u1ef1 m\u1ea1o danh c\u1ee7a \u0111\u1ed1i th\u1ee7 v\u00e0 tr\u00e1nh s\u1ef1 nh\u1ea7m l\u1eabn cho kh\u00e1ch h\u00e0ng gi\u1eefa c\u00e1c \u0111\u01a1n v\u1ecb c\u00f9ng kinh doanh s\u1ea3n ph\u1ea9m d\u1ecbch v\u1ee5 gi\u1ed1ng nhau.<\/p>\n<p><a href=\"https:\/\/thegioiinan.com\/inan\/123\/in-bieu-mau-bill-order-bien-nhan-bien-lai-hoa-don-phieu-thu-chi-phieu-xuat-kho-in-gia-re-hcm.html\"><img decoding=\"async\" src=\"https:\/\/thegioiinan.com\/images\/danhmuc\/The_gioi_in_an_20200427092053139olo92e1-34c4bcbd-d7e9-4a1f-8b02-8350a549bc1c.jpg\" alt=\"in hoa don ban le\" \/><\/a><\/p>\n<p>In ho\u00e1 \u0111\u01a1n,\u00a0in bi\u1ec3u m\u1eabu\u00a0t\u1ea1i Th\u1ebf Gi\u1edbi In \u1ea4n c\u00f3 c\u00e1c th\u00f4ng s\u1ed1 k\u1ef9 thu\u1eadt c\u01a1 b\u1ea3n g\u1ed3m:<br \/>\n&#8211;\u00a0S\u1eed d\u1ee5ng nh\u1ea5t l\u00e0 gi\u1ea5y carbonless (kh\u00f4ng c\u1ea7n k\u00ea gi\u1ea5y than khi vi\u1ebft) ti\u1ec7n l\u1ee3i,\u00a0hi\u1ec3n th\u1ecb nhanh v\u00e0 r\u00f5 n\u00e9t, kh\u1ea3 n\u0103ng ch\u1ecbu nhi\u1ec7t cao v\u00e0 \u0111\u1ea1t \u0111\u1ed9 b\u1ec1n cao khi in.<br \/>\n&#8211; K\u00edch th\u01b0\u1edbc ph\u1ed5 bi\u1ebfn : A4 (20&#215;30 cm), A5 (14&#215;20 cm)<br \/>\n&#8211; 1 cu\u1ed1n bao g\u1ed3m:<br \/>\n+ M\u1eb7t b\u00eca: gi\u1ea5y fort xanh l\u00e0m b\u00eca. Kh\u00f4ng in gi\u00fap ti\u1ebft ki\u1ec7m chi ph\u00ed<br \/>\n+ Ru\u1ed9t g\u1ed3m 1 li\u00ean : gi\u1ea5y fort 70gsm in 1 m\u1eb7t<br \/>\n&#8211; \u0110\u00f3ng kim \u0111\u1ea7u v\u00e0 b\u1ebf c\u1ea5n r\u0103ng c\u01b0a gi\u00fap kh\u00e1ch h\u00e0ng khi s\u1eed d\u1ee5ng\u00a0d\u1ec5 x\u00e9 v\u00e0 gi\u1eef l\u1ea1i c\u00f9i h\u00f3a \u0111\u01a1n \u0111\u1ec3 sau n\u00e0y b\u1ea1n c\u00f3 th\u1ec3 t\u1ed5ng h\u1ee3p l\u1ea1i.<br \/>\n&#8211; \u0110\u00f3ng s\u1ed1 nh\u1ea3y t\u1ef1 \u0111\u1ed9ng li\u00ean t\u1ee5c gi\u1eefa c\u00e1c b\u1ed9 li\u00ean<\/p>\n<p><a href=\"https:\/\/thegioiinan.com\/inan\/123\/in-bieu-mau-bill-order-bien-nhan-bien-lai-hoa-don-phieu-thu-chi-phieu-xuat-kho-in-gia-re-hcm.html\"><img decoding=\"async\" src=\"https:\/\/thegioiinan.com\/images\/danhmuc\/The_gioi_in_an_20200427092053139Di%cc%a3ch-vu%cc%a3-Thie%cc%82%cc%81t-ke%cc%82%cc%81-va%cc%80-In-Ho%cc%81a-%c4%91o%cc%9bn-chuye%cc%82n-nghie%cc%a3%cc%82p-1079x800.jpg\" alt=\"in hoa don\" \/><\/a><\/p>\n<p><span style=\"color: #1f7f5c;\">in bi\u1ec3u m\u1eabu<\/span>\u00a0c\u00f3 th\u1ec3 hi\u1ec3u m\u1ed9t c\u00e1ch \u0111\u01a1n gi\u1ea3n l\u00e0 m\u1ed9t s\u1ea3n ph\u1ea9m d\u00f9ng \u0111\u1ec3 qu\u1ea3n l\u00fd n\u1ed9i b\u1ed9 v\u1ec1 nh\u1eefng th\u00f4ng tin cho \u0111\u01a1n v\u1ecb s\u1ea3n xu\u1ea5t kinh doanh nh\u01b0\u00a0in phi\u1ebfu thu \u2013 chi,\u00a0in phi\u1ebfu xu\u1ea5t \u2013 nh\u1eadp kho,\u00a0in bi\u00ean lai,\u00a0in bi\u00ean nh\u1eadn,\u2026. N\u00f3 gi\u00fap b\u1ea1n d\u1ec5 d\u00e0ng trong vi\u1ec7c theo d\u00f5i s\u1ed5 s\u00e1ch, c\u0169ng nh\u01b0 qu\u1ea3n l\u00fd v\u00e0 l\u01b0u tr\u1eef s\u1ed5 s\u00e1ch m\u1ed9t c\u00e1ch hi\u1ec7u qu\u1ea3 v\u00e0 thu\u1eadn ti\u1ec7n.<\/p>\n","protected":false},"excerpt":{"rendered":"<p><strong>&#8211; B\u00ccA<\/strong><br \/>\n+ M\u00e0u s\u1eafc: nhi\u1ec1u m\u00e0u\u00a0<i class=\"far fa-question-circle\" title=\"\" data-placement=\"right\" data-toggle=\"tooltip\" data-original-title=\"Nhi\u1ec1u m\u00e0u hay in 4 m\u00e0u l\u00e0 in tr\u00ean h\u1ec7 m\u00e0u CMYK, g\u1ed3m 4 m\u00e0u l\u1ee5c lam, h\u1ed3ng \u0111\u1ecf, v\u00e0ng, \u0111en. 4 m\u00e0u n\u00e0y s\u1ebd \u0111\u01b0\u1ee3c tr\u1ed9n l\u1ea1i v\u1edbi nhau theo t\u1ec9 l\u1ec7 nh\u1ea5t \u0111\u1ecbnh, t\u1ea1o ra \u0111\u01b0\u1ee3c b\u1ea5t k\u1ef3 m\u00e0u s\u1eafc, h\u00ecnh d\u1ea1ng thi\u1ebft k\u1ebf n\u00e0o.\"><\/i><br \/>\n+ S\u1ed1 m\u1eb7t in: Kh\u00f4ng In<br \/>\n<span class=\"\">\u00a0\u00a0\u00a0\u00a0+ Lo\u1ea1i Gi\u1ea5y fort xanh l\u00e0m b\u00eca\u00a0<i class=\"far fa-question-circle\"><\/i><\/span><br \/>\n<strong>&#8211; RU\u1ed8T<\/strong><br \/>\n+ M\u00e0u s\u1eafc: 1 m\u00e0u pha\u00a0<i class=\"far fa-question-circle\" title=\"\" data-placement=\"right\" data-toggle=\"tooltip\" data-original-title=\"Nhi\u1ec1u m\u00e0u hay in 4 m\u00e0u l\u00e0 in tr\u00ean h\u1ec7 m\u00e0u CMYK, g\u1ed3m 4 m\u00e0u l\u1ee5c lam, h\u1ed3ng \u0111\u1ecf, v\u00e0ng, \u0111en. 4 m\u00e0u n\u00e0y s\u1ebd \u0111\u01b0\u1ee3c tr\u1ed9n l\u1ea1i v\u1edbi nhau theo t\u1ec9 l\u1ec7 nh\u1ea5t \u0111\u1ecbnh, t\u1ea1o ra \u0111\u01b0\u1ee3c b\u1ea5t k\u1ef3 m\u00e0u s\u1eafc, h\u00ecnh d\u1ea1ng thi\u1ebft k\u1ebf n\u00e0o.\"><\/i><br \/>\n+ S\u1ed1 m\u1eb7t in: 1 m\u1eb7t<br \/>\n<span class=\"\">\u00a0\u00a0\u00a0\u00a0+ Lo\u1ea1i Gi\u1ea5y Fort 70gsm\u00a0<i class=\"far fa-question-circle\"><\/i><\/span><br \/>\n&#8211; K\u1ef9 thu\u1eadt in:\u00a0<span class=\"\">In Gh\u00e9p<\/span>\u00a0<i class=\"far fa-question-circle\" data-placement=\"bottom\" data-toggle=\"tooltip\" data-original-title=\"B\u00e0i in \u0111\u01b0\u1ee3c\u00a0gh\u00e9p\u00a0chung v\u1edbi c\u00e1c\u00a0b\u00e0i\u00a0in kh\u00e1c tr\u00ean c\u00f9ng 1 kh\u1ed5 gi\u1ea5y v\u00e0 \u0111em in c\u00f9ng 1 l\u01b0\u1ee3t. V\u1edbi ph\u01b0\u01a1ng ph\u00e1p n\u00e0y, ch\u1ea5t l\u01b0\u1ee3ng th\u00e0nh ph\u1ea9m cho m\u00e0u s\u1eafc t\u01b0\u01a1ng \u0111\u1ed1i v\u00e0 chi ph\u00ed in ti\u1ebft ki\u1ec7m\"><\/i><br \/>\n&#8211; S\u1ed1 b\u1ed9 \/ cu\u1ed1n: 100<br \/>\n<span class=\"\">&#8211; c\u1ea5n r\u0103ng c\u01b0a bi\u1ec3u m\u1eabu\u00a0: 1 v\u1ecb tr\u00ed<br \/>\n<\/span><span class=\"\">&#8211; \u0110\u00f3ng cu\u1ed1n bi\u1ec3u m\u1eabu\u00a0: \u0111\u00f3ng kim \u0111\u1ea7u, d\u00e1n b\u0103ng keo b\u00eca<\/span><\/p>\n","protected":false},"featured_media":371,"comment_status":"open","ping_status":"closed","template":"","meta":[],"product_cat":[19,24],"product_tag":[],"class_list":["post-370","product","type-product","status-publish","has-post-thumbnail","hentry","product_cat-an-pham-khac","product_cat-bieu-mau"],"yoast_head":"<!-- This site is optimized with the Yoast SEO plugin v21.5 - https:\/\/yoast.com\/wordpress\/plugins\/seo\/ -->\n<title>In h\u00f3a \u0111\u01a1n 1 li\u00ean - inbaobithuduc.com<\/title>\n<meta name=\"robots\" content=\"noindex, follow, max-snippet:-1, max-image-preview:large, max-video-preview:-1\" \/>\n<meta property=\"og:locale\" content=\"vi_VN\" \/>\n<meta property=\"og:type\" content=\"article\" \/>\n<meta property=\"og:title\" content=\"In h\u00f3a \u0111\u01a1n 1 li\u00ean - inbaobithuduc.com\" \/>\n<meta property=\"og:description\" content=\"- B\u00ccA + M\u00e0u s\u1eafc: nhi\u1ec1u m\u00e0u\u00a0 + S\u1ed1 m\u1eb7t in: Kh\u00f4ng In \u00a0\u00a0\u00a0\u00a0+ Lo\u1ea1i Gi\u1ea5y fort xanh l\u00e0m b\u00eca\u00a0 - RU\u1ed8T + M\u00e0u s\u1eafc: 1 m\u00e0u pha\u00a0 + S\u1ed1 m\u1eb7t in: 1 m\u1eb7t \u00a0\u00a0\u00a0\u00a0+ Lo\u1ea1i Gi\u1ea5y Fort 70gsm\u00a0 - K\u1ef9 thu\u1eadt in:\u00a0In Gh\u00e9p\u00a0 - S\u1ed1 b\u1ed9 \/ cu\u1ed1n: 100 - c\u1ea5n r\u0103ng c\u01b0a bi\u1ec3u m\u1eabu\u00a0: 1 v\u1ecb tr\u00ed - \u0110\u00f3ng cu\u1ed1n bi\u1ec3u m\u1eabu\u00a0: \u0111\u00f3ng kim \u0111\u1ea7u, d\u00e1n b\u0103ng keo b\u00eca\" \/>\n<meta property=\"og:url\" content=\"https:\/\/pluginviet.com\/mau49\/san-pham\/in-hoa-don-1-lien\/\" \/>\n<meta property=\"og:site_name\" content=\"inbaobithuduc.com\" \/>\n<meta property=\"og:image\" content=\"https:\/\/pluginviet.com\/mau49\/wp-content\/uploads\/2022\/03\/The_gioi_in_an_tin_imagebanner_20200509090006125.jpg\" \/>\n\t<meta property=\"og:image:width\" content=\"1638\" \/>\n\t<meta property=\"og:image:height\" content=\"1638\" \/>\n\t<meta property=\"og:image:type\" content=\"image\/jpeg\" \/>\n<meta name=\"twitter:card\" content=\"summary_large_image\" \/>\n<meta name=\"twitter:label1\" content=\"\u01af\u1edbc t\u00ednh th\u1eddi gian \u0111\u1ecdc\" \/>\n\t<meta name=\"twitter:data1\" content=\"3 ph\u00fat\" \/>\n<script type=\"application\/ld+json\" class=\"yoast-schema-graph\">{\"@context\":\"https:\/\/schema.org\",\"@graph\":[{\"@type\":\"WebPage\",\"@id\":\"https:\/\/pluginviet.com\/mau49\/san-pham\/in-hoa-don-1-lien\/\",\"url\":\"https:\/\/pluginviet.com\/mau49\/san-pham\/in-hoa-don-1-lien\/\",\"name\":\"In h\u00f3a \u0111\u01a1n 1 li\u00ean - inbaobithuduc.com\",\"isPartOf\":{\"@id\":\"https:\/\/pluginviet.com\/mau49\/#website\"},\"datePublished\":\"2022-03-21T03:38:35+00:00\",\"dateModified\":\"2022-03-21T03:38:35+00:00\",\"breadcrumb\":{\"@id\":\"https:\/\/pluginviet.com\/mau49\/san-pham\/in-hoa-don-1-lien\/#breadcrumb\"},\"inLanguage\":\"vi\",\"potentialAction\":[{\"@type\":\"ReadAction\",\"target\":[\"https:\/\/pluginviet.com\/mau49\/san-pham\/in-hoa-don-1-lien\/\"]}]},{\"@type\":\"BreadcrumbList\",\"@id\":\"https:\/\/pluginviet.com\/mau49\/san-pham\/in-hoa-don-1-lien\/#breadcrumb\",\"itemListElement\":[{\"@type\":\"ListItem\",\"position\":1,\"name\":\"Trang ch\u1ee7\",\"item\":\"https:\/\/pluginviet.com\/mau49\/\"},{\"@type\":\"ListItem\",\"position\":2,\"name\":\"C\u1eeda h\u00e0ng\",\"item\":\"https:\/\/pluginviet.com\/mau49\/cua-hang\/\"},{\"@type\":\"ListItem\",\"position\":3,\"name\":\"In h\u00f3a \u0111\u01a1n 1 li\u00ean\"}]},{\"@type\":\"WebSite\",\"@id\":\"https:\/\/pluginviet.com\/mau49\/#website\",\"url\":\"https:\/\/pluginviet.com\/mau49\/\",\"name\":\"inbaobithuduc.com\",\"description\":\"\",\"potentialAction\":[{\"@type\":\"SearchAction\",\"target\":{\"@type\":\"EntryPoint\",\"urlTemplate\":\"https:\/\/pluginviet.com\/mau49\/?s={search_term_string}\"},\"query-input\":\"required name=search_term_string\"}],\"inLanguage\":\"vi\"}]}<\/script>\n<!-- \/ Yoast SEO plugin. -->","yoast_head_json":{"title":"In h\u00f3a \u0111\u01a1n 1 li\u00ean - inbaobithuduc.com","robots":{"index":"noindex","follow":"follow","max-snippet":"max-snippet:-1","max-image-preview":"max-image-preview:large","max-video-preview":"max-video-preview:-1"},"og_locale":"vi_VN","og_type":"article","og_title":"In h\u00f3a \u0111\u01a1n 1 li\u00ean - inbaobithuduc.com","og_description":"- B\u00ccA + M\u00e0u s\u1eafc: nhi\u1ec1u m\u00e0u\u00a0 + S\u1ed1 m\u1eb7t in: Kh\u00f4ng In \u00a0\u00a0\u00a0\u00a0+ Lo\u1ea1i Gi\u1ea5y fort xanh l\u00e0m b\u00eca\u00a0 - RU\u1ed8T + M\u00e0u s\u1eafc: 1 m\u00e0u pha\u00a0 + S\u1ed1 m\u1eb7t in: 1 m\u1eb7t \u00a0\u00a0\u00a0\u00a0+ Lo\u1ea1i Gi\u1ea5y Fort 70gsm\u00a0 - K\u1ef9 thu\u1eadt in:\u00a0In Gh\u00e9p\u00a0 - S\u1ed1 b\u1ed9 \/ cu\u1ed1n: 100 - c\u1ea5n r\u0103ng c\u01b0a bi\u1ec3u m\u1eabu\u00a0: 1 v\u1ecb tr\u00ed - \u0110\u00f3ng cu\u1ed1n bi\u1ec3u m\u1eabu\u00a0: \u0111\u00f3ng kim \u0111\u1ea7u, d\u00e1n b\u0103ng keo b\u00eca","og_url":"https:\/\/pluginviet.com\/mau49\/san-pham\/in-hoa-don-1-lien\/","og_site_name":"inbaobithuduc.com","og_image":[{"width":1638,"height":1638,"url":"https:\/\/pluginviet.com\/mau49\/wp-content\/uploads\/2022\/03\/The_gioi_in_an_tin_imagebanner_20200509090006125.jpg","type":"image\/jpeg"}],"twitter_card":"summary_large_image","twitter_misc":{"\u01af\u1edbc t\u00ednh th\u1eddi gian \u0111\u1ecdc":"3 ph\u00fat"},"schema":{"@context":"https:\/\/schema.org","@graph":[{"@type":"WebPage","@id":"https:\/\/pluginviet.com\/mau49\/san-pham\/in-hoa-don-1-lien\/","url":"https:\/\/pluginviet.com\/mau49\/san-pham\/in-hoa-don-1-lien\/","name":"In h\u00f3a \u0111\u01a1n 1 li\u00ean - inbaobithuduc.com","isPartOf":{"@id":"https:\/\/pluginviet.com\/mau49\/#website"},"datePublished":"2022-03-21T03:38:35+00:00","dateModified":"2022-03-21T03:38:35+00:00","breadcrumb":{"@id":"https:\/\/pluginviet.com\/mau49\/san-pham\/in-hoa-don-1-lien\/#breadcrumb"},"inLanguage":"vi","potentialAction":[{"@type":"ReadAction","target":["https:\/\/pluginviet.com\/mau49\/san-pham\/in-hoa-don-1-lien\/"]}]},{"@type":"BreadcrumbList","@id":"https:\/\/pluginviet.com\/mau49\/san-pham\/in-hoa-don-1-lien\/#breadcrumb","itemListElement":[{"@type":"ListItem","position":1,"name":"Trang ch\u1ee7","item":"https:\/\/pluginviet.com\/mau49\/"},{"@type":"ListItem","position":2,"name":"C\u1eeda h\u00e0ng","item":"https:\/\/pluginviet.com\/mau49\/cua-hang\/"},{"@type":"ListItem","position":3,"name":"In h\u00f3a \u0111\u01a1n 1 li\u00ean"}]},{"@type":"WebSite","@id":"https:\/\/pluginviet.com\/mau49\/#website","url":"https:\/\/pluginviet.com\/mau49\/","name":"inbaobithuduc.com","description":"","potentialAction":[{"@type":"SearchAction","target":{"@type":"EntryPoint","urlTemplate":"https:\/\/pluginviet.com\/mau49\/?s={search_term_string}"},"query-input":"required name=search_term_string"}],"inLanguage":"vi"}]}},"_links":{"self":[{"href":"https:\/\/pluginviet.com\/mau49\/wp-json\/wp\/v2\/product\/370","targetHints":{"allow":["GET"]}}],"collection":[{"href":"https:\/\/pluginviet.com\/mau49\/wp-json\/wp\/v2\/product"}],"about":[{"href":"https:\/\/pluginviet.com\/mau49\/wp-json\/wp\/v2\/types\/product"}],"replies":[{"embeddable":true,"href":"https:\/\/pluginviet.com\/mau49\/wp-json\/wp\/v2\/comments?post=370"}],"wp:featuredmedia":[{"embeddable":true,"href":"https:\/\/pluginviet.com\/mau49\/wp-json\/wp\/v2\/media\/371"}],"wp:attachment":[{"href":"https:\/\/pluginviet.com\/mau49\/wp-json\/wp\/v2\/media?parent=370"}],"wp:term":[{"taxonomy":"product_cat","embeddable":true,"href":"https:\/\/pluginviet.com\/mau49\/wp-json\/wp\/v2\/product_cat?post=370"},{"taxonomy":"product_tag","embeddable":true,"href":"https:\/\/pluginviet.com\/mau49\/wp-json\/wp\/v2\/product_tag?post=370"}],"curies":[{"name":"wp","href":"https:\/\/api.w.org\/{rel}","templated":true}]}}