{"id":364,"date":"2022-03-21T10:30:33","date_gmt":"2022-03-21T03:30:33","guid":{"rendered":"http:\/\/inan.themevivu.com\/?post_type=product&#038;p=364"},"modified":"2022-03-21T10:30:33","modified_gmt":"2022-03-21T03:30:33","slug":"hop-giay-carton-thong-dung","status":"publish","type":"product","link":"https:\/\/pluginviet.com\/mau49\/san-pham\/hop-giay-carton-thong-dung\/","title":{"rendered":"H\u1ed9p gi\u1ea5y Carton"},"content":{"rendered":"<p>Vi\u1ec7c s\u1eed d\u1ee5ng c\u00e1c m\u1eabu\u00a0in h\u1ed9p s\u1ea3n ph\u1ea9m\u00a0nh\u01b0 m\u1ed9t c\u00f4ng c\u1ee5 nh\u1eadn di\u1ec7n th\u01b0\u01a1ng hi\u1ec7u hay c\u00e1c m\u1eabu\u00a0in h\u1ed9p s\u1ea3n ph\u1ea9m \u0111\u1eb9p \u0111\u01b0\u1ee3c s\u1eed d\u1ee5ng nh\u01b0 m\u1ed9t chi\u1ebfn l\u01b0\u1ee3c marketing chi ph\u00ed r\u1ebb, hi\u1ec7u qu\u1ea3 cao,\u2026 l\u00e0 nh\u1eefng \u0111i\u1ec1u m\u00e0 ng\u01b0\u1eddi ta n\u00f3i v\u1ec1 c\u00e1c m\u1eabu in h\u1ed9p s\u1ea3n ph\u1ea9m.<\/p>\n<p><img decoding=\"async\" src=\"http:\/\/thegioiinan.com\/images\/sanpham\/The_gioi_in_an_20181015171626469www-06.jpg\" alt=\"\" \/><\/p>\n<p>In H\u1ed9p gi\u1ea5y chu\u1ea9n\u00a0\u0111\u01b0\u1ee3c s\u1eed d\u1ee5ng gi\u1ea5y Ivory, Gi\u1ea5y Ivory \u0111\u1ecbnh l\u01b0\u1ee3ng 300gsm l\u00e0 lo\u1ea1i gi\u1ea5y d\u00e0y kh\u00f4ng tr\u00e1ng ph\u1ee7 (uncoated) ch\u1ea5t l\u01b0\u1ee3ng r\u1ea5t cao, c\u1ee9ng v\u00e0 \u0111\u00e0n h\u1ed3i t\u1ed1t. M\u1eb7t gi\u1ea5y\u00a0m\u00e0u tr\u1eafng\u00a0 \u0111\u1ed9 m\u1ecbn v\u00e0 \u0111\u1ed9 b\u00f3ng r\u1ea5t cao.<\/p>\n<p>\u0110\u1ec3 c\u00f3 \u0111\u01b0\u1ee3c h\u1ed9p gi\u1ea5y v\u1eeba \u0111\u1eb9p, v\u1eeba \u0111\u00fang m\u1ee5c ti\u00eau mong mu\u1ed1n c\u1ee7a\u00a0s\u1ea3n ph\u1ea9m c\u1ea7n ch\u00fa \u00fd nh\u1eefng \u0111i\u1ec1u sau:<\/p>\n<p><strong>\u25baCh\u1ea5t li\u1ec7u\u00a0in h\u1ed9p s\u1ea3n ph\u1ea9m<\/strong><\/p>\n<p>N\u1ed9i dung, h\u00ecnh \u1ea3nh, m\u00e0u s\u1eafc in tr\u00ean h\u1ed9p s\u1ea3n ph\u1ea9m s\u1ebd tr\u1edf n\u00ean n\u1ed5i b\u1eadt \u1ea5n t\u01b0\u1ee3ng n\u1ebfu b\u1ea1n ch\u1ecdn \u0111\u01b0\u1ee3c ch\u1ea5t li\u1ec7u in ph\u00f9 h\u1ee3p. T\u00f9y thu\u1ed9c v\u00e0o s\u1ea3n ph\u1ea9m, m\u1ee5c \u0111\u00edch s\u1eed d\u1ee5ng m\u00e0 c\u00f3 nhi\u1ec1u ch\u1ea5t li\u1ec7u cho b\u1ea1n l\u1ef1a ch\u1ecdn. H\u1ed9p s\u1ea3n ph\u1ea9m \u0111\u01b0\u1ee3c in tr\u00ean nhi\u1ec1u ch\u1ea5t li\u1ec7u, h\u00ecnh d\u00e1ng ph\u1ee5 thu\u1ed9c v\u00e0o s\u1ea3n ph\u1ea9m v\u00e0 m\u1ee5c \u0111\u00edch s\u1eed d\u1ee5ng<\/p>\n<p><strong>\u25baM\u00e0u s\u1eafc\u00a0h\u1ed9p s\u1ea3n ph\u1ea9m<\/strong><\/p>\n<p>B\u1ea1n n\u00ean ch\u1ecdn cho thi\u1ebft k\u1ebf nh\u00e3n hi\u1ec7u c\u0169ng ph\u1ee5 thu\u1ed9c v\u00e0o m\u1ed9t s\u1ed1 y\u1ebfu t\u1ed1: m\u00e0u s\u1eafc nh\u1eadn di\u1ec7n th\u01b0\u01a1ng hi\u1ec7u; bao b\u00ec s\u1ea3n ph\u1ea9m; m\u00e0u s\u1eafc s\u1ea3n ph\u1ea9m. N\u1ebfu m\u00e0u s\u1eafc \u0111\u01b0\u1ee3c ph\u1ed1i h\u1ee3p t\u1ed1t s\u1ebd khi\u1ebfn s\u1ea3n ph\u1ea9m g\u00e2y \u0111\u01b0\u1ee3c \u1ea5n t\u01b0\u1ee3ng m\u1ea1nh trong l\u00f2ng kh\u00e1ch h\u00e0ng.<\/p>\n<p><strong>\u25baFont ch\u1eef\u00a0h\u1ed9p s\u1ea3n ph\u1ea9m<\/strong><\/p>\n<p>Th\u00f4ng th\u01b0\u1eddng khi \u0111i mua s\u1eafm, kh\u00e1ch h\u00e0ng ch\u1ec9 d\u00e0nh v\u00e0i ba gi\u00e2y \u0111\u1ec3 xem l\u01b0\u1edbt qua c\u00e1c s\u1ea3n ph\u1ea9m v\u00e0 ch\u1ec9 \u0111\u1ecdc m\u1ed9t s\u1ed1 t\u1eeb in tr\u00ean s\u1ea3n ph\u1ea9m. Do \u0111\u00f3, n\u1ed9i dung th\u1ec3 hi\u1ec7n tr\u00ean nh\u00e3n hi\u1ec7u s\u1ea3n ph\u1ea9m ph\u1ea3i th\u1eadt c\u00f4 \u0111\u1ecdng v\u00e0 \u0111\u01b0\u1ee3c thi\u1ebft k\u1ebf d\u1ec5 \u0111\u1ecdc. V\u1edbi\u00a0nh\u1eefng t\u1eeb quan tr\u1ecdng b\u1ea1n n\u00ean d\u00f9ng c\u1ee1 ch\u1eef h\u01a1i l\u1edbn \u0111\u1ec3 c\u00f3 th\u1ec3 \u0111\u1ecdc.<\/p>\n<p>B\u1ea1n n\u00ean ch\u1ecdn font ch\u1eef\u00a0d\u1ec5 \u0111\u1ecdc, d\u1ec5 nh\u00ecn nh\u01b0ng kh\u00f4ng n\u00ean qu\u00e1 c\u1ee9ng nh\u1eafc, v\u00e0 c\u0169ng kh\u00f4ng qu\u00e1 c\u1ea7u k\u00ec. M\u1ed9t font ch\u1eef r\u00f5 r\u00e0ng v\u00e0 t\u1ea1o thi\u1ec7n c\u1ea3m cho ng\u01b0\u1eddi ti\u00eau d\u00f9ng.<\/p>\n<p>\u25ba<strong>K\u00edch th\u01b0\u1edbc\u00a0h\u1ed9p s\u1ea3n ph\u1ea9m<\/strong><\/p>\n<p>K\u00edch th\u01b0\u1edbc h\u1ed9p s\u1ea3n ph\u1ea9m \u00a0n\u00ean ph\u00f9 h\u1ee3p v\u1edbi t\u00ednh ch\u1ea5t \u0111\u1eb7c \u0111i\u1ec3m c\u1ee7a s\u1ea3n ph\u1ea9m ho\u1eb7c bao b\u00ec \u0111\u00f3ng g\u00f3i. H\u00e3y t\u00ednh to\u00e1n th\u1eadt k\u1ef9 k\u00edch th\u01b0\u1edbc \u0111\u1ec3 c\u00f3 1 h\u1ed9p gi\u1ea5y ph\u00f9 h\u1ee3p v\u00e0 chi ph\u00ed t\u1ed1i \u01b0u nh\u1ea5t.<\/p>\n<p>V\u1edbi vai tr\u00f2 quan tr\u1ecdng c\u00f9ng c\u00e1c \u0111\u1eb7c \u0111i\u1ec3m kh\u00f4ng th\u1ec3 thi\u1ebfu th\u00ec c\u00e1c m\u1eabu h\u1ed9p \u0111\u01b0\u1ee3c \u0111\u00e1nh gi\u00e1 l\u00e0 c\u00f4ng c\u1ee5 chi\u1ebfn l\u01b0\u1ee3c c\u1ee7a c\u00e1c c\u00f4ng ty, doanh nghi\u1ec7p trong cu\u1ed9c chi\u1ebfn qu\u1ea3ng c\u00e1o, marketing.<\/p>\n<p>Ngo\u00e0i ra, Th\u1ebf Gi\u1edbi In \u1ea4n c\u00f2n c\u00f3 c\u00e1c lo\u1ea1i h\u1ed9p gi\u1ea5y v\u1edbi c\u00e1c ch\u1ea5t li\u1ec7u kh\u00e1c nhau \u0111\u1ec3 kh\u00e1ch h\u00e0ng d\u1ec5 d\u00e0ng l\u1ef1a ch\u1ecdn \u0111\u1ec3 ph\u00f9 h\u1ee3p m\u1ee5c \u0111\u00edch c\u1ee7a m\u00ecnh nh\u01b0:<\/p>\n","protected":false},"excerpt":{"rendered":"<ul>\n<li>&#8211; M\u00e0u s\u1eafc: nhi\u1ec1u m\u00e0u<\/li>\n<li>S\u1ed1 m\u1eb7t in: 1 m\u1eb7t<\/li>\n<li><span class=\"\">Lo\u1ea1i Gi\u1ea5y Ivory 300gsm <\/span><\/li>\n<li>K\u1ef9 thu\u1eadt in:\u00a0<span class=\"\">In Offset<\/span><\/li>\n<li><span id=\"completes-label-7-162\" class=\"\">B\u1ebf 1 : Theo khu\u00f4n chu\u1ea9n\u00a0<i class=\"far fa-question-circle\"><\/i><\/span><\/li>\n<\/ul>\n","protected":false},"featured_media":365,"comment_status":"open","ping_status":"closed","template":"","meta":[],"product_cat":[18,29],"product_tag":[],"class_list":["post-364","product","type-product","status-publish","has-post-thumbnail","hentry","product_cat-an-pham-bao-bi","product_cat-hop-giay"],"yoast_head":"<!-- This site is optimized with the Yoast SEO plugin v21.5 - https:\/\/yoast.com\/wordpress\/plugins\/seo\/ -->\n<title>H\u1ed9p gi\u1ea5y Carton - inbaobithuduc.com<\/title>\n<meta name=\"robots\" content=\"noindex, follow, max-snippet:-1, max-image-preview:large, max-video-preview:-1\" \/>\n<meta property=\"og:locale\" content=\"vi_VN\" \/>\n<meta property=\"og:type\" content=\"article\" \/>\n<meta property=\"og:title\" content=\"H\u1ed9p gi\u1ea5y Carton - inbaobithuduc.com\" \/>\n<meta property=\"og:description\" content=\"- M\u00e0u s\u1eafc: nhi\u1ec1u m\u00e0u  S\u1ed1 m\u1eb7t in: 1 m\u1eb7t  Lo\u1ea1i Gi\u1ea5y Ivory 300gsm  K\u1ef9 thu\u1eadt in:\u00a0In Offset  B\u1ebf 1 : Theo khu\u00f4n chu\u1ea9n\u00a0\" \/>\n<meta property=\"og:url\" content=\"https:\/\/pluginviet.com\/mau49\/san-pham\/hop-giay-carton-thong-dung\/\" \/>\n<meta property=\"og:site_name\" content=\"inbaobithuduc.com\" \/>\n<meta property=\"og:image\" content=\"https:\/\/pluginviet.com\/mau49\/wp-content\/uploads\/2022\/03\/The_gioi_in_an_tin_imagebanner_20180905155751415.jpg\" \/>\n\t<meta property=\"og:image:width\" content=\"809\" \/>\n\t<meta property=\"og:image:height\" content=\"809\" \/>\n\t<meta property=\"og:image:type\" content=\"image\/jpeg\" \/>\n<meta name=\"twitter:card\" content=\"summary_large_image\" \/>\n<meta name=\"twitter:label1\" content=\"\u01af\u1edbc t\u00ednh th\u1eddi gian \u0111\u1ecdc\" \/>\n\t<meta name=\"twitter:data1\" content=\"4 ph\u00fat\" \/>\n<script type=\"application\/ld+json\" class=\"yoast-schema-graph\">{\"@context\":\"https:\/\/schema.org\",\"@graph\":[{\"@type\":\"WebPage\",\"@id\":\"https:\/\/pluginviet.com\/mau49\/san-pham\/hop-giay-carton-thong-dung\/\",\"url\":\"https:\/\/pluginviet.com\/mau49\/san-pham\/hop-giay-carton-thong-dung\/\",\"name\":\"H\u1ed9p gi\u1ea5y Carton - inbaobithuduc.com\",\"isPartOf\":{\"@id\":\"https:\/\/pluginviet.com\/mau49\/#website\"},\"datePublished\":\"2022-03-21T03:30:33+00:00\",\"dateModified\":\"2022-03-21T03:30:33+00:00\",\"breadcrumb\":{\"@id\":\"https:\/\/pluginviet.com\/mau49\/san-pham\/hop-giay-carton-thong-dung\/#breadcrumb\"},\"inLanguage\":\"vi\",\"potentialAction\":[{\"@type\":\"ReadAction\",\"target\":[\"https:\/\/pluginviet.com\/mau49\/san-pham\/hop-giay-carton-thong-dung\/\"]}]},{\"@type\":\"BreadcrumbList\",\"@id\":\"https:\/\/pluginviet.com\/mau49\/san-pham\/hop-giay-carton-thong-dung\/#breadcrumb\",\"itemListElement\":[{\"@type\":\"ListItem\",\"position\":1,\"name\":\"Trang ch\u1ee7\",\"item\":\"https:\/\/pluginviet.com\/mau49\/\"},{\"@type\":\"ListItem\",\"position\":2,\"name\":\"C\u1eeda h\u00e0ng\",\"item\":\"https:\/\/pluginviet.com\/mau49\/cua-hang\/\"},{\"@type\":\"ListItem\",\"position\":3,\"name\":\"H\u1ed9p gi\u1ea5y Carton\"}]},{\"@type\":\"WebSite\",\"@id\":\"https:\/\/pluginviet.com\/mau49\/#website\",\"url\":\"https:\/\/pluginviet.com\/mau49\/\",\"name\":\"inbaobithuduc.com\",\"description\":\"\",\"potentialAction\":[{\"@type\":\"SearchAction\",\"target\":{\"@type\":\"EntryPoint\",\"urlTemplate\":\"https:\/\/pluginviet.com\/mau49\/?s={search_term_string}\"},\"query-input\":\"required name=search_term_string\"}],\"inLanguage\":\"vi\"}]}<\/script>\n<!-- \/ Yoast SEO plugin. -->","yoast_head_json":{"title":"H\u1ed9p gi\u1ea5y Carton - inbaobithuduc.com","robots":{"index":"noindex","follow":"follow","max-snippet":"max-snippet:-1","max-image-preview":"max-image-preview:large","max-video-preview":"max-video-preview:-1"},"og_locale":"vi_VN","og_type":"article","og_title":"H\u1ed9p gi\u1ea5y Carton - inbaobithuduc.com","og_description":"- M\u00e0u s\u1eafc: nhi\u1ec1u m\u00e0u  S\u1ed1 m\u1eb7t in: 1 m\u1eb7t  Lo\u1ea1i Gi\u1ea5y Ivory 300gsm  K\u1ef9 thu\u1eadt in:\u00a0In Offset  B\u1ebf 1 : Theo khu\u00f4n chu\u1ea9n\u00a0","og_url":"https:\/\/pluginviet.com\/mau49\/san-pham\/hop-giay-carton-thong-dung\/","og_site_name":"inbaobithuduc.com","og_image":[{"width":809,"height":809,"url":"https:\/\/pluginviet.com\/mau49\/wp-content\/uploads\/2022\/03\/The_gioi_in_an_tin_imagebanner_20180905155751415.jpg","type":"image\/jpeg"}],"twitter_card":"summary_large_image","twitter_misc":{"\u01af\u1edbc t\u00ednh th\u1eddi gian \u0111\u1ecdc":"4 ph\u00fat"},"schema":{"@context":"https:\/\/schema.org","@graph":[{"@type":"WebPage","@id":"https:\/\/pluginviet.com\/mau49\/san-pham\/hop-giay-carton-thong-dung\/","url":"https:\/\/pluginviet.com\/mau49\/san-pham\/hop-giay-carton-thong-dung\/","name":"H\u1ed9p gi\u1ea5y Carton - inbaobithuduc.com","isPartOf":{"@id":"https:\/\/pluginviet.com\/mau49\/#website"},"datePublished":"2022-03-21T03:30:33+00:00","dateModified":"2022-03-21T03:30:33+00:00","breadcrumb":{"@id":"https:\/\/pluginviet.com\/mau49\/san-pham\/hop-giay-carton-thong-dung\/#breadcrumb"},"inLanguage":"vi","potentialAction":[{"@type":"ReadAction","target":["https:\/\/pluginviet.com\/mau49\/san-pham\/hop-giay-carton-thong-dung\/"]}]},{"@type":"BreadcrumbList","@id":"https:\/\/pluginviet.com\/mau49\/san-pham\/hop-giay-carton-thong-dung\/#breadcrumb","itemListElement":[{"@type":"ListItem","position":1,"name":"Trang ch\u1ee7","item":"https:\/\/pluginviet.com\/mau49\/"},{"@type":"ListItem","position":2,"name":"C\u1eeda h\u00e0ng","item":"https:\/\/pluginviet.com\/mau49\/cua-hang\/"},{"@type":"ListItem","position":3,"name":"H\u1ed9p gi\u1ea5y Carton"}]},{"@type":"WebSite","@id":"https:\/\/pluginviet.com\/mau49\/#website","url":"https:\/\/pluginviet.com\/mau49\/","name":"inbaobithuduc.com","description":"","potentialAction":[{"@type":"SearchAction","target":{"@type":"EntryPoint","urlTemplate":"https:\/\/pluginviet.com\/mau49\/?s={search_term_string}"},"query-input":"required name=search_term_string"}],"inLanguage":"vi"}]}},"_links":{"self":[{"href":"https:\/\/pluginviet.com\/mau49\/wp-json\/wp\/v2\/product\/364","targetHints":{"allow":["GET"]}}],"collection":[{"href":"https:\/\/pluginviet.com\/mau49\/wp-json\/wp\/v2\/product"}],"about":[{"href":"https:\/\/pluginviet.com\/mau49\/wp-json\/wp\/v2\/types\/product"}],"replies":[{"embeddable":true,"href":"https:\/\/pluginviet.com\/mau49\/wp-json\/wp\/v2\/comments?post=364"}],"wp:featuredmedia":[{"embeddable":true,"href":"https:\/\/pluginviet.com\/mau49\/wp-json\/wp\/v2\/media\/365"}],"wp:attachment":[{"href":"https:\/\/pluginviet.com\/mau49\/wp-json\/wp\/v2\/media?parent=364"}],"wp:term":[{"taxonomy":"product_cat","embeddable":true,"href":"https:\/\/pluginviet.com\/mau49\/wp-json\/wp\/v2\/product_cat?post=364"},{"taxonomy":"product_tag","embeddable":true,"href":"https:\/\/pluginviet.com\/mau49\/wp-json\/wp\/v2\/product_tag?post=364"}],"curies":[{"name":"wp","href":"https:\/\/api.w.org\/{rel}","templated":true}]}}