{"id":361,"date":"2022-03-21T10:29:03","date_gmt":"2022-03-21T03:29:03","guid":{"rendered":"http:\/\/inan.themevivu.com\/?post_type=product&#038;p=361"},"modified":"2022-12-07T15:22:49","modified_gmt":"2022-12-07T15:22:49","slug":"in-to-roi-gia-re","status":"publish","type":"product","link":"https:\/\/pluginviet.com\/mau49\/san-pham\/in-to-roi-gia-re\/","title":{"rendered":"In t\u1edd r\u01a1i gi\u00e1 r\u1ebb"},"content":{"rendered":"<p>In t\u1edd r\u01a1i\u00a0xu\u1ea5t hi\u1ec7n \u1edf m\u1ecdi n\u01a1i t\u1eeb c\u00e1c s\u1ef1 ki\u1ec7n, qu\u1ea3ng c\u00e1o b\u00e1n h\u00e0ng cho m\u1ecdi ng\u01b0\u1eddi tr\u00ean \u0111\u01b0\u1eddng ph\u1ed1 ho\u1eb7c \u0111\u01b0\u1ee3c ph\u00e1t sau c\u00e1c cu\u1ed9c h\u1ecdp v\u00e0 thuy\u1ebft tr\u00ecnh. Nhu c\u1ea7u in t\u1edd r\u01a1i ng\u00e0y m\u1ed9t n\u00e2ng cao, h\u00e3y ch\u1ecdn Th\u1ebf Gi\u1edbi In \u1ea4n l\u00e0 \u0111i\u1ec3m d\u1eebng ch\u00e2n cho t\u1edd r\u01a1i c\u1ee7a ch\u01b0\u01a1ng tr\u00ecnh b\u1ea1n nh\u00e9!<\/p>\n<p>In t\u1edd r\u01a1i si\u00eau r\u1ebb\u00a0l\u00e0 \u1ea5n ph\u1ea9m \u0111\u01b0\u1ee3c t\u1ea1o th\u00e0nh d\u1ef1a tr\u00ean nhu c\u1ea7u ti\u1ebft ki\u1ec7m \u0111\u1ebfn m\u1ee9c th\u1ea5p nh\u1ea5t chi ph\u00ed in t\u1edd r\u01a1i cho kh\u00e1ch h\u00e0ng.<\/p>\n<p dir=\"ltr\">S\u1ea3n ph\u1ea9m\u00a0In t\u1edd r\u01a1i si\u00eau r\u1ebb\u00a0c\u1ee7a kh\u00e1ch h\u00e0ng s\u1ebd \u0111\u01b0\u1ee3c d\u00e0n chung 1 b\u00e0i in v\u1edbi nh\u1eefng file in c\u1ee7a kh\u00e1ch h\u00e0ng kh\u00e1c, ti\u1ebft ki\u1ec7m gi\u1ea5y, th\u1eddi gian, s\u1ed1 l\u1ea7n m\u00e1y in ho\u1ea1t \u0111\u1ed9ng t\u1eeb \u0111\u00f3 gi\u00e1 th\u00e0nh s\u1ebd v\u00f4 c\u00f9ng r\u1ebb so v\u1edbi vi\u1ec7c in ri\u00eang.<\/p>\n<p dir=\"ltr\"><img decoding=\"async\" class=\"aligncenter\" src=\"https:\/\/thegioiinan.com\/images\/The_gioi_in_an_2020022811590324985726638125255.5756af0491093.jpg\" alt=\"\" \/><\/p>\n<p dir=\"ltr\">\u0110i\u1ec3m tr\u1eeb c\u1ee7a vi\u1ec7c in gh\u00e9p ch\u00ednh l\u00e0 kh\u00e1ch h\u00e0ng kh\u00f4ng th\u1ec3 canh m\u00e0u m\u1ef1c theo \u00fd mu\u1ed1n v\u00e0 m\u00e0u s\u1eafc gi\u1eefa c\u00e1c l\u1ea7n in s\u1ebd t\u01b0\u01a1ng \u0111\u1ed1i so v\u1edbi file thi\u1ebft k\u1ebf.<\/p>\n<p dir=\"ltr\">D\u00f2ng s\u1ea3n ph\u1ea9m t\u1edd r\u01a1i in gh\u00e9p ch\u1eafc ch\u1eafc s\u1ebd l\u00e0 \u1ea5n ph\u1ea9m ph\u00f9 h\u1ee3p nh\u1ea5t cho nh\u1eefng kh\u00e1ch h\u00e0ng mu\u1ed1n ti\u1ebft ki\u1ec7m t\u1ed1i \u0111a chi ph\u00ed cho c\u00e1c ch\u01b0\u01a1ng tr\u00ecnh ti\u1ebfp th\u1ecb quy m\u00f4 l\u1edbn c\u1ee7a m\u00ecnh.<\/p>\n<p dir=\"ltr\"><img decoding=\"async\" class=\"aligncenter\" src=\"https:\/\/thegioiinan.com\/images\/The_gioi_in_an_20200228115903249a1a3607b-190c-4371-9253-8c6848b39a8d.jpg\" alt=\"\" \/><\/p>\n<p><img decoding=\"async\" class=\"aligncenter\" src=\"https:\/\/thegioiinan.com\/images\/The_gioi_in_an_20200228120100250f5309d3006280cde39d93dd44f0c02f3.jpg\" alt=\"\" \/><\/p>\n","protected":false},"excerpt":{"rendered":"<ul>\n<li>M\u00e0u s\u1eafc: nhi\u1ec1u m\u00e0u<\/li>\n<li><span class=\"\">Lo\u1ea1i Gi\u1ea5y Couche 150gsm <\/span><\/li>\n<li>K\u1ef9 thu\u1eadt in: <span class=\"\">In Gh\u00e9p<\/span><\/li>\n<li>KT Th\u00e0nh Ph\u1ea9m: 21&#215;29 cm<\/li>\n<li><span id=\"completes-label-5-35\" class=\"\">C\u1eaft th\u00e0nh ph\u1ea9m<\/span><\/li>\n<\/ul>\n","protected":false},"featured_media":362,"comment_status":"open","ping_status":"closed","template":"","meta":[],"product_cat":[20,40],"product_tag":[],"class_list":["post-361","product","type-product","status-publish","has-post-thumbnail","hentry","product_cat-an-pham-tiep-thi","product_cat-to-roi"],"yoast_head":"<!-- This site is optimized with the Yoast SEO plugin v21.5 - https:\/\/yoast.com\/wordpress\/plugins\/seo\/ -->\n<title>In t\u1edd r\u01a1i gi\u00e1 r\u1ebb - inbaobithuduc.com<\/title>\n<meta name=\"robots\" content=\"noindex, follow, max-snippet:-1, max-image-preview:large, max-video-preview:-1\" \/>\n<meta property=\"og:locale\" content=\"vi_VN\" \/>\n<meta property=\"og:type\" content=\"article\" \/>\n<meta property=\"og:title\" content=\"In t\u1edd r\u01a1i gi\u00e1 r\u1ebb - inbaobithuduc.com\" \/>\n<meta property=\"og:description\" content=\"M\u00e0u s\u1eafc: nhi\u1ec1u m\u00e0u  Lo\u1ea1i Gi\u1ea5y Couche 150gsm  K\u1ef9 thu\u1eadt in: In Gh\u00e9p  KT Th\u00e0nh Ph\u1ea9m: 21x29 cm  C\u1eaft th\u00e0nh ph\u1ea9m\" \/>\n<meta property=\"og:url\" content=\"https:\/\/pluginviet.com\/mau49\/san-pham\/in-to-roi-gia-re\/\" \/>\n<meta property=\"og:site_name\" content=\"inbaobithuduc.com\" \/>\n<meta property=\"article:modified_time\" content=\"2022-12-07T15:22:49+00:00\" \/>\n<meta property=\"og:image\" content=\"https:\/\/pluginviet.com\/mau49\/wp-content\/uploads\/2022\/03\/The_gioi_in_an_tin_imagebanner_20200318101045174.jpg\" \/>\n\t<meta property=\"og:image:width\" content=\"809\" \/>\n\t<meta property=\"og:image:height\" content=\"809\" \/>\n\t<meta property=\"og:image:type\" content=\"image\/jpeg\" \/>\n<meta name=\"twitter:card\" content=\"summary_large_image\" \/>\n<meta name=\"twitter:label1\" content=\"\u01af\u1edbc t\u00ednh th\u1eddi gian \u0111\u1ecdc\" \/>\n\t<meta name=\"twitter:data1\" content=\"2 ph\u00fat\" \/>\n<script type=\"application\/ld+json\" class=\"yoast-schema-graph\">{\"@context\":\"https:\/\/schema.org\",\"@graph\":[{\"@type\":\"WebPage\",\"@id\":\"https:\/\/pluginviet.com\/mau49\/san-pham\/in-to-roi-gia-re\/\",\"url\":\"https:\/\/pluginviet.com\/mau49\/san-pham\/in-to-roi-gia-re\/\",\"name\":\"In t\u1edd r\u01a1i gi\u00e1 r\u1ebb - inbaobithuduc.com\",\"isPartOf\":{\"@id\":\"https:\/\/pluginviet.com\/mau49\/#website\"},\"datePublished\":\"2022-03-21T03:29:03+00:00\",\"dateModified\":\"2022-12-07T15:22:49+00:00\",\"breadcrumb\":{\"@id\":\"https:\/\/pluginviet.com\/mau49\/san-pham\/in-to-roi-gia-re\/#breadcrumb\"},\"inLanguage\":\"vi\",\"potentialAction\":[{\"@type\":\"ReadAction\",\"target\":[\"https:\/\/pluginviet.com\/mau49\/san-pham\/in-to-roi-gia-re\/\"]}]},{\"@type\":\"BreadcrumbList\",\"@id\":\"https:\/\/pluginviet.com\/mau49\/san-pham\/in-to-roi-gia-re\/#breadcrumb\",\"itemListElement\":[{\"@type\":\"ListItem\",\"position\":1,\"name\":\"Trang ch\u1ee7\",\"item\":\"https:\/\/pluginviet.com\/mau49\/\"},{\"@type\":\"ListItem\",\"position\":2,\"name\":\"C\u1eeda h\u00e0ng\",\"item\":\"https:\/\/pluginviet.com\/mau49\/cua-hang\/\"},{\"@type\":\"ListItem\",\"position\":3,\"name\":\"In t\u1edd r\u01a1i gi\u00e1 r\u1ebb\"}]},{\"@type\":\"WebSite\",\"@id\":\"https:\/\/pluginviet.com\/mau49\/#website\",\"url\":\"https:\/\/pluginviet.com\/mau49\/\",\"name\":\"inbaobithuduc.com\",\"description\":\"\",\"potentialAction\":[{\"@type\":\"SearchAction\",\"target\":{\"@type\":\"EntryPoint\",\"urlTemplate\":\"https:\/\/pluginviet.com\/mau49\/?s={search_term_string}\"},\"query-input\":\"required name=search_term_string\"}],\"inLanguage\":\"vi\"}]}<\/script>\n<!-- \/ Yoast SEO plugin. -->","yoast_head_json":{"title":"In t\u1edd r\u01a1i gi\u00e1 r\u1ebb - inbaobithuduc.com","robots":{"index":"noindex","follow":"follow","max-snippet":"max-snippet:-1","max-image-preview":"max-image-preview:large","max-video-preview":"max-video-preview:-1"},"og_locale":"vi_VN","og_type":"article","og_title":"In t\u1edd r\u01a1i gi\u00e1 r\u1ebb - inbaobithuduc.com","og_description":"M\u00e0u s\u1eafc: nhi\u1ec1u m\u00e0u  Lo\u1ea1i Gi\u1ea5y Couche 150gsm  K\u1ef9 thu\u1eadt in: In Gh\u00e9p  KT Th\u00e0nh Ph\u1ea9m: 21x29 cm  C\u1eaft th\u00e0nh ph\u1ea9m","og_url":"https:\/\/pluginviet.com\/mau49\/san-pham\/in-to-roi-gia-re\/","og_site_name":"inbaobithuduc.com","article_modified_time":"2022-12-07T15:22:49+00:00","og_image":[{"width":809,"height":809,"url":"https:\/\/pluginviet.com\/mau49\/wp-content\/uploads\/2022\/03\/The_gioi_in_an_tin_imagebanner_20200318101045174.jpg","type":"image\/jpeg"}],"twitter_card":"summary_large_image","twitter_misc":{"\u01af\u1edbc t\u00ednh th\u1eddi gian \u0111\u1ecdc":"2 ph\u00fat"},"schema":{"@context":"https:\/\/schema.org","@graph":[{"@type":"WebPage","@id":"https:\/\/pluginviet.com\/mau49\/san-pham\/in-to-roi-gia-re\/","url":"https:\/\/pluginviet.com\/mau49\/san-pham\/in-to-roi-gia-re\/","name":"In t\u1edd r\u01a1i gi\u00e1 r\u1ebb - inbaobithuduc.com","isPartOf":{"@id":"https:\/\/pluginviet.com\/mau49\/#website"},"datePublished":"2022-03-21T03:29:03+00:00","dateModified":"2022-12-07T15:22:49+00:00","breadcrumb":{"@id":"https:\/\/pluginviet.com\/mau49\/san-pham\/in-to-roi-gia-re\/#breadcrumb"},"inLanguage":"vi","potentialAction":[{"@type":"ReadAction","target":["https:\/\/pluginviet.com\/mau49\/san-pham\/in-to-roi-gia-re\/"]}]},{"@type":"BreadcrumbList","@id":"https:\/\/pluginviet.com\/mau49\/san-pham\/in-to-roi-gia-re\/#breadcrumb","itemListElement":[{"@type":"ListItem","position":1,"name":"Trang ch\u1ee7","item":"https:\/\/pluginviet.com\/mau49\/"},{"@type":"ListItem","position":2,"name":"C\u1eeda h\u00e0ng","item":"https:\/\/pluginviet.com\/mau49\/cua-hang\/"},{"@type":"ListItem","position":3,"name":"In t\u1edd r\u01a1i gi\u00e1 r\u1ebb"}]},{"@type":"WebSite","@id":"https:\/\/pluginviet.com\/mau49\/#website","url":"https:\/\/pluginviet.com\/mau49\/","name":"inbaobithuduc.com","description":"","potentialAction":[{"@type":"SearchAction","target":{"@type":"EntryPoint","urlTemplate":"https:\/\/pluginviet.com\/mau49\/?s={search_term_string}"},"query-input":"required name=search_term_string"}],"inLanguage":"vi"}]}},"_links":{"self":[{"href":"https:\/\/pluginviet.com\/mau49\/wp-json\/wp\/v2\/product\/361","targetHints":{"allow":["GET"]}}],"collection":[{"href":"https:\/\/pluginviet.com\/mau49\/wp-json\/wp\/v2\/product"}],"about":[{"href":"https:\/\/pluginviet.com\/mau49\/wp-json\/wp\/v2\/types\/product"}],"replies":[{"embeddable":true,"href":"https:\/\/pluginviet.com\/mau49\/wp-json\/wp\/v2\/comments?post=361"}],"wp:featuredmedia":[{"embeddable":true,"href":"https:\/\/pluginviet.com\/mau49\/wp-json\/wp\/v2\/media\/362"}],"wp:attachment":[{"href":"https:\/\/pluginviet.com\/mau49\/wp-json\/wp\/v2\/media?parent=361"}],"wp:term":[{"taxonomy":"product_cat","embeddable":true,"href":"https:\/\/pluginviet.com\/mau49\/wp-json\/wp\/v2\/product_cat?post=361"},{"taxonomy":"product_tag","embeddable":true,"href":"https:\/\/pluginviet.com\/mau49\/wp-json\/wp\/v2\/product_tag?post=361"}],"curies":[{"name":"wp","href":"https:\/\/api.w.org\/{rel}","templated":true}]}}