{"id":359,"date":"2022-03-21T10:27:34","date_gmt":"2022-03-21T03:27:34","guid":{"rendered":"http:\/\/inan.themevivu.com\/?post_type=product&#038;p=359"},"modified":"2022-03-21T10:27:34","modified_gmt":"2022-03-21T03:27:34","slug":"in-decal-kho-lon","status":"publish","type":"product","link":"https:\/\/pluginviet.com\/mau49\/san-pham\/in-decal-kho-lon\/","title":{"rendered":"In decal kh\u1ed5 l\u1edbn"},"content":{"rendered":"<p><strong>DECAL K\u00cdCH TH\u01af\u1edaC L\u1edaN<\/strong><\/p>\n<p>Decal k\u00edch th\u01b0\u1edbc l\u1edbn\u00a0th\u01b0\u1eddng \u0111\u01b0\u1ee3c s\u1eed d\u1ee5ng trong qu\u1ea3ng c\u00e1o, d\u00e1n l\u00ean nh\u1eefng b\u1ec1 m\u1eb7t c\u00f3 di\u1ec7n t\u00edch r\u1ed9ng nh\u01b0 xe bus, taxi, xe t\u1ea3i nh\u1ecf hay c\u00e1c lo\u1ea1i xe v\u1eadn chuy\u1ec3n h\u00e0ng h\u00f3a. C\u00e1c lo\u1ea1i ph\u01b0\u01a1ng ti\u1ec7n giao th\u00f4ng n\u00e0y l\u00e0 nh\u1eefng ph\u01b0\u01a1ng ti\u1ec7n l\u01b0u th\u00f4ng ph\u1ed5 bi\u1ebfn tr\u00ean kh\u1eafp th\u00e0nh ph\u1ed1 v\u00e0 c\u00e1c n\u01a1i trong c\u1ea3 n\u01b0\u1edbc.<br \/>\nNh\u1eefng t\u1ea5m\u00a0decal v\u1edbi k\u00edch th\u01b0\u1edbc l\u1edbn\u00a0\u0111\u01b0\u1ee3c d\u00e1n l\u00ean s\u1ebd thu h\u00fat \u0111\u01b0\u1ee3c ch\u00fa \u00fd r\u1ea5t l\u1edbn c\u1ee7a ng\u01b0\u1eddi d\u00e2n. T\u1eeb \u0111\u00f3 \u0111\u1ea1t \u0111\u01b0\u1ee3c k\u1ebft qu\u1ea3 qu\u1ea3ng c\u00e1o r\u1ea5t t\u1ed1t cho c\u00e1c doanh nghi\u1ec7p s\u1ea3n xu\u1ea5t kinh doanh s\u1ea3n ph\u1ea9m. V\u1edbi decal k\u00edch th\u01b0\u1edbc l\u1edbn, Th\u1ebf Gi\u1edbi In \u1ea4n cung c\u1ea5p 3 lo\u1ea1i gi\u1ea5y: decal tr\u1eafng s\u1eefa, decal tr\u1eafng trong v\u00e0 decal l\u01b0\u1edbi.<\/p>\n<p>Decal s\u1eefa hay c\u00f2n g\u1ecdi l\u00e0 decal tr\u1eafng, lo\u1ea1i decal n\u00e0y c\u00f3 b\u1ec1 m\u1eb7t m\u00e0u tr\u1eafng s\u1eefa thay v\u00ec tr\u1eafng tinh nh\u01b0 nh\u1eefng lo\u1ea1i decal kh\u00e1c. M\u1ef1c in Decal nh\u1ef1a s\u1eefa l\u00e0 lo\u1ea1i m\u1ef1c chuy\u00ean d\u1ee5ng ch\u1ed1ng n\u01b0\u1edbc, m\u1ef1c cho h\u00ecnh \u1ea3nh s\u1eafc n\u00e9t v\u00e0 b\u1ec1n m\u00e0u h\u01a1n.<\/p>\n<p>Decal s\u1eefa gi\u00fap c\u00e1c th\u00e0nh ph\u1ea9m in \u1ea5n cho m\u00e0u s\u1eafc trung th\u1ef1c, s\u1eafc n\u00e9t v\u00e0 c\u00f3 th\u1ec3 d\u00e1n d\u1ec5 d\u00e0ng l\u00ean c\u00e1c b\u1ec1 m\u1eb7t. Decal nh\u1ef1a s\u1eefa c\u00f3 \u0111\u1ed9 b\u1ec1n c\u1ef1c cao c\u00f3 th\u1ec3 ch\u1ecbu t\u00e1c \u0111\u1ed9ng c\u1ee7a th\u1eddi ti\u1ebft n\u1eafng m\u01b0a, do \u0111\u00f3 th\u01b0\u1eddng hay \u0111\u01b0\u1ee3c s\u1eed d\u1ee5ng ngo\u00e0i tr\u1eddi.<\/p>\n<p>Decal trong su\u1ed1t v\u1ec1 c\u01a1 b\u1ea3n c\u0169ng gi\u1ed1ng nh\u01b0 c\u00e1c lo\u1ea1i decal kh\u00e1c. Tuy nhi\u00ean ch\u1ea5t li\u1ec7u c\u1ee7a n\u00f3 gi\u1ed1ng nh\u01b0 m\u1ed9t l\u1edbp m\u00e0ng nilon trong su\u1ed1t. \u0110\u1eb7c \u0111i\u1ec3m n\u00e0y cho ph\u00e9p ng\u01b0\u1eddi nh\u00ecn c\u00f3 th\u1ec3 nh\u00ecn xuy\u00ean th\u1ea5u l\u1edbp nh\u00e3n \u0111\u1ec3 th\u1ea5y \u0111\u01b0\u1ee3c s\u1ea3n ph\u1ea9m b\u00ean trong. Decal trong v\u1eeba gi\u00fap \u0111\u1ea3m b\u1ea3o t\u00ednh th\u1ea9m m\u1ef9 m\u00e0 v\u1eabn \u201cng\u1ea5m ng\u1ea7m\u201d mang s\u1ee9 m\u1ec7nh ti\u1ebfp th\u1ecb m\u1ed9t c\u00e1ch \u0111\u1ea7y tinh t\u1ebf, chuy\u00ean nghi\u1ec7p.<\/p>\n<p>Decal l\u01b0\u1edbi l\u00e0 s\u1ea3n ph\u1ea9m decal c\u00f3 c\u00e1c l\u1ed7 tr\u00f2n li ti ph\u00e2n b\u1ed1 \u0111\u1ec1u nhau nh\u01b0 t\u1ea5m l\u01b0\u1edbi, m\u1eb7t sau c\u1ee7a decal c\u00f3 m\u1ed9t l\u1edbp keo d\u00e1n d\u00f9ng \u0111\u1ec3 d\u00e1n l\u00ean c\u1eeda k\u00ednh, mica h\u1ed9p \u0111\u00e8n. V\u1edbi lo\u1ea1i decal l\u01b0\u1edbi tr\u1eafng, c\u00f3 th\u1ec3 \u0111\u01b0\u1ee3c d\u00f9ng trong in \u1ea5n trang tr\u00ed v\u00e0 qu\u1ea3ng c\u00e1o.<\/p>\n","protected":false},"excerpt":{"rendered":"<ul>\n<li>M\u00e0u s\u1eafc: nhi\u1ec1u m\u00e0u<\/li>\n<li>S\u1ed1 m\u1eb7t in: 1 m\u1eb7t<\/li>\n<li>K\u1ef9 thu\u1eadt in:\u00a0<span class=\"\">In KTS<\/span><\/li>\n<li><span id=\"completes-label-10-35\" class=\"\">C\u1eaft th\u00e0nh ph\u1ea9m<\/span><\/li>\n<\/ul>\n","protected":false},"featured_media":360,"comment_status":"open","ping_status":"closed","template":"","meta":[],"product_cat":[20,34],"product_tag":[],"class_list":["post-359","product","type-product","status-publish","has-post-thumbnail","hentry","product_cat-an-pham-tiep-thi","product_cat-poster"],"yoast_head":"<!-- This site is optimized with the Yoast SEO plugin v21.5 - https:\/\/yoast.com\/wordpress\/plugins\/seo\/ -->\n<title>In decal kh\u1ed5 l\u1edbn - inbaobithuduc.com<\/title>\n<meta name=\"robots\" content=\"noindex, follow, max-snippet:-1, max-image-preview:large, max-video-preview:-1\" \/>\n<meta property=\"og:locale\" content=\"vi_VN\" \/>\n<meta property=\"og:type\" content=\"article\" \/>\n<meta property=\"og:title\" content=\"In decal kh\u1ed5 l\u1edbn - inbaobithuduc.com\" \/>\n<meta property=\"og:description\" content=\"M\u00e0u s\u1eafc: nhi\u1ec1u m\u00e0u  S\u1ed1 m\u1eb7t in: 1 m\u1eb7t  K\u1ef9 thu\u1eadt in:\u00a0In KTS  C\u1eaft th\u00e0nh ph\u1ea9m\" \/>\n<meta property=\"og:url\" content=\"https:\/\/pluginviet.com\/mau49\/san-pham\/in-decal-kho-lon\/\" \/>\n<meta property=\"og:site_name\" content=\"inbaobithuduc.com\" \/>\n<meta property=\"og:image\" content=\"https:\/\/pluginviet.com\/mau49\/wp-content\/uploads\/2022\/03\/The_gioi_in_an_tin_imagebanner_20191030102514184.jpg\" \/>\n\t<meta property=\"og:image:width\" content=\"960\" \/>\n\t<meta property=\"og:image:height\" content=\"960\" \/>\n\t<meta property=\"og:image:type\" content=\"image\/jpeg\" \/>\n<meta name=\"twitter:card\" content=\"summary_large_image\" \/>\n<meta name=\"twitter:label1\" content=\"\u01af\u1edbc t\u00ednh th\u1eddi gian \u0111\u1ecdc\" \/>\n\t<meta name=\"twitter:data1\" content=\"3 ph\u00fat\" \/>\n<script type=\"application\/ld+json\" class=\"yoast-schema-graph\">{\"@context\":\"https:\/\/schema.org\",\"@graph\":[{\"@type\":\"WebPage\",\"@id\":\"https:\/\/pluginviet.com\/mau49\/san-pham\/in-decal-kho-lon\/\",\"url\":\"https:\/\/pluginviet.com\/mau49\/san-pham\/in-decal-kho-lon\/\",\"name\":\"In decal kh\u1ed5 l\u1edbn - inbaobithuduc.com\",\"isPartOf\":{\"@id\":\"https:\/\/pluginviet.com\/mau49\/#website\"},\"datePublished\":\"2022-03-21T03:27:34+00:00\",\"dateModified\":\"2022-03-21T03:27:34+00:00\",\"breadcrumb\":{\"@id\":\"https:\/\/pluginviet.com\/mau49\/san-pham\/in-decal-kho-lon\/#breadcrumb\"},\"inLanguage\":\"vi\",\"potentialAction\":[{\"@type\":\"ReadAction\",\"target\":[\"https:\/\/pluginviet.com\/mau49\/san-pham\/in-decal-kho-lon\/\"]}]},{\"@type\":\"BreadcrumbList\",\"@id\":\"https:\/\/pluginviet.com\/mau49\/san-pham\/in-decal-kho-lon\/#breadcrumb\",\"itemListElement\":[{\"@type\":\"ListItem\",\"position\":1,\"name\":\"Trang ch\u1ee7\",\"item\":\"https:\/\/pluginviet.com\/mau49\/\"},{\"@type\":\"ListItem\",\"position\":2,\"name\":\"C\u1eeda h\u00e0ng\",\"item\":\"https:\/\/pluginviet.com\/mau49\/cua-hang\/\"},{\"@type\":\"ListItem\",\"position\":3,\"name\":\"In decal kh\u1ed5 l\u1edbn\"}]},{\"@type\":\"WebSite\",\"@id\":\"https:\/\/pluginviet.com\/mau49\/#website\",\"url\":\"https:\/\/pluginviet.com\/mau49\/\",\"name\":\"inbaobithuduc.com\",\"description\":\"\",\"potentialAction\":[{\"@type\":\"SearchAction\",\"target\":{\"@type\":\"EntryPoint\",\"urlTemplate\":\"https:\/\/pluginviet.com\/mau49\/?s={search_term_string}\"},\"query-input\":\"required name=search_term_string\"}],\"inLanguage\":\"vi\"}]}<\/script>\n<!-- \/ Yoast SEO plugin. -->","yoast_head_json":{"title":"In decal kh\u1ed5 l\u1edbn - inbaobithuduc.com","robots":{"index":"noindex","follow":"follow","max-snippet":"max-snippet:-1","max-image-preview":"max-image-preview:large","max-video-preview":"max-video-preview:-1"},"og_locale":"vi_VN","og_type":"article","og_title":"In decal kh\u1ed5 l\u1edbn - inbaobithuduc.com","og_description":"M\u00e0u s\u1eafc: nhi\u1ec1u m\u00e0u  S\u1ed1 m\u1eb7t in: 1 m\u1eb7t  K\u1ef9 thu\u1eadt in:\u00a0In KTS  C\u1eaft th\u00e0nh ph\u1ea9m","og_url":"https:\/\/pluginviet.com\/mau49\/san-pham\/in-decal-kho-lon\/","og_site_name":"inbaobithuduc.com","og_image":[{"width":960,"height":960,"url":"https:\/\/pluginviet.com\/mau49\/wp-content\/uploads\/2022\/03\/The_gioi_in_an_tin_imagebanner_20191030102514184.jpg","type":"image\/jpeg"}],"twitter_card":"summary_large_image","twitter_misc":{"\u01af\u1edbc t\u00ednh th\u1eddi gian \u0111\u1ecdc":"3 ph\u00fat"},"schema":{"@context":"https:\/\/schema.org","@graph":[{"@type":"WebPage","@id":"https:\/\/pluginviet.com\/mau49\/san-pham\/in-decal-kho-lon\/","url":"https:\/\/pluginviet.com\/mau49\/san-pham\/in-decal-kho-lon\/","name":"In decal kh\u1ed5 l\u1edbn - inbaobithuduc.com","isPartOf":{"@id":"https:\/\/pluginviet.com\/mau49\/#website"},"datePublished":"2022-03-21T03:27:34+00:00","dateModified":"2022-03-21T03:27:34+00:00","breadcrumb":{"@id":"https:\/\/pluginviet.com\/mau49\/san-pham\/in-decal-kho-lon\/#breadcrumb"},"inLanguage":"vi","potentialAction":[{"@type":"ReadAction","target":["https:\/\/pluginviet.com\/mau49\/san-pham\/in-decal-kho-lon\/"]}]},{"@type":"BreadcrumbList","@id":"https:\/\/pluginviet.com\/mau49\/san-pham\/in-decal-kho-lon\/#breadcrumb","itemListElement":[{"@type":"ListItem","position":1,"name":"Trang ch\u1ee7","item":"https:\/\/pluginviet.com\/mau49\/"},{"@type":"ListItem","position":2,"name":"C\u1eeda h\u00e0ng","item":"https:\/\/pluginviet.com\/mau49\/cua-hang\/"},{"@type":"ListItem","position":3,"name":"In decal kh\u1ed5 l\u1edbn"}]},{"@type":"WebSite","@id":"https:\/\/pluginviet.com\/mau49\/#website","url":"https:\/\/pluginviet.com\/mau49\/","name":"inbaobithuduc.com","description":"","potentialAction":[{"@type":"SearchAction","target":{"@type":"EntryPoint","urlTemplate":"https:\/\/pluginviet.com\/mau49\/?s={search_term_string}"},"query-input":"required name=search_term_string"}],"inLanguage":"vi"}]}},"_links":{"self":[{"href":"https:\/\/pluginviet.com\/mau49\/wp-json\/wp\/v2\/product\/359","targetHints":{"allow":["GET"]}}],"collection":[{"href":"https:\/\/pluginviet.com\/mau49\/wp-json\/wp\/v2\/product"}],"about":[{"href":"https:\/\/pluginviet.com\/mau49\/wp-json\/wp\/v2\/types\/product"}],"replies":[{"embeddable":true,"href":"https:\/\/pluginviet.com\/mau49\/wp-json\/wp\/v2\/comments?post=359"}],"wp:featuredmedia":[{"embeddable":true,"href":"https:\/\/pluginviet.com\/mau49\/wp-json\/wp\/v2\/media\/360"}],"wp:attachment":[{"href":"https:\/\/pluginviet.com\/mau49\/wp-json\/wp\/v2\/media?parent=359"}],"wp:term":[{"taxonomy":"product_cat","embeddable":true,"href":"https:\/\/pluginviet.com\/mau49\/wp-json\/wp\/v2\/product_cat?post=359"},{"taxonomy":"product_tag","embeddable":true,"href":"https:\/\/pluginviet.com\/mau49\/wp-json\/wp\/v2\/product_tag?post=359"}],"curies":[{"name":"wp","href":"https:\/\/api.w.org\/{rel}","templated":true}]}}