{"id":356,"date":"2022-03-21T10:24:07","date_gmt":"2022-03-21T03:24:07","guid":{"rendered":"http:\/\/inan.themevivu.com\/?post_type=product&#038;p=356"},"modified":"2022-03-21T10:24:07","modified_gmt":"2022-03-21T03:24:07","slug":"in-bao-thu-nho","status":"publish","type":"product","link":"https:\/\/pluginviet.com\/mau49\/san-pham\/in-bao-thu-nho\/","title":{"rendered":"In bao th\u01b0 nh\u1ecf"},"content":{"rendered":"<p>Bao th\u01b0 l\u00e0 ph\u01b0\u01a1ng th\u1ee9c truy\u1ec1n th\u00f4ng gi\u1eefa c\u00e1c doang nghi\u1ec7p, c\u00f4ng ty v\u1edbi nhau v\u00e0 gi\u1eefa c\u00e1c doanh nghi\u1ec7p v\u1edbi kh\u00e1ch h\u00e0ng..<\/p>\n<p>In bao th\u01b0\u00a0gi\u00fap x\u00e2y d\u1ef1ng t\u00ednh th\u1ed1ng nh\u1ea5t, l\u00e0m vi\u1ec7c nghi\u00eam t\u00fac, h\u00ecnh \u1ea3nh chuy\u00ean nghi\u1ec7p trong c\u00e1c ho\u1ea1t \u0111\u1ed9ng kinh doanh c\u1ee7a C\u00f4ng ty.Thi\u1ebft k\u1ebf c\u1ee7a bao th\u01b0 \u0111\u1ec1u c\u00f3 h\u00ecnh \u1ea3nh \u0111\u1ed3ng nh\u1ea5t v\u1edbi danh thi\u1ebfp, gi\u1ea5y ti\u00eau \u0111\u1ec1,\u2026 c\u00e1c s\u1ea3n ph\u1ea9m mang th\u01b0\u01a1ng hi\u1ec7u c\u00f4ng ty \u0111\u1ec3 ho\u00e0n thi\u1ec7n h\u1ec7 th\u1ed1ng nh\u1eadn di\u1ec7n th\u01b0\u01a1ng hi\u1ec7u c\u1ee7a c\u00f4ng ty.<\/p>\n<p><img decoding=\"async\" src=\"https:\/\/thegioiinan.com\/images\/danhmuc\/The_gioi_in_an_20191213150330377c0c69978a9afe36c3bd3fa11ddddef54.jpg\" alt=\"\" \/><\/p>\n<p>In bao th\u01b0\u00a0kh\u00f4ng \u0111\u01a1n thu\u1ea7n \u0111\u1ec3 \u0111\u1ef1ng th\u01b0 t\u1eeb, t\u00e0i li\u1ec7u, th\u00f4ng tin \u0111\u1ec3 g\u1eedi \u0111\u1ebfn kh\u00e1ch h\u00e0ng, c\u00e1c t\u1ed5 ch\u1ee9c doanh nghi\u1ec7p \u0111\u1ed1i t\u00e1c, m\u00e0 c\u00f2n th\u1ec3 hi\u1ec7n s\u1ef1 tr\u00e2n tr\u1ecdng v\u00e0 l\u1ecbch thi\u1ec7p c\u1ee7a c\u00f4ng ty d\u00e0nh cho \u0111\u1ed1i t\u00e1c c\u1ee7a m\u00ecnh. S\u1ef1 \u1ea5n t\u01b0\u1ee3ng, chuy\u00ean nghi\u1ec7p v\u00e0 trang tr\u1ecdng c\u1ee7a qu\u00fd c\u00f4ng ty s\u1ebd \u0111\u01b0\u1ee3c n\u00e2ng cao h\u01a1n khi bao th\u01b0 \u0111\u01b0\u1ee3c in th\u00f4ng tin m\u1ed9t c\u00e1ch \u0111\u1eb9p m\u1eaft, mang th\u01b0\u01a1ng hi\u1ec7u \u0111\u1ed9c quy\u1ec1n c\u1ee7a ch\u00ednh c\u00f4ng ty.<\/p>\n<p>Trong c\u00e1c ho\u1ea1t \u0111\u1ed9ng kinh doanh c\u1ee7a c\u00e1c c\u00f4ng ty, doanh nghi\u1ec7p nh\u01b0: g\u1eedi th\u01b0 th\u00f4ng b\u00e1o t\u1edbi c\u00e1c kh\u00e1ch h\u00e0ng v\u1ec1 vi\u1ec7c ra m\u1eaft s\u1ea3n ph\u1ea9m m\u1edbi, g\u1eedi thi\u1ec7p m\u1eddi cho c\u00e1c \u0111\u1ed1i t\u00e1c v\u1ec1 vi\u1ec7c m\u1eddi d\u1ef1 h\u1ed9i ngh\u1ecb, tri\u1ec3n l\u00e3m c\u1ee7a c\u00f4ng ty, hay c\u00e1c ho\u1ea1t \u0111\u1ed9ng trao \u0111\u1ed5i th\u00f4ng tin v\u1ec1\u00a0s\u1ea3n ph\u1ea9m\u00a0c\u00e1c \u0111i\u1ec1u ki\u1ec7n h\u1ee3p \u0111\u1ed3ng,\u2026\u0111\u1ec1u l\u00e0 c\u00e1c lo\u1ea1i ho\u1ea1t \u0111\u1ed9ng kinh doanh c\u1ea7n s\u1eed d\u1ee5ng\u00a0in bao th\u01b0.<\/p>\n<p><img decoding=\"async\" class=\"aligncenter\" src=\"http:\/\/thegioiinan.com\/images\/sanpham\/The_gioi_in_an_20181013110426211PEIZKC0.jpg\" alt=\"\" \/><\/p>\n<p><em>(Thi\u1ebft k\u1ebf bao th\u01b0 c\u1ea7n ch\u00fa tr\u1ecdng n\u1ed5i b\u1eadt logo doanh nghi\u1ec7p)<\/em><\/p>\n<p>\u25ba Th\u00f4ng th\u01b0\u1eddng s\u1ea3n ph\u1ea9m\u00a0in bao th\u01b0 nh\u1ecf\u00a0\u0111\u01b0\u1ee3c in tr\u00ean ch\u1ea5t li\u1ec7u gi\u1ea5y fort 100gsm. Kh\u00f4ng n\u00ean s\u1eed d\u1ee5ng gi\u1ea5y \u0111\u1ecbnh l\u01b0\u1ee3ng qu\u00e1 m\u1ecfng v\u00ec d\u1ec5 nh\u0103n v\u00e0 r\u00e1ch, \u0111\u1ecbnh l\u01b0\u1ee3ng v\u1eeba ph\u1ea3i gi\u00fap bao th\u01b0 c\u1ee9ng c\u00e1p c\u0169ng nh\u01b0 d\u1ec5 c\u1ed1 \u0111\u1ecbnh t\u00e0i li\u1ec7u b\u00ean trong.<\/p>\n<p>\u25ba K\u00edch th\u01b0\u1edbc th\u00e0nh ph\u1ea9m c\u1ee7a\u00a0in bao th\u01b0 nh\u1ecf\u00a0s\u1ebd l\u00e0 12x22cm v\u1edbi n\u1eafp bao th\u01b0 cao 3cm.<\/p>\n<p>\u25ba S\u1ea3n ph\u1ea9m s\u1ebd \u0111\u01b0\u1ee3c d\u00e1n th\u00e0nh ph\u1ea9m m\u1ed9t c\u00e1ch k\u1ef9 l\u01b0\u1ee1ng, t\u1ea1o n\u00ean h\u00ecnh d\u00e1ng bao th\u01b0 1 c\u00e1ch ho\u00e0n ch\u1ec9nh<\/p>\n<p>Ngo\u00e0i ra, Qu\u00fd kh\u00e1ch c\u00f3 th\u1ec3 tham kh\u1ea3o th\u00eam 1 s\u1ed1 s\u1ea3n ph\u1ea9m bao th\u01b0 kh\u00e1c t\u1eeb Th\u1ebf Gi\u1edbi In \u1ea4n \u0111\u1ec3 ph\u1ee5c v\u1ee5 cho nhu c\u1ea7u c\u1ee7a m\u00ecnh:<\/p>\n<p>\u25ba\u00a0In bao th\u01b0 c\u1ee1 trung\u00a0,\u00a0in bao th\u01b0 k\u00edch th\u01b0\u1edbc l\u1edbn A4\u00a0\u0111\u1ef1ng d\u00f9ng \u0111\u1ec3 \u0111\u1ef1ng h\u1ee3p \u0111\u1ed3ng, t\u00e0i li\u1ec7u<\/p>\n<p>\u25ba\u00a0In bao th\u01b0 k\u1ef9 thu\u1eadt s\u1ed1,\u00a0v\u00f9ng in nh\u1ecf c\u00f3 th\u1ec3 l\u1ea5y ngay<\/p>\n<p>\u25ba\u00a0In bao th\u01b0 gi\u1ea5y Kraft\u00a0gi\u1ea5y n\u00e2u, ch\u1ea5t li\u1ec7u th\u00e2n thi\u1ec7n m\u00f4i tr\u01b0\u1eddng<\/p>\n<p>\u25ba\u00a0In bao th\u01b0 c\u00f3 c\u1eeda s\u1ed5 k\u00ednh\u00a0k\u00edch th\u01b0\u1edbc 12&#215;22 cm n\u1eafp 3cm, sang tr\u1ecdng<\/p>\n<p>&nbsp;<\/p>\n","protected":false},"excerpt":{"rendered":"<ul>\n<li>M\u00e0u s\u1eafc: nhi\u1ec1u m\u00e0u<\/li>\n<li>S\u1ed1 m\u1eb7t in: 1 m\u1eb7t<\/li>\n<li><span class=\"\">Lo\u1ea1i Gi\u1ea5y Fort 100gsm <\/span><\/li>\n<li>K\u1ef9 thu\u1eadt in: <span class=\"\">In Offset<\/span><\/li>\n<li>KT Th\u00e0nh Ph\u1ea9m: 12&#215;22 n\u1eafp 3cm<\/li>\n<li><span id=\"completes-label-4-1\" class=\"\">B\u1ebf : Theo khu\u00f4n chu\u1ea9n\u00a0<i class=\"far fa-question-circle\"><\/i><\/span><\/li>\n<\/ul>\n","protected":false},"featured_media":357,"comment_status":"open","ping_status":"closed","template":"","meta":[],"product_cat":[21,22],"product_tag":[],"class_list":["post-356","product","type-product","status-publish","has-post-thumbnail","hentry","product_cat-an-pham-van-phong","product_cat-bao-thu"],"yoast_head":"<!-- This site is optimized with the Yoast SEO plugin v21.5 - https:\/\/yoast.com\/wordpress\/plugins\/seo\/ -->\n<title>In bao th\u01b0 nh\u1ecf - inbaobithuduc.com<\/title>\n<meta name=\"robots\" content=\"noindex, follow, max-snippet:-1, max-image-preview:large, max-video-preview:-1\" \/>\n<meta property=\"og:locale\" content=\"vi_VN\" \/>\n<meta property=\"og:type\" content=\"article\" \/>\n<meta property=\"og:title\" content=\"In bao th\u01b0 nh\u1ecf - inbaobithuduc.com\" \/>\n<meta property=\"og:description\" content=\"M\u00e0u s\u1eafc: nhi\u1ec1u m\u00e0u  S\u1ed1 m\u1eb7t in: 1 m\u1eb7t  Lo\u1ea1i Gi\u1ea5y Fort 100gsm  K\u1ef9 thu\u1eadt in: In Offset  KT Th\u00e0nh Ph\u1ea9m: 12x22 n\u1eafp 3cm  B\u1ebf : Theo khu\u00f4n chu\u1ea9n\u00a0\" \/>\n<meta property=\"og:url\" content=\"https:\/\/pluginviet.com\/mau49\/san-pham\/in-bao-thu-nho\/\" \/>\n<meta property=\"og:site_name\" content=\"inbaobithuduc.com\" \/>\n<meta property=\"og:image\" content=\"https:\/\/pluginviet.com\/mau49\/wp-content\/uploads\/2022\/03\/The_gioi_in_an_tin_imagebanner_20180904105224203.jpg\" \/>\n\t<meta property=\"og:image:width\" content=\"809\" \/>\n\t<meta property=\"og:image:height\" content=\"809\" \/>\n\t<meta property=\"og:image:type\" content=\"image\/jpeg\" \/>\n<meta name=\"twitter:card\" content=\"summary_large_image\" \/>\n<meta name=\"twitter:label1\" content=\"\u01af\u1edbc t\u00ednh th\u1eddi gian \u0111\u1ecdc\" \/>\n\t<meta name=\"twitter:data1\" content=\"3 ph\u00fat\" \/>\n<script type=\"application\/ld+json\" class=\"yoast-schema-graph\">{\"@context\":\"https:\/\/schema.org\",\"@graph\":[{\"@type\":\"WebPage\",\"@id\":\"https:\/\/pluginviet.com\/mau49\/san-pham\/in-bao-thu-nho\/\",\"url\":\"https:\/\/pluginviet.com\/mau49\/san-pham\/in-bao-thu-nho\/\",\"name\":\"In bao th\u01b0 nh\u1ecf - inbaobithuduc.com\",\"isPartOf\":{\"@id\":\"https:\/\/pluginviet.com\/mau49\/#website\"},\"datePublished\":\"2022-03-21T03:24:07+00:00\",\"dateModified\":\"2022-03-21T03:24:07+00:00\",\"breadcrumb\":{\"@id\":\"https:\/\/pluginviet.com\/mau49\/san-pham\/in-bao-thu-nho\/#breadcrumb\"},\"inLanguage\":\"vi\",\"potentialAction\":[{\"@type\":\"ReadAction\",\"target\":[\"https:\/\/pluginviet.com\/mau49\/san-pham\/in-bao-thu-nho\/\"]}]},{\"@type\":\"BreadcrumbList\",\"@id\":\"https:\/\/pluginviet.com\/mau49\/san-pham\/in-bao-thu-nho\/#breadcrumb\",\"itemListElement\":[{\"@type\":\"ListItem\",\"position\":1,\"name\":\"Trang ch\u1ee7\",\"item\":\"https:\/\/pluginviet.com\/mau49\/\"},{\"@type\":\"ListItem\",\"position\":2,\"name\":\"C\u1eeda h\u00e0ng\",\"item\":\"https:\/\/pluginviet.com\/mau49\/cua-hang\/\"},{\"@type\":\"ListItem\",\"position\":3,\"name\":\"In bao th\u01b0 nh\u1ecf\"}]},{\"@type\":\"WebSite\",\"@id\":\"https:\/\/pluginviet.com\/mau49\/#website\",\"url\":\"https:\/\/pluginviet.com\/mau49\/\",\"name\":\"inbaobithuduc.com\",\"description\":\"\",\"potentialAction\":[{\"@type\":\"SearchAction\",\"target\":{\"@type\":\"EntryPoint\",\"urlTemplate\":\"https:\/\/pluginviet.com\/mau49\/?s={search_term_string}\"},\"query-input\":\"required name=search_term_string\"}],\"inLanguage\":\"vi\"}]}<\/script>\n<!-- \/ Yoast SEO plugin. -->","yoast_head_json":{"title":"In bao th\u01b0 nh\u1ecf - inbaobithuduc.com","robots":{"index":"noindex","follow":"follow","max-snippet":"max-snippet:-1","max-image-preview":"max-image-preview:large","max-video-preview":"max-video-preview:-1"},"og_locale":"vi_VN","og_type":"article","og_title":"In bao th\u01b0 nh\u1ecf - inbaobithuduc.com","og_description":"M\u00e0u s\u1eafc: nhi\u1ec1u m\u00e0u  S\u1ed1 m\u1eb7t in: 1 m\u1eb7t  Lo\u1ea1i Gi\u1ea5y Fort 100gsm  K\u1ef9 thu\u1eadt in: In Offset  KT Th\u00e0nh Ph\u1ea9m: 12x22 n\u1eafp 3cm  B\u1ebf : Theo khu\u00f4n chu\u1ea9n\u00a0","og_url":"https:\/\/pluginviet.com\/mau49\/san-pham\/in-bao-thu-nho\/","og_site_name":"inbaobithuduc.com","og_image":[{"width":809,"height":809,"url":"https:\/\/pluginviet.com\/mau49\/wp-content\/uploads\/2022\/03\/The_gioi_in_an_tin_imagebanner_20180904105224203.jpg","type":"image\/jpeg"}],"twitter_card":"summary_large_image","twitter_misc":{"\u01af\u1edbc t\u00ednh th\u1eddi gian \u0111\u1ecdc":"3 ph\u00fat"},"schema":{"@context":"https:\/\/schema.org","@graph":[{"@type":"WebPage","@id":"https:\/\/pluginviet.com\/mau49\/san-pham\/in-bao-thu-nho\/","url":"https:\/\/pluginviet.com\/mau49\/san-pham\/in-bao-thu-nho\/","name":"In bao th\u01b0 nh\u1ecf - inbaobithuduc.com","isPartOf":{"@id":"https:\/\/pluginviet.com\/mau49\/#website"},"datePublished":"2022-03-21T03:24:07+00:00","dateModified":"2022-03-21T03:24:07+00:00","breadcrumb":{"@id":"https:\/\/pluginviet.com\/mau49\/san-pham\/in-bao-thu-nho\/#breadcrumb"},"inLanguage":"vi","potentialAction":[{"@type":"ReadAction","target":["https:\/\/pluginviet.com\/mau49\/san-pham\/in-bao-thu-nho\/"]}]},{"@type":"BreadcrumbList","@id":"https:\/\/pluginviet.com\/mau49\/san-pham\/in-bao-thu-nho\/#breadcrumb","itemListElement":[{"@type":"ListItem","position":1,"name":"Trang ch\u1ee7","item":"https:\/\/pluginviet.com\/mau49\/"},{"@type":"ListItem","position":2,"name":"C\u1eeda h\u00e0ng","item":"https:\/\/pluginviet.com\/mau49\/cua-hang\/"},{"@type":"ListItem","position":3,"name":"In bao th\u01b0 nh\u1ecf"}]},{"@type":"WebSite","@id":"https:\/\/pluginviet.com\/mau49\/#website","url":"https:\/\/pluginviet.com\/mau49\/","name":"inbaobithuduc.com","description":"","potentialAction":[{"@type":"SearchAction","target":{"@type":"EntryPoint","urlTemplate":"https:\/\/pluginviet.com\/mau49\/?s={search_term_string}"},"query-input":"required name=search_term_string"}],"inLanguage":"vi"}]}},"_links":{"self":[{"href":"https:\/\/pluginviet.com\/mau49\/wp-json\/wp\/v2\/product\/356","targetHints":{"allow":["GET"]}}],"collection":[{"href":"https:\/\/pluginviet.com\/mau49\/wp-json\/wp\/v2\/product"}],"about":[{"href":"https:\/\/pluginviet.com\/mau49\/wp-json\/wp\/v2\/types\/product"}],"replies":[{"embeddable":true,"href":"https:\/\/pluginviet.com\/mau49\/wp-json\/wp\/v2\/comments?post=356"}],"wp:featuredmedia":[{"embeddable":true,"href":"https:\/\/pluginviet.com\/mau49\/wp-json\/wp\/v2\/media\/357"}],"wp:attachment":[{"href":"https:\/\/pluginviet.com\/mau49\/wp-json\/wp\/v2\/media?parent=356"}],"wp:term":[{"taxonomy":"product_cat","embeddable":true,"href":"https:\/\/pluginviet.com\/mau49\/wp-json\/wp\/v2\/product_cat?post=356"},{"taxonomy":"product_tag","embeddable":true,"href":"https:\/\/pluginviet.com\/mau49\/wp-json\/wp\/v2\/product_tag?post=356"}],"curies":[{"name":"wp","href":"https:\/\/api.w.org\/{rel}","templated":true}]}}