{"id":353,"date":"2022-03-21T10:17:55","date_gmt":"2022-03-21T03:17:55","guid":{"rendered":"http:\/\/inan.themevivu.com\/?post_type=product&#038;p=353"},"modified":"2022-12-07T15:22:49","modified_gmt":"2022-12-07T15:22:49","slug":"danh-thiep-chuan-card-visit","status":"publish","type":"product","link":"https:\/\/pluginviet.com\/mau49\/san-pham\/danh-thiep-chuan-card-visit\/","title":{"rendered":"Danh thi\u1ebfp chu\u1ea9n &#8211; card visit"},"content":{"rendered":"","protected":false},"excerpt":{"rendered":"<ul>\n<li>M\u00e0u s\u1eafc: nhi\u1ec1u m\u00e0u<\/li>\n<li>S\u1ed1 m\u1eb7t in: 2 m\u1eb7t<\/li>\n<li>Lo\u1ea1i Gi\u1ea5y Couche 300gsm<\/li>\n<li>K\u1ef9 thu\u1eadt in: In Gh\u00e9p<\/li>\n<li>KT Th\u00e0nh Ph\u1ea9m: 9&#215;5.4cm<\/li>\n<li>C\u00e1n m\u00e0ng : M\u00e0ng m\u1edd 2 m\u1eb7t<\/li>\n<li>C\u1eaft th\u00e0nh ph\u1ea9m<\/li>\n<\/ul>\n","protected":false},"featured_media":355,"comment_status":"open","ping_status":"closed","template":"","meta":[],"product_cat":[21,26],"product_tag":[],"class_list":["post-353","product","type-product","status-publish","has-post-thumbnail","hentry","product_cat-an-pham-van-phong","product_cat-danh-thiep"],"yoast_head":"<!-- This site is optimized with the Yoast SEO plugin v21.5 - https:\/\/yoast.com\/wordpress\/plugins\/seo\/ -->\n<title>Danh thi\u1ebfp chu\u1ea9n - card visit - inbaobithuduc.com<\/title>\n<meta name=\"robots\" content=\"noindex, follow, max-snippet:-1, max-image-preview:large, max-video-preview:-1\" \/>\n<meta property=\"og:locale\" content=\"vi_VN\" \/>\n<meta property=\"og:type\" content=\"article\" \/>\n<meta property=\"og:title\" content=\"Danh thi\u1ebfp chu\u1ea9n - card visit - inbaobithuduc.com\" \/>\n<meta property=\"og:description\" content=\"M\u00e0u s\u1eafc: nhi\u1ec1u m\u00e0u  S\u1ed1 m\u1eb7t in: 2 m\u1eb7t  Lo\u1ea1i Gi\u1ea5y Couche 300gsm  K\u1ef9 thu\u1eadt in: In Gh\u00e9p  KT Th\u00e0nh Ph\u1ea9m: 9x5.4cm  C\u00e1n m\u00e0ng : M\u00e0ng m\u1edd 2 m\u1eb7t  C\u1eaft th\u00e0nh ph\u1ea9m\" \/>\n<meta property=\"og:url\" content=\"https:\/\/pluginviet.com\/mau49\/san-pham\/danh-thiep-chuan-card-visit\/\" \/>\n<meta property=\"og:site_name\" content=\"inbaobithuduc.com\" \/>\n<meta property=\"article:modified_time\" content=\"2022-12-07T15:22:49+00:00\" \/>\n<meta property=\"og:image\" content=\"https:\/\/pluginviet.com\/mau49\/wp-content\/uploads\/2022\/03\/The_gioi_in_an_tin_imagebanner_20191030090811130-1.jpg\" \/>\n\t<meta property=\"og:image:width\" content=\"960\" \/>\n\t<meta property=\"og:image:height\" content=\"960\" \/>\n\t<meta property=\"og:image:type\" content=\"image\/jpeg\" \/>\n<meta name=\"twitter:card\" content=\"summary_large_image\" \/>\n<script type=\"application\/ld+json\" class=\"yoast-schema-graph\">{\"@context\":\"https:\/\/schema.org\",\"@graph\":[{\"@type\":\"WebPage\",\"@id\":\"https:\/\/pluginviet.com\/mau49\/san-pham\/danh-thiep-chuan-card-visit\/\",\"url\":\"https:\/\/pluginviet.com\/mau49\/san-pham\/danh-thiep-chuan-card-visit\/\",\"name\":\"Danh thi\u1ebfp chu\u1ea9n - card visit - inbaobithuduc.com\",\"isPartOf\":{\"@id\":\"https:\/\/pluginviet.com\/mau49\/#website\"},\"datePublished\":\"2022-03-21T03:17:55+00:00\",\"dateModified\":\"2022-12-07T15:22:49+00:00\",\"breadcrumb\":{\"@id\":\"https:\/\/pluginviet.com\/mau49\/san-pham\/danh-thiep-chuan-card-visit\/#breadcrumb\"},\"inLanguage\":\"vi\",\"potentialAction\":[{\"@type\":\"ReadAction\",\"target\":[\"https:\/\/pluginviet.com\/mau49\/san-pham\/danh-thiep-chuan-card-visit\/\"]}]},{\"@type\":\"BreadcrumbList\",\"@id\":\"https:\/\/pluginviet.com\/mau49\/san-pham\/danh-thiep-chuan-card-visit\/#breadcrumb\",\"itemListElement\":[{\"@type\":\"ListItem\",\"position\":1,\"name\":\"Trang ch\u1ee7\",\"item\":\"https:\/\/pluginviet.com\/mau49\/\"},{\"@type\":\"ListItem\",\"position\":2,\"name\":\"C\u1eeda h\u00e0ng\",\"item\":\"https:\/\/pluginviet.com\/mau49\/cua-hang\/\"},{\"@type\":\"ListItem\",\"position\":3,\"name\":\"Danh thi\u1ebfp chu\u1ea9n &#8211; card visit\"}]},{\"@type\":\"WebSite\",\"@id\":\"https:\/\/pluginviet.com\/mau49\/#website\",\"url\":\"https:\/\/pluginviet.com\/mau49\/\",\"name\":\"inbaobithuduc.com\",\"description\":\"\",\"potentialAction\":[{\"@type\":\"SearchAction\",\"target\":{\"@type\":\"EntryPoint\",\"urlTemplate\":\"https:\/\/pluginviet.com\/mau49\/?s={search_term_string}\"},\"query-input\":\"required name=search_term_string\"}],\"inLanguage\":\"vi\"}]}<\/script>\n<!-- \/ Yoast SEO plugin. -->","yoast_head_json":{"title":"Danh thi\u1ebfp chu\u1ea9n - card visit - inbaobithuduc.com","robots":{"index":"noindex","follow":"follow","max-snippet":"max-snippet:-1","max-image-preview":"max-image-preview:large","max-video-preview":"max-video-preview:-1"},"og_locale":"vi_VN","og_type":"article","og_title":"Danh thi\u1ebfp chu\u1ea9n - card visit - inbaobithuduc.com","og_description":"M\u00e0u s\u1eafc: nhi\u1ec1u m\u00e0u  S\u1ed1 m\u1eb7t in: 2 m\u1eb7t  Lo\u1ea1i Gi\u1ea5y Couche 300gsm  K\u1ef9 thu\u1eadt in: In Gh\u00e9p  KT Th\u00e0nh Ph\u1ea9m: 9x5.4cm  C\u00e1n m\u00e0ng : M\u00e0ng m\u1edd 2 m\u1eb7t  C\u1eaft th\u00e0nh ph\u1ea9m","og_url":"https:\/\/pluginviet.com\/mau49\/san-pham\/danh-thiep-chuan-card-visit\/","og_site_name":"inbaobithuduc.com","article_modified_time":"2022-12-07T15:22:49+00:00","og_image":[{"width":960,"height":960,"url":"https:\/\/pluginviet.com\/mau49\/wp-content\/uploads\/2022\/03\/The_gioi_in_an_tin_imagebanner_20191030090811130-1.jpg","type":"image\/jpeg"}],"twitter_card":"summary_large_image","schema":{"@context":"https:\/\/schema.org","@graph":[{"@type":"WebPage","@id":"https:\/\/pluginviet.com\/mau49\/san-pham\/danh-thiep-chuan-card-visit\/","url":"https:\/\/pluginviet.com\/mau49\/san-pham\/danh-thiep-chuan-card-visit\/","name":"Danh thi\u1ebfp chu\u1ea9n - card visit - inbaobithuduc.com","isPartOf":{"@id":"https:\/\/pluginviet.com\/mau49\/#website"},"datePublished":"2022-03-21T03:17:55+00:00","dateModified":"2022-12-07T15:22:49+00:00","breadcrumb":{"@id":"https:\/\/pluginviet.com\/mau49\/san-pham\/danh-thiep-chuan-card-visit\/#breadcrumb"},"inLanguage":"vi","potentialAction":[{"@type":"ReadAction","target":["https:\/\/pluginviet.com\/mau49\/san-pham\/danh-thiep-chuan-card-visit\/"]}]},{"@type":"BreadcrumbList","@id":"https:\/\/pluginviet.com\/mau49\/san-pham\/danh-thiep-chuan-card-visit\/#breadcrumb","itemListElement":[{"@type":"ListItem","position":1,"name":"Trang ch\u1ee7","item":"https:\/\/pluginviet.com\/mau49\/"},{"@type":"ListItem","position":2,"name":"C\u1eeda h\u00e0ng","item":"https:\/\/pluginviet.com\/mau49\/cua-hang\/"},{"@type":"ListItem","position":3,"name":"Danh thi\u1ebfp chu\u1ea9n &#8211; card visit"}]},{"@type":"WebSite","@id":"https:\/\/pluginviet.com\/mau49\/#website","url":"https:\/\/pluginviet.com\/mau49\/","name":"inbaobithuduc.com","description":"","potentialAction":[{"@type":"SearchAction","target":{"@type":"EntryPoint","urlTemplate":"https:\/\/pluginviet.com\/mau49\/?s={search_term_string}"},"query-input":"required name=search_term_string"}],"inLanguage":"vi"}]}},"_links":{"self":[{"href":"https:\/\/pluginviet.com\/mau49\/wp-json\/wp\/v2\/product\/353","targetHints":{"allow":["GET"]}}],"collection":[{"href":"https:\/\/pluginviet.com\/mau49\/wp-json\/wp\/v2\/product"}],"about":[{"href":"https:\/\/pluginviet.com\/mau49\/wp-json\/wp\/v2\/types\/product"}],"replies":[{"embeddable":true,"href":"https:\/\/pluginviet.com\/mau49\/wp-json\/wp\/v2\/comments?post=353"}],"wp:featuredmedia":[{"embeddable":true,"href":"https:\/\/pluginviet.com\/mau49\/wp-json\/wp\/v2\/media\/355"}],"wp:attachment":[{"href":"https:\/\/pluginviet.com\/mau49\/wp-json\/wp\/v2\/media?parent=353"}],"wp:term":[{"taxonomy":"product_cat","embeddable":true,"href":"https:\/\/pluginviet.com\/mau49\/wp-json\/wp\/v2\/product_cat?post=353"},{"taxonomy":"product_tag","embeddable":true,"href":"https:\/\/pluginviet.com\/mau49\/wp-json\/wp\/v2\/product_tag?post=353"}],"curies":[{"name":"wp","href":"https:\/\/api.w.org\/{rel}","templated":true}]}}