{"id":2168,"date":"2023-10-08T18:17:27","date_gmt":"2023-10-08T11:17:27","guid":{"rendered":"https:\/\/depthoitrang.com\/thachau\/?post_type=product&#038;p=2168"},"modified":"2023-10-10T00:26:14","modified_gmt":"2023-10-09T17:26:14","slug":"dem-lo-xo-dunlopillo-royal-beauty-11","status":"publish","type":"product","link":"https:\/\/pluginviet.com\/mau48\/san-pham\/dem-lo-xo-dunlopillo-royal-beauty-11\/","title":{"rendered":"\u0110\u1ec7m L\u00f2 Xo Dunlopillo Royal Beauty 11"},"content":{"rendered":"<p><strong>Dunlopillo Royal Beauty<\/strong>\u00a0thu\u1ed9c\u00a0<a href=\"#1\"><strong>b\u1ed9 s\u01b0u t\u1eadp Royal Collection<\/strong><\/a>. \u0110\u1ec7m l\u00f2 xo Royal Beauty\u00a0s\u1edf h\u1eefu nh\u1eefng \u01b0u \u0111i\u1ec3m v\u01b0\u1ee3t tr\u1ed9i c\u1ea3 v\u1ec1 thi\u1ebft k\u1ebf v\u00e0 t\u00ednh n\u0103ng, ho\u00e0n to\u00e0n kh\u1eb3ng \u0111\u1ecbnh \u201cV\u1ebb \u0111\u1eb9p ho\u00e0ng gia\u201d nh\u01b0 c\u00e1i t\u00ean m\u00e0 nh\u00e0 s\u1ea3n xu\u1ea5t l\u1ef1a ch\u1ecdn.<\/p>\n<h2><strong>1. Royal Beauty n\u00e2ng t\u1ea7m kh\u00ed ch\u1ea5t tr\u00f2n gi\u1ea5c th\u01b0\u1ee3ng l\u01b0u<\/strong><\/h2>\n<p><img decoding=\"async\" src=\"https:\/\/depthoitrang.com\/thachau\/wp-content\/uploads\/2023\/10\/banner-3.png\" \/><\/p>\n<h2><strong>2. Thi\u1ebft k\u1ebf v\u00e0 c\u00f4ng ngh\u1ec7 t\u00edch h\u1ee3p<\/strong><\/h2>\n<h3><strong>2.1 H\u1ec7 th\u1ed1ng l\u00f2 xo t\u00fai \u0111\u1ed9c l\u1eadp d\u1ea1ng t\u1ed5 ong cao c\u1ea5p<\/strong><\/h3>\n<p>\u0110\u1ec7m l\u00f2 xo Dunlopillo Royal Beauty s\u1eed d\u1ee5ng h\u1ec7 th\u1ed1ng l\u00f2 xo t\u00fai \u0111\u1ed9c l\u1eadp s\u1eafp x\u1ebfp d\u1ea1ng t\u1ed5 ong, m\u1eadt \u0111\u1ed9 l\u00f2 xo d\u00e0y, kho\u1ea3ng tr\u1ed1ng gi\u1eefa c\u00e1c con l\u00f2 xo r\u1ea5t \u00edt, \u0111\u1ea3m b\u1ea3o \u0111\u1ed9 ch\u1eafc ch\u1eafn v\u00e0 t\u1ed1i \u01b0u h\u00f3a t\u00ednh n\u0103ng n\u00e2ng \u0111\u1ee1 c\u01a1 th\u1ec3, h\u1ed7 tr\u1ee3 gi\u1ea3m \u00e1p l\u1ef1c t\u1ea1i c\u00e1c \u0111i\u1ec3m ti\u1ebfp x\u00fac l\u00e2u nh\u01b0 \u0111\u1ea7u, h\u00f4ng, \u0111\u00f9i, vai.<\/p>\n<h3><strong>2.2 Thi\u1ebft k\u1ebf Plush Top \u0111\u1eb9p chu\u1ea9n phong th\u00e1i ho\u00e0ng gia<\/strong><\/h3>\n<p>Royal Beauty s\u1edf h\u1eefu thi\u1ebft k\u1ebf Plush top \u0111\u1ed9c quy\u1ec1n c\u1ee7a Dunlopillo, \u0111\u1ea1t \u0111\u1ed9 d\u00e0y 26cm v\u1eeba v\u1eb7n v\u1edbi nhi\u1ec1u lo\u1ea1i gi\u01b0\u1eddng\/divan hay c\u00e1c lo\u1ea1i n\u1ec1n t\u1ea3ng k\u00ea \u0111\u1ec7m kh\u00e1c. \u0110\u1ec7m c\u00f3 di\u1ec7n m\u1ea1o sang tr\u1ecdng v\u1edbi tone m\u00e0u tr\u1eafng ch\u1ee7 \u0111\u1ea1o k\u1ebft h\u1ee3p v\u1edbi s\u1eafc v\u00e0ng nh\u1ea1t c\u1ee7a vi\u1ec1n \u0111\u1ec7m v\u00e0 c\u00e1c chi ti\u1ebft th\u01b0\u01a1ng hi\u1ec7u, nh\u1edd \u0111\u00f3 t\u1ea1o v\u1ebb nh\u1ea5n nh\u00e1 b\u1eaft m\u1eaft. C\u00e1c b\u1ec1 m\u1eb7t c\u1ee7a \u0111\u1ec7m \u0111\u01b0\u1ee3c in d\u1eadp \u00f4 \u0111\u1ec1u \u0111\u1eb7n, to\u00e1t l\u00ean s\u1ef1 c\u1ea7u k\u1ef3, l\u1ed9ng l\u1eaby \u0111\u1eb7c tr\u01b0ng c\u1ee7a phong c\u00e1ch ho\u00e0ng gia, qu\u00fd t\u1ed9c.<\/p>\n","protected":false},"excerpt":{"rendered":"<p>Gi\u00e1 tr\u1ecb l\u00ean \u0111\u1ebfn 10.932.000\u0111 \u00e1p d\u1ee5ng \u0111\u1ebfn h\u1ebft 30\/9\/2023!<\/p>\n<p><i class=\"fa fa-check-circle\"><\/i> Qu\u00e9t VNPAY gi\u1ea3m th\u00eam 10%.<\/p>\n<p><i class=\"fa fa-check-circle\"><\/i>02\u00a0<a href=\"#1\">G\u1ed1i Poly Dunlopillo White Cloud<\/a>\u00a0tr\u1ecb gi\u00e1 560.000\u0111.<\/p>\n<p><i class=\"fa fa-check-circle\"><\/i>01 \u00f4 Dunlopillo.<\/p>\n<p><strong>\u01afu \u0111\u00e3i kh\u00e1c<\/strong><\/p>\n<p><i class=\"fa fa-check-circle\"><\/i>T\u1eb7ng g\u00f3i v\u1ec7 sinh \u0111\u1ec7m mi\u1ec5n ph\u00ed trong 2 n\u0103m \u0111\u1ea7u.<\/p>\n<p><i class=\"fa fa-check-circle\"><\/i>T\u1eb7ng Voucher 100k khi follow Zalo OA \u0110\u1ec7m Xinh Luxury.<\/p>\n","protected":false},"featured_media":2407,"comment_status":"open","ping_status":"closed","template":"","meta":[],"product_cat":[15,230,203,232,202,231,204,233],"product_tag":[],"yoast_head":"<!-- This site is optimized with the Yoast SEO plugin v21.5 - https:\/\/yoast.com\/wordpress\/plugins\/seo\/ -->\n<title>\u0110\u1ec7m L\u00f2 Xo Dunlopillo Royal Beauty 11 - TH \u00c1 CH\u00c2U<\/title>\n<meta name=\"robots\" content=\"index, follow, max-snippet:-1, max-image-preview:large, max-video-preview:-1\" \/>\n<link rel=\"canonical\" href=\"https:\/\/pluginviet.com\/mau48\/san-pham\/dem-lo-xo-dunlopillo-royal-beauty-11\/\" \/>\n<meta property=\"og:locale\" content=\"vi_VN\" \/>\n<meta property=\"og:type\" content=\"article\" \/>\n<meta property=\"og:title\" content=\"\u0110\u1ec7m L\u00f2 Xo Dunlopillo Royal Beauty 11 - TH \u00c1 CH\u00c2U\" \/>\n<meta property=\"og:description\" content=\"Gi\u00e1 tr\u1ecb l\u00ean \u0111\u1ebfn 10.932.000\u0111 \u00e1p d\u1ee5ng \u0111\u1ebfn h\u1ebft 30\/9\/2023!   Qu\u00e9t VNPAY gi\u1ea3m th\u00eam 10%.  02\u00a0G\u1ed1i Poly Dunlopillo White Cloud\u00a0tr\u1ecb gi\u00e1 560.000\u0111.  01 \u00f4 Dunlopillo.  \u01afu \u0111\u00e3i kh\u00e1c  T\u1eb7ng g\u00f3i v\u1ec7 sinh \u0111\u1ec7m mi\u1ec5n ph\u00ed trong 2 n\u0103m \u0111\u1ea7u.  T\u1eb7ng Voucher 100k khi follow Zalo OA \u0110\u1ec7m Xinh Luxury.\" \/>\n<meta property=\"og:url\" content=\"https:\/\/pluginviet.com\/mau48\/san-pham\/dem-lo-xo-dunlopillo-royal-beauty-11\/\" \/>\n<meta property=\"og:site_name\" content=\"TH \u00c1 CH\u00c2U\" \/>\n<meta property=\"article:modified_time\" content=\"2023-10-09T17:26:14+00:00\" \/>\n<meta property=\"og:image\" content=\"https:\/\/pluginviet.com\/mau48\/wp-content\/uploads\/2023\/10\/royal-tw-latex-min.png\" \/>\n\t<meta property=\"og:image:width\" content=\"1000\" \/>\n\t<meta property=\"og:image:height\" content=\"1000\" \/>\n\t<meta property=\"og:image:type\" content=\"image\/png\" \/>\n<meta name=\"twitter:card\" content=\"summary_large_image\" \/>\n<meta name=\"twitter:label1\" content=\"\u01af\u1edbc t\u00ednh th\u1eddi gian \u0111\u1ecdc\" \/>\n\t<meta name=\"twitter:data1\" content=\"2 ph\u00fat\" \/>\n<script type=\"application\/ld+json\" class=\"yoast-schema-graph\">{\"@context\":\"https:\/\/schema.org\",\"@graph\":[{\"@type\":\"WebPage\",\"@id\":\"https:\/\/pluginviet.com\/mau48\/san-pham\/dem-lo-xo-dunlopillo-royal-beauty-11\/\",\"url\":\"https:\/\/pluginviet.com\/mau48\/san-pham\/dem-lo-xo-dunlopillo-royal-beauty-11\/\",\"name\":\"\u0110\u1ec7m L\u00f2 Xo Dunlopillo Royal Beauty 11 - TH \u00c1 CH\u00c2U\",\"isPartOf\":{\"@id\":\"https:\/\/pluginviet.com\/mau48\/#website\"},\"datePublished\":\"2023-10-08T11:17:27+00:00\",\"dateModified\":\"2023-10-09T17:26:14+00:00\",\"breadcrumb\":{\"@id\":\"https:\/\/pluginviet.com\/mau48\/san-pham\/dem-lo-xo-dunlopillo-royal-beauty-11\/#breadcrumb\"},\"inLanguage\":\"vi\",\"potentialAction\":[{\"@type\":\"ReadAction\",\"target\":[\"https:\/\/pluginviet.com\/mau48\/san-pham\/dem-lo-xo-dunlopillo-royal-beauty-11\/\"]}]},{\"@type\":\"BreadcrumbList\",\"@id\":\"https:\/\/pluginviet.com\/mau48\/san-pham\/dem-lo-xo-dunlopillo-royal-beauty-11\/#breadcrumb\",\"itemListElement\":[{\"@type\":\"ListItem\",\"position\":1,\"name\":\"Trang ch\u1ee7\",\"item\":\"https:\/\/pluginviet.com\/mau48\/\"},{\"@type\":\"ListItem\",\"position\":2,\"name\":\"Shop\",\"item\":\"https:\/\/pluginviet.com\/mau48\/shop\/\"},{\"@type\":\"ListItem\",\"position\":3,\"name\":\"\u0110\u1ec7m L\u00f2 Xo Dunlopillo Royal Beauty 11\"}]},{\"@type\":\"WebSite\",\"@id\":\"https:\/\/pluginviet.com\/mau48\/#website\",\"url\":\"https:\/\/pluginviet.com\/mau48\/\",\"name\":\"TH \u00c1 CH\u00c2U\",\"description\":\"\",\"potentialAction\":[{\"@type\":\"SearchAction\",\"target\":{\"@type\":\"EntryPoint\",\"urlTemplate\":\"https:\/\/pluginviet.com\/mau48\/?s={search_term_string}\"},\"query-input\":\"required name=search_term_string\"}],\"inLanguage\":\"vi\"}]}<\/script>\n<!-- \/ Yoast SEO plugin. -->","yoast_head_json":{"title":"\u0110\u1ec7m L\u00f2 Xo Dunlopillo Royal Beauty 11 - TH \u00c1 CH\u00c2U","robots":{"index":"index","follow":"follow","max-snippet":"max-snippet:-1","max-image-preview":"max-image-preview:large","max-video-preview":"max-video-preview:-1"},"canonical":"https:\/\/pluginviet.com\/mau48\/san-pham\/dem-lo-xo-dunlopillo-royal-beauty-11\/","og_locale":"vi_VN","og_type":"article","og_title":"\u0110\u1ec7m L\u00f2 Xo Dunlopillo Royal Beauty 11 - TH \u00c1 CH\u00c2U","og_description":"Gi\u00e1 tr\u1ecb l\u00ean \u0111\u1ebfn 10.932.000\u0111 \u00e1p d\u1ee5ng \u0111\u1ebfn h\u1ebft 30\/9\/2023!   Qu\u00e9t VNPAY gi\u1ea3m th\u00eam 10%.  02\u00a0G\u1ed1i Poly Dunlopillo White Cloud\u00a0tr\u1ecb gi\u00e1 560.000\u0111.  01 \u00f4 Dunlopillo.  \u01afu \u0111\u00e3i kh\u00e1c  T\u1eb7ng g\u00f3i v\u1ec7 sinh \u0111\u1ec7m mi\u1ec5n ph\u00ed trong 2 n\u0103m \u0111\u1ea7u.  T\u1eb7ng Voucher 100k khi follow Zalo OA \u0110\u1ec7m Xinh Luxury.","og_url":"https:\/\/pluginviet.com\/mau48\/san-pham\/dem-lo-xo-dunlopillo-royal-beauty-11\/","og_site_name":"TH \u00c1 CH\u00c2U","article_modified_time":"2023-10-09T17:26:14+00:00","og_image":[{"width":1000,"height":1000,"url":"https:\/\/pluginviet.com\/mau48\/wp-content\/uploads\/2023\/10\/royal-tw-latex-min.png","type":"image\/png"}],"twitter_card":"summary_large_image","twitter_misc":{"\u01af\u1edbc t\u00ednh th\u1eddi gian \u0111\u1ecdc":"2 ph\u00fat"},"schema":{"@context":"https:\/\/schema.org","@graph":[{"@type":"WebPage","@id":"https:\/\/pluginviet.com\/mau48\/san-pham\/dem-lo-xo-dunlopillo-royal-beauty-11\/","url":"https:\/\/pluginviet.com\/mau48\/san-pham\/dem-lo-xo-dunlopillo-royal-beauty-11\/","name":"\u0110\u1ec7m L\u00f2 Xo Dunlopillo Royal Beauty 11 - TH \u00c1 CH\u00c2U","isPartOf":{"@id":"https:\/\/pluginviet.com\/mau48\/#website"},"datePublished":"2023-10-08T11:17:27+00:00","dateModified":"2023-10-09T17:26:14+00:00","breadcrumb":{"@id":"https:\/\/pluginviet.com\/mau48\/san-pham\/dem-lo-xo-dunlopillo-royal-beauty-11\/#breadcrumb"},"inLanguage":"vi","potentialAction":[{"@type":"ReadAction","target":["https:\/\/pluginviet.com\/mau48\/san-pham\/dem-lo-xo-dunlopillo-royal-beauty-11\/"]}]},{"@type":"BreadcrumbList","@id":"https:\/\/pluginviet.com\/mau48\/san-pham\/dem-lo-xo-dunlopillo-royal-beauty-11\/#breadcrumb","itemListElement":[{"@type":"ListItem","position":1,"name":"Trang ch\u1ee7","item":"https:\/\/pluginviet.com\/mau48\/"},{"@type":"ListItem","position":2,"name":"Shop","item":"https:\/\/pluginviet.com\/mau48\/shop\/"},{"@type":"ListItem","position":3,"name":"\u0110\u1ec7m L\u00f2 Xo Dunlopillo Royal Beauty 11"}]},{"@type":"WebSite","@id":"https:\/\/pluginviet.com\/mau48\/#website","url":"https:\/\/pluginviet.com\/mau48\/","name":"TH \u00c1 CH\u00c2U","description":"","potentialAction":[{"@type":"SearchAction","target":{"@type":"EntryPoint","urlTemplate":"https:\/\/pluginviet.com\/mau48\/?s={search_term_string}"},"query-input":"required name=search_term_string"}],"inLanguage":"vi"}]}},"_links":{"self":[{"href":"https:\/\/pluginviet.com\/mau48\/wp-json\/wp\/v2\/product\/2168"}],"collection":[{"href":"https:\/\/pluginviet.com\/mau48\/wp-json\/wp\/v2\/product"}],"about":[{"href":"https:\/\/pluginviet.com\/mau48\/wp-json\/wp\/v2\/types\/product"}],"replies":[{"embeddable":true,"href":"https:\/\/pluginviet.com\/mau48\/wp-json\/wp\/v2\/comments?post=2168"}],"wp:featuredmedia":[{"embeddable":true,"href":"https:\/\/pluginviet.com\/mau48\/wp-json\/wp\/v2\/media\/2407"}],"wp:attachment":[{"href":"https:\/\/pluginviet.com\/mau48\/wp-json\/wp\/v2\/media?parent=2168"}],"wp:term":[{"taxonomy":"product_cat","embeddable":true,"href":"https:\/\/pluginviet.com\/mau48\/wp-json\/wp\/v2\/product_cat?post=2168"},{"taxonomy":"product_tag","embeddable":true,"href":"https:\/\/pluginviet.com\/mau48\/wp-json\/wp\/v2\/product_tag?post=2168"}],"curies":[{"name":"wp","href":"https:\/\/api.w.org\/{rel}","templated":true}]}}