{"id":1576,"date":"2023-05-11T10:12:56","date_gmt":"2023-05-11T10:12:56","guid":{"rendered":"https:\/\/khomaudep.com\/mep\/?post_type=product&#038;p=1576"},"modified":"2023-05-12T04:54:09","modified_gmt":"2023-05-12T04:54:09","slug":"thang-may-quan-sat-2","status":"publish","type":"product","link":"https:\/\/pluginviet.com\/mau47\/san-pham\/thang-may-quan-sat-2\/","title":{"rendered":"Thang m\u00e1y quan s\u00e1t"},"content":{"rendered":"<p>Thang m\u00e1y quan s\u00e1t l\u00e0 m\u1ed9t lo\u1ea1i thang m\u00e1y \u0111\u01b0\u1ee3c thi\u1ebft k\u1ebf \u0111\u1ec3 ch\u1edf kh\u00e1ch l\u00ean c\u00e1c t\u1ea7ng cao c\u1ee7a t\u00f2a nh\u00e0 v\u00e0 \u0111\u1ed3ng th\u1eddi c\u0169ng c\u00f3 ch\u1ee9c n\u0103ng quan s\u00e1t c\u1ea3nh quan b\u00ean ngo\u00e0i t\u00f2a nh\u00e0. Thang m\u00e1y quan s\u00e1t th\u01b0\u1eddng \u0111\u01b0\u1ee3c trang b\u1ecb c\u00e1c t\u1ea7m nh\u00ecn r\u1ed9ng v\u00e0 c\u00e1c c\u1eeda k\u00ednh trong su\u1ed1t \u0111\u1ec3 cho kh\u00e1ch h\u00e0ng c\u00f3 th\u1ec3 ng\u1eafm nh\u00ecn quang c\u1ea3nh t\u1eeb \u0111\u1ed9 cao. Ngo\u00e0i t\u00ednh n\u0103ng quan s\u00e1t, thang m\u00e1y quan s\u00e1t th\u01b0\u1eddng c\u00f3 thi\u1ebft k\u1ebf sang tr\u1ecdng, \u0111\u1eb3ng c\u1ea5p v\u00e0 \u0111\u01b0\u1ee3c trang tr\u00ed \u0111\u1eb9p m\u1eaft \u0111\u1ec3 t\u1ea1o s\u1ef1 tho\u1ea3i m\u00e1i v\u00e0 \u0111\u1eb3ng c\u1ea5p cho kh\u00e1ch h\u00e0ng s\u1eed d\u1ee5ng.<\/p>\n<p><img loading=\"lazy\" decoding=\"async\" class=\"size-medium wp-image-1566 aligncenter\" src=\"https:\/\/khomaudep.com\/mep\/wp-content\/uploads\/2023\/05\/thangmayquansat-800x350.png\" alt=\"\" width=\"800\" height=\"350\" srcset=\"https:\/\/pluginviet.com\/mau47\/wp-content\/uploads\/2023\/05\/thangmayquansat-800x350.png 800w, https:\/\/pluginviet.com\/mau47\/wp-content\/uploads\/2023\/05\/thangmayquansat-768x336.png 768w, https:\/\/pluginviet.com\/mau47\/wp-content\/uploads\/2023\/05\/thangmayquansat-600x262.png 600w, https:\/\/pluginviet.com\/mau47\/wp-content\/uploads\/2023\/05\/thangmayquansat.png 915w\" sizes=\"(max-width: 800px) 100vw, 800px\" \/><\/p>\n","protected":false},"excerpt":{"rendered":"<p>L\u00e0 d\u00f2ng thang m\u00e1y v\u1eeba c\u00f3 th\u1ec3 \u0111\u1ed3ng th\u1eddi \u0111\u00e1p \u1ee9ng c\u00f4ng n\u0103ng di chuy\u1ec3n v\u1eeba n\u00e2ng cao gi\u00e1 tr\u1ecb th\u1ea9m m\u1ef9, ki\u1ebfn tr\u00fac cho ng\u00f4i nh\u00e0 v\u1edbi b\u1ed1n m\u1eb7t xung quanh l\u00e0 k\u00ednh d\u1ec5 d\u00e0ng quan s\u00e1t c\u1ea3nh v\u1eadt xung quanh.<\/p>\n","protected":false},"featured_media":1571,"comment_status":"open","ping_status":"closed","template":"","meta":[],"product_cat":[15],"product_tag":[],"yoast_head":"<!-- This site is optimized with the Yoast SEO plugin v21.5 - https:\/\/yoast.com\/wordpress\/plugins\/seo\/ -->\n<title>Thang m\u00e1y quan s\u00e1t - C\u00d4NG TY C\u1ed4 PH\u1ea6N K\u1ef8 THU\u1eacT MEP<\/title>\n<meta name=\"robots\" content=\"index, follow, max-snippet:-1, max-image-preview:large, max-video-preview:-1\" \/>\n<link rel=\"canonical\" href=\"https:\/\/pluginviet.com\/mau47\/san-pham\/thang-may-quan-sat-2\/\" \/>\n<meta property=\"og:locale\" content=\"vi_VN\" \/>\n<meta property=\"og:type\" content=\"article\" \/>\n<meta property=\"og:title\" content=\"Thang m\u00e1y quan s\u00e1t - C\u00d4NG TY C\u1ed4 PH\u1ea6N K\u1ef8 THU\u1eacT MEP\" \/>\n<meta property=\"og:description\" content=\"L\u00e0 d\u00f2ng thang m\u00e1y v\u1eeba c\u00f3 th\u1ec3 \u0111\u1ed3ng th\u1eddi \u0111\u00e1p \u1ee9ng c\u00f4ng n\u0103ng di chuy\u1ec3n v\u1eeba n\u00e2ng cao gi\u00e1 tr\u1ecb th\u1ea9m m\u1ef9, ki\u1ebfn tr\u00fac cho ng\u00f4i nh\u00e0 v\u1edbi b\u1ed1n m\u1eb7t xung quanh l\u00e0 k\u00ednh d\u1ec5 d\u00e0ng quan s\u00e1t c\u1ea3nh v\u1eadt xung quanh.\" \/>\n<meta property=\"og:url\" content=\"https:\/\/pluginviet.com\/mau47\/san-pham\/thang-may-quan-sat-2\/\" \/>\n<meta property=\"og:site_name\" content=\"C\u00d4NG TY C\u1ed4 PH\u1ea6N K\u1ef8 THU\u1eacT MEP\" \/>\n<meta property=\"article:modified_time\" content=\"2023-05-12T04:54:09+00:00\" \/>\n<meta property=\"og:image\" content=\"https:\/\/pluginviet.com\/mau47\/wp-content\/uploads\/2023\/05\/kich-thuoc-thang-may-quan-sat.jpg\" \/>\n\t<meta property=\"og:image:width\" content=\"600\" \/>\n\t<meta property=\"og:image:height\" content=\"400\" \/>\n\t<meta property=\"og:image:type\" content=\"image\/jpeg\" \/>\n<meta name=\"twitter:card\" content=\"summary_large_image\" \/>\n<meta name=\"twitter:label1\" content=\"\u01af\u1edbc t\u00ednh th\u1eddi gian \u0111\u1ecdc\" \/>\n\t<meta name=\"twitter:data1\" content=\"1 ph\u00fat\" \/>\n<script type=\"application\/ld+json\" class=\"yoast-schema-graph\">{\"@context\":\"https:\/\/schema.org\",\"@graph\":[{\"@type\":\"WebPage\",\"@id\":\"https:\/\/pluginviet.com\/mau47\/san-pham\/thang-may-quan-sat-2\/\",\"url\":\"https:\/\/pluginviet.com\/mau47\/san-pham\/thang-may-quan-sat-2\/\",\"name\":\"Thang m\u00e1y quan s\u00e1t - C\u00d4NG TY C\u1ed4 PH\u1ea6N K\u1ef8 THU\u1eacT MEP\",\"isPartOf\":{\"@id\":\"https:\/\/pluginviet.com\/mau47\/#website\"},\"datePublished\":\"2023-05-11T10:12:56+00:00\",\"dateModified\":\"2023-05-12T04:54:09+00:00\",\"breadcrumb\":{\"@id\":\"https:\/\/pluginviet.com\/mau47\/san-pham\/thang-may-quan-sat-2\/#breadcrumb\"},\"inLanguage\":\"vi\",\"potentialAction\":[{\"@type\":\"ReadAction\",\"target\":[\"https:\/\/pluginviet.com\/mau47\/san-pham\/thang-may-quan-sat-2\/\"]}]},{\"@type\":\"BreadcrumbList\",\"@id\":\"https:\/\/pluginviet.com\/mau47\/san-pham\/thang-may-quan-sat-2\/#breadcrumb\",\"itemListElement\":[{\"@type\":\"ListItem\",\"position\":1,\"name\":\"Trang ch\u1ee7\",\"item\":\"https:\/\/pluginviet.com\/mau47\/\"},{\"@type\":\"ListItem\",\"position\":2,\"name\":\"C\u1eeda h\u00e0ng\",\"item\":\"https:\/\/pluginviet.com\/mau47\/cua-hang\/\"},{\"@type\":\"ListItem\",\"position\":3,\"name\":\"Thang m\u00e1y quan s\u00e1t\"}]},{\"@type\":\"WebSite\",\"@id\":\"https:\/\/pluginviet.com\/mau47\/#website\",\"url\":\"https:\/\/pluginviet.com\/mau47\/\",\"name\":\"C\u00d4NG TY C\u1ed4 PH\u1ea6N K\u1ef8 THU\u1eacT MEP\",\"description\":\"\",\"potentialAction\":[{\"@type\":\"SearchAction\",\"target\":{\"@type\":\"EntryPoint\",\"urlTemplate\":\"https:\/\/pluginviet.com\/mau47\/?s={search_term_string}\"},\"query-input\":\"required name=search_term_string\"}],\"inLanguage\":\"vi\"}]}<\/script>\n<!-- \/ Yoast SEO plugin. -->","yoast_head_json":{"title":"Thang m\u00e1y quan s\u00e1t - C\u00d4NG TY C\u1ed4 PH\u1ea6N K\u1ef8 THU\u1eacT MEP","robots":{"index":"index","follow":"follow","max-snippet":"max-snippet:-1","max-image-preview":"max-image-preview:large","max-video-preview":"max-video-preview:-1"},"canonical":"https:\/\/pluginviet.com\/mau47\/san-pham\/thang-may-quan-sat-2\/","og_locale":"vi_VN","og_type":"article","og_title":"Thang m\u00e1y quan s\u00e1t - C\u00d4NG TY C\u1ed4 PH\u1ea6N K\u1ef8 THU\u1eacT MEP","og_description":"L\u00e0 d\u00f2ng thang m\u00e1y v\u1eeba c\u00f3 th\u1ec3 \u0111\u1ed3ng th\u1eddi \u0111\u00e1p \u1ee9ng c\u00f4ng n\u0103ng di chuy\u1ec3n v\u1eeba n\u00e2ng cao gi\u00e1 tr\u1ecb th\u1ea9m m\u1ef9, ki\u1ebfn tr\u00fac cho ng\u00f4i nh\u00e0 v\u1edbi b\u1ed1n m\u1eb7t xung quanh l\u00e0 k\u00ednh d\u1ec5 d\u00e0ng quan s\u00e1t c\u1ea3nh v\u1eadt xung quanh.","og_url":"https:\/\/pluginviet.com\/mau47\/san-pham\/thang-may-quan-sat-2\/","og_site_name":"C\u00d4NG TY C\u1ed4 PH\u1ea6N K\u1ef8 THU\u1eacT MEP","article_modified_time":"2023-05-12T04:54:09+00:00","og_image":[{"width":600,"height":400,"url":"https:\/\/pluginviet.com\/mau47\/wp-content\/uploads\/2023\/05\/kich-thuoc-thang-may-quan-sat.jpg","type":"image\/jpeg"}],"twitter_card":"summary_large_image","twitter_misc":{"\u01af\u1edbc t\u00ednh th\u1eddi gian \u0111\u1ecdc":"1 ph\u00fat"},"schema":{"@context":"https:\/\/schema.org","@graph":[{"@type":"WebPage","@id":"https:\/\/pluginviet.com\/mau47\/san-pham\/thang-may-quan-sat-2\/","url":"https:\/\/pluginviet.com\/mau47\/san-pham\/thang-may-quan-sat-2\/","name":"Thang m\u00e1y quan s\u00e1t - C\u00d4NG TY C\u1ed4 PH\u1ea6N K\u1ef8 THU\u1eacT MEP","isPartOf":{"@id":"https:\/\/pluginviet.com\/mau47\/#website"},"datePublished":"2023-05-11T10:12:56+00:00","dateModified":"2023-05-12T04:54:09+00:00","breadcrumb":{"@id":"https:\/\/pluginviet.com\/mau47\/san-pham\/thang-may-quan-sat-2\/#breadcrumb"},"inLanguage":"vi","potentialAction":[{"@type":"ReadAction","target":["https:\/\/pluginviet.com\/mau47\/san-pham\/thang-may-quan-sat-2\/"]}]},{"@type":"BreadcrumbList","@id":"https:\/\/pluginviet.com\/mau47\/san-pham\/thang-may-quan-sat-2\/#breadcrumb","itemListElement":[{"@type":"ListItem","position":1,"name":"Trang ch\u1ee7","item":"https:\/\/pluginviet.com\/mau47\/"},{"@type":"ListItem","position":2,"name":"C\u1eeda h\u00e0ng","item":"https:\/\/pluginviet.com\/mau47\/cua-hang\/"},{"@type":"ListItem","position":3,"name":"Thang m\u00e1y quan s\u00e1t"}]},{"@type":"WebSite","@id":"https:\/\/pluginviet.com\/mau47\/#website","url":"https:\/\/pluginviet.com\/mau47\/","name":"C\u00d4NG TY C\u1ed4 PH\u1ea6N K\u1ef8 THU\u1eacT MEP","description":"","potentialAction":[{"@type":"SearchAction","target":{"@type":"EntryPoint","urlTemplate":"https:\/\/pluginviet.com\/mau47\/?s={search_term_string}"},"query-input":"required name=search_term_string"}],"inLanguage":"vi"}]}},"_links":{"self":[{"href":"https:\/\/pluginviet.com\/mau47\/wp-json\/wp\/v2\/product\/1576"}],"collection":[{"href":"https:\/\/pluginviet.com\/mau47\/wp-json\/wp\/v2\/product"}],"about":[{"href":"https:\/\/pluginviet.com\/mau47\/wp-json\/wp\/v2\/types\/product"}],"replies":[{"embeddable":true,"href":"https:\/\/pluginviet.com\/mau47\/wp-json\/wp\/v2\/comments?post=1576"}],"wp:featuredmedia":[{"embeddable":true,"href":"https:\/\/pluginviet.com\/mau47\/wp-json\/wp\/v2\/media\/1571"}],"wp:attachment":[{"href":"https:\/\/pluginviet.com\/mau47\/wp-json\/wp\/v2\/media?parent=1576"}],"wp:term":[{"taxonomy":"product_cat","embeddable":true,"href":"https:\/\/pluginviet.com\/mau47\/wp-json\/wp\/v2\/product_cat?post=1576"},{"taxonomy":"product_tag","embeddable":true,"href":"https:\/\/pluginviet.com\/mau47\/wp-json\/wp\/v2\/product_tag?post=1576"}],"curies":[{"name":"wp","href":"https:\/\/api.w.org\/{rel}","templated":true}]}}