{"id":1575,"date":"2023-05-11T10:12:55","date_gmt":"2023-05-11T10:12:55","guid":{"rendered":"https:\/\/khomaudep.com\/mep\/?post_type=product&#038;p=1575"},"modified":"2023-05-11T10:13:06","modified_gmt":"2023-05-11T10:13:06","slug":"thang-may-tai-hang-2","status":"publish","type":"product","link":"https:\/\/pluginviet.com\/mau47\/san-pham\/thang-may-tai-hang-2\/","title":{"rendered":"Thang m\u00e1y t\u1ea3i h\u00e0ng"},"content":{"rendered":"<p>Thang m\u00e1y t\u1ea3i h\u00e0ng l\u00e0 m\u1ed9t lo\u1ea1i thang m\u00e1y \u0111\u01b0\u1ee3c thi\u1ebft k\u1ebf \u0111\u1ec3 v\u1eadn chuy\u1ec3n c\u00e1c h\u00e0ng h\u00f3a, thi\u1ebft b\u1ecb v\u00e0 v\u1eadt d\u1ee5ng t\u1eeb m\u1ed9t t\u1ea7ng c\u1ee7a t\u00f2a nh\u00e0 l\u00ean c\u00e1c t\u1ea7ng kh\u00e1c. Thang m\u00e1y t\u1ea3i h\u00e0ng c\u00f3 thi\u1ebft k\u1ebf kh\u00e1c bi\u1ec7t so v\u1edbi thang m\u00e1y ch\u1edf ng\u01b0\u1eddi, v\u1edbi kh\u1ea3 n\u0103ng ch\u1ecbu t\u1ea3i n\u1eb7ng v\u00e0 k\u00edch th\u01b0\u1edbc l\u1edbn h\u01a1n \u0111\u1ec3 \u0111\u00e1p \u1ee9ng nhu c\u1ea7u v\u1eadn chuy\u1ec3n h\u00e0ng h\u00f3a.<\/p>\n<p><img loading=\"lazy\" decoding=\"async\" class=\"size-medium wp-image-1568 aligncenter\" src=\"https:\/\/khomaudep.com\/mep\/wp-content\/uploads\/2023\/05\/thangmaytaihang-602x400.jpg\" alt=\"\" width=\"602\" height=\"400\" srcset=\"https:\/\/pluginviet.com\/mau47\/wp-content\/uploads\/2023\/05\/thangmaytaihang-602x400.jpg 602w, https:\/\/pluginviet.com\/mau47\/wp-content\/uploads\/2023\/05\/thangmaytaihang-768x510.jpg 768w, https:\/\/pluginviet.com\/mau47\/wp-content\/uploads\/2023\/05\/thangmaytaihang-600x398.jpg 600w, https:\/\/pluginviet.com\/mau47\/wp-content\/uploads\/2023\/05\/thangmaytaihang.jpg 1024w\" sizes=\"(max-width: 602px) 100vw, 602px\" \/><\/p>\n<p>Thang m\u00e1y t\u1ea3i h\u00e0ng c\u00f3 th\u1ec3 \u0111\u01b0\u1ee3c s\u1eed d\u1ee5ng trong c\u00e1c khu c\u00f4ng nghi\u1ec7p, nh\u00e0 kho, c\u1eeda h\u00e0ng b\u00e1n l\u1ebb, si\u00eau th\u1ecb, t\u00f2a nh\u00e0 v\u0103n ph\u00f2ng v\u00e0 c\u00e1c t\u00f2a nh\u00e0 chung c\u01b0 \u0111\u1ec3 v\u1eadn chuy\u1ec3n h\u00e0ng h\u00f3a l\u00ean c\u00e1c t\u1ea7ng cao. Thang m\u00e1y t\u1ea3i h\u00e0ng th\u01b0\u1eddng \u0111\u01b0\u1ee3c trang b\u1ecb c\u00e1c c\u1eeda m\u1edf r\u1ed9ng v\u00e0 t\u1ee7 ch\u1ee9a h\u00e0ng h\u00f3a \u0111\u1ec3 \u0111\u1ea3m b\u1ea3o an to\u00e0n v\u00e0 ti\u1ec7n l\u1ee3i cho qu\u00e1 tr\u00ecnh v\u1eadn chuy\u1ec3n.<\/p>\n","protected":false},"excerpt":{"rendered":"<p>D\u00f2ng thang m\u00e1y chuy\u00ean d\u00f9ng trong vi\u1ec7c v\u1eadn chuy\u1ec3n h\u00e0ng h\u00f3a, thi\u1ebft b\u1ecb&#8230; trong h\u1ea7u kh\u1eafp c\u00e1c kh\u00e1ch s\u1ea1n, nh\u00e0 h\u00e0ng cao c\u1ea5p, c\u00f4ng x\u01b0\u1edfng, khu ch\u1ebf bi\u1ebfn.<\/p>\n","protected":false},"featured_media":1570,"comment_status":"open","ping_status":"closed","template":"","meta":[],"product_cat":[15],"product_tag":[],"yoast_head":"<!-- This site is optimized with the Yoast SEO plugin v21.5 - https:\/\/yoast.com\/wordpress\/plugins\/seo\/ -->\n<title>Thang m\u00e1y t\u1ea3i h\u00e0ng - C\u00d4NG TY C\u1ed4 PH\u1ea6N K\u1ef8 THU\u1eacT MEP<\/title>\n<meta name=\"robots\" content=\"index, follow, max-snippet:-1, max-image-preview:large, max-video-preview:-1\" \/>\n<link rel=\"canonical\" href=\"https:\/\/pluginviet.com\/mau47\/san-pham\/thang-may-tai-hang-2\/\" \/>\n<meta property=\"og:locale\" content=\"vi_VN\" \/>\n<meta property=\"og:type\" content=\"article\" \/>\n<meta property=\"og:title\" content=\"Thang m\u00e1y t\u1ea3i h\u00e0ng - C\u00d4NG TY C\u1ed4 PH\u1ea6N K\u1ef8 THU\u1eacT MEP\" \/>\n<meta property=\"og:description\" content=\"D\u00f2ng thang m\u00e1y chuy\u00ean d\u00f9ng trong vi\u1ec7c v\u1eadn chuy\u1ec3n h\u00e0ng h\u00f3a, thi\u1ebft b\u1ecb... trong h\u1ea7u kh\u1eafp c\u00e1c kh\u00e1ch s\u1ea1n, nh\u00e0 h\u00e0ng cao c\u1ea5p, c\u00f4ng x\u01b0\u1edfng, khu ch\u1ebf bi\u1ebfn.\" \/>\n<meta property=\"og:url\" content=\"https:\/\/pluginviet.com\/mau47\/san-pham\/thang-may-tai-hang-2\/\" \/>\n<meta property=\"og:site_name\" content=\"C\u00d4NG TY C\u1ed4 PH\u1ea6N K\u1ef8 THU\u1eacT MEP\" \/>\n<meta property=\"article:modified_time\" content=\"2023-05-11T10:13:06+00:00\" \/>\n<meta property=\"og:image\" content=\"https:\/\/pluginviet.com\/mau47\/wp-content\/uploads\/2023\/05\/3DFDF293E-3F8F-E625-B330-296E126DAE3C.jpg\" \/>\n\t<meta property=\"og:image:width\" content=\"600\" \/>\n\t<meta property=\"og:image:height\" content=\"400\" \/>\n\t<meta property=\"og:image:type\" content=\"image\/jpeg\" \/>\n<meta name=\"twitter:card\" content=\"summary_large_image\" \/>\n<meta name=\"twitter:label1\" content=\"\u01af\u1edbc t\u00ednh th\u1eddi gian \u0111\u1ecdc\" \/>\n\t<meta name=\"twitter:data1\" content=\"1 ph\u00fat\" \/>\n<script type=\"application\/ld+json\" class=\"yoast-schema-graph\">{\"@context\":\"https:\/\/schema.org\",\"@graph\":[{\"@type\":\"WebPage\",\"@id\":\"https:\/\/pluginviet.com\/mau47\/san-pham\/thang-may-tai-hang-2\/\",\"url\":\"https:\/\/pluginviet.com\/mau47\/san-pham\/thang-may-tai-hang-2\/\",\"name\":\"Thang m\u00e1y t\u1ea3i h\u00e0ng - C\u00d4NG TY C\u1ed4 PH\u1ea6N K\u1ef8 THU\u1eacT MEP\",\"isPartOf\":{\"@id\":\"https:\/\/pluginviet.com\/mau47\/#website\"},\"datePublished\":\"2023-05-11T10:12:55+00:00\",\"dateModified\":\"2023-05-11T10:13:06+00:00\",\"breadcrumb\":{\"@id\":\"https:\/\/pluginviet.com\/mau47\/san-pham\/thang-may-tai-hang-2\/#breadcrumb\"},\"inLanguage\":\"vi\",\"potentialAction\":[{\"@type\":\"ReadAction\",\"target\":[\"https:\/\/pluginviet.com\/mau47\/san-pham\/thang-may-tai-hang-2\/\"]}]},{\"@type\":\"BreadcrumbList\",\"@id\":\"https:\/\/pluginviet.com\/mau47\/san-pham\/thang-may-tai-hang-2\/#breadcrumb\",\"itemListElement\":[{\"@type\":\"ListItem\",\"position\":1,\"name\":\"Trang ch\u1ee7\",\"item\":\"https:\/\/pluginviet.com\/mau47\/\"},{\"@type\":\"ListItem\",\"position\":2,\"name\":\"C\u1eeda h\u00e0ng\",\"item\":\"https:\/\/pluginviet.com\/mau47\/cua-hang\/\"},{\"@type\":\"ListItem\",\"position\":3,\"name\":\"Thang m\u00e1y t\u1ea3i h\u00e0ng\"}]},{\"@type\":\"WebSite\",\"@id\":\"https:\/\/pluginviet.com\/mau47\/#website\",\"url\":\"https:\/\/pluginviet.com\/mau47\/\",\"name\":\"C\u00d4NG TY C\u1ed4 PH\u1ea6N K\u1ef8 THU\u1eacT MEP\",\"description\":\"\",\"potentialAction\":[{\"@type\":\"SearchAction\",\"target\":{\"@type\":\"EntryPoint\",\"urlTemplate\":\"https:\/\/pluginviet.com\/mau47\/?s={search_term_string}\"},\"query-input\":\"required name=search_term_string\"}],\"inLanguage\":\"vi\"}]}<\/script>\n<!-- \/ Yoast SEO plugin. -->","yoast_head_json":{"title":"Thang m\u00e1y t\u1ea3i h\u00e0ng - C\u00d4NG TY C\u1ed4 PH\u1ea6N K\u1ef8 THU\u1eacT MEP","robots":{"index":"index","follow":"follow","max-snippet":"max-snippet:-1","max-image-preview":"max-image-preview:large","max-video-preview":"max-video-preview:-1"},"canonical":"https:\/\/pluginviet.com\/mau47\/san-pham\/thang-may-tai-hang-2\/","og_locale":"vi_VN","og_type":"article","og_title":"Thang m\u00e1y t\u1ea3i h\u00e0ng - C\u00d4NG TY C\u1ed4 PH\u1ea6N K\u1ef8 THU\u1eacT MEP","og_description":"D\u00f2ng thang m\u00e1y chuy\u00ean d\u00f9ng trong vi\u1ec7c v\u1eadn chuy\u1ec3n h\u00e0ng h\u00f3a, thi\u1ebft b\u1ecb... trong h\u1ea7u kh\u1eafp c\u00e1c kh\u00e1ch s\u1ea1n, nh\u00e0 h\u00e0ng cao c\u1ea5p, c\u00f4ng x\u01b0\u1edfng, khu ch\u1ebf bi\u1ebfn.","og_url":"https:\/\/pluginviet.com\/mau47\/san-pham\/thang-may-tai-hang-2\/","og_site_name":"C\u00d4NG TY C\u1ed4 PH\u1ea6N K\u1ef8 THU\u1eacT MEP","article_modified_time":"2023-05-11T10:13:06+00:00","og_image":[{"width":600,"height":400,"url":"https:\/\/pluginviet.com\/mau47\/wp-content\/uploads\/2023\/05\/3DFDF293E-3F8F-E625-B330-296E126DAE3C.jpg","type":"image\/jpeg"}],"twitter_card":"summary_large_image","twitter_misc":{"\u01af\u1edbc t\u00ednh th\u1eddi gian \u0111\u1ecdc":"1 ph\u00fat"},"schema":{"@context":"https:\/\/schema.org","@graph":[{"@type":"WebPage","@id":"https:\/\/pluginviet.com\/mau47\/san-pham\/thang-may-tai-hang-2\/","url":"https:\/\/pluginviet.com\/mau47\/san-pham\/thang-may-tai-hang-2\/","name":"Thang m\u00e1y t\u1ea3i h\u00e0ng - C\u00d4NG TY C\u1ed4 PH\u1ea6N K\u1ef8 THU\u1eacT MEP","isPartOf":{"@id":"https:\/\/pluginviet.com\/mau47\/#website"},"datePublished":"2023-05-11T10:12:55+00:00","dateModified":"2023-05-11T10:13:06+00:00","breadcrumb":{"@id":"https:\/\/pluginviet.com\/mau47\/san-pham\/thang-may-tai-hang-2\/#breadcrumb"},"inLanguage":"vi","potentialAction":[{"@type":"ReadAction","target":["https:\/\/pluginviet.com\/mau47\/san-pham\/thang-may-tai-hang-2\/"]}]},{"@type":"BreadcrumbList","@id":"https:\/\/pluginviet.com\/mau47\/san-pham\/thang-may-tai-hang-2\/#breadcrumb","itemListElement":[{"@type":"ListItem","position":1,"name":"Trang ch\u1ee7","item":"https:\/\/pluginviet.com\/mau47\/"},{"@type":"ListItem","position":2,"name":"C\u1eeda h\u00e0ng","item":"https:\/\/pluginviet.com\/mau47\/cua-hang\/"},{"@type":"ListItem","position":3,"name":"Thang m\u00e1y t\u1ea3i h\u00e0ng"}]},{"@type":"WebSite","@id":"https:\/\/pluginviet.com\/mau47\/#website","url":"https:\/\/pluginviet.com\/mau47\/","name":"C\u00d4NG TY C\u1ed4 PH\u1ea6N K\u1ef8 THU\u1eacT MEP","description":"","potentialAction":[{"@type":"SearchAction","target":{"@type":"EntryPoint","urlTemplate":"https:\/\/pluginviet.com\/mau47\/?s={search_term_string}"},"query-input":"required name=search_term_string"}],"inLanguage":"vi"}]}},"_links":{"self":[{"href":"https:\/\/pluginviet.com\/mau47\/wp-json\/wp\/v2\/product\/1575"}],"collection":[{"href":"https:\/\/pluginviet.com\/mau47\/wp-json\/wp\/v2\/product"}],"about":[{"href":"https:\/\/pluginviet.com\/mau47\/wp-json\/wp\/v2\/types\/product"}],"replies":[{"embeddable":true,"href":"https:\/\/pluginviet.com\/mau47\/wp-json\/wp\/v2\/comments?post=1575"}],"wp:featuredmedia":[{"embeddable":true,"href":"https:\/\/pluginviet.com\/mau47\/wp-json\/wp\/v2\/media\/1570"}],"wp:attachment":[{"href":"https:\/\/pluginviet.com\/mau47\/wp-json\/wp\/v2\/media?parent=1575"}],"wp:term":[{"taxonomy":"product_cat","embeddable":true,"href":"https:\/\/pluginviet.com\/mau47\/wp-json\/wp\/v2\/product_cat?post=1575"},{"taxonomy":"product_tag","embeddable":true,"href":"https:\/\/pluginviet.com\/mau47\/wp-json\/wp\/v2\/product_tag?post=1575"}],"curies":[{"name":"wp","href":"https:\/\/api.w.org\/{rel}","templated":true}]}}