{"id":1563,"date":"2023-05-11T07:47:22","date_gmt":"2023-05-11T07:47:22","guid":{"rendered":"https:\/\/khomaudep.com\/mep\/?post_type=product&#038;p=1563"},"modified":"2023-05-12T04:54:24","modified_gmt":"2023-05-12T04:54:24","slug":"thang-may-gia-dinh","status":"publish","type":"product","link":"https:\/\/pluginviet.com\/mau47\/san-pham\/thang-may-gia-dinh\/","title":{"rendered":"Thang m\u00e1y gia \u0111\u00ecnh"},"content":{"rendered":"<p>Thang m\u00e1y t\u1ea3i kh\u00e1ch l\u00e0 s\u1ea3n ph\u1ea9m \u0111\u01b0\u1ee3c r\u1ea5t nhi\u1ec1u ng\u01b0\u1eddi \u01b0a chu\u1ed9ng trong su\u1ed1t th\u1eddi gian qua.<\/p>\n<p>Thang m\u00e1y t\u1ea3i kh\u00e1ch \u0111\u01b0\u1ee3c r\u1ea5t nhi\u1ec1u c\u00e1c \u0111\u01a1n v\u1ecb t\u1eeb nh\u00e0 h\u00e0ng, kh\u00e1ch s\u1ea1n, chung c\u01b0, trung t\u00e2m th\u01b0\u01a1ng m\u1ea1i c\u00f4ng ty, b\u1ec7nh vi\u1ec7n&#8230; l\u1ef1a ch\u1ecdn s\u1eed d\u1ee5ng cho nh\u1eefng m\u1ee5c \u0111\u00edch ri\u00eang c\u1ee7a m\u00ecnh. S\u1ea3n ph\u1ea9m \u0111\u01b0\u1ee3c s\u1ea3n xu\u1ea5t v\u1edbi r\u1ea5t nhi\u1ec1u c\u00f4ng d\u1ee5ng v\u00e0 t\u00ednh n\u0103ng kh\u00e1c nhau, gi\u00fap cho vi\u1ec7c di chuy\u1ec3n c\u1ee7a con ng\u01b0\u1eddi th\u00eam thu\u1eadn l\u1ee3i, ti\u1ebft ki\u1ec7m c\u00f4ng s\u1ee9c th\u1eddi gian, t\u0103ng hi\u1ec7u qu\u1ea3 n\u0103ng su\u1ea5t c\u00f4ng vi\u1ec7c.<\/p>\n<p>\u01afu \u0111i\u1ec3m n\u1ed5i tr\u1ed9i c\u1ee7a thang m\u00e1y t\u1ea3i kh\u00e1ch<\/p>\n<p><img loading=\"lazy\" decoding=\"async\" class=\"size-medium wp-image-1562 aligncenter\" src=\"https:\/\/khomaudep.com\/mep\/wp-content\/uploads\/2023\/05\/thangmaytaikhach-661x400.jpg\" alt=\"\" width=\"661\" height=\"400\" srcset=\"https:\/\/pluginviet.com\/mau47\/wp-content\/uploads\/2023\/05\/thangmaytaikhach-661x400.jpg 661w, https:\/\/pluginviet.com\/mau47\/wp-content\/uploads\/2023\/05\/thangmaytaikhach-1321x800.jpg 1321w, https:\/\/pluginviet.com\/mau47\/wp-content\/uploads\/2023\/05\/thangmaytaikhach-768x465.jpg 768w, https:\/\/pluginviet.com\/mau47\/wp-content\/uploads\/2023\/05\/thangmaytaikhach-1536x930.jpg 1536w, https:\/\/pluginviet.com\/mau47\/wp-content\/uploads\/2023\/05\/thangmaytaikhach-600x363.jpg 600w, https:\/\/pluginviet.com\/mau47\/wp-content\/uploads\/2023\/05\/thangmaytaikhach.jpg 2048w\" sizes=\"(max-width: 661px) 100vw, 661px\" \/><\/p>\n<p>&#8211; Thang m\u00e1y t\u1ea3i kh\u00e1ch c\u00f3 t\u1ea3i tr\u1ecdng \u0111a d\u1ea1ng t\u1eeb 300kg tr\u1edf l\u00ean, ph\u1ee5c v\u1ee5 ch\u1edf kh\u00e1ch v\u1edbi s\u1ed1 l\u01b0\u1ee3ng t\u1eeb 7 ng\u01b0\u1eddi tr\u1edf l\u00ean.<\/p>\n<p>&#8211; Thang m\u00e1y t\u1ea3i kh\u00e1ch \u0111\u01b0\u1ee3c l\u1eafp \u0111\u1eb7t ph\u1ed5 bi\u1ebfn t\u1ea1i c\u00e1c si\u00eau th\u1ecb l\u1edbn nh\u1ecf, trung t\u00e2m th\u01b0\u01a1ng m\u1ea1i, chung c\u01b0, h\u1ed9 gia \u0111\u00ecnh, trong b\u1ec7nh vi\u1ec7n c\u00e1c c\u00f4ng ty x\u00ed nghi\u1ec7p l\u1edbn nh\u1ecf&#8230; T\u00f9y theo t\u1eebng nhu c\u1ea7u m\u00e0 l\u1ef1a ch\u1ecdn t\u1ea3i tr\u1ecdng ph\u00f9 h\u1ee3p<\/p>\n<p>&#8211; Thang m\u00e1y t\u1ea3i kh\u00e1ch c\u00f3 m\u1eabu m\u00e3 \u0111a d\u1ea1ng, ki\u1ec3u d\u00e1ng phong ph\u00fa. Thang m\u00e1y t\u1ea3i kh\u00e1ch th\u01b0\u1eddng \u0111\u01b0\u1ee3c chia l\u00e0m hai lo\u1ea1i: nh\u1eadp kh\u1ea9u nguy\u00ean chi\u1ebfc ho\u1eb7c li\u00ean doanh s\u1ea3n xu\u1ea5t t\u1ea1i Vi\u1ec7t Nam.<\/p>\n<p>T\u00f9y theo nhu c\u1ea7u, di\u1ec7n t\u00edch c\u0169ng nh\u01b0 s\u1ed1 ng\u01b0\u1eddi chuy\u00ean ch\u1edf h\u00e0ng ng\u00e0y b\u1ea1n c\u00f3 th\u1ec3 l\u1ef1a ch\u1ecdn lo\u1ea1i thang m\u00e1y ch\u1edf kh\u00e1ch ph\u00f9 h\u1ee3p v\u1edbi nhu c\u1ea7u c\u1ee7a m\u00ecnh. V\u00e0 \u0111\u1ec3 ch\u1ecdn \u0111\u01b0\u1ee3c m\u1ed9t s\u1ea3n ph\u1ea9m t\u1ed1t th\u00ec \u0111\u1eebng qu\u00ean l\u1ef1a ch\u1ecdn \u0111\u00fang \u0111\u01a1n v\u1ecb cung c\u1ea5p s\u1ea3n ph\u1ea9m \u0111\u00f3 cho m\u00ecnh.<\/p>\n","protected":false},"excerpt":{"rendered":"<p>V\u1edbi k\u00edch th\u01b0\u1edbc nh\u1ecf g\u1ecdn, ti\u1ebft ki\u1ec7m di\u1ec7n t\u00edch, gi\u1ea3i ph\u00e1p x\u00e2y d\u1ef1ng \u0111\u01a1n gi\u1ea3n, gi\u00e1 th\u00e0nh h\u1ee3p l\u00fd. \u0110\u00e2y l\u00e0 d\u00f2ng thang m\u00e1y ph\u00f9 h\u1ee3p v\u1edbi c\u00e1c c\u00f4ng tr\u00ecnh nh\u00e0 \u1edf t\u01b0 nh\u00e2n, nh\u00e0 c\u1ea3i t\u1ea1o, bi\u1ec7t th\u1ef1 li\u1ec1n k\u1ec1.<\/p>\n","protected":false},"featured_media":1572,"comment_status":"open","ping_status":"closed","template":"","meta":[],"product_cat":[15],"product_tag":[],"yoast_head":"<!-- This site is optimized with the Yoast SEO plugin v21.5 - https:\/\/yoast.com\/wordpress\/plugins\/seo\/ -->\n<title>Thang m\u00e1y gia \u0111\u00ecnh - C\u00d4NG TY C\u1ed4 PH\u1ea6N K\u1ef8 THU\u1eacT MEP<\/title>\n<meta name=\"robots\" content=\"index, follow, max-snippet:-1, max-image-preview:large, max-video-preview:-1\" \/>\n<link rel=\"canonical\" href=\"https:\/\/pluginviet.com\/mau47\/san-pham\/thang-may-gia-dinh\/\" \/>\n<meta property=\"og:locale\" content=\"vi_VN\" \/>\n<meta property=\"og:type\" content=\"article\" \/>\n<meta property=\"og:title\" content=\"Thang m\u00e1y gia \u0111\u00ecnh - C\u00d4NG TY C\u1ed4 PH\u1ea6N K\u1ef8 THU\u1eacT MEP\" \/>\n<meta property=\"og:description\" content=\"V\u1edbi k\u00edch th\u01b0\u1edbc nh\u1ecf g\u1ecdn, ti\u1ebft ki\u1ec7m di\u1ec7n t\u00edch, gi\u1ea3i ph\u00e1p x\u00e2y d\u1ef1ng \u0111\u01a1n gi\u1ea3n, gi\u00e1 th\u00e0nh h\u1ee3p l\u00fd. \u0110\u00e2y l\u00e0 d\u00f2ng thang m\u00e1y ph\u00f9 h\u1ee3p v\u1edbi c\u00e1c c\u00f4ng tr\u00ecnh nh\u00e0 \u1edf t\u01b0 nh\u00e2n, nh\u00e0 c\u1ea3i t\u1ea1o, bi\u1ec7t th\u1ef1 li\u1ec1n k\u1ec1.\" \/>\n<meta property=\"og:url\" content=\"https:\/\/pluginviet.com\/mau47\/san-pham\/thang-may-gia-dinh\/\" \/>\n<meta property=\"og:site_name\" content=\"C\u00d4NG TY C\u1ed4 PH\u1ea6N K\u1ef8 THU\u1eacT MEP\" \/>\n<meta property=\"article:modified_time\" content=\"2023-05-12T04:54:24+00:00\" \/>\n<meta property=\"og:image\" content=\"https:\/\/pluginviet.com\/mau47\/wp-content\/uploads\/2023\/05\/thang-may-gia-dinh-getis-chuyen-minh-voi-dinh-vi-moi-2.jpg\" \/>\n\t<meta property=\"og:image:width\" content=\"600\" \/>\n\t<meta property=\"og:image:height\" content=\"400\" \/>\n\t<meta property=\"og:image:type\" content=\"image\/jpeg\" \/>\n<meta name=\"twitter:card\" content=\"summary_large_image\" \/>\n<meta name=\"twitter:label1\" content=\"\u01af\u1edbc t\u00ednh th\u1eddi gian \u0111\u1ecdc\" \/>\n\t<meta name=\"twitter:data1\" content=\"2 ph\u00fat\" \/>\n<script type=\"application\/ld+json\" class=\"yoast-schema-graph\">{\"@context\":\"https:\/\/schema.org\",\"@graph\":[{\"@type\":\"WebPage\",\"@id\":\"https:\/\/pluginviet.com\/mau47\/san-pham\/thang-may-gia-dinh\/\",\"url\":\"https:\/\/pluginviet.com\/mau47\/san-pham\/thang-may-gia-dinh\/\",\"name\":\"Thang m\u00e1y gia \u0111\u00ecnh - C\u00d4NG TY C\u1ed4 PH\u1ea6N K\u1ef8 THU\u1eacT MEP\",\"isPartOf\":{\"@id\":\"https:\/\/pluginviet.com\/mau47\/#website\"},\"datePublished\":\"2023-05-11T07:47:22+00:00\",\"dateModified\":\"2023-05-12T04:54:24+00:00\",\"breadcrumb\":{\"@id\":\"https:\/\/pluginviet.com\/mau47\/san-pham\/thang-may-gia-dinh\/#breadcrumb\"},\"inLanguage\":\"vi\",\"potentialAction\":[{\"@type\":\"ReadAction\",\"target\":[\"https:\/\/pluginviet.com\/mau47\/san-pham\/thang-may-gia-dinh\/\"]}]},{\"@type\":\"BreadcrumbList\",\"@id\":\"https:\/\/pluginviet.com\/mau47\/san-pham\/thang-may-gia-dinh\/#breadcrumb\",\"itemListElement\":[{\"@type\":\"ListItem\",\"position\":1,\"name\":\"Trang ch\u1ee7\",\"item\":\"https:\/\/pluginviet.com\/mau47\/\"},{\"@type\":\"ListItem\",\"position\":2,\"name\":\"C\u1eeda h\u00e0ng\",\"item\":\"https:\/\/pluginviet.com\/mau47\/cua-hang\/\"},{\"@type\":\"ListItem\",\"position\":3,\"name\":\"Thang m\u00e1y gia \u0111\u00ecnh\"}]},{\"@type\":\"WebSite\",\"@id\":\"https:\/\/pluginviet.com\/mau47\/#website\",\"url\":\"https:\/\/pluginviet.com\/mau47\/\",\"name\":\"C\u00d4NG TY C\u1ed4 PH\u1ea6N K\u1ef8 THU\u1eacT MEP\",\"description\":\"\",\"potentialAction\":[{\"@type\":\"SearchAction\",\"target\":{\"@type\":\"EntryPoint\",\"urlTemplate\":\"https:\/\/pluginviet.com\/mau47\/?s={search_term_string}\"},\"query-input\":\"required name=search_term_string\"}],\"inLanguage\":\"vi\"}]}<\/script>\n<!-- \/ Yoast SEO plugin. -->","yoast_head_json":{"title":"Thang m\u00e1y gia \u0111\u00ecnh - C\u00d4NG TY C\u1ed4 PH\u1ea6N K\u1ef8 THU\u1eacT MEP","robots":{"index":"index","follow":"follow","max-snippet":"max-snippet:-1","max-image-preview":"max-image-preview:large","max-video-preview":"max-video-preview:-1"},"canonical":"https:\/\/pluginviet.com\/mau47\/san-pham\/thang-may-gia-dinh\/","og_locale":"vi_VN","og_type":"article","og_title":"Thang m\u00e1y gia \u0111\u00ecnh - C\u00d4NG TY C\u1ed4 PH\u1ea6N K\u1ef8 THU\u1eacT MEP","og_description":"V\u1edbi k\u00edch th\u01b0\u1edbc nh\u1ecf g\u1ecdn, ti\u1ebft ki\u1ec7m di\u1ec7n t\u00edch, gi\u1ea3i ph\u00e1p x\u00e2y d\u1ef1ng \u0111\u01a1n gi\u1ea3n, gi\u00e1 th\u00e0nh h\u1ee3p l\u00fd. \u0110\u00e2y l\u00e0 d\u00f2ng thang m\u00e1y ph\u00f9 h\u1ee3p v\u1edbi c\u00e1c c\u00f4ng tr\u00ecnh nh\u00e0 \u1edf t\u01b0 nh\u00e2n, nh\u00e0 c\u1ea3i t\u1ea1o, bi\u1ec7t th\u1ef1 li\u1ec1n k\u1ec1.","og_url":"https:\/\/pluginviet.com\/mau47\/san-pham\/thang-may-gia-dinh\/","og_site_name":"C\u00d4NG TY C\u1ed4 PH\u1ea6N K\u1ef8 THU\u1eacT MEP","article_modified_time":"2023-05-12T04:54:24+00:00","og_image":[{"width":600,"height":400,"url":"https:\/\/pluginviet.com\/mau47\/wp-content\/uploads\/2023\/05\/thang-may-gia-dinh-getis-chuyen-minh-voi-dinh-vi-moi-2.jpg","type":"image\/jpeg"}],"twitter_card":"summary_large_image","twitter_misc":{"\u01af\u1edbc t\u00ednh th\u1eddi gian \u0111\u1ecdc":"2 ph\u00fat"},"schema":{"@context":"https:\/\/schema.org","@graph":[{"@type":"WebPage","@id":"https:\/\/pluginviet.com\/mau47\/san-pham\/thang-may-gia-dinh\/","url":"https:\/\/pluginviet.com\/mau47\/san-pham\/thang-may-gia-dinh\/","name":"Thang m\u00e1y gia \u0111\u00ecnh - C\u00d4NG TY C\u1ed4 PH\u1ea6N K\u1ef8 THU\u1eacT MEP","isPartOf":{"@id":"https:\/\/pluginviet.com\/mau47\/#website"},"datePublished":"2023-05-11T07:47:22+00:00","dateModified":"2023-05-12T04:54:24+00:00","breadcrumb":{"@id":"https:\/\/pluginviet.com\/mau47\/san-pham\/thang-may-gia-dinh\/#breadcrumb"},"inLanguage":"vi","potentialAction":[{"@type":"ReadAction","target":["https:\/\/pluginviet.com\/mau47\/san-pham\/thang-may-gia-dinh\/"]}]},{"@type":"BreadcrumbList","@id":"https:\/\/pluginviet.com\/mau47\/san-pham\/thang-may-gia-dinh\/#breadcrumb","itemListElement":[{"@type":"ListItem","position":1,"name":"Trang ch\u1ee7","item":"https:\/\/pluginviet.com\/mau47\/"},{"@type":"ListItem","position":2,"name":"C\u1eeda h\u00e0ng","item":"https:\/\/pluginviet.com\/mau47\/cua-hang\/"},{"@type":"ListItem","position":3,"name":"Thang m\u00e1y gia \u0111\u00ecnh"}]},{"@type":"WebSite","@id":"https:\/\/pluginviet.com\/mau47\/#website","url":"https:\/\/pluginviet.com\/mau47\/","name":"C\u00d4NG TY C\u1ed4 PH\u1ea6N K\u1ef8 THU\u1eacT MEP","description":"","potentialAction":[{"@type":"SearchAction","target":{"@type":"EntryPoint","urlTemplate":"https:\/\/pluginviet.com\/mau47\/?s={search_term_string}"},"query-input":"required name=search_term_string"}],"inLanguage":"vi"}]}},"_links":{"self":[{"href":"https:\/\/pluginviet.com\/mau47\/wp-json\/wp\/v2\/product\/1563"}],"collection":[{"href":"https:\/\/pluginviet.com\/mau47\/wp-json\/wp\/v2\/product"}],"about":[{"href":"https:\/\/pluginviet.com\/mau47\/wp-json\/wp\/v2\/types\/product"}],"replies":[{"embeddable":true,"href":"https:\/\/pluginviet.com\/mau47\/wp-json\/wp\/v2\/comments?post=1563"}],"wp:featuredmedia":[{"embeddable":true,"href":"https:\/\/pluginviet.com\/mau47\/wp-json\/wp\/v2\/media\/1572"}],"wp:attachment":[{"href":"https:\/\/pluginviet.com\/mau47\/wp-json\/wp\/v2\/media?parent=1563"}],"wp:term":[{"taxonomy":"product_cat","embeddable":true,"href":"https:\/\/pluginviet.com\/mau47\/wp-json\/wp\/v2\/product_cat?post=1563"},{"taxonomy":"product_tag","embeddable":true,"href":"https:\/\/pluginviet.com\/mau47\/wp-json\/wp\/v2\/product_tag?post=1563"}],"curies":[{"name":"wp","href":"https:\/\/api.w.org\/{rel}","templated":true}]}}