{"id":508,"date":"2019-03-06T08:02:34","date_gmt":"2019-03-06T08:02:34","guid":{"rendered":"https:\/\/cayxanhbachloc.vn\/?page_id=508"},"modified":"2023-05-29T07:48:18","modified_gmt":"2023-05-29T07:48:18","slug":"gioi-thieu","status":"publish","type":"page","link":"https:\/\/pluginviet.com\/mau47\/gioi-thieu\/","title":{"rendered":"Gi\u1edbi thi\u1ec7u"},"content":{"rendered":"<h3 style=\"text-align: center;\"><strong>V\u1ec0 CH\u00daNG T\u00d4I<\/strong><\/h3>\n<p>C\u00f4ng ty c\u1ed5 ph\u1ea7n k\u1ef9 thu\u1eadt Mep v\u1edbi th\u01b0\u01a1ng hi\u1ec7u MEP \u0111\u01b0\u1ee3c th\u00e0nh l\u1eadp n\u0103m 2016 t\u1ea1i H\u00e0 N\u1ed9i, MEP \u0111\u00e3 kh\u00f4ng ng\u1eebng ph\u00e1t tri\u1ec3n l\u1edbn m\u1ea1nh v\u00e0 tr\u1edf th\u00e0nh m\u1ed9t c\u00f4ng ty \u0111a ng\u00e0nh ngh\u1ec1 v\u1edbi s\u1ee9 m\u1ec7nh ki\u1ebfn t\u1ea1o nh\u1eefng gi\u00e1 tr\u1ecb b\u1ec1n v\u1eefng cho x\u00e3 h\u1ed9i.<\/p>\n<p>Mep hi\u1ec7n \u0111ang ho\u1ea1t \u0111\u1ed9ng v\u1edbi c\u00e1c l\u0129nh v\u1ef1c: S\u1ea3n xu\u1ea5t &#8211; th\u01b0\u01a1ng m\u1ea1i nh\u00f3m ng\u00e0nh t\u1ee7 \u0111i\u1ec7n, thang m\u00e1y, m\u00e1y ph\u00e1t \u0111i\u1ec7n, busway, thi c\u00f4ng h\u1ec7 th\u1ed1ng c\u01a1 \u0111i\u1ec7n.<\/p>\n<p>Nh\u00e0 m\u00e1y \u0111\u01b0\u1ee3c \u0111\u1eb7t t\u1ea1i C\u1ee5m c\u00f4ng nghi\u1ec7p B\u00edch H\u00f2a, v\u1edbi di\u1ec7n t\u00edch h\u01a1n 2000 m\u00e9t vu\u00f4ng r\u1ed9ng r\u00e3i v\u00e0 hi\u1ec7n \u0111\u1ea1i, nh\u00e0 m\u00e1y Mep l\u00e0 n\u01a1i ch\u00fang t\u00f4i t\u1ea1o ra nh\u1eefng s\u1ea3n ph\u1ea9m ti\u00ean ti\u1ebfn v\u00e0 \u0111\u00e1ng tin c\u1eady. Ch\u00fang t\u00f4i t\u1ef1 h\u00e0o c\u00f3 m\u1ed9t \u0111\u1ed9i ng\u0169 c\u00f4ng nh\u00e2n v\u00e0 k\u1ef9 thu\u1eadt vi\u00ean gi\u00e0u kinh nghi\u1ec7m, \u0111am m\u00ea ngh\u1ec1 nghi\u1ec7p v\u00e0 lu\u00f4n ch\u00fa tr\u1ecdng \u0111\u1ebfn ch\u1ea5t l\u01b0\u1ee3ng. V\u1edbi s\u1ef1 t\u1eadn t\u1ee5y v\u00e0 kh\u1ea3 n\u0103ng s\u00e1ng t\u1ea1o c\u1ee7a m\u00ecnh, \u0111\u1ed9i ng\u0169 c\u1ee7a ch\u00fang t\u00f4i \u0111\u00e3 ho\u00e0n th\u00e0nh nhi\u1ec1u d\u1ef1 \u00e1n th\u00e0nh c\u00f4ng v\u00e0 nh\u1eadn \u0111\u01b0\u1ee3c s\u1ef1 c\u00f4ng nh\u1eadn t\u1eeb kh\u00e1ch h\u00e0ng tr\u00ean kh\u1eafp c\u1ea3 n\u01b0\u1edbc.<\/p>\n<p>V\u1edbi s\u1ea3n ph\u1ea9m thang m\u00e1y Mep kh\u00f4ng ch\u1ec9 \u0111\u00e1p \u1ee9ng c\u00e1c ti\u00eau chu\u1ea9n an to\u00e0n v\u00e0 ch\u1ea5t l\u01b0\u1ee3ng cao, ch\u00fang t\u00f4i c\u00f2n lu\u00f4n t\u00ecm ki\u1ebfm c\u00e1ch n\u00e2ng cao an to\u00e0n, hi\u1ec7u su\u1ea5t v\u00e0 th\u1ea9m m\u1ef9 cho s\u1ea3n ph\u1ea9m c\u1ee7a m\u00ecnh. Ch\u00fang t\u00f4i hi\u1ec3u r\u1eb1ng thang m\u00e1y kh\u00f4ng ch\u1ec9 l\u00e0 m\u1ed9t ph\u01b0\u01a1ng ti\u1ec7n di chuy\u1ec3n, m\u00e0 c\u00f2n l\u00e0 m\u1ed9t ph\u1ea7n kh\u00f4ng th\u1ec3 thi\u1ebfu c\u1ee7a ki\u1ebfn tr\u00fac v\u00e0 phong c\u00e1ch s\u1ed1ng hi\u1ec7n \u0111\u1ea1i.<\/p>\n<p>B\u00ean c\u1ea1nh nh\u00e0 m\u00e1y s\u1ea3n xu\u1ea5t, ch\u00fang t\u00f4i c\u0169ng c\u00f3 m\u1ed9t v\u0103n ph\u00f2ng giao d\u1ecbch t\u1ea1i M\u1ed7 Lao &#8211; H\u00e0 \u0110\u00f4ng, n\u01a1i ch\u00fang t\u00f4i t\u1ea1o \u0111i\u1ec1u ki\u1ec7n thu\u1eadn l\u1ee3i cho vi\u1ec7c t\u01b0 v\u1ea5n, h\u1ed7 tr\u1ee3 k\u1ef9 thu\u1eadt v\u00e0 x\u1eed l\u00fd c\u00e1c y\u00eau c\u1ea7u c\u1ee7a kh\u00e1ch h\u00e0ng. \u0110\u1ed9i ng\u0169 k\u1ef9 thu\u1eadt vi\u00ean gi\u00e0u kinh nghi\u1ec7m c\u1ee7a ch\u00fang t\u00f4i s\u1ebd lu\u00f4n s\u1eb5n l\u00f2ng \u0111\u1ed3ng h\u00e0nh v\u00e0 \u0111\u00e1p \u1ee9ng m\u1ecdi nhu c\u1ea7u c\u1ee7a b\u1ea1n.<\/p>\n<p>V\u1edbi cam k\u1ebft mang l\u1ea1i s\u1ef1 h\u00e0i l\u00f2ng tuy\u1ec7t \u0111\u1ed1i cho kh\u00e1ch h\u00e0ng, ch\u00fang t\u00f4i kh\u00f4ng ng\u1eebng n\u1ed7 l\u1ef1c \u0111\u1ec3 cung c\u1ea5p gi\u1ea3i ph\u00e1p thang m\u00e1y t\u1ed1t nh\u1ea5t, t\u1eeb thi\u1ebft k\u1ebf, l\u1eafp \u0111\u1eb7t \u0111\u1ebfn b\u1ea3o tr\u00ec v\u00e0 d\u1ecbch v\u1ee5 h\u1eadu m\u00e3i. Ch\u00fang t\u00f4i \u0111\u00e1nh gi\u00e1 cao m\u1ed1i quan h\u1ec7 l\u00e2u d\u00e0i v\u1edbi kh\u00e1ch h\u00e0ng v\u00e0 tin t\u01b0\u1edfng r\u1eb1ng s\u1ef1 th\u00e0nh c\u00f4ng c\u1ee7a ch\u00fang t\u00f4i ph\u1ee5 thu\u1ed9c v\u00e0o s\u1ef1 th\u00e0nh c\u00f4ng c\u1ee7a Kh\u00e1ch h\u00e0ng.<\/p>\n<p>Ch\u00fang t\u00f4i hi\u1ec3u r\u1eb1ng m\u1ed7i d\u1ef1 \u00e1n thang m\u00e1y \u0111\u1ec1u c\u00f3 y\u00eau c\u1ea7u \u0111\u1eb7c th\u00f9 ri\u00eang, v\u00ec v\u1eady ch\u00fang t\u00f4i lu\u00f4n l\u1eafng nghe v\u00e0 t\u00ecm hi\u1ec3u s\u00e2u v\u1ec1 nhu c\u1ea7u c\u1ee7a kh\u00e1ch h\u00e0ng. T\u1eeb \u0111\u00f3, ch\u00fang t\u00f4i \u0111\u01b0a ra nh\u1eefng gi\u1ea3i ph\u00e1p t\u00f9y ch\u1ec9nh, ph\u00f9 h\u1ee3p v\u1edbi kh\u00f4ng gian, ki\u1ebfn tr\u00fac v\u00e0 m\u1ee5c \u0111\u00edch s\u1eed d\u1ee5ng c\u1ee7a c\u00f4ng tr\u00ecnh.<\/p>\n<p>V\u1edbi vi\u1ec7c \u00e1p d\u1ee5ng c\u00f4ng ngh\u1ec7 ti\u00ean ti\u1ebfn v\u00e0 quy tr\u00ecnh s\u1ea3n xu\u1ea5t hi\u1ec7n \u0111\u1ea1i, ch\u00fang t\u00f4i cam k\u1ebft cung c\u1ea5p nh\u1eefng s\u1ea3n ph\u1ea9m thang m\u00e1y ch\u1ea5t l\u01b0\u1ee3ng cao, b\u1ec1n b\u1ec9 v\u00e0 an to\u00e0n. Ch\u00fang t\u00f4i tu\u00e2n th\u1ee7 nghi\u00eam ng\u1eb7t c\u00e1c ti\u00eau chu\u1ea9n v\u00e0 quy \u0111\u1ecbnh ng\u00e0nh, \u0111\u1ea3m b\u1ea3o r\u1eb1ng c\u00e1c s\u1ea3n ph\u1ea9m c\u1ee7a ch\u00fang t\u00f4i lu\u00f4n \u0111\u00e1p \u1ee9ng \u0111\u01b0\u1ee3c y\u00eau c\u1ea7u k\u1ef9 thu\u1eadt v\u00e0 an to\u00e0n t\u1ed1i \u0111a.<\/p>\n<p>Ngo\u00e0i ra, ch\u00fang t\u00f4i c\u0169ng ch\u00fa tr\u1ecdng \u0111\u1ebfn d\u1ecbch v\u1ee5 h\u1eadu m\u00e3i v\u00e0 b\u1ea3o tr\u00ec thang m\u00e1y. \u0110\u1ed9i ng\u0169 k\u1ef9 thu\u1eadt vi\u00ean gi\u00e0u kinh nghi\u1ec7m c\u1ee7a ch\u00fang t\u00f4i s\u1ebd lu\u00f4n s\u1eb5n s\u00e0ng h\u1ed7 tr\u1ee3 b\u1ea1n trong vi\u1ec7c b\u1ea3o d\u01b0\u1ee1ng, s\u1eeda ch\u1eefa v\u00e0 n\u00e2ng c\u1ea5p thang m\u00e1y. Ch\u00fang t\u00f4i cam k\u1ebft \u0111\u1ea3m b\u1ea3o ho\u1ea1t \u0111\u1ed9ng li\u00ean t\u1ee5c v\u00e0 hi\u1ec7u su\u1ea5t t\u1ed1i \u01b0u c\u1ee7a h\u1ec7 th\u1ed1ng thang m\u00e1y c\u1ee7a b\u1ea1n.<\/p>\n<p>H\u00e3y li\u00ean h\u1ec7 v\u1edbi ch\u00fang t\u00f4i ngay h\u00f4m nay \u0111\u1ec3 kh\u00e1m ph\u00e1 th\u00eam v\u1ec1 c\u00e1c d\u1ecbch v\u1ee5 v\u00e0 gi\u1ea3i ph\u00e1p thang m\u00e1y m\u00e0 ch\u00fang t\u00f4i cung c\u1ea5p. Ch\u00fang t\u00f4i mong mu\u1ed1n \u0111\u01b0\u1ee3c l\u00e0m vi\u1ec7c c\u00f9ng qu\u00fd kh\u00e1ch h\u00e0ng v\u00e0 g\u00f3p ph\u1ea7n v\u00e0o th\u00e0nh c\u00f4ng c\u1ee7a c\u00f4ng tr\u00ecnh.<\/p>\n","protected":false},"excerpt":{"rendered":"<p>V\u1ec0 CH\u00daNG T\u00d4I C\u00f4ng ty c\u1ed5 ph\u1ea7n k\u1ef9 thu\u1eadt Mep v\u1edbi th\u01b0\u01a1ng hi\u1ec7u MEP \u0111\u01b0\u1ee3c th\u00e0nh l\u1eadp n\u0103m 2016 t\u1ea1i H\u00e0 N\u1ed9i, MEP \u0111\u00e3 kh\u00f4ng ng\u1eebng ph\u00e1t tri\u1ec3n l\u1edbn m\u1ea1nh v\u00e0 tr\u1edf th\u00e0nh m\u1ed9t c\u00f4ng ty \u0111a ng\u00e0nh ngh\u1ec1 v\u1edbi s\u1ee9 m\u1ec7nh ki\u1ebfn t\u1ea1o nh\u1eefng gi\u00e1 tr\u1ecb b\u1ec1n v\u1eefng cho x\u00e3 h\u1ed9i. Mep hi\u1ec7n \u0111ang [&#8230;]\n","protected":false},"author":1,"featured_media":0,"parent":0,"menu_order":0,"comment_status":"closed","ping_status":"closed","template":"","meta":{"footnotes":""},"yoast_head":"<!-- This site is optimized with the Yoast SEO plugin v21.5 - https:\/\/yoast.com\/wordpress\/plugins\/seo\/ -->\n<title>C\u00d4NG TY C\u1ed4 PH\u1ea6N K\u1ef8 THU\u1eacT MEP<\/title>\n<meta name=\"robots\" content=\"index, follow, max-snippet:-1, max-image-preview:large, max-video-preview:-1\" \/>\n<link rel=\"canonical\" href=\"https:\/\/pluginviet.com\/mau47\/gioi-thieu\/\" \/>\n<meta property=\"og:locale\" content=\"vi_VN\" \/>\n<meta property=\"og:type\" content=\"article\" \/>\n<meta property=\"og:title\" content=\"C\u00d4NG TY C\u1ed4 PH\u1ea6N K\u1ef8 THU\u1eacT MEP\" \/>\n<meta property=\"og:description\" content=\"V\u1ec0 CH\u00daNG T\u00d4I C\u00f4ng ty c\u1ed5 ph\u1ea7n k\u1ef9 thu\u1eadt Mep v\u1edbi th\u01b0\u01a1ng hi\u1ec7u MEP \u0111\u01b0\u1ee3c th\u00e0nh l\u1eadp n\u0103m 2016 t\u1ea1i H\u00e0 N\u1ed9i, MEP \u0111\u00e3 kh\u00f4ng ng\u1eebng ph\u00e1t tri\u1ec3n l\u1edbn m\u1ea1nh v\u00e0 tr\u1edf th\u00e0nh m\u1ed9t c\u00f4ng ty \u0111a ng\u00e0nh ngh\u1ec1 v\u1edbi s\u1ee9 m\u1ec7nh ki\u1ebfn t\u1ea1o nh\u1eefng gi\u00e1 tr\u1ecb b\u1ec1n v\u1eefng cho x\u00e3 h\u1ed9i. Mep hi\u1ec7n \u0111ang [...]\" \/>\n<meta property=\"og:url\" content=\"https:\/\/pluginviet.com\/mau47\/gioi-thieu\/\" \/>\n<meta property=\"og:site_name\" content=\"C\u00d4NG TY C\u1ed4 PH\u1ea6N K\u1ef8 THU\u1eacT MEP\" \/>\n<meta property=\"article:modified_time\" content=\"2023-05-29T07:48:18+00:00\" \/>\n<meta name=\"twitter:card\" content=\"summary_large_image\" \/>\n<meta name=\"twitter:label1\" content=\"\u01af\u1edbc t\u00ednh th\u1eddi gian \u0111\u1ecdc\" \/>\n\t<meta name=\"twitter:data1\" content=\"4 ph\u00fat\" \/>\n<script type=\"application\/ld+json\" class=\"yoast-schema-graph\">{\"@context\":\"https:\/\/schema.org\",\"@graph\":[{\"@type\":\"WebPage\",\"@id\":\"https:\/\/pluginviet.com\/mau47\/gioi-thieu\/\",\"url\":\"https:\/\/pluginviet.com\/mau47\/gioi-thieu\/\",\"name\":\"C\u00d4NG TY C\u1ed4 PH\u1ea6N K\u1ef8 THU\u1eacT MEP\",\"isPartOf\":{\"@id\":\"https:\/\/pluginviet.com\/mau47\/#website\"},\"datePublished\":\"2019-03-06T08:02:34+00:00\",\"dateModified\":\"2023-05-29T07:48:18+00:00\",\"breadcrumb\":{\"@id\":\"https:\/\/pluginviet.com\/mau47\/gioi-thieu\/#breadcrumb\"},\"inLanguage\":\"vi\",\"potentialAction\":[{\"@type\":\"ReadAction\",\"target\":[\"https:\/\/pluginviet.com\/mau47\/gioi-thieu\/\"]}]},{\"@type\":\"BreadcrumbList\",\"@id\":\"https:\/\/pluginviet.com\/mau47\/gioi-thieu\/#breadcrumb\",\"itemListElement\":[{\"@type\":\"ListItem\",\"position\":1,\"name\":\"Trang ch\u1ee7\",\"item\":\"https:\/\/pluginviet.com\/mau47\/\"},{\"@type\":\"ListItem\",\"position\":2,\"name\":\"Gi\u1edbi thi\u1ec7u\"}]},{\"@type\":\"WebSite\",\"@id\":\"https:\/\/pluginviet.com\/mau47\/#website\",\"url\":\"https:\/\/pluginviet.com\/mau47\/\",\"name\":\"C\u00d4NG TY C\u1ed4 PH\u1ea6N K\u1ef8 THU\u1eacT MEP\",\"description\":\"\",\"potentialAction\":[{\"@type\":\"SearchAction\",\"target\":{\"@type\":\"EntryPoint\",\"urlTemplate\":\"https:\/\/pluginviet.com\/mau47\/?s={search_term_string}\"},\"query-input\":\"required name=search_term_string\"}],\"inLanguage\":\"vi\"}]}<\/script>\n<!-- \/ Yoast SEO plugin. -->","yoast_head_json":{"title":"C\u00d4NG TY C\u1ed4 PH\u1ea6N K\u1ef8 THU\u1eacT MEP","robots":{"index":"index","follow":"follow","max-snippet":"max-snippet:-1","max-image-preview":"max-image-preview:large","max-video-preview":"max-video-preview:-1"},"canonical":"https:\/\/pluginviet.com\/mau47\/gioi-thieu\/","og_locale":"vi_VN","og_type":"article","og_title":"C\u00d4NG TY C\u1ed4 PH\u1ea6N K\u1ef8 THU\u1eacT MEP","og_description":"V\u1ec0 CH\u00daNG T\u00d4I C\u00f4ng ty c\u1ed5 ph\u1ea7n k\u1ef9 thu\u1eadt Mep v\u1edbi th\u01b0\u01a1ng hi\u1ec7u MEP \u0111\u01b0\u1ee3c th\u00e0nh l\u1eadp n\u0103m 2016 t\u1ea1i H\u00e0 N\u1ed9i, MEP \u0111\u00e3 kh\u00f4ng ng\u1eebng ph\u00e1t tri\u1ec3n l\u1edbn m\u1ea1nh v\u00e0 tr\u1edf th\u00e0nh m\u1ed9t c\u00f4ng ty \u0111a ng\u00e0nh ngh\u1ec1 v\u1edbi s\u1ee9 m\u1ec7nh ki\u1ebfn t\u1ea1o nh\u1eefng gi\u00e1 tr\u1ecb b\u1ec1n v\u1eefng cho x\u00e3 h\u1ed9i. Mep hi\u1ec7n \u0111ang [...]","og_url":"https:\/\/pluginviet.com\/mau47\/gioi-thieu\/","og_site_name":"C\u00d4NG TY C\u1ed4 PH\u1ea6N K\u1ef8 THU\u1eacT MEP","article_modified_time":"2023-05-29T07:48:18+00:00","twitter_card":"summary_large_image","twitter_misc":{"\u01af\u1edbc t\u00ednh th\u1eddi gian \u0111\u1ecdc":"4 ph\u00fat"},"schema":{"@context":"https:\/\/schema.org","@graph":[{"@type":"WebPage","@id":"https:\/\/pluginviet.com\/mau47\/gioi-thieu\/","url":"https:\/\/pluginviet.com\/mau47\/gioi-thieu\/","name":"C\u00d4NG TY C\u1ed4 PH\u1ea6N K\u1ef8 THU\u1eacT MEP","isPartOf":{"@id":"https:\/\/pluginviet.com\/mau47\/#website"},"datePublished":"2019-03-06T08:02:34+00:00","dateModified":"2023-05-29T07:48:18+00:00","breadcrumb":{"@id":"https:\/\/pluginviet.com\/mau47\/gioi-thieu\/#breadcrumb"},"inLanguage":"vi","potentialAction":[{"@type":"ReadAction","target":["https:\/\/pluginviet.com\/mau47\/gioi-thieu\/"]}]},{"@type":"BreadcrumbList","@id":"https:\/\/pluginviet.com\/mau47\/gioi-thieu\/#breadcrumb","itemListElement":[{"@type":"ListItem","position":1,"name":"Trang ch\u1ee7","item":"https:\/\/pluginviet.com\/mau47\/"},{"@type":"ListItem","position":2,"name":"Gi\u1edbi thi\u1ec7u"}]},{"@type":"WebSite","@id":"https:\/\/pluginviet.com\/mau47\/#website","url":"https:\/\/pluginviet.com\/mau47\/","name":"C\u00d4NG TY C\u1ed4 PH\u1ea6N K\u1ef8 THU\u1eacT MEP","description":"","potentialAction":[{"@type":"SearchAction","target":{"@type":"EntryPoint","urlTemplate":"https:\/\/pluginviet.com\/mau47\/?s={search_term_string}"},"query-input":"required name=search_term_string"}],"inLanguage":"vi"}]}},"_links":{"self":[{"href":"https:\/\/pluginviet.com\/mau47\/wp-json\/wp\/v2\/pages\/508"}],"collection":[{"href":"https:\/\/pluginviet.com\/mau47\/wp-json\/wp\/v2\/pages"}],"about":[{"href":"https:\/\/pluginviet.com\/mau47\/wp-json\/wp\/v2\/types\/page"}],"author":[{"embeddable":true,"href":"https:\/\/pluginviet.com\/mau47\/wp-json\/wp\/v2\/users\/1"}],"replies":[{"embeddable":true,"href":"https:\/\/pluginviet.com\/mau47\/wp-json\/wp\/v2\/comments?post=508"}],"version-history":[{"count":8,"href":"https:\/\/pluginviet.com\/mau47\/wp-json\/wp\/v2\/pages\/508\/revisions"}],"predecessor-version":[{"id":1739,"href":"https:\/\/pluginviet.com\/mau47\/wp-json\/wp\/v2\/pages\/508\/revisions\/1739"}],"wp:attachment":[{"href":"https:\/\/pluginviet.com\/mau47\/wp-json\/wp\/v2\/media?parent=508"}],"curies":[{"name":"wp","href":"https:\/\/api.w.org\/{rel}","templated":true}]}}