{"id":804,"date":"2022-07-21T18:15:07","date_gmt":"2022-07-21T11:15:07","guid":{"rendered":"https:\/\/khomaudep.com\/mauruou\/?post_type=product&#038;p=804"},"modified":"2022-07-23T12:28:01","modified_gmt":"2022-07-23T05:28:01","slug":"ruou-vang-do-crocus-le-calcifere-2016","status":"publish","type":"product","link":"https:\/\/pluginviet.com\/mau44\/san-pham\/ruou-vang-do-crocus-le-calcifere-2016\/","title":{"rendered":"R\u01b0\u1ee3u Vang \u0110\u1ecf Crocus Le Calcif\u00e8re 2016"},"content":{"rendered":"<p>R\u01b0\u1ee3u vang Ph\u00e1p\u00a0Crocus Le Calcif\u00e8re c\u00f3 m\u00e0u garnet t\u1ed1i. H\u01b0\u01a1ng th\u01a1m t\u01b0\u01a1i m\u00e1t c\u1ee7a hoa violet, hoa anh \u0111\u00e0o v\u00e0 hoa d\u1ea1i k\u1ebft h\u1ee3p li\u1ec1n m\u1ea1ch v\u1edbi tr\u00e1i c\u00e2y m\u00e0u \u0111\u1ecf, \u0111en nh\u01b0 anh \u0111\u00e0o Burlat v\u00e0 m\u1ee9t l\u00fd chua, k\u1ebft th\u00fac v\u1edbi m\u1ed9t ch\u00fat h\u1ea1t ti\u00eau. V\u1ecb r\u01b0\u1ee3u m\u1ecbn m\u00e0ng v\u1edbi tr\u00e1i anh \u0111\u00e0o \u0111en, qu\u1ea3 m\u00e2m x\u00f4i t\u01b0\u01a1i v\u00e0 vi\u1ec7t qu\u1ea5t ch\u00edn, k\u1ebft th\u00fac v\u1edbi v\u1ecb ch\u00e1t v\u1eefng ch\u1eafc v\u00e0 \u0111\u1ed9 chua v\u1eeba ph\u1ea3i.<\/p>\n","protected":false},"excerpt":{"rendered":"<p>R\u01b0\u1ee3u vang Ph\u00e1p\u00a0Crocus Le Calcif\u00e8re c\u00f3 m\u00e0u garnet t\u1ed1i. H\u01b0\u01a1ng th\u01a1m t\u01b0\u01a1i m\u00e1t c\u1ee7a hoa violet, hoa anh \u0111\u00e0o v\u00e0 hoa d\u1ea1i k\u1ebft h\u1ee3p li\u1ec1n m\u1ea1ch v\u1edbi tr\u00e1i c\u00e2y m\u00e0u \u0111\u1ecf, \u0111en nh\u01b0 anh \u0111\u00e0o Burlat v\u00e0 m\u1ee9t l\u00fd chua, k\u1ebft th\u00fac v\u1edbi m\u1ed9t ch\u00fat h\u1ea1t ti\u00eau. V\u1ecb r\u01b0\u1ee3u m\u1ecbn m\u00e0ng v\u1edbi tr\u00e1i anh \u0111\u00e0o &#8230;<\/p>\n","protected":false},"featured_media":1051,"comment_status":"open","ping_status":"closed","template":"","meta":[],"pwb-brand":[],"product_cat":[17,73],"product_tag":[],"brands":[],"_links":{"self":[{"href":"https:\/\/pluginviet.com\/mau44\/wp-json\/wp\/v2\/product\/804"}],"collection":[{"href":"https:\/\/pluginviet.com\/mau44\/wp-json\/wp\/v2\/product"}],"about":[{"href":"https:\/\/pluginviet.com\/mau44\/wp-json\/wp\/v2\/types\/product"}],"replies":[{"embeddable":true,"href":"https:\/\/pluginviet.com\/mau44\/wp-json\/wp\/v2\/comments?post=804"}],"wp:featuredmedia":[{"embeddable":true,"href":"https:\/\/pluginviet.com\/mau44\/wp-json\/wp\/v2\/media\/1051"}],"wp:attachment":[{"href":"https:\/\/pluginviet.com\/mau44\/wp-json\/wp\/v2\/media?parent=804"}],"wp:term":[{"taxonomy":"pwb-brand","embeddable":true,"href":"https:\/\/pluginviet.com\/mau44\/wp-json\/wp\/v2\/pwb-brand?post=804"},{"taxonomy":"product_cat","embeddable":true,"href":"https:\/\/pluginviet.com\/mau44\/wp-json\/wp\/v2\/product_cat?post=804"},{"taxonomy":"product_tag","embeddable":true,"href":"https:\/\/pluginviet.com\/mau44\/wp-json\/wp\/v2\/product_tag?post=804"}],"curies":[{"name":"wp","href":"https:\/\/api.w.org\/{rel}","templated":true}]}}