{"id":803,"date":"2022-07-21T18:14:16","date_gmt":"2022-07-21T11:14:16","guid":{"rendered":"https:\/\/khomaudep.com\/mauruou\/?post_type=product&#038;p=803"},"modified":"2022-07-23T12:31:10","modified_gmt":"2022-07-23T05:31:10","slug":"les-hauts-du-fief-crozes-hermitage-2014","status":"publish","type":"product","link":"https:\/\/pluginviet.com\/mau44\/san-pham\/les-hauts-du-fief-crozes-hermitage-2014\/","title":{"rendered":"Les Hauts Du Fief Crozes Hermitage 2014"},"content":{"rendered":"<p>H\u01b0\u01a1ng th\u01a1m ph\u1ee9c h\u1ee3p v\u00e0 \u1ea5n t\u01b0\u1ee3ng t\u1eeb nh\u1eefng tr\u00e1i blackberry, cherry v\u00e0 moka. \u0110\u00e1ng ch\u00fa \u00fd l\u00e0 l\u01b0\u1ee3ng tanin m\u1ec1m m\u1ea1i, c\u00f3 \u0111i\u1ec3m nh\u1ea5n \u0111\u1ed9c \u0111\u00e1o. H\u01b0\u01a1ng v\u1ecb \u0111\u01b0\u1ee3c k\u00e9o d\u00e0i t\u1ea1i h\u1eadu v\u1ecb v\u1edbi s\u1ef1 hi\u1ec7n di\u1ec7n c\u1ee7a blackcherry, cam th\u1ea3o v\u00e0 moka<\/p>\n","protected":false},"excerpt":{"rendered":"<p>H\u01b0\u01a1ng th\u01a1m ph\u1ee9c h\u1ee3p v\u00e0 \u1ea5n t\u01b0\u1ee3ng t\u1eeb nh\u1eefng tr\u00e1i blackberry, cherry v\u00e0 moka. \u0110\u00e1ng ch\u00fa \u00fd l\u00e0 l\u01b0\u1ee3ng tanin m\u1ec1m m\u1ea1i, c\u00f3 \u0111i\u1ec3m nh\u1ea5n \u0111\u1ed9c \u0111\u00e1o. H\u01b0\u01a1ng v\u1ecb \u0111\u01b0\u1ee3c k\u00e9o d\u00e0i t\u1ea1i h\u1eadu v\u1ecb v\u1edbi s\u1ef1 hi\u1ec7n di\u1ec7n c\u1ee7a blackcherry, cam th\u1ea3o v\u00e0 moka<\/p>\n","protected":false},"featured_media":1053,"comment_status":"open","ping_status":"closed","template":"","meta":[],"pwb-brand":[],"product_cat":[17,73],"product_tag":[],"brands":[],"_links":{"self":[{"href":"https:\/\/pluginviet.com\/mau44\/wp-json\/wp\/v2\/product\/803"}],"collection":[{"href":"https:\/\/pluginviet.com\/mau44\/wp-json\/wp\/v2\/product"}],"about":[{"href":"https:\/\/pluginviet.com\/mau44\/wp-json\/wp\/v2\/types\/product"}],"replies":[{"embeddable":true,"href":"https:\/\/pluginviet.com\/mau44\/wp-json\/wp\/v2\/comments?post=803"}],"wp:featuredmedia":[{"embeddable":true,"href":"https:\/\/pluginviet.com\/mau44\/wp-json\/wp\/v2\/media\/1053"}],"wp:attachment":[{"href":"https:\/\/pluginviet.com\/mau44\/wp-json\/wp\/v2\/media?parent=803"}],"wp:term":[{"taxonomy":"pwb-brand","embeddable":true,"href":"https:\/\/pluginviet.com\/mau44\/wp-json\/wp\/v2\/pwb-brand?post=803"},{"taxonomy":"product_cat","embeddable":true,"href":"https:\/\/pluginviet.com\/mau44\/wp-json\/wp\/v2\/product_cat?post=803"},{"taxonomy":"product_tag","embeddable":true,"href":"https:\/\/pluginviet.com\/mau44\/wp-json\/wp\/v2\/product_tag?post=803"}],"curies":[{"name":"wp","href":"https:\/\/api.w.org\/{rel}","templated":true}]}}