{"id":800,"date":"2022-07-21T18:12:12","date_gmt":"2022-07-21T11:12:12","guid":{"rendered":"https:\/\/khomaudep.com\/mauruou\/?post_type=product&#038;p=800"},"modified":"2022-07-23T12:34:59","modified_gmt":"2022-07-23T05:34:59","slug":"ruou-vang-phap-chateau-pey-la-tour-2018","status":"publish","type":"product","link":"https:\/\/pluginviet.com\/mau44\/san-pham\/ruou-vang-phap-chateau-pey-la-tour-2018\/","title":{"rendered":"R\u01b0\u1ee3u vang Ph\u00e1p Chateau Pey La Tour 2018"},"content":{"rendered":"<p>V\u1ecb r\u01b0\u1ee3u n\u1ed5i b\u1eadt v\u1edbi l\u1edbp h\u01b0\u01a1ng \u1ea5m \u00e1p c\u1ee7a kh\u00f3i thu\u1ed1c v\u00e0 than h\u1ed3ng ch\u00e1y ch\u1eadm s\u00e1nh quy\u1ec7n c\u00f9ng c\u00e1c n\u1ed1t h\u01b0\u01a1ng ch\u1ee7 \u0111\u1ea1o c\u1ee7a qu\u1ea3 sung, m\u00e2m x\u00f4i \u0111en, m\u1eadn. D\u01b0 v\u1ecb l\u00f4i cu\u1ed1n v\u1edbi h\u01b0\u01a1ng hoa qu\u1ea3, h\u01b0\u01a1ng than \u1ea5m k\u00e9o d\u00e0i l\u01b0u luy\u1ebfn h\u00f2a c\u00f9ng h\u01b0\u01a1ng \u0111\u00e1 \u1ea5m, h\u1ea1t d\u1ebb, k\u1ebft c\u1ea5u r\u01b0\u1ee3u ch\u1eb7t ch\u1ebd, c\u00f3 th\u1ec3 l\u01b0u tr\u1eef l\u00e2u n\u0103m. R\u01b0\u1ee3u ho\u00e0n h\u1ea3o khi th\u01b0\u1edfng th\u1ee9c t\u1eeb 2018 \u0111\u1ebfn 2030<\/p>\n","protected":false},"excerpt":{"rendered":"<p>V\u1ecb r\u01b0\u1ee3u n\u1ed5i b\u1eadt v\u1edbi l\u1edbp h\u01b0\u01a1ng \u1ea5m \u00e1p c\u1ee7a kh\u00f3i thu\u1ed1c v\u00e0 than h\u1ed3ng ch\u00e1y ch\u1eadm s\u00e1nh quy\u1ec7n c\u00f9ng c\u00e1c n\u1ed1t h\u01b0\u01a1ng ch\u1ee7 \u0111\u1ea1o c\u1ee7a qu\u1ea3 sung, m\u00e2m x\u00f4i \u0111en, m\u1eadn. D\u01b0 v\u1ecb l\u00f4i cu\u1ed1n v\u1edbi h\u01b0\u01a1ng hoa qu\u1ea3, h\u01b0\u01a1ng than \u1ea5m k\u00e9o d\u00e0i l\u01b0u luy\u1ebfn h\u00f2a c\u00f9ng h\u01b0\u01a1ng \u0111\u00e1 \u1ea5m, h\u1ea1t d\u1ebb, k\u1ebft &#8230;<\/p>\n","protected":false},"featured_media":1056,"comment_status":"open","ping_status":"closed","template":"","meta":[],"pwb-brand":[],"product_cat":[17,73],"product_tag":[],"brands":[],"_links":{"self":[{"href":"https:\/\/pluginviet.com\/mau44\/wp-json\/wp\/v2\/product\/800"}],"collection":[{"href":"https:\/\/pluginviet.com\/mau44\/wp-json\/wp\/v2\/product"}],"about":[{"href":"https:\/\/pluginviet.com\/mau44\/wp-json\/wp\/v2\/types\/product"}],"replies":[{"embeddable":true,"href":"https:\/\/pluginviet.com\/mau44\/wp-json\/wp\/v2\/comments?post=800"}],"wp:featuredmedia":[{"embeddable":true,"href":"https:\/\/pluginviet.com\/mau44\/wp-json\/wp\/v2\/media\/1056"}],"wp:attachment":[{"href":"https:\/\/pluginviet.com\/mau44\/wp-json\/wp\/v2\/media?parent=800"}],"wp:term":[{"taxonomy":"pwb-brand","embeddable":true,"href":"https:\/\/pluginviet.com\/mau44\/wp-json\/wp\/v2\/pwb-brand?post=800"},{"taxonomy":"product_cat","embeddable":true,"href":"https:\/\/pluginviet.com\/mau44\/wp-json\/wp\/v2\/product_cat?post=800"},{"taxonomy":"product_tag","embeddable":true,"href":"https:\/\/pluginviet.com\/mau44\/wp-json\/wp\/v2\/product_tag?post=800"}],"curies":[{"name":"wp","href":"https:\/\/api.w.org\/{rel}","templated":true}]}}