{"id":798,"date":"2022-07-21T18:10:29","date_gmt":"2022-07-21T11:10:29","guid":{"rendered":"https:\/\/khomaudep.com\/mauruou\/?post_type=product&#038;p=798"},"modified":"2022-07-21T19:28:07","modified_gmt":"2022-07-21T12:28:07","slug":"vang-marcel-deiss-berckem-2015","status":"publish","type":"product","link":"https:\/\/pluginviet.com\/mau44\/san-pham\/vang-marcel-deiss-berckem-2015\/","title":{"rendered":"Vang Marcel Deiss Berckem 2015"},"content":{"rendered":"<p>R\u01b0\u1ee3u c\u00f3 m\u00e0u v\u00e0ng r\u01a1m v\u1edbi h\u01b0\u01a1ng th\u01a1m ng\u1ecdt ng\u00e0o c\u1ee7a b\u00e1nh m\u00ec n\u01b0\u1edbng khi m\u1edf r\u01b0\u1ee3u. C\u00f2n c\u00f3 nh\u1eefng h\u01b0\u01a1ng th\u01a1m v\u00e0 m\u00f9i h\u01b0\u01a1ng \u0111\u1eb7c tr\u01b0ng c\u1ee7a nho Gewurz.,h\u01b0\u01a1ng v\u1ecb lan to\u1ea3 trong v\u00f2m mi\u1ec7ng. V\u1edbi m\u1ed9t ch\u00fat v\u1ecb ng\u1ecdt ng\u00e0o h\u00e0i ho\u00e0 xen l\u1eabn v\u1ecb \u0111\u1eafng nh\u01b0 v\u1ecf cam. Cu\u1ed1i c\u00f9ng, h\u1eadu v\u1ecb \u1ea5n t\u01b0\u1ee3ng v\u1edbi nh\u1eefng h\u01b0\u01a1ng v\u1ecb nh\u1eb9 nh\u00e0ng.<\/p>\n","protected":false},"excerpt":{"rendered":"<p>R\u01b0\u1ee3u c\u00f3 m\u00e0u v\u00e0ng r\u01a1m v\u1edbi h\u01b0\u01a1ng th\u01a1m ng\u1ecdt ng\u00e0o c\u1ee7a b\u00e1nh m\u00ec n\u01b0\u1edbng khi m\u1edf r\u01b0\u1ee3u. C\u00f2n c\u00f3 nh\u1eefng h\u01b0\u01a1ng th\u01a1m v\u00e0 m\u00f9i h\u01b0\u01a1ng \u0111\u1eb7c tr\u01b0ng c\u1ee7a nho Gewurz.,h\u01b0\u01a1ng v\u1ecb lan to\u1ea3 trong v\u00f2m mi\u1ec7ng. V\u1edbi m\u1ed9t ch\u00fat v\u1ecb ng\u1ecdt ng\u00e0o h\u00e0i ho\u00e0 xen l\u1eabn v\u1ecb \u0111\u1eafng nh\u01b0 v\u1ecf cam. Cu\u1ed1i c\u00f9ng, h\u1eadu v\u1ecb &#8230;<\/p>\n","protected":false},"featured_media":865,"comment_status":"open","ping_status":"closed","template":"","meta":[],"pwb-brand":[],"product_cat":[17,73],"product_tag":[],"brands":[],"_links":{"self":[{"href":"https:\/\/pluginviet.com\/mau44\/wp-json\/wp\/v2\/product\/798"}],"collection":[{"href":"https:\/\/pluginviet.com\/mau44\/wp-json\/wp\/v2\/product"}],"about":[{"href":"https:\/\/pluginviet.com\/mau44\/wp-json\/wp\/v2\/types\/product"}],"replies":[{"embeddable":true,"href":"https:\/\/pluginviet.com\/mau44\/wp-json\/wp\/v2\/comments?post=798"}],"wp:featuredmedia":[{"embeddable":true,"href":"https:\/\/pluginviet.com\/mau44\/wp-json\/wp\/v2\/media\/865"}],"wp:attachment":[{"href":"https:\/\/pluginviet.com\/mau44\/wp-json\/wp\/v2\/media?parent=798"}],"wp:term":[{"taxonomy":"pwb-brand","embeddable":true,"href":"https:\/\/pluginviet.com\/mau44\/wp-json\/wp\/v2\/pwb-brand?post=798"},{"taxonomy":"product_cat","embeddable":true,"href":"https:\/\/pluginviet.com\/mau44\/wp-json\/wp\/v2\/product_cat?post=798"},{"taxonomy":"product_tag","embeddable":true,"href":"https:\/\/pluginviet.com\/mau44\/wp-json\/wp\/v2\/product_tag?post=798"}],"curies":[{"name":"wp","href":"https:\/\/api.w.org\/{rel}","templated":true}]}}