{"id":797,"date":"2022-07-21T18:09:52","date_gmt":"2022-07-21T11:09:52","guid":{"rendered":"https:\/\/khomaudep.com\/mauruou\/?post_type=product&#038;p=797"},"modified":"2022-07-21T19:28:15","modified_gmt":"2022-07-21T12:28:15","slug":"reserve-pauillac-speciale","status":"publish","type":"product","link":"https:\/\/pluginviet.com\/mau44\/san-pham\/reserve-pauillac-speciale\/","title":{"rendered":"R\u00e9serve Pauillac Sp\u00e9ciale"},"content":{"rendered":"<p>H\u01b0\u01a1ng v\u1ecb n\u1ed5i b\u1eadt c\u1ee7a r\u01b0\u1ee3u l\u00e0 m\u00f9i c\u00e1c lo\u1ea1i tr\u00e1i c\u00e2y chsn h\u00f2a quy\u1ec7n v\u00e0o nhau r\u1ea5t h\u1ea5p d\u1eabn. C\u00f9ng v\u1edbi \u0111\u00f3 l\u00e0 s\u1ef1 nh\u1eb9 nh\u00e0ng, thanh l\u1ecbch c\u1ee7a cacao, h\u1ea1t ti\u00eau, cam th\u1ea3o l\u00e0m cho r\u01b0\u1ee3u tr\u1edf n\u00ean h\u00e0i h\u00f2a kh\u00f4ng k\u00e9m ph\u1ea7n s\u1ed1ng \u0111\u1ed9ng.<\/p>\n","protected":false},"excerpt":{"rendered":"<p>H\u01b0\u01a1ng v\u1ecb n\u1ed5i b\u1eadt c\u1ee7a r\u01b0\u1ee3u l\u00e0 m\u00f9i c\u00e1c lo\u1ea1i tr\u00e1i c\u00e2y chsn h\u00f2a quy\u1ec7n v\u00e0o nhau r\u1ea5t h\u1ea5p d\u1eabn. C\u00f9ng v\u1edbi \u0111\u00f3 l\u00e0 s\u1ef1 nh\u1eb9 nh\u00e0ng, thanh l\u1ecbch c\u1ee7a cacao, h\u1ea1t ti\u00eau, cam th\u1ea3o l\u00e0m cho r\u01b0\u1ee3u tr\u1edf n\u00ean h\u00e0i h\u00f2a kh\u00f4ng k\u00e9m ph\u1ea7n s\u1ed1ng \u0111\u1ed9ng.<\/p>\n","protected":false},"featured_media":864,"comment_status":"open","ping_status":"closed","template":"","meta":[],"pwb-brand":[],"product_cat":[17,73],"product_tag":[],"brands":[],"_links":{"self":[{"href":"https:\/\/pluginviet.com\/mau44\/wp-json\/wp\/v2\/product\/797"}],"collection":[{"href":"https:\/\/pluginviet.com\/mau44\/wp-json\/wp\/v2\/product"}],"about":[{"href":"https:\/\/pluginviet.com\/mau44\/wp-json\/wp\/v2\/types\/product"}],"replies":[{"embeddable":true,"href":"https:\/\/pluginviet.com\/mau44\/wp-json\/wp\/v2\/comments?post=797"}],"wp:featuredmedia":[{"embeddable":true,"href":"https:\/\/pluginviet.com\/mau44\/wp-json\/wp\/v2\/media\/864"}],"wp:attachment":[{"href":"https:\/\/pluginviet.com\/mau44\/wp-json\/wp\/v2\/media?parent=797"}],"wp:term":[{"taxonomy":"pwb-brand","embeddable":true,"href":"https:\/\/pluginviet.com\/mau44\/wp-json\/wp\/v2\/pwb-brand?post=797"},{"taxonomy":"product_cat","embeddable":true,"href":"https:\/\/pluginviet.com\/mau44\/wp-json\/wp\/v2\/product_cat?post=797"},{"taxonomy":"product_tag","embeddable":true,"href":"https:\/\/pluginviet.com\/mau44\/wp-json\/wp\/v2\/product_tag?post=797"}],"curies":[{"name":"wp","href":"https:\/\/api.w.org\/{rel}","templated":true}]}}