{"id":796,"date":"2022-07-21T18:09:14","date_gmt":"2022-07-21T11:09:14","guid":{"rendered":"https:\/\/khomaudep.com\/mauruou\/?post_type=product&#038;p=796"},"modified":"2022-07-21T19:28:23","modified_gmt":"2022-07-21T12:28:23","slug":"vang-chateau-lezin-bordeaux-superieur","status":"publish","type":"product","link":"https:\/\/pluginviet.com\/mau44\/san-pham\/vang-chateau-lezin-bordeaux-superieur\/","title":{"rendered":"Vang Ch\u00e2teau Lezin Bordeaux Superieur"},"content":{"rendered":"<p>Hoa qu\u1ea3 m\u00e0u \u0111en nh\u01b0 l\u00fd chua \u0111en, blackberry c\u00f9ng h\u01b0\u01a1ng v\u1ecb cay c\u1ee7a ti\u00eau \u0111en. H\u01b0\u01a1ng v\u1ecb t\u01b0\u01a1i m\u1edbi \u0111\u01b0\u1ee3c t\u1eadp trung v\u00e0 c\u00e2n b\u1eb1ng trong v\u00f2m mi\u1ec7ng. B\u1ea1n c\u0169ng s\u1ebd th\u1ea5y \u0111\u01b0\u1ee3c h\u01b0\u01a1ng t\u1eeb g\u1ed7 s\u1ed3i v\u00e0 nh\u1eefng tanin m\u1ecbn m\u00e0ng.\u00a0 M\u1ed9t h\u1eadu v\u1ecb \u0111\u01b0\u1ee3c k\u00e9o d\u00e0i tuy\u1ec7t v\u1eddi v\u1edbi s\u1ef1 thanh tao v\u00e0 kh\u00e9o l\u00e9o c\u1ee7a chai\u00a0r\u01b0\u1ee3u vang Ph\u00e1p\u00a0n\u00e0y.<\/p>\n","protected":false},"excerpt":{"rendered":"<p>Hoa qu\u1ea3 m\u00e0u \u0111en nh\u01b0 l\u00fd chua \u0111en, blackberry c\u00f9ng h\u01b0\u01a1ng v\u1ecb cay c\u1ee7a ti\u00eau \u0111en. H\u01b0\u01a1ng v\u1ecb t\u01b0\u01a1i m\u1edbi \u0111\u01b0\u1ee3c t\u1eadp trung v\u00e0 c\u00e2n b\u1eb1ng trong v\u00f2m mi\u1ec7ng. B\u1ea1n c\u0169ng s\u1ebd th\u1ea5y \u0111\u01b0\u1ee3c h\u01b0\u01a1ng t\u1eeb g\u1ed7 s\u1ed3i v\u00e0 nh\u1eefng tanin m\u1ecbn m\u00e0ng.\u00a0 M\u1ed9t h\u1eadu v\u1ecb \u0111\u01b0\u1ee3c k\u00e9o d\u00e0i tuy\u1ec7t v\u1eddi v\u1edbi s\u1ef1 thanh tao &#8230;<\/p>\n","protected":false},"featured_media":863,"comment_status":"open","ping_status":"closed","template":"","meta":[],"pwb-brand":[],"product_cat":[17,73],"product_tag":[],"brands":[],"_links":{"self":[{"href":"https:\/\/pluginviet.com\/mau44\/wp-json\/wp\/v2\/product\/796"}],"collection":[{"href":"https:\/\/pluginviet.com\/mau44\/wp-json\/wp\/v2\/product"}],"about":[{"href":"https:\/\/pluginviet.com\/mau44\/wp-json\/wp\/v2\/types\/product"}],"replies":[{"embeddable":true,"href":"https:\/\/pluginviet.com\/mau44\/wp-json\/wp\/v2\/comments?post=796"}],"wp:featuredmedia":[{"embeddable":true,"href":"https:\/\/pluginviet.com\/mau44\/wp-json\/wp\/v2\/media\/863"}],"wp:attachment":[{"href":"https:\/\/pluginviet.com\/mau44\/wp-json\/wp\/v2\/media?parent=796"}],"wp:term":[{"taxonomy":"pwb-brand","embeddable":true,"href":"https:\/\/pluginviet.com\/mau44\/wp-json\/wp\/v2\/pwb-brand?post=796"},{"taxonomy":"product_cat","embeddable":true,"href":"https:\/\/pluginviet.com\/mau44\/wp-json\/wp\/v2\/product_cat?post=796"},{"taxonomy":"product_tag","embeddable":true,"href":"https:\/\/pluginviet.com\/mau44\/wp-json\/wp\/v2\/product_tag?post=796"}],"curies":[{"name":"wp","href":"https:\/\/api.w.org\/{rel}","templated":true}]}}