{"id":795,"date":"2022-07-21T18:08:29","date_gmt":"2022-07-21T11:08:29","guid":{"rendered":"https:\/\/khomaudep.com\/mauruou\/?post_type=product&#038;p=795"},"modified":"2022-07-21T19:28:40","modified_gmt":"2022-07-21T12:28:40","slug":"ruou-vang-legende-bordeaux-rouge","status":"publish","type":"product","link":"https:\/\/pluginviet.com\/mau44\/san-pham\/ruou-vang-legende-bordeaux-rouge\/","title":{"rendered":"R\u01b0\u1ee3u vang Legende Bordeaux Rouge"},"content":{"rendered":"<p>H\u01b0\u01a1ng v\u1ecb c\u1ee7a r\u01b0\u1ee3u tr\u00f2n tr\u1ecba, h\u00e0o ph\u00f3ng v\u1edbi tannin \u0111\u01b0\u1ee3c t\u00edch h\u1ee3p t\u1ed1t, nh\u1ea5n m\u1ea1nh h\u01b0\u01a1ng v\u1ecb tr\u00e1i c\u00e2y phong ph\u00fa. \u0110i\u1ec3m nh\u1ea5n anh \u0111\u00e0o k\u1ebft h\u1ee3p v\u1edbi s\u1eafc th\u00e1i c\u1ee7a cam th\u1ea3o ph\u00e1t tri\u1ec3n th\u00e0nh m\u1ed9t d\u01b0 v\u1ecb k\u00e9o d\u00e0i.<\/p>\n","protected":false},"excerpt":{"rendered":"<p>H\u01b0\u01a1ng v\u1ecb c\u1ee7a r\u01b0\u1ee3u tr\u00f2n tr\u1ecba, h\u00e0o ph\u00f3ng v\u1edbi tannin \u0111\u01b0\u1ee3c t\u00edch h\u1ee3p t\u1ed1t, nh\u1ea5n m\u1ea1nh h\u01b0\u01a1ng v\u1ecb tr\u00e1i c\u00e2y phong ph\u00fa. \u0110i\u1ec3m nh\u1ea5n anh \u0111\u00e0o k\u1ebft h\u1ee3p v\u1edbi s\u1eafc th\u00e1i c\u1ee7a cam th\u1ea3o ph\u00e1t tri\u1ec3n th\u00e0nh m\u1ed9t d\u01b0 v\u1ecb k\u00e9o d\u00e0i.<\/p>\n","protected":false},"featured_media":862,"comment_status":"open","ping_status":"closed","template":"","meta":[],"pwb-brand":[],"product_cat":[17,73],"product_tag":[],"brands":[],"_links":{"self":[{"href":"https:\/\/pluginviet.com\/mau44\/wp-json\/wp\/v2\/product\/795"}],"collection":[{"href":"https:\/\/pluginviet.com\/mau44\/wp-json\/wp\/v2\/product"}],"about":[{"href":"https:\/\/pluginviet.com\/mau44\/wp-json\/wp\/v2\/types\/product"}],"replies":[{"embeddable":true,"href":"https:\/\/pluginviet.com\/mau44\/wp-json\/wp\/v2\/comments?post=795"}],"wp:featuredmedia":[{"embeddable":true,"href":"https:\/\/pluginviet.com\/mau44\/wp-json\/wp\/v2\/media\/862"}],"wp:attachment":[{"href":"https:\/\/pluginviet.com\/mau44\/wp-json\/wp\/v2\/media?parent=795"}],"wp:term":[{"taxonomy":"pwb-brand","embeddable":true,"href":"https:\/\/pluginviet.com\/mau44\/wp-json\/wp\/v2\/pwb-brand?post=795"},{"taxonomy":"product_cat","embeddable":true,"href":"https:\/\/pluginviet.com\/mau44\/wp-json\/wp\/v2\/product_cat?post=795"},{"taxonomy":"product_tag","embeddable":true,"href":"https:\/\/pluginviet.com\/mau44\/wp-json\/wp\/v2\/product_tag?post=795"}],"curies":[{"name":"wp","href":"https:\/\/api.w.org\/{rel}","templated":true}]}}