{"id":794,"date":"2022-07-21T18:07:43","date_gmt":"2022-07-21T11:07:43","guid":{"rendered":"https:\/\/khomaudep.com\/mauruou\/?post_type=product&#038;p=794"},"modified":"2022-07-21T19:28:45","modified_gmt":"2022-07-21T12:28:45","slug":"ruou-vang-marcel-deiss-alsace","status":"publish","type":"product","link":"https:\/\/pluginviet.com\/mau44\/san-pham\/ruou-vang-marcel-deiss-alsace\/","title":{"rendered":"R\u01b0\u1ee3u Vang Marcel Deiss Alsace"},"content":{"rendered":"<p>M\u00e0u v\u00e0ng \u1ea5n t\u01b0\u1ee3ng n\u00e0y c\u1ee7a vang khi r\u00f3t ra ly th\u1ee7y tinh tr\u1eafng s\u00e1ng b\u00f3ng c\u00e0ng t\u00f4n th\u00eam n\u00e9t \u0111\u1eb9p sang tr\u1ecdng cho vang, khi\u1ebfn b\u1eefa ti\u1ec7c th\u00eam ph\u1ea7n \u1ea5m c\u00fang.Kh\u00f4ng ch\u1ec9 \u1ea5n t\u01b0\u1ee3ng v\u1ec1 m\u00e0u s\u1eafc, R\u01b0\u1ee3u c\u00f2n c\u00f3 h\u01b0\u01a1ng th\u01a1m \u0111\u1ed9c \u0111\u00e1o c\u1ee7a s\u1ef1 k\u1ebft h\u1ee3p gi\u1eefa c\u00e1c lo\u1ea1i t\u00e1o, cam, l\u00ea, b\u01b0\u1edfi c\u00f9ng m\u1ed9t s\u1ed1 lo\u1ea1i hoa.<\/p>\n","protected":false},"excerpt":{"rendered":"<p>M\u00e0u v\u00e0ng \u1ea5n t\u01b0\u1ee3ng n\u00e0y c\u1ee7a vang khi r\u00f3t ra ly th\u1ee7y tinh tr\u1eafng s\u00e1ng b\u00f3ng c\u00e0ng t\u00f4n th\u00eam n\u00e9t \u0111\u1eb9p sang tr\u1ecdng cho vang, khi\u1ebfn b\u1eefa ti\u1ec7c th\u00eam ph\u1ea7n \u1ea5m c\u00fang.Kh\u00f4ng ch\u1ec9 \u1ea5n t\u01b0\u1ee3ng v\u1ec1 m\u00e0u s\u1eafc, R\u01b0\u1ee3u c\u00f2n c\u00f3 h\u01b0\u01a1ng th\u01a1m \u0111\u1ed9c \u0111\u00e1o c\u1ee7a s\u1ef1 k\u1ebft h\u1ee3p gi\u1eefa c\u00e1c lo\u1ea1i t\u00e1o, cam, l\u00ea, &#8230;<\/p>\n","protected":false},"featured_media":861,"comment_status":"open","ping_status":"closed","template":"","meta":[],"pwb-brand":[],"product_cat":[17,73],"product_tag":[],"brands":[],"_links":{"self":[{"href":"https:\/\/pluginviet.com\/mau44\/wp-json\/wp\/v2\/product\/794"}],"collection":[{"href":"https:\/\/pluginviet.com\/mau44\/wp-json\/wp\/v2\/product"}],"about":[{"href":"https:\/\/pluginviet.com\/mau44\/wp-json\/wp\/v2\/types\/product"}],"replies":[{"embeddable":true,"href":"https:\/\/pluginviet.com\/mau44\/wp-json\/wp\/v2\/comments?post=794"}],"wp:featuredmedia":[{"embeddable":true,"href":"https:\/\/pluginviet.com\/mau44\/wp-json\/wp\/v2\/media\/861"}],"wp:attachment":[{"href":"https:\/\/pluginviet.com\/mau44\/wp-json\/wp\/v2\/media?parent=794"}],"wp:term":[{"taxonomy":"pwb-brand","embeddable":true,"href":"https:\/\/pluginviet.com\/mau44\/wp-json\/wp\/v2\/pwb-brand?post=794"},{"taxonomy":"product_cat","embeddable":true,"href":"https:\/\/pluginviet.com\/mau44\/wp-json\/wp\/v2\/product_cat?post=794"},{"taxonomy":"product_tag","embeddable":true,"href":"https:\/\/pluginviet.com\/mau44\/wp-json\/wp\/v2\/product_tag?post=794"}],"curies":[{"name":"wp","href":"https:\/\/api.w.org\/{rel}","templated":true}]}}