{"id":793,"date":"2022-07-21T18:07:02","date_gmt":"2022-07-21T11:07:02","guid":{"rendered":"https:\/\/khomaudep.com\/mauruou\/?post_type=product&#038;p=793"},"modified":"2022-07-21T19:28:53","modified_gmt":"2022-07-21T12:28:53","slug":"vang-bourgogne-aligotechateau-de-meursault-2014","status":"publish","type":"product","link":"https:\/\/pluginviet.com\/mau44\/san-pham\/vang-bourgogne-aligotechateau-de-meursault-2014\/","title":{"rendered":"Vang Bourgogne Aligot\u00e9,Chateau de Meursault 2014"},"content":{"rendered":"<p>Bourgogne Aligot\u00e9 l\u00e0 lo\u1ea1i r\u01b0\u1ee3u vang tr\u1eafng k\u00edch th\u00edch v\u1ecb gi\u00e1c, tr\u1ebb trung, \u0111\u1ed3 u\u1ed1ng khai v\u1ecb. \u0110\u01b0\u1ee3c thi\u1ebft k\u1ebf v\u1edbi m\u00e0u v\u00e0ng nh\u1ea1t b\u1eaft m\u1eaft. Khi m\u1edf r\u01b0\u1ee3u lan t\u1ecfa h\u01b0\u01a1ng th\u01a1m tr\u00e1i c\u00e2y c\u1ee7a t\u00e1o, chanh v\u00e0 h\u01b0\u01a1ng hoa quy\u1ebfn r\u0169.<\/p>\n","protected":false},"excerpt":{"rendered":"<p>Bourgogne Aligot\u00e9 l\u00e0 lo\u1ea1i r\u01b0\u1ee3u vang tr\u1eafng k\u00edch th\u00edch v\u1ecb gi\u00e1c, tr\u1ebb trung, \u0111\u1ed3 u\u1ed1ng khai v\u1ecb. \u0110\u01b0\u1ee3c thi\u1ebft k\u1ebf v\u1edbi m\u00e0u v\u00e0ng nh\u1ea1t b\u1eaft m\u1eaft. Khi m\u1edf r\u01b0\u1ee3u lan t\u1ecfa h\u01b0\u01a1ng th\u01a1m tr\u00e1i c\u00e2y c\u1ee7a t\u00e1o, chanh v\u00e0 h\u01b0\u01a1ng hoa quy\u1ebfn r\u0169.<\/p>\n","protected":false},"featured_media":860,"comment_status":"open","ping_status":"closed","template":"","meta":[],"pwb-brand":[],"product_cat":[17,73],"product_tag":[],"brands":[],"_links":{"self":[{"href":"https:\/\/pluginviet.com\/mau44\/wp-json\/wp\/v2\/product\/793"}],"collection":[{"href":"https:\/\/pluginviet.com\/mau44\/wp-json\/wp\/v2\/product"}],"about":[{"href":"https:\/\/pluginviet.com\/mau44\/wp-json\/wp\/v2\/types\/product"}],"replies":[{"embeddable":true,"href":"https:\/\/pluginviet.com\/mau44\/wp-json\/wp\/v2\/comments?post=793"}],"wp:featuredmedia":[{"embeddable":true,"href":"https:\/\/pluginviet.com\/mau44\/wp-json\/wp\/v2\/media\/860"}],"wp:attachment":[{"href":"https:\/\/pluginviet.com\/mau44\/wp-json\/wp\/v2\/media?parent=793"}],"wp:term":[{"taxonomy":"pwb-brand","embeddable":true,"href":"https:\/\/pluginviet.com\/mau44\/wp-json\/wp\/v2\/pwb-brand?post=793"},{"taxonomy":"product_cat","embeddable":true,"href":"https:\/\/pluginviet.com\/mau44\/wp-json\/wp\/v2\/product_cat?post=793"},{"taxonomy":"product_tag","embeddable":true,"href":"https:\/\/pluginviet.com\/mau44\/wp-json\/wp\/v2\/product_tag?post=793"}],"curies":[{"name":"wp","href":"https:\/\/api.w.org\/{rel}","templated":true}]}}