{"id":792,"date":"2022-07-21T18:06:23","date_gmt":"2022-07-21T11:06:23","guid":{"rendered":"https:\/\/khomaudep.com\/mauruou\/?post_type=product&#038;p=792"},"modified":"2022-07-21T19:28:58","modified_gmt":"2022-07-21T12:28:58","slug":"vang-marcel-deiss-langenberg-2015","status":"publish","type":"product","link":"https:\/\/pluginviet.com\/mau44\/san-pham\/vang-marcel-deiss-langenberg-2015\/","title":{"rendered":"Vang Marcel Deiss Langenberg 2015"},"content":{"rendered":"<p>R\u01b0\u1ee3u c\u00f3 h\u01b0\u01a1ng th\u01a1m \u0111\u1eb7c tr\u01b0ng c\u1ee7a chanh, b\u01b0\u1edfi v\u00e0 hoa tr\u1eafng (hoa ly, hoa c\u01a1m ch\u00e1y) c\u00f9ng m\u1ed9t ch\u00fat h\u01b0\u01a1ng v\u1ecb kho\u00e1ng nh\u1eb9 nh\u00e0ng g\u1ee3i nh\u1edb t\u1edbi nh\u1eefng h\u01b0\u01a1ng v\u1ecb cay \u0111\u1ed9c \u0111\u00e1o. Trong v\u00f2m mi\u1ec7ng, h\u01b0\u01a1ng v\u1ecb ho\u00e0 quy\u1ec7n tinh t\u1ebf, m\u1ecbn m\u00e0ng nh\u01b0 m\u1ed9t \u0111\u00e1m m\u00e2y tr\u00e0n \u0111\u1ea7y h\u01b0\u01a1ng th\u01a1m.<\/p>\n","protected":false},"excerpt":{"rendered":"<p>R\u01b0\u1ee3u c\u00f3 h\u01b0\u01a1ng th\u01a1m \u0111\u1eb7c tr\u01b0ng c\u1ee7a chanh, b\u01b0\u1edfi v\u00e0 hoa tr\u1eafng (hoa ly, hoa c\u01a1m ch\u00e1y) c\u00f9ng m\u1ed9t ch\u00fat h\u01b0\u01a1ng v\u1ecb kho\u00e1ng nh\u1eb9 nh\u00e0ng g\u1ee3i nh\u1edb t\u1edbi nh\u1eefng h\u01b0\u01a1ng v\u1ecb cay \u0111\u1ed9c \u0111\u00e1o. Trong v\u00f2m mi\u1ec7ng, h\u01b0\u01a1ng v\u1ecb ho\u00e0 quy\u1ec7n tinh t\u1ebf, m\u1ecbn m\u00e0ng nh\u01b0 m\u1ed9t \u0111\u00e1m m\u00e2y tr\u00e0n \u0111\u1ea7y h\u01b0\u01a1ng th\u01a1m.<\/p>\n","protected":false},"featured_media":859,"comment_status":"open","ping_status":"closed","template":"","meta":[],"pwb-brand":[],"product_cat":[17,73],"product_tag":[],"brands":[],"_links":{"self":[{"href":"https:\/\/pluginviet.com\/mau44\/wp-json\/wp\/v2\/product\/792"}],"collection":[{"href":"https:\/\/pluginviet.com\/mau44\/wp-json\/wp\/v2\/product"}],"about":[{"href":"https:\/\/pluginviet.com\/mau44\/wp-json\/wp\/v2\/types\/product"}],"replies":[{"embeddable":true,"href":"https:\/\/pluginviet.com\/mau44\/wp-json\/wp\/v2\/comments?post=792"}],"wp:featuredmedia":[{"embeddable":true,"href":"https:\/\/pluginviet.com\/mau44\/wp-json\/wp\/v2\/media\/859"}],"wp:attachment":[{"href":"https:\/\/pluginviet.com\/mau44\/wp-json\/wp\/v2\/media?parent=792"}],"wp:term":[{"taxonomy":"pwb-brand","embeddable":true,"href":"https:\/\/pluginviet.com\/mau44\/wp-json\/wp\/v2\/pwb-brand?post=792"},{"taxonomy":"product_cat","embeddable":true,"href":"https:\/\/pluginviet.com\/mau44\/wp-json\/wp\/v2\/product_cat?post=792"},{"taxonomy":"product_tag","embeddable":true,"href":"https:\/\/pluginviet.com\/mau44\/wp-json\/wp\/v2\/product_tag?post=792"}],"curies":[{"name":"wp","href":"https:\/\/api.w.org\/{rel}","templated":true}]}}