{"id":790,"date":"2022-07-21T18:05:01","date_gmt":"2022-07-21T11:05:01","guid":{"rendered":"https:\/\/khomaudep.com\/mauruou\/?post_type=product&#038;p=790"},"modified":"2022-07-21T19:29:09","modified_gmt":"2022-07-21T12:29:09","slug":"ruou-vang-phap-premiere-note-marsanne","status":"publish","type":"product","link":"https:\/\/pluginviet.com\/mau44\/san-pham\/ruou-vang-phap-premiere-note-marsanne\/","title":{"rendered":"R\u01b0\u1ee3u Vang Ph\u00e1p Premiere Note Marsanne"},"content":{"rendered":"<p>R\u01b0\u1ee3u Vang Ph\u00e1p Premiere Note Marsanne\u00a0c\u00f3 m\u00e0u s\u00e1ng v\u00e0 r\u00f5 v\u1edbi \u00e1nh xanh l\u00e1 c\u00e2y. M\u1edf r\u01b0\u1ee3u lan to\u1ea3 h\u01b0\u01a1ng th\u01a1m c\u1ef1c m\u1ea1nh c\u1ee7a qu\u1ea3 m\u1ecdng v\u00e0 hoa tr\u1eafng. Th\u01b0\u1edfng th\u1ee9c r\u01b0\u1ee3u c\u1ea3m nh\u1eadn s\u1ef1 s\u1ea3ng kh\u00e1i trong v\u00f2m mi\u1ec7ng v\u1edbi v\u1ecb qu\u1ea3 m\u1ecdng (chanh v\u00e0 b\u01b0\u1edfi) c\u00f9ng h\u01b0\u01a1ng v\u1ecb tinh t\u1ebf c\u1ee7a hoa tr\u1eafng.<\/p>\n","protected":false},"excerpt":{"rendered":"<p>R\u01b0\u1ee3u Vang Ph\u00e1p Premiere Note Marsanne\u00a0c\u00f3 m\u00e0u s\u00e1ng v\u00e0 r\u00f5 v\u1edbi \u00e1nh xanh l\u00e1 c\u00e2y. M\u1edf r\u01b0\u1ee3u lan to\u1ea3 h\u01b0\u01a1ng th\u01a1m c\u1ef1c m\u1ea1nh c\u1ee7a qu\u1ea3 m\u1ecdng v\u00e0 hoa tr\u1eafng. Th\u01b0\u1edfng th\u1ee9c r\u01b0\u1ee3u c\u1ea3m nh\u1eadn s\u1ef1 s\u1ea3ng kh\u00e1i trong v\u00f2m mi\u1ec7ng v\u1edbi v\u1ecb qu\u1ea3 m\u1ecdng (chanh v\u00e0 b\u01b0\u1edfi) c\u00f9ng h\u01b0\u01a1ng v\u1ecb tinh t\u1ebf c\u1ee7a hoa tr\u1eafng.<\/p>\n","protected":false},"featured_media":857,"comment_status":"open","ping_status":"closed","template":"","meta":[],"pwb-brand":[],"product_cat":[17,73],"product_tag":[],"brands":[],"_links":{"self":[{"href":"https:\/\/pluginviet.com\/mau44\/wp-json\/wp\/v2\/product\/790"}],"collection":[{"href":"https:\/\/pluginviet.com\/mau44\/wp-json\/wp\/v2\/product"}],"about":[{"href":"https:\/\/pluginviet.com\/mau44\/wp-json\/wp\/v2\/types\/product"}],"replies":[{"embeddable":true,"href":"https:\/\/pluginviet.com\/mau44\/wp-json\/wp\/v2\/comments?post=790"}],"wp:featuredmedia":[{"embeddable":true,"href":"https:\/\/pluginviet.com\/mau44\/wp-json\/wp\/v2\/media\/857"}],"wp:attachment":[{"href":"https:\/\/pluginviet.com\/mau44\/wp-json\/wp\/v2\/media?parent=790"}],"wp:term":[{"taxonomy":"pwb-brand","embeddable":true,"href":"https:\/\/pluginviet.com\/mau44\/wp-json\/wp\/v2\/pwb-brand?post=790"},{"taxonomy":"product_cat","embeddable":true,"href":"https:\/\/pluginviet.com\/mau44\/wp-json\/wp\/v2\/product_cat?post=790"},{"taxonomy":"product_tag","embeddable":true,"href":"https:\/\/pluginviet.com\/mau44\/wp-json\/wp\/v2\/product_tag?post=790"}],"curies":[{"name":"wp","href":"https:\/\/api.w.org\/{rel}","templated":true}]}}