{"id":788,"date":"2022-07-21T18:03:16","date_gmt":"2022-07-21T11:03:16","guid":{"rendered":"https:\/\/khomaudep.com\/mauruou\/?post_type=product&#038;p=788"},"modified":"2022-07-21T19:29:41","modified_gmt":"2022-07-21T12:29:41","slug":"ruou-vang-phap-delor-heritage-1864-bordeaux-blanc","status":"publish","type":"product","link":"https:\/\/pluginviet.com\/mau44\/san-pham\/ruou-vang-phap-delor-heritage-1864-bordeaux-blanc\/","title":{"rendered":"R\u01b0\u1ee3u Vang Ph\u00e1p Delor H\u00e9ritage 1864 Bordeaux Blanc"},"content":{"rendered":"<p>H\u01b0\u01a1ng v\u1ecb \u0111\u1ed9c \u0111\u00e1o c\u1ee7a n\u00f3. R\u01b0\u1ee3u l\u00e0 s\u1ef1 ph\u1ee9c h\u1ee3p tuy\u1ec7t v\u1eddi c\u1ee7a h\u01b0\u01a1ng tr\u00e1i c\u00e2y h\u00f2a quy\u1ec7n c\u00f9ng h\u01b0\u01a1ng hoa t\u01b0\u01a1i m\u00e1t, thoang tho\u1ea3ng v\u1edbi \u0111\u00f3 l\u00e0 h\u01b0\u01a1ng c\u1ee7a tr\u00e1i c\u00e2y h\u1ecd cam qu\u00fdt v\u00e0 hoa tr\u1eafng nh\u1eb9 nh\u00e0ng sang tr\u1ecdng.<\/p>\n","protected":false},"excerpt":{"rendered":"<p>H\u01b0\u01a1ng v\u1ecb \u0111\u1ed9c \u0111\u00e1o c\u1ee7a n\u00f3. R\u01b0\u1ee3u l\u00e0 s\u1ef1 ph\u1ee9c h\u1ee3p tuy\u1ec7t v\u1eddi c\u1ee7a h\u01b0\u01a1ng tr\u00e1i c\u00e2y h\u00f2a quy\u1ec7n c\u00f9ng h\u01b0\u01a1ng hoa t\u01b0\u01a1i m\u00e1t, thoang tho\u1ea3ng v\u1edbi \u0111\u00f3 l\u00e0 h\u01b0\u01a1ng c\u1ee7a tr\u00e1i c\u00e2y h\u1ecd cam qu\u00fdt v\u00e0 hoa tr\u1eafng nh\u1eb9 nh\u00e0ng sang tr\u1ecdng.<\/p>\n","protected":false},"featured_media":855,"comment_status":"open","ping_status":"closed","template":"","meta":[],"pwb-brand":[],"product_cat":[17,73],"product_tag":[],"brands":[],"_links":{"self":[{"href":"https:\/\/pluginviet.com\/mau44\/wp-json\/wp\/v2\/product\/788"}],"collection":[{"href":"https:\/\/pluginviet.com\/mau44\/wp-json\/wp\/v2\/product"}],"about":[{"href":"https:\/\/pluginviet.com\/mau44\/wp-json\/wp\/v2\/types\/product"}],"replies":[{"embeddable":true,"href":"https:\/\/pluginviet.com\/mau44\/wp-json\/wp\/v2\/comments?post=788"}],"wp:featuredmedia":[{"embeddable":true,"href":"https:\/\/pluginviet.com\/mau44\/wp-json\/wp\/v2\/media\/855"}],"wp:attachment":[{"href":"https:\/\/pluginviet.com\/mau44\/wp-json\/wp\/v2\/media?parent=788"}],"wp:term":[{"taxonomy":"pwb-brand","embeddable":true,"href":"https:\/\/pluginviet.com\/mau44\/wp-json\/wp\/v2\/pwb-brand?post=788"},{"taxonomy":"product_cat","embeddable":true,"href":"https:\/\/pluginviet.com\/mau44\/wp-json\/wp\/v2\/product_cat?post=788"},{"taxonomy":"product_tag","embeddable":true,"href":"https:\/\/pluginviet.com\/mau44\/wp-json\/wp\/v2\/product_tag?post=788"}],"curies":[{"name":"wp","href":"https:\/\/api.w.org\/{rel}","templated":true}]}}