{"id":787,"date":"2022-07-21T18:02:22","date_gmt":"2022-07-21T11:02:22","guid":{"rendered":"https:\/\/khomaudep.com\/mauruou\/?post_type=product&#038;p=787"},"modified":"2022-07-21T19:29:41","modified_gmt":"2022-07-21T12:29:41","slug":"ruou-vang-phap-chateau-franc-mayne-2018","status":"publish","type":"product","link":"https:\/\/pluginviet.com\/mau44\/san-pham\/ruou-vang-phap-chateau-franc-mayne-2018\/","title":{"rendered":"R\u01b0\u1ee3u vang Ph\u00e1p Ch\u00e2teau Franc Mayne 2018"},"content":{"rendered":"<p>V\u1ecb r\u01b0\u1ee3u gi\u00e0u \u0111\u1eadm v\u1edbi v\u1ecb ch\u00e1t s\u1eafc n\u00e9t, tinh t\u1ebf c\u00e2n b\u1eb1ng nh\u1ecbp nh\u00e0ng v\u1edbi h\u01b0\u01a1ng th\u01a1m t\u01b0\u01a1i m\u00e1t c\u1ee7a tr\u00e1i qu\u1ea3. M\u1ed9t d\u00f2ng vang c\u0103ng tr\u00e0n s\u1ee9c s\u1ed1ng v\u00e0 n\u0103ng l\u01b0\u1ee3ng, gi\u00e0u ti\u1ec1m n\u0103ng ph\u00e1t tri\u1ec3n, h\u1ee9a h\u1eb9n s\u1ebd \u0111em l\u1ea1i h\u01b0\u01a1ng v\u1ecb s\u00e2u s\u1eafc, ph\u1ee9c h\u1ee3p v\u00e0 b\u00f9ng n\u1ed5 h\u01a1n khi \u0111\u01b0\u1ee3c l\u01b0u gi\u1eef l\u00e2u n\u0103m.<\/p>\n","protected":false},"excerpt":{"rendered":"<p>V\u1ecb r\u01b0\u1ee3u gi\u00e0u \u0111\u1eadm v\u1edbi v\u1ecb ch\u00e1t s\u1eafc n\u00e9t, tinh t\u1ebf c\u00e2n b\u1eb1ng nh\u1ecbp nh\u00e0ng v\u1edbi h\u01b0\u01a1ng th\u01a1m t\u01b0\u01a1i m\u00e1t c\u1ee7a tr\u00e1i qu\u1ea3. M\u1ed9t d\u00f2ng vang c\u0103ng tr\u00e0n s\u1ee9c s\u1ed1ng v\u00e0 n\u0103ng l\u01b0\u1ee3ng, gi\u00e0u ti\u1ec1m n\u0103ng ph\u00e1t tri\u1ec3n, h\u1ee9a h\u1eb9n s\u1ebd \u0111em l\u1ea1i h\u01b0\u01a1ng v\u1ecb s\u00e2u s\u1eafc, ph\u1ee9c h\u1ee3p v\u00e0 b\u00f9ng n\u1ed5 h\u01a1n khi \u0111\u01b0\u1ee3c &#8230;<\/p>\n","protected":false},"featured_media":854,"comment_status":"open","ping_status":"closed","template":"","meta":[],"pwb-brand":[],"product_cat":[17,73],"product_tag":[],"brands":[],"_links":{"self":[{"href":"https:\/\/pluginviet.com\/mau44\/wp-json\/wp\/v2\/product\/787"}],"collection":[{"href":"https:\/\/pluginviet.com\/mau44\/wp-json\/wp\/v2\/product"}],"about":[{"href":"https:\/\/pluginviet.com\/mau44\/wp-json\/wp\/v2\/types\/product"}],"replies":[{"embeddable":true,"href":"https:\/\/pluginviet.com\/mau44\/wp-json\/wp\/v2\/comments?post=787"}],"wp:featuredmedia":[{"embeddable":true,"href":"https:\/\/pluginviet.com\/mau44\/wp-json\/wp\/v2\/media\/854"}],"wp:attachment":[{"href":"https:\/\/pluginviet.com\/mau44\/wp-json\/wp\/v2\/media?parent=787"}],"wp:term":[{"taxonomy":"pwb-brand","embeddable":true,"href":"https:\/\/pluginviet.com\/mau44\/wp-json\/wp\/v2\/pwb-brand?post=787"},{"taxonomy":"product_cat","embeddable":true,"href":"https:\/\/pluginviet.com\/mau44\/wp-json\/wp\/v2\/product_cat?post=787"},{"taxonomy":"product_tag","embeddable":true,"href":"https:\/\/pluginviet.com\/mau44\/wp-json\/wp\/v2\/product_tag?post=787"}],"curies":[{"name":"wp","href":"https:\/\/api.w.org\/{rel}","templated":true}]}}