{"id":786,"date":"2022-07-21T18:01:37","date_gmt":"2022-07-21T11:01:37","guid":{"rendered":"https:\/\/khomaudep.com\/mauruou\/?post_type=product&#038;p=786"},"modified":"2022-07-21T19:29:41","modified_gmt":"2022-07-21T12:29:41","slug":"ruou-vang-do-chateau-pey-la-tour-2016","status":"publish","type":"product","link":"https:\/\/pluginviet.com\/mau44\/san-pham\/ruou-vang-do-chateau-pey-la-tour-2016\/","title":{"rendered":"R\u01b0\u1ee3u vang \u0111\u1ecf Chateau Pey La Tour 2016"},"content":{"rendered":"<p>V\u1ecb r\u01b0\u1ee3u n\u1ed5i b\u1eadt v\u1edbi l\u1edbp h\u01b0\u01a1ng \u1ea5m \u00e1p c\u1ee7a kh\u00f3i thu\u1ed1c v\u00e0 than h\u1ed3ng ch\u00e1y ch\u1eadm s\u00e1nh quy\u1ec7n c\u00f9ng c\u00e1c n\u1ed1t h\u01b0\u01a1ng ch\u1ee7 \u0111\u1ea1o c\u1ee7a qu\u1ea3 sung, m\u00e2m x\u00f4i \u0111en, m\u1eadn.<\/p>\n","protected":false},"excerpt":{"rendered":"<p>V\u1ecb r\u01b0\u1ee3u n\u1ed5i b\u1eadt v\u1edbi l\u1edbp h\u01b0\u01a1ng \u1ea5m \u00e1p c\u1ee7a kh\u00f3i thu\u1ed1c v\u00e0 than h\u1ed3ng ch\u00e1y ch\u1eadm s\u00e1nh quy\u1ec7n c\u00f9ng c\u00e1c n\u1ed1t h\u01b0\u01a1ng ch\u1ee7 \u0111\u1ea1o c\u1ee7a qu\u1ea3 sung, m\u00e2m x\u00f4i \u0111en, m\u1eadn.<\/p>\n","protected":false},"featured_media":853,"comment_status":"open","ping_status":"closed","template":"","meta":[],"pwb-brand":[],"product_cat":[17,73],"product_tag":[],"brands":[],"_links":{"self":[{"href":"https:\/\/pluginviet.com\/mau44\/wp-json\/wp\/v2\/product\/786"}],"collection":[{"href":"https:\/\/pluginviet.com\/mau44\/wp-json\/wp\/v2\/product"}],"about":[{"href":"https:\/\/pluginviet.com\/mau44\/wp-json\/wp\/v2\/types\/product"}],"replies":[{"embeddable":true,"href":"https:\/\/pluginviet.com\/mau44\/wp-json\/wp\/v2\/comments?post=786"}],"wp:featuredmedia":[{"embeddable":true,"href":"https:\/\/pluginviet.com\/mau44\/wp-json\/wp\/v2\/media\/853"}],"wp:attachment":[{"href":"https:\/\/pluginviet.com\/mau44\/wp-json\/wp\/v2\/media?parent=786"}],"wp:term":[{"taxonomy":"pwb-brand","embeddable":true,"href":"https:\/\/pluginviet.com\/mau44\/wp-json\/wp\/v2\/pwb-brand?post=786"},{"taxonomy":"product_cat","embeddable":true,"href":"https:\/\/pluginviet.com\/mau44\/wp-json\/wp\/v2\/product_cat?post=786"},{"taxonomy":"product_tag","embeddable":true,"href":"https:\/\/pluginviet.com\/mau44\/wp-json\/wp\/v2\/product_tag?post=786"}],"curies":[{"name":"wp","href":"https:\/\/api.w.org\/{rel}","templated":true}]}}