{"id":785,"date":"2022-07-21T18:00:07","date_gmt":"2022-07-21T11:00:07","guid":{"rendered":"https:\/\/khomaudep.com\/mauruou\/?post_type=product&#038;p=785"},"modified":"2022-07-21T19:42:43","modified_gmt":"2022-07-21T12:42:43","slug":"ruou-vang-santa-carolina-reserva-chardonnay","status":"publish","type":"product","link":"https:\/\/pluginviet.com\/mau44\/san-pham\/ruou-vang-santa-carolina-reserva-chardonnay\/","title":{"rendered":"R\u01b0\u1ee3u vang Santa Carolina Reserva Chardonnay"},"content":{"rendered":"<p>H\u01b0\u01a1ng v\u1ecb c\u1ee7a r\u01b0\u1ee3u nh\u1eb9 nh\u00e0ng, duy\u00ean d\u00e1ng, c\u00e2n b\u1eb1ng, v\u1edbi c\u00e1c s\u1eafc th\u00e1i tr\u00e1i c\u00e2y v\u00e0 h\u1ea1t v\u00e0 v\u1ecb chua s\u1ed1ng \u0111\u1ed9ng trong m\u1ed9t d\u01b0 v\u1ecb h\u1ea1n ch\u1ebf.<\/p>\n","protected":false},"excerpt":{"rendered":"<p>H\u01b0\u01a1ng v\u1ecb c\u1ee7a r\u01b0\u1ee3u nh\u1eb9 nh\u00e0ng, duy\u00ean d\u00e1ng, c\u00e2n b\u1eb1ng, v\u1edbi c\u00e1c s\u1eafc th\u00e1i tr\u00e1i c\u00e2y v\u00e0 h\u1ea1t v\u00e0 v\u1ecb chua s\u1ed1ng \u0111\u1ed9ng trong m\u1ed9t d\u01b0 v\u1ecb h\u1ea1n ch\u1ebf.<\/p>\n","protected":false},"featured_media":900,"comment_status":"open","ping_status":"closed","template":"","meta":[],"pwb-brand":[],"product_cat":[17,75],"product_tag":[],"brands":[],"_links":{"self":[{"href":"https:\/\/pluginviet.com\/mau44\/wp-json\/wp\/v2\/product\/785"}],"collection":[{"href":"https:\/\/pluginviet.com\/mau44\/wp-json\/wp\/v2\/product"}],"about":[{"href":"https:\/\/pluginviet.com\/mau44\/wp-json\/wp\/v2\/types\/product"}],"replies":[{"embeddable":true,"href":"https:\/\/pluginviet.com\/mau44\/wp-json\/wp\/v2\/comments?post=785"}],"wp:featuredmedia":[{"embeddable":true,"href":"https:\/\/pluginviet.com\/mau44\/wp-json\/wp\/v2\/media\/900"}],"wp:attachment":[{"href":"https:\/\/pluginviet.com\/mau44\/wp-json\/wp\/v2\/media?parent=785"}],"wp:term":[{"taxonomy":"pwb-brand","embeddable":true,"href":"https:\/\/pluginviet.com\/mau44\/wp-json\/wp\/v2\/pwb-brand?post=785"},{"taxonomy":"product_cat","embeddable":true,"href":"https:\/\/pluginviet.com\/mau44\/wp-json\/wp\/v2\/product_cat?post=785"},{"taxonomy":"product_tag","embeddable":true,"href":"https:\/\/pluginviet.com\/mau44\/wp-json\/wp\/v2\/product_tag?post=785"}],"curies":[{"name":"wp","href":"https:\/\/api.w.org\/{rel}","templated":true}]}}