{"id":784,"date":"2022-07-21T17:59:21","date_gmt":"2022-07-21T10:59:21","guid":{"rendered":"https:\/\/khomaudep.com\/mauruou\/?post_type=product&#038;p=784"},"modified":"2022-07-21T19:42:38","modified_gmt":"2022-07-21T12:42:38","slug":"ruou-vang-tabali-pedregoso-syrah","status":"publish","type":"product","link":"https:\/\/pluginviet.com\/mau44\/san-pham\/ruou-vang-tabali-pedregoso-syrah\/","title":{"rendered":"R\u01af\u1ee2U VANG TABALI PEDREGOSO SYRAH"},"content":{"rendered":"<p>R\u01b0\u1ee3u vang Tabali Reserva Syrah\u00a0c\u00f3 m\u00e0u \u0111\u1ecf \u0111\u1eadm t\u00edm \u0111\u1eadm \u0111\u00e0. Khi u\u1ed1ng n\u00f3 v\u00e0o trong v\u00f2m mi\u1ec7ng ta, th\u00ec to\u00e0n th\u00e2n n\u00f3 \u0111\u01b0\u1ee3c bao ph\u1ee7 \u00a0v\u1edbi m\u1eadn h\u1ea5p d\u1eabn v\u00e0 h\u01b0\u01a1ng v\u1ecb anh \u0111\u00e0o \u0111en<\/p>\n","protected":false},"excerpt":{"rendered":"<p>R\u01b0\u1ee3u vang Tabali Reserva Syrah\u00a0c\u00f3 m\u00e0u \u0111\u1ecf \u0111\u1eadm t\u00edm \u0111\u1eadm \u0111\u00e0. Khi u\u1ed1ng n\u00f3 v\u00e0o trong v\u00f2m mi\u1ec7ng ta, th\u00ec to\u00e0n th\u00e2n n\u00f3 \u0111\u01b0\u1ee3c bao ph\u1ee7 \u00a0v\u1edbi m\u1eadn h\u1ea5p d\u1eabn v\u00e0 h\u01b0\u01a1ng v\u1ecb anh \u0111\u00e0o \u0111en<\/p>\n","protected":false},"featured_media":899,"comment_status":"open","ping_status":"closed","template":"","meta":[],"pwb-brand":[],"product_cat":[17,75],"product_tag":[],"brands":[],"_links":{"self":[{"href":"https:\/\/pluginviet.com\/mau44\/wp-json\/wp\/v2\/product\/784"}],"collection":[{"href":"https:\/\/pluginviet.com\/mau44\/wp-json\/wp\/v2\/product"}],"about":[{"href":"https:\/\/pluginviet.com\/mau44\/wp-json\/wp\/v2\/types\/product"}],"replies":[{"embeddable":true,"href":"https:\/\/pluginviet.com\/mau44\/wp-json\/wp\/v2\/comments?post=784"}],"wp:featuredmedia":[{"embeddable":true,"href":"https:\/\/pluginviet.com\/mau44\/wp-json\/wp\/v2\/media\/899"}],"wp:attachment":[{"href":"https:\/\/pluginviet.com\/mau44\/wp-json\/wp\/v2\/media?parent=784"}],"wp:term":[{"taxonomy":"pwb-brand","embeddable":true,"href":"https:\/\/pluginviet.com\/mau44\/wp-json\/wp\/v2\/pwb-brand?post=784"},{"taxonomy":"product_cat","embeddable":true,"href":"https:\/\/pluginviet.com\/mau44\/wp-json\/wp\/v2\/product_cat?post=784"},{"taxonomy":"product_tag","embeddable":true,"href":"https:\/\/pluginviet.com\/mau44\/wp-json\/wp\/v2\/product_tag?post=784"}],"curies":[{"name":"wp","href":"https:\/\/api.w.org\/{rel}","templated":true}]}}