{"id":783,"date":"2022-07-21T17:58:29","date_gmt":"2022-07-21T10:58:29","guid":{"rendered":"https:\/\/khomaudep.com\/mauruou\/?post_type=product&#038;p=783"},"modified":"2022-07-21T19:42:28","modified_gmt":"2022-07-21T12:42:28","slug":"ruou-vang-tabali-reserva-syrah","status":"publish","type":"product","link":"https:\/\/pluginviet.com\/mau44\/san-pham\/ruou-vang-tabali-reserva-syrah\/","title":{"rendered":"R\u01b0\u1ee3u vang Tabali Reserva Syrah"},"content":{"rendered":"<p>\u0111\u01b0\u1ee3c l\u00e0m n\u00ean t\u1eeb gi\u1ed1ng nho c\u01a1 b\u1ea3n \u0111\u00f3 ch\u00ednh l\u00e0\u00a0Syrah. V\u1edbi ch\u1ea5t l\u01b0\u1ee3ng ho\u00e0n h\u1ea3o t\u1eeb gi\u1ed1ng nho n\u00e0y \u0111\u00e3 g\u00f3p ph\u1ea7n mang \u0111\u1ebfn m\u1ed9t h\u01b0\u01a1ng v\u1ecb kh\u00e1 \u0111\u1eadm \u0111\u00e0 cho r\u01b0\u1ee3u \u0111\u1ed3ng th\u1eddi c\u00f3 kh\u1ea3 n\u0103ng m\u1edf c\u1eeda tr\u00e1i tim \u0111\u1ec3 l\u1ea1i d\u1ea5u \u1ea5n s\u00e2u s\u1eafc trong l\u00f2ng kh\u00f3 c\u00f3 th\u1ec3 phai nh\u1ea1t.<\/p>\n","protected":false},"excerpt":{"rendered":"<p>\u0111\u01b0\u1ee3c l\u00e0m n\u00ean t\u1eeb gi\u1ed1ng nho c\u01a1 b\u1ea3n \u0111\u00f3 ch\u00ednh l\u00e0\u00a0Syrah. V\u1edbi ch\u1ea5t l\u01b0\u1ee3ng ho\u00e0n h\u1ea3o t\u1eeb gi\u1ed1ng nho n\u00e0y \u0111\u00e3 g\u00f3p ph\u1ea7n mang \u0111\u1ebfn m\u1ed9t h\u01b0\u01a1ng v\u1ecb kh\u00e1 \u0111\u1eadm \u0111\u00e0 cho r\u01b0\u1ee3u \u0111\u1ed3ng th\u1eddi c\u00f3 kh\u1ea3 n\u0103ng m\u1edf c\u1eeda tr\u00e1i tim \u0111\u1ec3 l\u1ea1i d\u1ea5u \u1ea5n s\u00e2u s\u1eafc trong l\u00f2ng kh\u00f3 c\u00f3 th\u1ec3 phai nh\u1ea1t.<\/p>\n","protected":false},"featured_media":898,"comment_status":"open","ping_status":"closed","template":"","meta":[],"pwb-brand":[],"product_cat":[17,75],"product_tag":[],"brands":[],"_links":{"self":[{"href":"https:\/\/pluginviet.com\/mau44\/wp-json\/wp\/v2\/product\/783"}],"collection":[{"href":"https:\/\/pluginviet.com\/mau44\/wp-json\/wp\/v2\/product"}],"about":[{"href":"https:\/\/pluginviet.com\/mau44\/wp-json\/wp\/v2\/types\/product"}],"replies":[{"embeddable":true,"href":"https:\/\/pluginviet.com\/mau44\/wp-json\/wp\/v2\/comments?post=783"}],"wp:featuredmedia":[{"embeddable":true,"href":"https:\/\/pluginviet.com\/mau44\/wp-json\/wp\/v2\/media\/898"}],"wp:attachment":[{"href":"https:\/\/pluginviet.com\/mau44\/wp-json\/wp\/v2\/media?parent=783"}],"wp:term":[{"taxonomy":"pwb-brand","embeddable":true,"href":"https:\/\/pluginviet.com\/mau44\/wp-json\/wp\/v2\/pwb-brand?post=783"},{"taxonomy":"product_cat","embeddable":true,"href":"https:\/\/pluginviet.com\/mau44\/wp-json\/wp\/v2\/product_cat?post=783"},{"taxonomy":"product_tag","embeddable":true,"href":"https:\/\/pluginviet.com\/mau44\/wp-json\/wp\/v2\/product_tag?post=783"}],"curies":[{"name":"wp","href":"https:\/\/api.w.org\/{rel}","templated":true}]}}