{"id":781,"date":"2022-07-21T17:57:46","date_gmt":"2022-07-21T10:57:46","guid":{"rendered":"https:\/\/khomaudep.com\/mauruou\/?post_type=product&#038;p=781"},"modified":"2022-07-21T19:42:23","modified_gmt":"2022-07-21T12:42:23","slug":"vang-tabali-reserva-especial-chardonnay","status":"publish","type":"product","link":"https:\/\/pluginviet.com\/mau44\/san-pham\/vang-tabali-reserva-especial-chardonnay\/","title":{"rendered":"Vang Tabali Reserva Especial Chardonnay"},"content":{"rendered":"<p>Vang c\u00f3 m\u00e0u\u00a0r\u01a1m tinh t\u1ebf. Khi nh\u1ea5p v\u00e0o mi\u1ec7ng s\u1ebd c\u1ea3m th\u1ea5y\u00a0h\u01b0\u01a1ng th\u01a1m c\u1ee7a hoa qu\u1ea3 nhi\u1ec7t \u0111\u1edbi, \u0111\u1eb7c bi\u1ec7t l\u00e0 m\u00f9i chanh\u00a0th\u01a1m m\u00e1t. C\u1ea5u tr\u00fac r\u01b0\u1ee3u \u0111\u1ea7y \u0111\u1eb7t, m\u1ec1m m\u01b0\u1ee3t c\u00e2n b\u1eb1ng v\u1edbi h\u01b0\u01a1ng th\u01a1m tinh t\u1ebf\u00a0c\u1ee7a tr\u00e1i c\u00e2y c\u00f9ng v\u1ecb chua t\u1ef1 nhi\u00ean.<\/p>\n","protected":false},"excerpt":{"rendered":"<p>Vang c\u00f3 m\u00e0u\u00a0r\u01a1m tinh t\u1ebf. Khi nh\u1ea5p v\u00e0o mi\u1ec7ng s\u1ebd c\u1ea3m th\u1ea5y\u00a0h\u01b0\u01a1ng th\u01a1m c\u1ee7a hoa qu\u1ea3 nhi\u1ec7t \u0111\u1edbi, \u0111\u1eb7c bi\u1ec7t l\u00e0 m\u00f9i chanh\u00a0th\u01a1m m\u00e1t. C\u1ea5u tr\u00fac r\u01b0\u1ee3u \u0111\u1ea7y \u0111\u1eb7t, m\u1ec1m m\u01b0\u1ee3t c\u00e2n b\u1eb1ng v\u1edbi h\u01b0\u01a1ng th\u01a1m tinh t\u1ebf\u00a0c\u1ee7a tr\u00e1i c\u00e2y c\u00f9ng v\u1ecb chua t\u1ef1 nhi\u00ean.<\/p>\n","protected":false},"featured_media":897,"comment_status":"open","ping_status":"closed","template":"","meta":[],"pwb-brand":[],"product_cat":[17,75],"product_tag":[],"brands":[],"_links":{"self":[{"href":"https:\/\/pluginviet.com\/mau44\/wp-json\/wp\/v2\/product\/781"}],"collection":[{"href":"https:\/\/pluginviet.com\/mau44\/wp-json\/wp\/v2\/product"}],"about":[{"href":"https:\/\/pluginviet.com\/mau44\/wp-json\/wp\/v2\/types\/product"}],"replies":[{"embeddable":true,"href":"https:\/\/pluginviet.com\/mau44\/wp-json\/wp\/v2\/comments?post=781"}],"wp:featuredmedia":[{"embeddable":true,"href":"https:\/\/pluginviet.com\/mau44\/wp-json\/wp\/v2\/media\/897"}],"wp:attachment":[{"href":"https:\/\/pluginviet.com\/mau44\/wp-json\/wp\/v2\/media?parent=781"}],"wp:term":[{"taxonomy":"pwb-brand","embeddable":true,"href":"https:\/\/pluginviet.com\/mau44\/wp-json\/wp\/v2\/pwb-brand?post=781"},{"taxonomy":"product_cat","embeddable":true,"href":"https:\/\/pluginviet.com\/mau44\/wp-json\/wp\/v2\/product_cat?post=781"},{"taxonomy":"product_tag","embeddable":true,"href":"https:\/\/pluginviet.com\/mau44\/wp-json\/wp\/v2\/product_tag?post=781"}],"curies":[{"name":"wp","href":"https:\/\/api.w.org\/{rel}","templated":true}]}}