{"id":780,"date":"2022-07-21T17:57:08","date_gmt":"2022-07-21T10:57:08","guid":{"rendered":"https:\/\/khomaudep.com\/mauruou\/?post_type=product&#038;p=780"},"modified":"2022-07-21T19:42:14","modified_gmt":"2022-07-21T12:42:14","slug":"ruou-vang-tabali-reserva-cabernet-sauvignon","status":"publish","type":"product","link":"https:\/\/pluginviet.com\/mau44\/san-pham\/ruou-vang-tabali-reserva-cabernet-sauvignon\/","title":{"rendered":"R\u01b0\u1ee3u vang Tabali Reserva Cabernet Sauvignon"},"content":{"rendered":"<p>R\u01b0\u1ee3u\u00a0c\u00f3 h\u01b0\u01a1ng th\u01a1m ph\u1ee9c h\u1ee3p \u0111\u01b0\u1ee3c t\u1ea1o n\u00ean t\u1eeb h\u01b0\u01a1ng th\u01a1m c\u1ee7a r\u1ea5t nhi\u1ec1u lo\u1ea1i tr\u00e1i c\u00e2y kh\u00e1c nhau nh\u01b0 m\u1eadn, d\u00e2u t\u00e2y, anh \u0111\u00e0o v\u00e0 thoang tho\u1ea3ng m\u1ed9t ch\u00fat c\u1ee7a v\u1ecb vani<\/p>\n","protected":false},"excerpt":{"rendered":"<p>R\u01b0\u1ee3u\u00a0c\u00f3 h\u01b0\u01a1ng th\u01a1m ph\u1ee9c h\u1ee3p \u0111\u01b0\u1ee3c t\u1ea1o n\u00ean t\u1eeb h\u01b0\u01a1ng th\u01a1m c\u1ee7a r\u1ea5t nhi\u1ec1u lo\u1ea1i tr\u00e1i c\u00e2y kh\u00e1c nhau nh\u01b0 m\u1eadn, d\u00e2u t\u00e2y, anh \u0111\u00e0o v\u00e0 thoang tho\u1ea3ng m\u1ed9t ch\u00fat c\u1ee7a v\u1ecb vani<\/p>\n","protected":false},"featured_media":896,"comment_status":"open","ping_status":"closed","template":"","meta":[],"pwb-brand":[],"product_cat":[17,75],"product_tag":[],"brands":[],"_links":{"self":[{"href":"https:\/\/pluginviet.com\/mau44\/wp-json\/wp\/v2\/product\/780"}],"collection":[{"href":"https:\/\/pluginviet.com\/mau44\/wp-json\/wp\/v2\/product"}],"about":[{"href":"https:\/\/pluginviet.com\/mau44\/wp-json\/wp\/v2\/types\/product"}],"replies":[{"embeddable":true,"href":"https:\/\/pluginviet.com\/mau44\/wp-json\/wp\/v2\/comments?post=780"}],"wp:featuredmedia":[{"embeddable":true,"href":"https:\/\/pluginviet.com\/mau44\/wp-json\/wp\/v2\/media\/896"}],"wp:attachment":[{"href":"https:\/\/pluginviet.com\/mau44\/wp-json\/wp\/v2\/media?parent=780"}],"wp:term":[{"taxonomy":"pwb-brand","embeddable":true,"href":"https:\/\/pluginviet.com\/mau44\/wp-json\/wp\/v2\/pwb-brand?post=780"},{"taxonomy":"product_cat","embeddable":true,"href":"https:\/\/pluginviet.com\/mau44\/wp-json\/wp\/v2\/product_cat?post=780"},{"taxonomy":"product_tag","embeddable":true,"href":"https:\/\/pluginviet.com\/mau44\/wp-json\/wp\/v2\/product_tag?post=780"}],"curies":[{"name":"wp","href":"https:\/\/api.w.org\/{rel}","templated":true}]}}