{"id":777,"date":"2022-07-21T17:55:26","date_gmt":"2022-07-21T10:55:26","guid":{"rendered":"https:\/\/khomaudep.com\/mauruou\/?post_type=product&#038;p=777"},"modified":"2022-07-21T19:42:05","modified_gmt":"2022-07-21T12:42:05","slug":"tabali-payen-2012","status":"publish","type":"product","link":"https:\/\/pluginviet.com\/mau44\/san-pham\/tabali-payen-2012\/","title":{"rendered":"Tabali Payen 2012"},"content":{"rendered":"<p>H\u01b0\u01a1ng v\u1ecb c\u1ee7a r\u01b0\u1ee3u\u00a0hi\u1ec7n l\u00ean v\u1edbi h\u01b0\u01a1ng th\u01a1m t\u1eeb nh\u1eefng tr\u00e1i anh \u0111\u00e0o, c\u1ee7a qu\u1ea3 vi\u1ec7t qu\u1ea5t xanh. Th\u00eam v\u00e0o \u0111\u00f3 c\u00f2n l\u00e0 ch\u00fat m\u00f9i h\u01b0\u01a1ng c\u1ee7a hoa violet c\u1ed9ng v\u1edbi m\u00f9i kh\u00f3i v\u00e0 c\u00f3 ch\u00fat v\u1ecb cay c\u1ee7a gia v\u1ecb\u2026<\/p>\n","protected":false},"excerpt":{"rendered":"<p>H\u01b0\u01a1ng v\u1ecb c\u1ee7a r\u01b0\u1ee3u\u00a0hi\u1ec7n l\u00ean v\u1edbi h\u01b0\u01a1ng th\u01a1m t\u1eeb nh\u1eefng tr\u00e1i anh \u0111\u00e0o, c\u1ee7a qu\u1ea3 vi\u1ec7t qu\u1ea5t xanh. Th\u00eam v\u00e0o \u0111\u00f3 c\u00f2n l\u00e0 ch\u00fat m\u00f9i h\u01b0\u01a1ng c\u1ee7a hoa violet c\u1ed9ng v\u1edbi m\u00f9i kh\u00f3i v\u00e0 c\u00f3 ch\u00fat v\u1ecb cay c\u1ee7a gia v\u1ecb\u2026<\/p>\n","protected":false},"featured_media":894,"comment_status":"open","ping_status":"closed","template":"","meta":[],"pwb-brand":[],"product_cat":[17,75],"product_tag":[],"brands":[],"_links":{"self":[{"href":"https:\/\/pluginviet.com\/mau44\/wp-json\/wp\/v2\/product\/777"}],"collection":[{"href":"https:\/\/pluginviet.com\/mau44\/wp-json\/wp\/v2\/product"}],"about":[{"href":"https:\/\/pluginviet.com\/mau44\/wp-json\/wp\/v2\/types\/product"}],"replies":[{"embeddable":true,"href":"https:\/\/pluginviet.com\/mau44\/wp-json\/wp\/v2\/comments?post=777"}],"wp:featuredmedia":[{"embeddable":true,"href":"https:\/\/pluginviet.com\/mau44\/wp-json\/wp\/v2\/media\/894"}],"wp:attachment":[{"href":"https:\/\/pluginviet.com\/mau44\/wp-json\/wp\/v2\/media?parent=777"}],"wp:term":[{"taxonomy":"pwb-brand","embeddable":true,"href":"https:\/\/pluginviet.com\/mau44\/wp-json\/wp\/v2\/pwb-brand?post=777"},{"taxonomy":"product_cat","embeddable":true,"href":"https:\/\/pluginviet.com\/mau44\/wp-json\/wp\/v2\/product_cat?post=777"},{"taxonomy":"product_tag","embeddable":true,"href":"https:\/\/pluginviet.com\/mau44\/wp-json\/wp\/v2\/product_tag?post=777"}],"curies":[{"name":"wp","href":"https:\/\/api.w.org\/{rel}","templated":true}]}}