{"id":776,"date":"2022-07-21T17:54:43","date_gmt":"2022-07-21T10:54:43","guid":{"rendered":"https:\/\/khomaudep.com\/mauruou\/?post_type=product&#038;p=776"},"modified":"2022-07-21T19:41:59","modified_gmt":"2022-07-21T12:41:59","slug":"santa-carolina-gran-resever-chardonnay-2013-2016-6x75","status":"publish","type":"product","link":"https:\/\/pluginviet.com\/mau44\/san-pham\/santa-carolina-gran-resever-chardonnay-2013-2016-6x75\/","title":{"rendered":"Santa carolina Gran Resever Chardonnay 2013\/ 2016 (6&#215;75)"},"content":{"rendered":"<p>Lo\u1ea1i r\u01b0\u1ee3u n\u00e0y l\u00e0 lo\u1ea1i r\u01b0\u1ee3u vang tr\u1eafng v\u1edbi m\u00e0u \u00e1nh v\u00e0ng \u00f3ng \u1ea3 do \u0111\u01b0\u1ee3c ch\u1ebf bi\u1ebfn t\u1eeb tr\u00e1i c\u00e2y mi\u1ec1n nhi\u1ec7t \u0111\u1edbi k\u1ebft h\u1ee3p v\u1edbi vi\u1ec7c l\u00ean men trong th\u00f9ng g\u1ed7 s\u1ed3i, gi\u00fap cho r\u01b0\u1ee3u v\u1eeba c\u00f3 ch\u1ea5t men \u0111\u1eadm \u0111\u00e0, ch\u1ea5t l\u01b0\u1ee3ng c\u00f9ng v\u1edbi m\u00f9i h\u01b0\u01a1ng d\u1ecbu nh\u1eb9, n\u1ed3ng n\u00e0n<\/p>\n","protected":false},"excerpt":{"rendered":"<p>Lo\u1ea1i r\u01b0\u1ee3u n\u00e0y l\u00e0 lo\u1ea1i r\u01b0\u1ee3u vang tr\u1eafng v\u1edbi m\u00e0u \u00e1nh v\u00e0ng \u00f3ng \u1ea3 do \u0111\u01b0\u1ee3c ch\u1ebf bi\u1ebfn t\u1eeb tr\u00e1i c\u00e2y mi\u1ec1n nhi\u1ec7t \u0111\u1edbi k\u1ebft h\u1ee3p v\u1edbi vi\u1ec7c l\u00ean men trong th\u00f9ng g\u1ed7 s\u1ed3i, gi\u00fap cho r\u01b0\u1ee3u v\u1eeba c\u00f3 ch\u1ea5t men \u0111\u1eadm \u0111\u00e0, ch\u1ea5t l\u01b0\u1ee3ng c\u00f9ng v\u1edbi m\u00f9i h\u01b0\u01a1ng d\u1ecbu nh\u1eb9, n\u1ed3ng n\u00e0n<\/p>\n","protected":false},"featured_media":893,"comment_status":"open","ping_status":"closed","template":"","meta":[],"pwb-brand":[],"product_cat":[17,75],"product_tag":[],"brands":[],"_links":{"self":[{"href":"https:\/\/pluginviet.com\/mau44\/wp-json\/wp\/v2\/product\/776"}],"collection":[{"href":"https:\/\/pluginviet.com\/mau44\/wp-json\/wp\/v2\/product"}],"about":[{"href":"https:\/\/pluginviet.com\/mau44\/wp-json\/wp\/v2\/types\/product"}],"replies":[{"embeddable":true,"href":"https:\/\/pluginviet.com\/mau44\/wp-json\/wp\/v2\/comments?post=776"}],"wp:featuredmedia":[{"embeddable":true,"href":"https:\/\/pluginviet.com\/mau44\/wp-json\/wp\/v2\/media\/893"}],"wp:attachment":[{"href":"https:\/\/pluginviet.com\/mau44\/wp-json\/wp\/v2\/media?parent=776"}],"wp:term":[{"taxonomy":"pwb-brand","embeddable":true,"href":"https:\/\/pluginviet.com\/mau44\/wp-json\/wp\/v2\/pwb-brand?post=776"},{"taxonomy":"product_cat","embeddable":true,"href":"https:\/\/pluginviet.com\/mau44\/wp-json\/wp\/v2\/product_cat?post=776"},{"taxonomy":"product_tag","embeddable":true,"href":"https:\/\/pluginviet.com\/mau44\/wp-json\/wp\/v2\/product_tag?post=776"}],"curies":[{"name":"wp","href":"https:\/\/api.w.org\/{rel}","templated":true}]}}