{"id":775,"date":"2022-07-21T17:54:03","date_gmt":"2022-07-21T10:54:03","guid":{"rendered":"https:\/\/khomaudep.com\/mauruou\/?post_type=product&#038;p=775"},"modified":"2022-07-21T19:41:52","modified_gmt":"2022-07-21T12:41:52","slug":"santa-carolina-reserva-cabernet-sauvignon","status":"publish","type":"product","link":"https:\/\/pluginviet.com\/mau44\/san-pham\/santa-carolina-reserva-cabernet-sauvignon\/","title":{"rendered":"\u00a0Santa Carolina Reserva Cabernet Sauvignon"},"content":{"rendered":"<p>Reserva\u00a0De Familia Cabernet Sauvignon\u00a0c\u00f3 m\u00e0u c\u1ee7a tr\u00e1i anh \u0111\u00e0o \u0111en. H\u01b0\u01a1ng v\u1ecb c\u1ed5 \u0111i\u1ec3n t\u1eeb xir\u00f4,\u00a0qu\u1ea3 sung, c\u00e2y tuy\u1ebft t\u00f9ng, vani v\u00e0 socola \u0111\u1eafng tr\u1ed9n v\u1edbi h\u01b0\u01a1ng hoa violet c\u00f9ng m\u1ed9t ch\u00fat thoang tho\u1ea3ng h\u01b0\u01a1ng v\u1ecb m\u1eadn v\u00e0 g\u1ed7 \u0111\u00e0n h\u01b0\u01a1ng.<\/p>\n","protected":false},"excerpt":{"rendered":"<p>Reserva\u00a0De Familia Cabernet Sauvignon\u00a0c\u00f3 m\u00e0u c\u1ee7a tr\u00e1i anh \u0111\u00e0o \u0111en. H\u01b0\u01a1ng v\u1ecb c\u1ed5 \u0111i\u1ec3n t\u1eeb xir\u00f4,\u00a0qu\u1ea3 sung, c\u00e2y tuy\u1ebft t\u00f9ng, vani v\u00e0 socola \u0111\u1eafng tr\u1ed9n v\u1edbi h\u01b0\u01a1ng hoa violet c\u00f9ng m\u1ed9t ch\u00fat thoang tho\u1ea3ng h\u01b0\u01a1ng v\u1ecb m\u1eadn v\u00e0 g\u1ed7 \u0111\u00e0n h\u01b0\u01a1ng.<\/p>\n","protected":false},"featured_media":892,"comment_status":"open","ping_status":"closed","template":"","meta":[],"pwb-brand":[],"product_cat":[17,75],"product_tag":[],"brands":[],"_links":{"self":[{"href":"https:\/\/pluginviet.com\/mau44\/wp-json\/wp\/v2\/product\/775"}],"collection":[{"href":"https:\/\/pluginviet.com\/mau44\/wp-json\/wp\/v2\/product"}],"about":[{"href":"https:\/\/pluginviet.com\/mau44\/wp-json\/wp\/v2\/types\/product"}],"replies":[{"embeddable":true,"href":"https:\/\/pluginviet.com\/mau44\/wp-json\/wp\/v2\/comments?post=775"}],"wp:featuredmedia":[{"embeddable":true,"href":"https:\/\/pluginviet.com\/mau44\/wp-json\/wp\/v2\/media\/892"}],"wp:attachment":[{"href":"https:\/\/pluginviet.com\/mau44\/wp-json\/wp\/v2\/media?parent=775"}],"wp:term":[{"taxonomy":"pwb-brand","embeddable":true,"href":"https:\/\/pluginviet.com\/mau44\/wp-json\/wp\/v2\/pwb-brand?post=775"},{"taxonomy":"product_cat","embeddable":true,"href":"https:\/\/pluginviet.com\/mau44\/wp-json\/wp\/v2\/product_cat?post=775"},{"taxonomy":"product_tag","embeddable":true,"href":"https:\/\/pluginviet.com\/mau44\/wp-json\/wp\/v2\/product_tag?post=775"}],"curies":[{"name":"wp","href":"https:\/\/api.w.org\/{rel}","templated":true}]}}