{"id":770,"date":"2022-07-21T17:49:12","date_gmt":"2022-07-21T10:49:12","guid":{"rendered":"https:\/\/khomaudep.com\/mauruou\/?post_type=product&#038;p=770"},"modified":"2022-07-21T19:41:36","modified_gmt":"2022-07-21T12:41:36","slug":"ruou-vang-novas-gran-reserva-cabernet-sauvignon","status":"publish","type":"product","link":"https:\/\/pluginviet.com\/mau44\/san-pham\/ruou-vang-novas-gran-reserva-cabernet-sauvignon\/","title":{"rendered":"R\u01b0\u1ee3u vang Novas Gran Reserva Cabernet Sauvignon"},"content":{"rendered":"<p>H\u01b0\u01a1ng v\u1ecb c\u1ee7a r\u01b0\u1ee3u hi\u1ec7n l\u00ean m\u1ed9t c\u00e1ch kh\u00e1 m\u1ea1nh m\u1ebd b\u1edfi s\u1ef1 hi\u1ec7n th\u00e2n t\u1eeb m\u00f9i h\u01b0\u01a1ng c\u1ee7a m\u1ed9t s\u1ed1 lo\u00e0i tr\u00e1i c\u00e2y nh\u01b0 qu\u1ea3 anh \u0111\u00e0o, d\u00e2u t\u00e2y, n\u1ea5m v\u00e0 c\u00f3 ch\u00fat xen k\u1ebd c\u1ee7a chocolate.<\/p>\n","protected":false},"excerpt":{"rendered":"<p>H\u01b0\u01a1ng v\u1ecb c\u1ee7a r\u01b0\u1ee3u hi\u1ec7n l\u00ean m\u1ed9t c\u00e1ch kh\u00e1 m\u1ea1nh m\u1ebd b\u1edfi s\u1ef1 hi\u1ec7n th\u00e2n t\u1eeb m\u00f9i h\u01b0\u01a1ng c\u1ee7a m\u1ed9t s\u1ed1 lo\u00e0i tr\u00e1i c\u00e2y nh\u01b0 qu\u1ea3 anh \u0111\u00e0o, d\u00e2u t\u00e2y, n\u1ea5m v\u00e0 c\u00f3 ch\u00fat xen k\u1ebd c\u1ee7a chocolate.<\/p>\n","protected":false},"featured_media":887,"comment_status":"open","ping_status":"closed","template":"","meta":[],"pwb-brand":[],"product_cat":[17,75],"product_tag":[],"brands":[],"_links":{"self":[{"href":"https:\/\/pluginviet.com\/mau44\/wp-json\/wp\/v2\/product\/770"}],"collection":[{"href":"https:\/\/pluginviet.com\/mau44\/wp-json\/wp\/v2\/product"}],"about":[{"href":"https:\/\/pluginviet.com\/mau44\/wp-json\/wp\/v2\/types\/product"}],"replies":[{"embeddable":true,"href":"https:\/\/pluginviet.com\/mau44\/wp-json\/wp\/v2\/comments?post=770"}],"wp:featuredmedia":[{"embeddable":true,"href":"https:\/\/pluginviet.com\/mau44\/wp-json\/wp\/v2\/media\/887"}],"wp:attachment":[{"href":"https:\/\/pluginviet.com\/mau44\/wp-json\/wp\/v2\/media?parent=770"}],"wp:term":[{"taxonomy":"pwb-brand","embeddable":true,"href":"https:\/\/pluginviet.com\/mau44\/wp-json\/wp\/v2\/pwb-brand?post=770"},{"taxonomy":"product_cat","embeddable":true,"href":"https:\/\/pluginviet.com\/mau44\/wp-json\/wp\/v2\/product_cat?post=770"},{"taxonomy":"product_tag","embeddable":true,"href":"https:\/\/pluginviet.com\/mau44\/wp-json\/wp\/v2\/product_tag?post=770"}],"curies":[{"name":"wp","href":"https:\/\/api.w.org\/{rel}","templated":true}]}}