{"id":769,"date":"2022-07-21T17:47:38","date_gmt":"2022-07-21T10:47:38","guid":{"rendered":"https:\/\/khomaudep.com\/mauruou\/?post_type=product&#038;p=769"},"modified":"2022-07-21T19:41:32","modified_gmt":"2022-07-21T12:41:32","slug":"ruou-vang-novas-gran-reserva-chardonnay-12x75","status":"publish","type":"product","link":"https:\/\/pluginviet.com\/mau44\/san-pham\/ruou-vang-novas-gran-reserva-chardonnay-12x75\/","title":{"rendered":"R\u01b0\u1ee3u vang NOVAS GRAN RESERVA CHARDONNAY (12X75)"},"content":{"rendered":"<p>Vang c\u00f3 m\u00e0u v\u00e0ng n\u1ed5i b\u1eadt c\u00f9ng v\u1edbi m\u00f9i h\u01b0\u01a1ng d\u1ee9a \u0111\u1eb7c tr\u01b0ng v\u00e0 m\u00f9i h\u01b0\u01a1ng m\u01a1 c\u00f9ng v\u1edbi thoang tho\u1ea3ng m\u00f9i h\u01b0\u01a1ng b\u00e1nh m\u1ef3 n\u01b0\u1edbng, qu\u1ea3 \u00f3c ch\u00f3. H\u1eadu v\u1ecb k\u00e9o d\u00e0i v\u00e0 \u0111\u1ed9 s\u00e2u t\u1ed1t. R\u01b0\u1ee3u c\u00f3 h\u01b0\u01a1ng v\u1ecb hoa qu\u1ea3 l\u00e0 lo\u1ea1i r\u01b0\u1ee3u t\u01b0\u01a1ng \u0111\u1ed1i ph\u1ee9c t\u1ea1p v\u00e0 r\u1ea5t d\u1eef d\u1ed9i, h\u01b0\u01a1ng th\u01a1m\u00a0r\u1ea5t tinh t\u1ebf \u0111\u1ea7y thanh l\u1ecbch, v\u1ecb c\u1ee7a m\u00f9i\u00a0cam qu\u00fdt, d\u1ee9a v\u00e0 m\u1eadt ong ng\u00e0o ng\u1ea1t v\u00e0 1 chut tinh t\u1ebf c\u1ee7a kho\u00e1ng v\u1ecb.<\/p>\n","protected":false},"excerpt":{"rendered":"<p>Vang c\u00f3 m\u00e0u v\u00e0ng n\u1ed5i b\u1eadt c\u00f9ng v\u1edbi m\u00f9i h\u01b0\u01a1ng d\u1ee9a \u0111\u1eb7c tr\u01b0ng v\u00e0 m\u00f9i h\u01b0\u01a1ng m\u01a1 c\u00f9ng v\u1edbi thoang tho\u1ea3ng m\u00f9i h\u01b0\u01a1ng b\u00e1nh m\u1ef3 n\u01b0\u1edbng, qu\u1ea3 \u00f3c ch\u00f3. H\u1eadu v\u1ecb k\u00e9o d\u00e0i v\u00e0 \u0111\u1ed9 s\u00e2u t\u1ed1t. R\u01b0\u1ee3u c\u00f3 h\u01b0\u01a1ng v\u1ecb hoa qu\u1ea3 l\u00e0 lo\u1ea1i r\u01b0\u1ee3u t\u01b0\u01a1ng \u0111\u1ed1i ph\u1ee9c t\u1ea1p v\u00e0 r\u1ea5t d\u1eef d\u1ed9i, h\u01b0\u01a1ng &#8230;<\/p>\n","protected":false},"featured_media":886,"comment_status":"open","ping_status":"closed","template":"","meta":[],"pwb-brand":[],"product_cat":[17,75],"product_tag":[],"brands":[],"_links":{"self":[{"href":"https:\/\/pluginviet.com\/mau44\/wp-json\/wp\/v2\/product\/769"}],"collection":[{"href":"https:\/\/pluginviet.com\/mau44\/wp-json\/wp\/v2\/product"}],"about":[{"href":"https:\/\/pluginviet.com\/mau44\/wp-json\/wp\/v2\/types\/product"}],"replies":[{"embeddable":true,"href":"https:\/\/pluginviet.com\/mau44\/wp-json\/wp\/v2\/comments?post=769"}],"wp:featuredmedia":[{"embeddable":true,"href":"https:\/\/pluginviet.com\/mau44\/wp-json\/wp\/v2\/media\/886"}],"wp:attachment":[{"href":"https:\/\/pluginviet.com\/mau44\/wp-json\/wp\/v2\/media?parent=769"}],"wp:term":[{"taxonomy":"pwb-brand","embeddable":true,"href":"https:\/\/pluginviet.com\/mau44\/wp-json\/wp\/v2\/pwb-brand?post=769"},{"taxonomy":"product_cat","embeddable":true,"href":"https:\/\/pluginviet.com\/mau44\/wp-json\/wp\/v2\/product_cat?post=769"},{"taxonomy":"product_tag","embeddable":true,"href":"https:\/\/pluginviet.com\/mau44\/wp-json\/wp\/v2\/product_tag?post=769"}],"curies":[{"name":"wp","href":"https:\/\/api.w.org\/{rel}","templated":true}]}}