{"id":765,"date":"2022-07-21T17:39:48","date_gmt":"2022-07-21T10:39:48","guid":{"rendered":"https:\/\/khomaudep.com\/mauruou\/?post_type=product&#038;p=765"},"modified":"2022-07-21T19:41:14","modified_gmt":"2022-07-21T12:41:14","slug":"santa-carolina-reserva-de-familia-cabernet-sauvignon","status":"publish","type":"product","link":"https:\/\/pluginviet.com\/mau44\/san-pham\/santa-carolina-reserva-de-familia-cabernet-sauvignon\/","title":{"rendered":"SANTA CAROLINA RESERVA DE FAMILIA CABERNET SAUVIGNON"},"content":{"rendered":"<p>\u0110\u00e2y l\u00e0 m\u1ed9t lo\u1ea1i vang \u0111\u1ecf cao c\u1ea5p c\u1ee7a v\u00f9ng thung l\u0169ng Maipo, Chile. Vang \u0111\u01b0\u1ee3c l\u00e0m t\u1eeb gi\u1ed1ng nho n\u1ed5i ti\u1ebfng Cabernet Sauvignon. Vang c\u00f3 m\u00e0u \u0111\u1ecf se t\u00edm v\u1edbi h\u01b0\u01a1ng th\u01a1m ph\u1ee9c h\u1ee3p c\u1ee7a tuy\u1ebft t\u00f9ng, nho \u0111en v\u00e0 socola \u0111en.<\/p>\n","protected":false},"excerpt":{"rendered":"<p>\u0110\u00e2y l\u00e0 m\u1ed9t lo\u1ea1i vang \u0111\u1ecf cao c\u1ea5p c\u1ee7a v\u00f9ng thung l\u0169ng Maipo, Chile. Vang \u0111\u01b0\u1ee3c l\u00e0m t\u1eeb gi\u1ed1ng nho n\u1ed5i ti\u1ebfng Cabernet Sauvignon. Vang c\u00f3 m\u00e0u \u0111\u1ecf se t\u00edm v\u1edbi h\u01b0\u01a1ng th\u01a1m ph\u1ee9c h\u1ee3p c\u1ee7a tuy\u1ebft t\u00f9ng, nho \u0111en v\u00e0 socola \u0111en.<\/p>\n","protected":false},"featured_media":883,"comment_status":"open","ping_status":"closed","template":"","meta":[],"pwb-brand":[],"product_cat":[17,75],"product_tag":[],"brands":[],"_links":{"self":[{"href":"https:\/\/pluginviet.com\/mau44\/wp-json\/wp\/v2\/product\/765"}],"collection":[{"href":"https:\/\/pluginviet.com\/mau44\/wp-json\/wp\/v2\/product"}],"about":[{"href":"https:\/\/pluginviet.com\/mau44\/wp-json\/wp\/v2\/types\/product"}],"replies":[{"embeddable":true,"href":"https:\/\/pluginviet.com\/mau44\/wp-json\/wp\/v2\/comments?post=765"}],"wp:featuredmedia":[{"embeddable":true,"href":"https:\/\/pluginviet.com\/mau44\/wp-json\/wp\/v2\/media\/883"}],"wp:attachment":[{"href":"https:\/\/pluginviet.com\/mau44\/wp-json\/wp\/v2\/media?parent=765"}],"wp:term":[{"taxonomy":"pwb-brand","embeddable":true,"href":"https:\/\/pluginviet.com\/mau44\/wp-json\/wp\/v2\/pwb-brand?post=765"},{"taxonomy":"product_cat","embeddable":true,"href":"https:\/\/pluginviet.com\/mau44\/wp-json\/wp\/v2\/product_cat?post=765"},{"taxonomy":"product_tag","embeddable":true,"href":"https:\/\/pluginviet.com\/mau44\/wp-json\/wp\/v2\/product_tag?post=765"}],"curies":[{"name":"wp","href":"https:\/\/api.w.org\/{rel}","templated":true}]}}