{"id":764,"date":"2022-07-21T16:09:39","date_gmt":"2022-07-21T09:09:39","guid":{"rendered":"https:\/\/khomaudep.com\/mauruou\/?post_type=product&#038;p=764"},"modified":"2022-07-21T19:33:26","modified_gmt":"2022-07-21T12:33:26","slug":"borsao-berola-2014","status":"publish","type":"product","link":"https:\/\/pluginviet.com\/mau44\/san-pham\/borsao-berola-2014\/","title":{"rendered":"Borsao Berola 2014"},"content":{"rendered":"<p>\u0110\u1eb7c \u0111i\u1ec3m : \u00a0c\u00f3 h\u01b0\u01a1ng th\u01a1m t\u1ef1 nhi\u00ean c\u1ee7a tr\u00e1i c\u00e2y v\u00e0 gia v\u1ecb c\u00f9ng v\u1edbi m\u00f9i \u0111\u1eb7c tr\u01b0ng c\u1ee7a g\u1ed7 m\u1edbi. M\u1ed9t chai r\u01b0\u1ee3u vang c\u00e2n b\u1eb1ng, d\u1ec5 u\u1ed1ng v\u00e0 c\u00f3 h\u1eadu v\u1ecb d\u00e0i l\u00e2u\u2026 M\u00e0u r\u01b0\u1ee3u :\u00a0R\u01b0\u1ee3u c\u00f3 m\u00e0u Cherry \u0111\u1ecf s\u00e2u<\/p>\n","protected":false},"excerpt":{"rendered":"<p>\u0110\u1eb7c \u0111i\u1ec3m : \u00a0c\u00f3 h\u01b0\u01a1ng th\u01a1m t\u1ef1 nhi\u00ean c\u1ee7a tr\u00e1i c\u00e2y v\u00e0 gia v\u1ecb c\u00f9ng v\u1edbi m\u00f9i \u0111\u1eb7c tr\u01b0ng c\u1ee7a g\u1ed7 m\u1edbi. M\u1ed9t chai r\u01b0\u1ee3u vang c\u00e2n b\u1eb1ng, d\u1ec5 u\u1ed1ng v\u00e0 c\u00f3 h\u1eadu v\u1ecb d\u00e0i l\u00e2u\u2026 M\u00e0u r\u01b0\u1ee3u :\u00a0R\u01b0\u1ee3u c\u00f3 m\u00e0u Cherry \u0111\u1ecf s\u00e2u<\/p>\n","protected":false},"featured_media":882,"comment_status":"open","ping_status":"closed","template":"","meta":[],"pwb-brand":[],"product_cat":[17,74],"product_tag":[],"brands":[],"_links":{"self":[{"href":"https:\/\/pluginviet.com\/mau44\/wp-json\/wp\/v2\/product\/764"}],"collection":[{"href":"https:\/\/pluginviet.com\/mau44\/wp-json\/wp\/v2\/product"}],"about":[{"href":"https:\/\/pluginviet.com\/mau44\/wp-json\/wp\/v2\/types\/product"}],"replies":[{"embeddable":true,"href":"https:\/\/pluginviet.com\/mau44\/wp-json\/wp\/v2\/comments?post=764"}],"wp:featuredmedia":[{"embeddable":true,"href":"https:\/\/pluginviet.com\/mau44\/wp-json\/wp\/v2\/media\/882"}],"wp:attachment":[{"href":"https:\/\/pluginviet.com\/mau44\/wp-json\/wp\/v2\/media?parent=764"}],"wp:term":[{"taxonomy":"pwb-brand","embeddable":true,"href":"https:\/\/pluginviet.com\/mau44\/wp-json\/wp\/v2\/pwb-brand?post=764"},{"taxonomy":"product_cat","embeddable":true,"href":"https:\/\/pluginviet.com\/mau44\/wp-json\/wp\/v2\/product_cat?post=764"},{"taxonomy":"product_tag","embeddable":true,"href":"https:\/\/pluginviet.com\/mau44\/wp-json\/wp\/v2\/product_tag?post=764"}],"curies":[{"name":"wp","href":"https:\/\/api.w.org\/{rel}","templated":true}]}}