{"id":763,"date":"2022-07-21T16:08:39","date_gmt":"2022-07-21T09:08:39","guid":{"rendered":"https:\/\/khomaudep.com\/mauruou\/?post_type=product&#038;p=763"},"modified":"2022-07-21T19:33:36","modified_gmt":"2022-07-21T12:33:36","slug":"apanillo-tempranillo","status":"publish","type":"product","link":"https:\/\/pluginviet.com\/mau44\/san-pham\/apanillo-tempranillo\/","title":{"rendered":"APANILLO TEMPRANILLO"},"content":{"rendered":"<p>R\u01b0\u1ee3u c\u00f3 m\u00e0u t\u00edm \u0111\u1eadm. H\u01b0\u01a1ng th\u01a1m t\u01b0\u01a1i m\u00e1t v\u00e0 ph\u1ee9c h\u1ee3p c\u1ee7a vi\u1ec7t qu\u1ea5t, qu\u1ea3 s\u1ed3i n\u01b0\u1edbng, c\u00e1c lo\u1ea1i gia v\u1ecb , qu\u1ea3 \u00f3c ch\u00f3 v\u00e0 g\u1ee3i \u00fd c\u1ee7a h\u1ea1t c\u00e0 ph\u00ea rang. Tr\u00ean v\u00f2m mi\u1ec7ng, \u0111\u00f3 l\u00e0 m\u1ed9t v\u1ecb ng\u1ecdt t\u1ef1 nhi\u00ean \u0111\u01b0\u1ee3c bao ph\u1ee7 b\u1edfi tr\u00e1i c\u00e2y t\u01b0\u01a1i ngon v\u00e0 vani kem b\u00e9o ng\u1eady.<\/p>\n","protected":false},"excerpt":{"rendered":"<p>R\u01b0\u1ee3u c\u00f3 m\u00e0u t\u00edm \u0111\u1eadm. H\u01b0\u01a1ng th\u01a1m t\u01b0\u01a1i m\u00e1t v\u00e0 ph\u1ee9c h\u1ee3p c\u1ee7a vi\u1ec7t qu\u1ea5t, qu\u1ea3 s\u1ed3i n\u01b0\u1edbng, c\u00e1c lo\u1ea1i gia v\u1ecb , qu\u1ea3 \u00f3c ch\u00f3 v\u00e0 g\u1ee3i \u00fd c\u1ee7a h\u1ea1t c\u00e0 ph\u00ea rang. Tr\u00ean v\u00f2m mi\u1ec7ng, \u0111\u00f3 l\u00e0 m\u1ed9t v\u1ecb ng\u1ecdt t\u1ef1 nhi\u00ean \u0111\u01b0\u1ee3c bao ph\u1ee7 b\u1edfi tr\u00e1i c\u00e2y t\u01b0\u01a1i ngon v\u00e0 vani kem &#8230;<\/p>\n","protected":false},"featured_media":881,"comment_status":"open","ping_status":"closed","template":"","meta":[],"pwb-brand":[],"product_cat":[17,74],"product_tag":[],"brands":[],"_links":{"self":[{"href":"https:\/\/pluginviet.com\/mau44\/wp-json\/wp\/v2\/product\/763"}],"collection":[{"href":"https:\/\/pluginviet.com\/mau44\/wp-json\/wp\/v2\/product"}],"about":[{"href":"https:\/\/pluginviet.com\/mau44\/wp-json\/wp\/v2\/types\/product"}],"replies":[{"embeddable":true,"href":"https:\/\/pluginviet.com\/mau44\/wp-json\/wp\/v2\/comments?post=763"}],"wp:featuredmedia":[{"embeddable":true,"href":"https:\/\/pluginviet.com\/mau44\/wp-json\/wp\/v2\/media\/881"}],"wp:attachment":[{"href":"https:\/\/pluginviet.com\/mau44\/wp-json\/wp\/v2\/media?parent=763"}],"wp:term":[{"taxonomy":"pwb-brand","embeddable":true,"href":"https:\/\/pluginviet.com\/mau44\/wp-json\/wp\/v2\/pwb-brand?post=763"},{"taxonomy":"product_cat","embeddable":true,"href":"https:\/\/pluginviet.com\/mau44\/wp-json\/wp\/v2\/product_cat?post=763"},{"taxonomy":"product_tag","embeddable":true,"href":"https:\/\/pluginviet.com\/mau44\/wp-json\/wp\/v2\/product_tag?post=763"}],"curies":[{"name":"wp","href":"https:\/\/api.w.org\/{rel}","templated":true}]}}