{"id":762,"date":"2022-07-21T16:06:58","date_gmt":"2022-07-21T09:06:58","guid":{"rendered":"https:\/\/khomaudep.com\/mauruou\/?post_type=product&#038;p=762"},"modified":"2022-07-21T19:34:12","modified_gmt":"2022-07-21T12:34:12","slug":"paso-a-paso-tempranillo","status":"publish","type":"product","link":"https:\/\/pluginviet.com\/mau44\/san-pham\/paso-a-paso-tempranillo\/","title":{"rendered":"PASO A PASO Tempranillo"},"content":{"rendered":"<p>H\u01b0\u01a1ng v\u1ecb t\u01b0\u01a1i m\u00e1t c\u1ee7a r\u01b0\u1ee3u vang t\u1eeb h\u01b0\u01a1ng c\u1ee7a nho \u0111\u1ecf v\u00e0 anh \u0111\u00e0o. Trong d\u01b0 v\u1ecb cay d\u00e0i c\u1ea3m th\u1ea5y tannin tr\u00f2n v\u00e0 m\u1ec1m m\u01b0\u1ee3t<\/p>\n","protected":false},"excerpt":{"rendered":"<p>H\u01b0\u01a1ng v\u1ecb t\u01b0\u01a1i m\u00e1t c\u1ee7a r\u01b0\u1ee3u vang t\u1eeb h\u01b0\u01a1ng c\u1ee7a nho \u0111\u1ecf v\u00e0 anh \u0111\u00e0o. Trong d\u01b0 v\u1ecb cay d\u00e0i c\u1ea3m th\u1ea5y tannin tr\u00f2n v\u00e0 m\u1ec1m m\u01b0\u1ee3t<\/p>\n","protected":false},"featured_media":880,"comment_status":"open","ping_status":"closed","template":"","meta":[],"pwb-brand":[],"product_cat":[17,74],"product_tag":[],"brands":[],"_links":{"self":[{"href":"https:\/\/pluginviet.com\/mau44\/wp-json\/wp\/v2\/product\/762"}],"collection":[{"href":"https:\/\/pluginviet.com\/mau44\/wp-json\/wp\/v2\/product"}],"about":[{"href":"https:\/\/pluginviet.com\/mau44\/wp-json\/wp\/v2\/types\/product"}],"replies":[{"embeddable":true,"href":"https:\/\/pluginviet.com\/mau44\/wp-json\/wp\/v2\/comments?post=762"}],"wp:featuredmedia":[{"embeddable":true,"href":"https:\/\/pluginviet.com\/mau44\/wp-json\/wp\/v2\/media\/880"}],"wp:attachment":[{"href":"https:\/\/pluginviet.com\/mau44\/wp-json\/wp\/v2\/media?parent=762"}],"wp:term":[{"taxonomy":"pwb-brand","embeddable":true,"href":"https:\/\/pluginviet.com\/mau44\/wp-json\/wp\/v2\/pwb-brand?post=762"},{"taxonomy":"product_cat","embeddable":true,"href":"https:\/\/pluginviet.com\/mau44\/wp-json\/wp\/v2\/product_cat?post=762"},{"taxonomy":"product_tag","embeddable":true,"href":"https:\/\/pluginviet.com\/mau44\/wp-json\/wp\/v2\/product_tag?post=762"}],"curies":[{"name":"wp","href":"https:\/\/api.w.org\/{rel}","templated":true}]}}