{"id":761,"date":"2022-07-21T16:02:37","date_gmt":"2022-07-21T09:02:37","guid":{"rendered":"https:\/\/khomaudep.com\/mauruou\/?post_type=product&#038;p=761"},"modified":"2022-07-21T19:34:14","modified_gmt":"2022-07-21T12:34:14","slug":"ruou-vang-portia-verdejo","status":"publish","type":"product","link":"https:\/\/pluginviet.com\/mau44\/san-pham\/ruou-vang-portia-verdejo\/","title":{"rendered":"R\u01b0\u1ee3u vang Portia Verdejo"},"content":{"rendered":"<p>Trong khoang mi\u1ec7ng l\u00e0 m\u00f9i h\u01b0\u01a1ng \u0111\u1eadm \u0111\u00e0 c\u1ee7a qu\u1ea3 m\u01a1, \u0111\u00e0o, m\u1eadn, d\u1ee9a, chanh\u2026Ti\u1ebfp theo \u0111\u00f3 l\u00e0 s\u1ef1 k\u1ebft th\u00fac b\u1ec1n b\u1ec9, k\u00e9o d\u00e0i n\u01a1i c\u1ed5 h\u1ecdng v\u1edbi m\u1ed9t ch\u00fat v\u1ecb chua \u0111\u1eb7c tr\u01b0ng c\u1ee7a r\u01b0\u1ee3u vang tr\u1eafng tr\u1ed9n l\u1eabn v\u1edbi v\u1ecb chanh b\u01b0\u1edfi v\u00e0 m\u1eadt ong, khi\u1ebfn v\u1ecb gi\u00e1c c\u1ee7a b\u1ea1n tr\u1edf n\u00ean t\u01b0\u01a1i m\u1edbi h\u01a1n.<\/p>\n","protected":false},"excerpt":{"rendered":"<p>Trong khoang mi\u1ec7ng l\u00e0 m\u00f9i h\u01b0\u01a1ng \u0111\u1eadm \u0111\u00e0 c\u1ee7a qu\u1ea3 m\u01a1, \u0111\u00e0o, m\u1eadn, d\u1ee9a, chanh\u2026Ti\u1ebfp theo \u0111\u00f3 l\u00e0 s\u1ef1 k\u1ebft th\u00fac b\u1ec1n b\u1ec9, k\u00e9o d\u00e0i n\u01a1i c\u1ed5 h\u1ecdng v\u1edbi m\u1ed9t ch\u00fat v\u1ecb chua \u0111\u1eb7c tr\u01b0ng c\u1ee7a r\u01b0\u1ee3u vang tr\u1eafng tr\u1ed9n l\u1eabn v\u1edbi v\u1ecb chanh b\u01b0\u1edfi v\u00e0 m\u1eadt ong, khi\u1ebfn v\u1ecb gi\u00e1c c\u1ee7a b\u1ea1n tr\u1edf n\u00ean &#8230;<\/p>\n","protected":false},"featured_media":879,"comment_status":"open","ping_status":"closed","template":"","meta":[],"pwb-brand":[],"product_cat":[17,74],"product_tag":[],"brands":[],"_links":{"self":[{"href":"https:\/\/pluginviet.com\/mau44\/wp-json\/wp\/v2\/product\/761"}],"collection":[{"href":"https:\/\/pluginviet.com\/mau44\/wp-json\/wp\/v2\/product"}],"about":[{"href":"https:\/\/pluginviet.com\/mau44\/wp-json\/wp\/v2\/types\/product"}],"replies":[{"embeddable":true,"href":"https:\/\/pluginviet.com\/mau44\/wp-json\/wp\/v2\/comments?post=761"}],"wp:featuredmedia":[{"embeddable":true,"href":"https:\/\/pluginviet.com\/mau44\/wp-json\/wp\/v2\/media\/879"}],"wp:attachment":[{"href":"https:\/\/pluginviet.com\/mau44\/wp-json\/wp\/v2\/media?parent=761"}],"wp:term":[{"taxonomy":"pwb-brand","embeddable":true,"href":"https:\/\/pluginviet.com\/mau44\/wp-json\/wp\/v2\/pwb-brand?post=761"},{"taxonomy":"product_cat","embeddable":true,"href":"https:\/\/pluginviet.com\/mau44\/wp-json\/wp\/v2\/product_cat?post=761"},{"taxonomy":"product_tag","embeddable":true,"href":"https:\/\/pluginviet.com\/mau44\/wp-json\/wp\/v2\/product_tag?post=761"}],"curies":[{"name":"wp","href":"https:\/\/api.w.org\/{rel}","templated":true}]}}