{"id":758,"date":"2022-07-21T15:58:52","date_gmt":"2022-07-21T08:58:52","guid":{"rendered":"https:\/\/khomaudep.com\/mauruou\/?post_type=product&#038;p=758"},"modified":"2022-07-21T19:34:29","modified_gmt":"2022-07-21T12:34:29","slug":"ruou-vang-portia-prima","status":"publish","type":"product","link":"https:\/\/pluginviet.com\/mau44\/san-pham\/ruou-vang-portia-prima\/","title":{"rendered":"R\u01b0\u1ee3u vang Portia Prima"},"content":{"rendered":"<p>H\u01b0\u01a1ng v\u1ecb: R\u01b0\u1ee3u c\u00f3 h\u01b0\u01a1ng v\u1ecb phong ph\u00fa, h\u00e0o ph\u00f3ng, c\u00e2n b\u1eb1ng v\u1edbi g\u1ee3i \u00fd c\u1ee7a tr\u00e1i c\u00e2y v\u00e0 qu\u1ea3 m\u1ecdng \u0111en, gia v\u1ecb ng\u1ecdt v\u00e0 ca cao. Tannin tr\u00f2n v\u00e0 m\u1ed9t d\u01b0 v\u1ecb d\u00e0i, d\u1ec5 ch\u1ecbu.<\/p>\n","protected":false},"excerpt":{"rendered":"<p>H\u01b0\u01a1ng v\u1ecb: R\u01b0\u1ee3u c\u00f3 h\u01b0\u01a1ng v\u1ecb phong ph\u00fa, h\u00e0o ph\u00f3ng, c\u00e2n b\u1eb1ng v\u1edbi g\u1ee3i \u00fd c\u1ee7a tr\u00e1i c\u00e2y v\u00e0 qu\u1ea3 m\u1ecdng \u0111en, gia v\u1ecb ng\u1ecdt v\u00e0 ca cao. Tannin tr\u00f2n v\u00e0 m\u1ed9t d\u01b0 v\u1ecb d\u00e0i, d\u1ec5 ch\u1ecbu.<\/p>\n","protected":false},"featured_media":877,"comment_status":"open","ping_status":"closed","template":"","meta":[],"pwb-brand":[],"product_cat":[17,74],"product_tag":[],"brands":[],"_links":{"self":[{"href":"https:\/\/pluginviet.com\/mau44\/wp-json\/wp\/v2\/product\/758"}],"collection":[{"href":"https:\/\/pluginviet.com\/mau44\/wp-json\/wp\/v2\/product"}],"about":[{"href":"https:\/\/pluginviet.com\/mau44\/wp-json\/wp\/v2\/types\/product"}],"replies":[{"embeddable":true,"href":"https:\/\/pluginviet.com\/mau44\/wp-json\/wp\/v2\/comments?post=758"}],"wp:featuredmedia":[{"embeddable":true,"href":"https:\/\/pluginviet.com\/mau44\/wp-json\/wp\/v2\/media\/877"}],"wp:attachment":[{"href":"https:\/\/pluginviet.com\/mau44\/wp-json\/wp\/v2\/media?parent=758"}],"wp:term":[{"taxonomy":"pwb-brand","embeddable":true,"href":"https:\/\/pluginviet.com\/mau44\/wp-json\/wp\/v2\/pwb-brand?post=758"},{"taxonomy":"product_cat","embeddable":true,"href":"https:\/\/pluginviet.com\/mau44\/wp-json\/wp\/v2\/product_cat?post=758"},{"taxonomy":"product_tag","embeddable":true,"href":"https:\/\/pluginviet.com\/mau44\/wp-json\/wp\/v2\/product_tag?post=758"}],"curies":[{"name":"wp","href":"https:\/\/api.w.org\/{rel}","templated":true}]}}