{"id":757,"date":"2022-07-21T15:57:58","date_gmt":"2022-07-21T08:57:58","guid":{"rendered":"https:\/\/khomaudep.com\/mauruou\/?post_type=product&#038;p=757"},"modified":"2022-07-21T19:34:31","modified_gmt":"2022-07-21T12:34:31","slug":"portia-crianza","status":"publish","type":"product","link":"https:\/\/pluginviet.com\/mau44\/san-pham\/portia-crianza\/","title":{"rendered":"Portia Crianza"},"content":{"rendered":"<p>Th\u01b0\u1edfng th\u1ee9c r\u01b0\u1ee3u c\u1ea3m nh\u1eadn h\u01b0\u01a1ng v\u1ecb \u0111\u00e2m \u0111\u00e0 (full-bodied) v\u1edbi tanin tinh t\u1ebf v\u00e0 v\u1ecb chua h\u00e0i ho\u00e0. H\u1eadu v\u1ecb \u0111\u01b0\u1ee3c k\u00e9o d\u00e0i v\u1edbi s\u1ef1 xu\u1ea5t hi\u1ec7n c\u1ee7a v\u1ecb ng\u1ecdt v\u00e0 h\u01b0\u01a1ng v\u1ecb b\u00e1nh m\u00ec n\u01b0\u1edbng<\/p>\n","protected":false},"excerpt":{"rendered":"<p>Th\u01b0\u1edfng th\u1ee9c r\u01b0\u1ee3u c\u1ea3m nh\u1eadn h\u01b0\u01a1ng v\u1ecb \u0111\u00e2m \u0111\u00e0 (full-bodied) v\u1edbi tanin tinh t\u1ebf v\u00e0 v\u1ecb chua h\u00e0i ho\u00e0. H\u1eadu v\u1ecb \u0111\u01b0\u1ee3c k\u00e9o d\u00e0i v\u1edbi s\u1ef1 xu\u1ea5t hi\u1ec7n c\u1ee7a v\u1ecb ng\u1ecdt v\u00e0 h\u01b0\u01a1ng v\u1ecb b\u00e1nh m\u00ec n\u01b0\u1edbng<\/p>\n","protected":false},"featured_media":876,"comment_status":"open","ping_status":"closed","template":"","meta":[],"pwb-brand":[],"product_cat":[17,74],"product_tag":[],"brands":[],"_links":{"self":[{"href":"https:\/\/pluginviet.com\/mau44\/wp-json\/wp\/v2\/product\/757"}],"collection":[{"href":"https:\/\/pluginviet.com\/mau44\/wp-json\/wp\/v2\/product"}],"about":[{"href":"https:\/\/pluginviet.com\/mau44\/wp-json\/wp\/v2\/types\/product"}],"replies":[{"embeddable":true,"href":"https:\/\/pluginviet.com\/mau44\/wp-json\/wp\/v2\/comments?post=757"}],"wp:featuredmedia":[{"embeddable":true,"href":"https:\/\/pluginviet.com\/mau44\/wp-json\/wp\/v2\/media\/876"}],"wp:attachment":[{"href":"https:\/\/pluginviet.com\/mau44\/wp-json\/wp\/v2\/media?parent=757"}],"wp:term":[{"taxonomy":"pwb-brand","embeddable":true,"href":"https:\/\/pluginviet.com\/mau44\/wp-json\/wp\/v2\/pwb-brand?post=757"},{"taxonomy":"product_cat","embeddable":true,"href":"https:\/\/pluginviet.com\/mau44\/wp-json\/wp\/v2\/product_cat?post=757"},{"taxonomy":"product_tag","embeddable":true,"href":"https:\/\/pluginviet.com\/mau44\/wp-json\/wp\/v2\/product_tag?post=757"}],"curies":[{"name":"wp","href":"https:\/\/api.w.org\/{rel}","templated":true}]}}